{"id":7490,"date":"2018-12-17T08:46:49","date_gmt":"2018-12-17T08:46:49","guid":{"rendered":"https:\/\/paslode.ca\/about\/"},"modified":"2021-06-01T20:31:56","modified_gmt":"2021-06-01T20:31:56","slug":"a-propos","status":"publish","type":"page","link":"https:\/\/paslode.ca\/fr\/a-propos\/","title":{"rendered":"\u00c0 Propos"},"content":{"rendered":"<div class=\"wpb-content-wrapper\"><p>[vc_row row_content_width=\u00a0\u00bbgrid\u00a0\u00bb row_btt_skin=\u00a0\u00bblight\u00a0\u00bb row_background_text_position=\u00a0\u00bbfront\u00a0\u00bb row_skin=\u00a0\u00bbdark\u00a0\u00bb][vc_column][vc_column_text]<\/p>\n<h3>Pour tous vos besoins de fixation pour la construction en bois.<\/h3>\n<p>Paslode est reconnu internationalement comme un innovateur et principal fabricant de syst\u00e8mes de clouage innovants pour la construction en bois. Fond\u00e9e en 1935, des entrepreneurs professionnels, des r\u00e9novateurs et des commer\u00e7ants sp\u00e9cialis\u00e9s au service du march\u00e9 de la construction r\u00e9sidentielle se sont appuy\u00e9s sur les produits Paslode pour am\u00e9liorer l&rsquo;efficacit\u00e9 sur le chantier, la satisfaction de la client\u00e8le et les r\u00e9sultats de leurs entreprises.<\/p>\n<p>Paslode a fait son nom en introduisant la premi\u00e8re cloueuse pneumatique en 1962 et en d\u00e9veloppant la premi\u00e8re cloueuse \u00e0 gaz pour la fixation dans le bois, le syst\u00e8me IMPULSE en 1986. En tant que pionnier de la technologie d&rsquo;outils sans fil aliment\u00e9s par carburant et de la technologie de fixation brevet\u00e9e, Paslode continue de fournir une large gamme de solutions de fixation \u00e9prouv\u00e9es et de haute qualit\u00e9 par l&rsquo;interm\u00e9diaire de grands d\u00e9taillants de r\u00e9novation, de distributeurs STAFDA et de revendeurs.<\/p>\n<p><strong>L\u2019INNOVATION.<\/strong><\/p>\n<p>L&rsquo;innovation dans la cat\u00e9gorie des cloueuses ne se produit pas par hasard. Il faut y travailler. Paslode a plus de 80 ans d&rsquo;exp\u00e9rience, d&rsquo;apprentissage et de perfectionnement \u00e0 chaque \u00e9tape du processus. On pourrait dire que nous avons invent\u00e9 la cloueuse. Et vous auriez raison. Depuis que nous avons lanc\u00e9 la premi\u00e8re cloueuse pneumatique et la cloueuse \u00e0 charpente sans fil, nous avons continu\u00e9 \u00e0 am\u00e9liorer nos cloueuses et nos attaches afin qu\u2019elles soient les meilleures sur le march\u00e9. Aujourd&rsquo;hui, les derni\u00e8res innovations de Paslode continuent d&rsquo;aider les personnes de m\u00e9tier \u00e0 mener \u00e0 bien leurs projets.<\/p>\n<p><strong>QUALIT\u00c9.<\/strong><\/p>\n<p>Paslode s&rsquo;est engag\u00e9 \u00e0 une seule chose. L\u2019excellence. Nous soutenons nos produits avant tout. Chaque produit Paslode est con\u00e7u avec une expertise et test\u00e9 pour une r\u00e9sistance r\u00e9elle avant de quitter notre usine. Nos d\u00e9cennies d&rsquo;expertise dans la fabrication d&rsquo;outils et de clous nous aident \u00e0 fournir des produits qui r\u00e9pondent aux exigences des personnes qui les utilisent. Chaque cloueuse que nous fabriquons fait l\u2019objet de milliers d\u2019essais de tir pour tester ses limites et s&rsquo;assurer qu&rsquo;elle fonctionne quand nos clients en ont besoin.<\/p>\n<p><strong>R\u00c9PUTATION.<\/strong><\/p>\n<p>Clou apr\u00e8s clou. Projet apr\u00e8s projet. Jour apr\u00e8s jour. Nous b\u00e2tissons notre r\u00e9putation de la m\u00eame mani\u00e8re que nos clients &#8211; un jour \u00e0 la fois gr\u00e2ce \u00e0 un travail acharn\u00e9, \u00e0 la fiabilit\u00e9 et au d\u00e9vouement. C&rsquo;est ainsi que Paslode est devenu la norme par laquelle les autres syst\u00e8mes de fixation pneumatiques et sans fil sont mesur\u00e9s. Nos produits sont les outils de choix des professionnels pour les applications de charpente, de rev\u00eatement, de garniture et de finition, de cl\u00f4tures, de rev\u00eatement de sol et de toit, de parement et d&rsquo;isolation.<\/p>\n<p><a href=\"https:\/\/paslode.ca\/fr\/\" target=\"_blank\" rel=\"noopener\">Paslode Canada<\/a>, une unit\u00e9 commerciale d&rsquo;<a href=\"https:\/\/itwconstruction.ca\/fr\/\" target=\"_blank\" rel=\"noopener\">ITW Construction Products Canada<\/a>, une division de <a href=\"http:\/\/itw.com\" target=\"_blank\" rel=\"noopener\">l&rsquo;Illinois Tool Works<\/a>, est l&rsquo;un des principaux fabricants de cloueuses sans fil et pneumatiques, d\u2019agrafeuses et d\u2019attaches. Ses produits sont largement utilis\u00e9s par les r\u00e9novateurs professionnels et les charpentiers pour les applications de charpente, de rev\u00eatement, de garniture et de finition, de cl\u00f4ture, de plancher et de toit, de parement et d&rsquo;isolation.<\/p>\n<p>Pour en savoir plus sur le produit ou pour trouver un d\u00e9taillant, veuillez visiter le site <a href=\"https:\/\/paslode.ca\/fr\/\" target=\"_blank\" rel=\"noopener\">www.paslode.ca<\/a> ou composer le <a href=\"tel:+18003876472\" target=\"_blank\" rel=\"noopener\">tel:+18003876472<\/a>.[\/vc_column_text][\/vc_column][\/vc_row][vc_row row_content_width=\u00a0\u00bbgrid\u00a0\u00bb row_btt_skin=\u00a0\u00bblight\u00a0\u00bb row_background_text_position=\u00a0\u00bbfront\u00a0\u00bb][vc_column width=\u00a0\u00bb1\/3&Prime;]<div class=\"mkdf-banner-holder  mkdf-hover-background-color mkdf-banner-info-default\">\n    <div class=\"mkdf-banner-image\">\n            <\/div>\n    <div class=\"mkdf-banner-text-holder\" style=\"padding: 35px 22px 31px 0\">\n\t    <div class=\"mkdf-banner-text-outer\">\n\t\t    <div class=\"mkdf-banner-text-inner\">\n\t\t        \t\t            <h5 class=\"mkdf-banner-subtitle\" style=\"font-size: 12px;color: #57585b\">\n\t\t\t            NOS PRODUITS\t\t            <\/h5>\n\t\t        \t\t        \t\t            <h4 class=\"mkdf-banner-title\" style=\"color: #f47937;margin-top: -3px\">\n\t\t                Outils\t                <\/h4>\n\t\t        \t\t\t\t                    <a itemprop=\"url\" href=\"https:\/\/paslode.ca\/fr\/categorie-produit\/outils\/\" target=\"_self\"  class=\"mkdf-btn mkdf-btn-medium mkdf-btn-simple\"  >\n    <span class=\"mkdf-btn-text\"><\/span>\n    <\/a>\t\t        \t\t\t<\/div>\n\t\t<\/div>\n\t<\/div>\n\t        <a itemprop=\"url\" class=\"mkdf-banner-link\" href=\"https:\/\/paslode.ca\/fr\/categorie-produit\/outils\/\" target=\"_self\"><\/a>\n    <div class=\"mkdf-banner-bottom-line\" ><\/div>\n<\/div>[vc_empty_space][\/vc_column][vc_column width=\u00a0\u00bb1\/3&Prime;]<div class=\"mkdf-banner-holder  mkdf-hover-background-color mkdf-banner-info-default\">\n    <div class=\"mkdf-banner-image\">\n            <\/div>\n    <div class=\"mkdf-banner-text-holder\" style=\"padding: 35px 22px 31px 0\">\n\t    <div class=\"mkdf-banner-text-outer\">\n\t\t    <div class=\"mkdf-banner-text-inner\">\n\t\t        \t\t            <h5 class=\"mkdf-banner-subtitle\" style=\"font-size: 12px;color: #57585b\">\n\t\t\t            NOS PRODUITS\t\t            <\/h5>\n\t\t        \t\t        \t\t            <h4 class=\"mkdf-banner-title\" style=\"color: #f47937;margin-top: -3px\">\n\t\t                Attaches\t                <\/h4>\n\t\t        \t\t\t\t                    <a itemprop=\"url\" href=\"https:\/\/paslode.ca\/fr\/categorie-produit\/attaches\/\" target=\"_self\"  class=\"mkdf-btn mkdf-btn-medium mkdf-btn-simple\"  >\n    <span class=\"mkdf-btn-text\"><\/span>\n    <\/a>\t\t        \t\t\t<\/div>\n\t\t<\/div>\n\t<\/div>\n\t        <a itemprop=\"url\" class=\"mkdf-banner-link\" href=\"https:\/\/paslode.ca\/fr\/categorie-produit\/attaches\/\" target=\"_self\"><\/a>\n    <div class=\"mkdf-banner-bottom-line\" ><\/div>\n<\/div>[vc_empty_space][\/vc_column][vc_column width=\u00a0\u00bb1\/3&Prime;]<div class=\"mkdf-banner-holder  mkdf-hover-background-color mkdf-banner-info-default\">\n    <div class=\"mkdf-banner-image\">\n            <\/div>\n    <div class=\"mkdf-banner-text-holder\" style=\"padding: 35px 22px 31px 0\">\n\t    <div class=\"mkdf-banner-text-outer\">\n\t\t    <div class=\"mkdf-banner-text-inner\">\n\t\t        \t\t            <h5 class=\"mkdf-banner-subtitle\" style=\"font-size: 12px;color: #57585b\">\n\t\t\t            NOS PRODUITS\t\t            <\/h5>\n\t\t        \t\t        \t\t            <h4 class=\"mkdf-banner-title\" style=\"color: #f47937;margin-top: -3px\">\n\t\t                Accessoires\t                <\/h4>\n\t\t        \t\t\t\t                    <a itemprop=\"url\" href=\"https:\/\/paslode.ca\/fr\/categorie-produit\/accessories-fr\/\" target=\"_self\"  class=\"mkdf-btn mkdf-btn-medium mkdf-btn-simple\"  >\n    <span class=\"mkdf-btn-text\"><\/span>\n    <\/a>\t\t        \t\t\t<\/div>\n\t\t<\/div>\n\t<\/div>\n\t        <a itemprop=\"url\" class=\"mkdf-banner-link\" href=\"https:\/\/paslode.ca\/fr\/categorie-produit\/accessories-fr\/\" target=\"_self\"><\/a>\n    <div class=\"mkdf-banner-bottom-line\" ><\/div>\n<\/div>[vc_empty_space][\/vc_column][\/vc_row]<\/p>\n<\/div>","protected":false},"excerpt":{"rendered":"<p>[vc_row row_content_width=\u00a0\u00bbgrid\u00a0\u00bb row_btt_skin=\u00a0\u00bblight\u00a0\u00bb row_background_text_position=\u00a0\u00bbfront\u00a0\u00bb row_skin=\u00a0\u00bbdark\u00a0\u00bb][vc_column][vc_column_text] Pour tous vos besoins de fixation pour la construction en bois. Paslode est reconnu internationalement comme un innovateur et principal fabricant de syst\u00e8mes de clouage innovants pour la construction en bois. Fond\u00e9e en 1935, des [&hellip;]<\/p>\n","protected":false},"author":1,"featured_media":0,"parent":0,"menu_order":0,"comment_status":"closed","ping_status":"closed","template":"full-width.php","meta":{"_acf_changed":false,"inline_featured_image":false,"footnotes":""},"class_list":["post-7490","page","type-page","status-publish","hentry"],"acf":[],"yoast_head":"<!-- This site is optimized with the Yoast SEO plugin v27.2 - https:\/\/yoast.com\/product\/yoast-seo-wordpress\/ -->\n<title>\u00c0 Propos - Paslode<\/title>\n<meta name=\"description\" content=\"Paslode is internationally recognised as an innovator and leading premiere manufacturer of innovative nailing systems for wood construction.\" \/>\n<meta name=\"robots\" content=\"index, follow, max-snippet:-1, max-image-preview:large, max-video-preview:-1\" \/>\n<link rel=\"canonical\" href=\"https:\/\/paslode.ca\/fr\/a-propos\/\" \/>\n<meta property=\"og:locale\" content=\"fr_FR\" \/>\n<meta property=\"og:type\" content=\"article\" \/>\n<meta property=\"og:title\" content=\"\u00c0 Propos - Paslode\" \/>\n<meta property=\"og:description\" content=\"Paslode is internationally recognised as an innovator and leading premiere manufacturer of innovative nailing systems for wood construction.\" \/>\n<meta property=\"og:url\" content=\"https:\/\/paslode.ca\/fr\/a-propos\/\" \/>\n<meta property=\"og:site_name\" content=\"Paslode\" \/>\n<meta property=\"article:modified_time\" content=\"2021-06-01T20:31:56+00:00\" \/>\n<meta name=\"twitter:card\" content=\"summary_large_image\" \/>\n<meta name=\"twitter:label1\" content=\"Dur\u00e9e de lecture estim\u00e9e\" \/>\n\t<meta name=\"twitter:data1\" content=\"4 minutes\" \/>\n<script type=\"application\/ld+json\" class=\"yoast-schema-graph\">{\"@context\":\"https:\/\/schema.org\",\"@graph\":[{\"@type\":\"WebPage\",\"@id\":\"https:\/\/paslode.ca\/fr\/a-propos\/\",\"url\":\"https:\/\/paslode.ca\/fr\/a-propos\/\",\"name\":\"\u00c0 Propos - Paslode\",\"isPartOf\":{\"@id\":\"https:\/\/paslode.ca\/#website\"},\"datePublished\":\"2018-12-17T08:46:49+00:00\",\"dateModified\":\"2021-06-01T20:31:56+00:00\",\"description\":\"Paslode is internationally recognised as an innovator and leading premiere manufacturer of innovative nailing systems for wood construction.\",\"breadcrumb\":{\"@id\":\"https:\/\/paslode.ca\/fr\/a-propos\/#breadcrumb\"},\"inLanguage\":\"fr-FR\",\"potentialAction\":[{\"@type\":\"ReadAction\",\"target\":[\"https:\/\/paslode.ca\/fr\/a-propos\/\"]}]},{\"@type\":\"BreadcrumbList\",\"@id\":\"https:\/\/paslode.ca\/fr\/a-propos\/#breadcrumb\",\"itemListElement\":[{\"@type\":\"ListItem\",\"position\":1,\"name\":\"Home\",\"item\":\"https:\/\/paslode.ca\/fr\/\"},{\"@type\":\"ListItem\",\"position\":2,\"name\":\"\u00c0 Propos\"}]},{\"@type\":\"WebSite\",\"@id\":\"https:\/\/paslode.ca\/#website\",\"url\":\"https:\/\/paslode.ca\/\",\"name\":\"Paslode\",\"description\":\"Reputation is Everything\",\"potentialAction\":[{\"@type\":\"SearchAction\",\"target\":{\"@type\":\"EntryPoint\",\"urlTemplate\":\"https:\/\/paslode.ca\/?s={search_term_string}\"},\"query-input\":{\"@type\":\"PropertyValueSpecification\",\"valueRequired\":true,\"valueName\":\"search_term_string\"}}],\"inLanguage\":\"fr-FR\"}]}<\/script>\n<!-- \/ Yoast SEO plugin. -->","yoast_head_json":{"title":"\u00c0 Propos - Paslode","description":"Paslode is internationally recognised as an innovator and leading premiere manufacturer of innovative nailing systems for wood construction.","robots":{"index":"index","follow":"follow","max-snippet":"max-snippet:-1","max-image-preview":"max-image-preview:large","max-video-preview":"max-video-preview:-1"},"canonical":"https:\/\/paslode.ca\/fr\/a-propos\/","og_locale":"fr_FR","og_type":"article","og_title":"\u00c0 Propos - Paslode","og_description":"Paslode is internationally recognised as an innovator and leading premiere manufacturer of innovative nailing systems for wood construction.","og_url":"https:\/\/paslode.ca\/fr\/a-propos\/","og_site_name":"Paslode","article_modified_time":"2021-06-01T20:31:56+00:00","twitter_card":"summary_large_image","twitter_misc":{"Dur\u00e9e de lecture estim\u00e9e":"4 minutes"},"schema":{"@context":"https:\/\/schema.org","@graph":[{"@type":"WebPage","@id":"https:\/\/paslode.ca\/fr\/a-propos\/","url":"https:\/\/paslode.ca\/fr\/a-propos\/","name":"\u00c0 Propos - Paslode","isPartOf":{"@id":"https:\/\/paslode.ca\/#website"},"datePublished":"2018-12-17T08:46:49+00:00","dateModified":"2021-06-01T20:31:56+00:00","description":"Paslode is internationally recognised as an innovator and leading premiere manufacturer of innovative nailing systems for wood construction.","breadcrumb":{"@id":"https:\/\/paslode.ca\/fr\/a-propos\/#breadcrumb"},"inLanguage":"fr-FR","potentialAction":[{"@type":"ReadAction","target":["https:\/\/paslode.ca\/fr\/a-propos\/"]}]},{"@type":"BreadcrumbList","@id":"https:\/\/paslode.ca\/fr\/a-propos\/#breadcrumb","itemListElement":[{"@type":"ListItem","position":1,"name":"Home","item":"https:\/\/paslode.ca\/fr\/"},{"@type":"ListItem","position":2,"name":"\u00c0 Propos"}]},{"@type":"WebSite","@id":"https:\/\/paslode.ca\/#website","url":"https:\/\/paslode.ca\/","name":"Paslode","description":"Reputation is Everything","potentialAction":[{"@type":"SearchAction","target":{"@type":"EntryPoint","urlTemplate":"https:\/\/paslode.ca\/?s={search_term_string}"},"query-input":{"@type":"PropertyValueSpecification","valueRequired":true,"valueName":"search_term_string"}}],"inLanguage":"fr-FR"}]}},"_links":{"self":[{"href":"https:\/\/paslode.ca\/fr\/wp-json\/wp\/v2\/pages\/7490","targetHints":{"allow":["GET"]}}],"collection":[{"href":"https:\/\/paslode.ca\/fr\/wp-json\/wp\/v2\/pages"}],"about":[{"href":"https:\/\/paslode.ca\/fr\/wp-json\/wp\/v2\/types\/page"}],"author":[{"embeddable":true,"href":"https:\/\/paslode.ca\/fr\/wp-json\/wp\/v2\/users\/1"}],"replies":[{"embeddable":true,"href":"https:\/\/paslode.ca\/fr\/wp-json\/wp\/v2\/comments?post=7490"}],"version-history":[{"count":0,"href":"https:\/\/paslode.ca\/fr\/wp-json\/wp\/v2\/pages\/7490\/revisions"}],"wp:attachment":[{"href":"https:\/\/paslode.ca\/fr\/wp-json\/wp\/v2\/media?parent=7490"}],"curies":[{"name":"wp","href":"https:\/\/api.w.org\/{rel}","templated":true}]}}