{"id":10483,"date":"2024-08-22T14:58:35","date_gmt":"2024-08-22T14:58:35","guid":{"rendered":"https:\/\/paslode.ca\/?post_type=product&#038;p=10483"},"modified":"2024-09-12T16:50:52","modified_gmt":"2024-09-12T16:50:52","slug":"cloueuse-sans-fil-positive-placement","status":"publish","type":"product","link":"https:\/\/paslode.ca\/fr\/produit\/cloueuse-sans-fil-positive-placement\/","title":{"rendered":"Cloueuse sans fil Positive Placement de 1-\u00bd po"},"content":{"rendered":"<p>La cloueuse \u00e0 placement positif permet de gagner du temps et de r\u00e9duire la fatigue caus\u00e9e par le martelage manuel et la manipulation d&rsquo;outils pneumatiques sur site. L&rsquo;outil PPN convient \u00e0 une vari\u00e9t\u00e9 d&rsquo;applications, notamment les supports de solives, les supports de solives en I, les triples poign\u00e9es, les multigrips, les renforts de sangle et autres connecteurs m\u00e9talliques.<\/p>\n<p>Ne p\u00e8se que 6,7 livres<br \/>\nEnfonce 800 clous sur une pile \u00e0 combustible pleine<br \/>\nR\u00e9duisez les bourrages et les rat\u00e9s en utilisant de v\u00e9ritables clous Paslode<br \/>\nCaract\u00e9ristiques de fonctionnement<\/p>\n<p>Sonde nasale \u2013 localise le trou et guide le clou pour une pr\u00e9cision maximale<br \/>\nProfondeur d&rsquo;entra\u00eenement r\u00e9glable sans outil \u2013 obtenez rapidement la bonne profondeur de clou<br \/>\nBypass Follower \u2013 chargement rapide et facile<br \/>\nLongue dur\u00e9e de fonctionnement du ventilateur\u00a0: m\u00e9lange l&rsquo;air avec le carburant et assure le refroidissement pour une plus grande productivit\u00e9<br \/>\nCaract\u00e9ristiques de conception<\/p>\n<p>Conception compacte \u2013 p\u00e9n\u00e8tre facilement dans les endroits restreints<br \/>\nPoign\u00e9e ergonomique \u2013 ou plus de confort<br \/>\nCaract\u00e9ristiques de la source d&rsquo;alimentation<\/p>\n<p>Syst\u00e8me de carburant int\u00e9gr\u00e9 \u2013 chargement rapide et facile<br \/>\nBatterie Li Ion \u2013 fonctionne avec toutes les cloueuses sans fil Paslode<br \/>\nCharge rapide de la batterie \u2013 2 minutes donnent 200 clous suppl\u00e9mentaires<br \/>\nNouveau carburant \u00e0 connecteur m\u00e9tallique \u00e0 placement positif \u2013 disponible uniquement dans des packs pratiques de carburant + clous<\/p>\n<p><strong>CENTRES DE SERVICE PASLODE AUTORIS\u00c9S<\/strong><br \/>\nCliquez <a href=\"https:\/\/paslode.ca\/wp-content\/uploads\/2020\/09\/Service-Centers-2020.pdf\" target=\"_blank\" rel=\"noopener noreferrer\">ici<\/a> pour la liste des centres de service Paslode autoris\u00e9s<\/p>\n<p><strong>ENREGISTREZ VOTRE OUTIL<\/strong><\/p>\n<p>Cliquez <a href=\"https:\/\/paslode.ca\/register-tool\/\" target=\"_blank\" rel=\"noopener noreferrer\">ici<\/a> pour enregistrer votre nouvel outil.<\/p>\n","protected":false},"excerpt":{"rendered":"<p>La cloueuse \u00e0 connecteur m\u00e9tallique sans fil 1-1\/2\u2033 Positive Placement\u00ae est dot\u00e9e de la pointe du nez \u00e0 placement positif exclusive de Paslode, qui vous permet de trouver rapidement et pr\u00e9cis\u00e9ment les trous de connecteurs m\u00e9talliques et d&rsquo;enfoncer les clous avec pr\u00e9cision et rapidit\u00e9.<\/p>\n","protected":false},"featured_media":10485,"template":"","meta":{"_acf_changed":false,"inline_featured_image":false},"product_brand":[],"product_cat":[149,146,148],"product_tag":[],"class_list":{"0":"post-10483","1":"product","2":"type-product","3":"status-publish","4":"has-post-thumbnail","6":"product_cat-cordless-fr","7":"product_cat-framing-fr","8":"product_cat-outils","10":"first","11":"instock","12":"product-type-simple"},"acf":[],"yoast_head":"<!-- This site is optimized with the Yoast SEO plugin v27.2 - https:\/\/yoast.com\/product\/yoast-seo-wordpress\/ -->\n<title>Cloueuse sans fil Positive Placement de 1-\u00bd po - Paslode<\/title>\n<meta name=\"robots\" content=\"index, follow, max-snippet:-1, max-image-preview:large, max-video-preview:-1\" \/>\n<link rel=\"canonical\" href=\"https:\/\/paslode.ca\/fr\/produit\/cloueuse-sans-fil-positive-placement\/\" \/>\n<meta property=\"og:locale\" content=\"fr_FR\" \/>\n<meta property=\"og:type\" content=\"article\" \/>\n<meta property=\"og:title\" content=\"Cloueuse sans fil Positive Placement de 1-\u00bd po - Paslode\" \/>\n<meta property=\"og:description\" content=\"La cloueuse \u00e0 connecteur m\u00e9tallique sans fil 1-1\/2\u2033 Positive Placement\u00ae est dot\u00e9e de la pointe du nez \u00e0 placement positif exclusive de Paslode, qui vous permet de trouver rapidement et pr\u00e9cis\u00e9ment les trous de connecteurs m\u00e9talliques et d&#039;enfoncer les clous avec pr\u00e9cision et rapidit\u00e9.\" \/>\n<meta property=\"og:url\" content=\"https:\/\/paslode.ca\/fr\/produit\/cloueuse-sans-fil-positive-placement\/\" \/>\n<meta property=\"og:site_name\" content=\"Paslode\" \/>\n<meta property=\"article:modified_time\" content=\"2024-09-12T16:50:52+00:00\" \/>\n<meta property=\"og:image\" content=\"https:\/\/paslode.ca\/wp-content\/uploads\/sites\/3\/2024\/08\/906250-Side.jpeg\" \/>\n\t<meta property=\"og:image:width\" content=\"2084\" \/>\n\t<meta property=\"og:image:height\" content=\"2085\" \/>\n\t<meta property=\"og:image:type\" content=\"image\/jpeg\" \/>\n<meta name=\"twitter:card\" content=\"summary_large_image\" \/>\n<meta name=\"twitter:label1\" content=\"Dur\u00e9e de lecture estim\u00e9e\" \/>\n\t<meta name=\"twitter:data1\" content=\"2 minutes\" \/>\n<script type=\"application\/ld+json\" class=\"yoast-schema-graph\">{\"@context\":\"https:\/\/schema.org\",\"@graph\":[{\"@type\":\"WebPage\",\"@id\":\"https:\/\/paslode.ca\/fr\/produit\/cloueuse-sans-fil-positive-placement\/\",\"url\":\"https:\/\/paslode.ca\/fr\/produit\/cloueuse-sans-fil-positive-placement\/\",\"name\":\"Cloueuse sans fil Positive Placement de 1-\u00bd po - Paslode\",\"isPartOf\":{\"@id\":\"https:\/\/paslode.ca\/#website\"},\"primaryImageOfPage\":{\"@id\":\"https:\/\/paslode.ca\/fr\/produit\/cloueuse-sans-fil-positive-placement\/#primaryimage\"},\"image\":{\"@id\":\"https:\/\/paslode.ca\/fr\/produit\/cloueuse-sans-fil-positive-placement\/#primaryimage\"},\"thumbnailUrl\":\"https:\/\/paslode.ca\/wp-content\/uploads\/sites\/3\/2024\/08\/906250-Side.jpeg\",\"datePublished\":\"2024-08-22T14:58:35+00:00\",\"dateModified\":\"2024-09-12T16:50:52+00:00\",\"breadcrumb\":{\"@id\":\"https:\/\/paslode.ca\/fr\/produit\/cloueuse-sans-fil-positive-placement\/#breadcrumb\"},\"inLanguage\":\"fr-FR\",\"potentialAction\":[{\"@type\":\"ReadAction\",\"target\":[\"https:\/\/paslode.ca\/fr\/produit\/cloueuse-sans-fil-positive-placement\/\"]}]},{\"@type\":\"ImageObject\",\"inLanguage\":\"fr-FR\",\"@id\":\"https:\/\/paslode.ca\/fr\/produit\/cloueuse-sans-fil-positive-placement\/#primaryimage\",\"url\":\"https:\/\/paslode.ca\/wp-content\/uploads\/sites\/3\/2024\/08\/906250-Side.jpeg\",\"contentUrl\":\"https:\/\/paslode.ca\/wp-content\/uploads\/sites\/3\/2024\/08\/906250-Side.jpeg\",\"width\":2084,\"height\":2085},{\"@type\":\"BreadcrumbList\",\"@id\":\"https:\/\/paslode.ca\/fr\/produit\/cloueuse-sans-fil-positive-placement\/#breadcrumb\",\"itemListElement\":[{\"@type\":\"ListItem\",\"position\":1,\"name\":\"Home\",\"item\":\"https:\/\/paslode.ca\/fr\/\"},{\"@type\":\"ListItem\",\"position\":2,\"name\":\"Boutique\",\"item\":\"https:\/\/paslode.ca\/fr\/boutique\/\"},{\"@type\":\"ListItem\",\"position\":3,\"name\":\"Cloueuse sans fil Positive Placement de 1-\u00bd po\"}]},{\"@type\":\"WebSite\",\"@id\":\"https:\/\/paslode.ca\/#website\",\"url\":\"https:\/\/paslode.ca\/\",\"name\":\"Paslode\",\"description\":\"Reputation is Everything\",\"potentialAction\":[{\"@type\":\"SearchAction\",\"target\":{\"@type\":\"EntryPoint\",\"urlTemplate\":\"https:\/\/paslode.ca\/?s={search_term_string}\"},\"query-input\":{\"@type\":\"PropertyValueSpecification\",\"valueRequired\":true,\"valueName\":\"search_term_string\"}}],\"inLanguage\":\"fr-FR\"}]}<\/script>\n<!-- \/ Yoast SEO plugin. -->","yoast_head_json":{"title":"Cloueuse sans fil Positive Placement de 1-\u00bd po - Paslode","robots":{"index":"index","follow":"follow","max-snippet":"max-snippet:-1","max-image-preview":"max-image-preview:large","max-video-preview":"max-video-preview:-1"},"canonical":"https:\/\/paslode.ca\/fr\/produit\/cloueuse-sans-fil-positive-placement\/","og_locale":"fr_FR","og_type":"article","og_title":"Cloueuse sans fil Positive Placement de 1-\u00bd po - Paslode","og_description":"La cloueuse \u00e0 connecteur m\u00e9tallique sans fil 1-1\/2\u2033 Positive Placement\u00ae est dot\u00e9e de la pointe du nez \u00e0 placement positif exclusive de Paslode, qui vous permet de trouver rapidement et pr\u00e9cis\u00e9ment les trous de connecteurs m\u00e9talliques et d'enfoncer les clous avec pr\u00e9cision et rapidit\u00e9.","og_url":"https:\/\/paslode.ca\/fr\/produit\/cloueuse-sans-fil-positive-placement\/","og_site_name":"Paslode","article_modified_time":"2024-09-12T16:50:52+00:00","og_image":[{"width":2084,"height":2085,"url":"https:\/\/paslode.ca\/wp-content\/uploads\/sites\/3\/2024\/08\/906250-Side.jpeg","type":"image\/jpeg"}],"twitter_card":"summary_large_image","twitter_misc":{"Dur\u00e9e de lecture estim\u00e9e":"2 minutes"},"schema":{"@context":"https:\/\/schema.org","@graph":[{"@type":"WebPage","@id":"https:\/\/paslode.ca\/fr\/produit\/cloueuse-sans-fil-positive-placement\/","url":"https:\/\/paslode.ca\/fr\/produit\/cloueuse-sans-fil-positive-placement\/","name":"Cloueuse sans fil Positive Placement de 1-\u00bd po - Paslode","isPartOf":{"@id":"https:\/\/paslode.ca\/#website"},"primaryImageOfPage":{"@id":"https:\/\/paslode.ca\/fr\/produit\/cloueuse-sans-fil-positive-placement\/#primaryimage"},"image":{"@id":"https:\/\/paslode.ca\/fr\/produit\/cloueuse-sans-fil-positive-placement\/#primaryimage"},"thumbnailUrl":"https:\/\/paslode.ca\/wp-content\/uploads\/sites\/3\/2024\/08\/906250-Side.jpeg","datePublished":"2024-08-22T14:58:35+00:00","dateModified":"2024-09-12T16:50:52+00:00","breadcrumb":{"@id":"https:\/\/paslode.ca\/fr\/produit\/cloueuse-sans-fil-positive-placement\/#breadcrumb"},"inLanguage":"fr-FR","potentialAction":[{"@type":"ReadAction","target":["https:\/\/paslode.ca\/fr\/produit\/cloueuse-sans-fil-positive-placement\/"]}]},{"@type":"ImageObject","inLanguage":"fr-FR","@id":"https:\/\/paslode.ca\/fr\/produit\/cloueuse-sans-fil-positive-placement\/#primaryimage","url":"https:\/\/paslode.ca\/wp-content\/uploads\/sites\/3\/2024\/08\/906250-Side.jpeg","contentUrl":"https:\/\/paslode.ca\/wp-content\/uploads\/sites\/3\/2024\/08\/906250-Side.jpeg","width":2084,"height":2085},{"@type":"BreadcrumbList","@id":"https:\/\/paslode.ca\/fr\/produit\/cloueuse-sans-fil-positive-placement\/#breadcrumb","itemListElement":[{"@type":"ListItem","position":1,"name":"Home","item":"https:\/\/paslode.ca\/fr\/"},{"@type":"ListItem","position":2,"name":"Boutique","item":"https:\/\/paslode.ca\/fr\/boutique\/"},{"@type":"ListItem","position":3,"name":"Cloueuse sans fil Positive Placement de 1-\u00bd po"}]},{"@type":"WebSite","@id":"https:\/\/paslode.ca\/#website","url":"https:\/\/paslode.ca\/","name":"Paslode","description":"Reputation is Everything","potentialAction":[{"@type":"SearchAction","target":{"@type":"EntryPoint","urlTemplate":"https:\/\/paslode.ca\/?s={search_term_string}"},"query-input":{"@type":"PropertyValueSpecification","valueRequired":true,"valueName":"search_term_string"}}],"inLanguage":"fr-FR"}]}},"_links":{"self":[{"href":"https:\/\/paslode.ca\/fr\/wp-json\/wp\/v2\/product\/10483","targetHints":{"allow":["GET"]}}],"collection":[{"href":"https:\/\/paslode.ca\/fr\/wp-json\/wp\/v2\/product"}],"about":[{"href":"https:\/\/paslode.ca\/fr\/wp-json\/wp\/v2\/types\/product"}],"wp:featuredmedia":[{"embeddable":true,"href":"https:\/\/paslode.ca\/fr\/wp-json\/wp\/v2\/media\/10485"}],"wp:attachment":[{"href":"https:\/\/paslode.ca\/fr\/wp-json\/wp\/v2\/media?parent=10483"}],"wp:term":[{"taxonomy":"product_brand","embeddable":true,"href":"https:\/\/paslode.ca\/fr\/wp-json\/wp\/v2\/product_brand?post=10483"},{"taxonomy":"product_cat","embeddable":true,"href":"https:\/\/paslode.ca\/fr\/wp-json\/wp\/v2\/product_cat?post=10483"},{"taxonomy":"product_tag","embeddable":true,"href":"https:\/\/paslode.ca\/fr\/wp-json\/wp\/v2\/product_tag?post=10483"}],"curies":[{"name":"wp","href":"https:\/\/api.w.org\/{rel}","templated":true}]}}