{"id":7583,"date":"2020-08-05T15:55:52","date_gmt":"2020-08-05T15:55:52","guid":{"rendered":"https:\/\/paslode.ca\/product\/30-pro-strip-roundrive-nails\/"},"modified":"2021-02-02T20:06:42","modified_gmt":"2021-02-02T20:06:42","slug":"30-pro-strip-roundrive-nails","status":"publish","type":"product","link":"https:\/\/paslode.ca\/fr\/produit\/30-pro-strip-roundrive-nails\/","title":{"rendered":"Clous Pro-Strip RounDrive 30\u00b0"},"content":{"rendered":"<h4><strong>LES PERFORMANCES D\u2019ENFONCEMENT AM\u00c9LIOR\u00c9ES SE TRADUISENT EN MOINS DE RECHARGES<\/strong><\/h4>\n<ul>\n<li>Conception \u00e0 t\u00eate ronde renforc\u00e9e pour de meilleures performances d&rsquo;enfoncement dans les mat\u00e9riaux les plus durs<\/li>\n<li>10 % de clous en plus par bande donc moins de recharges<\/li>\n<li>Les bandes rigides et compactes sont plus durables et plus faciles \u00e0 manipuler<\/li>\n<\/ul>\n<p><strong>Nos clous galvanis\u00e9s \u00e0 chaud offrent \u00e9galement :<\/strong><\/p>\n<ul>\n<li>Leader ind\u00e9pendant reconnu de la fixation galvanis\u00e9e<\/li>\n<li>Protection anticorrosion de premi\u00e8re qualit\u00e9 et r\u00e9duction des rayures pour tous les bois trait\u00e9s sous pression<\/li>\n<li>Un enfoncement affleurant m\u00eame dans les bois les plus durs, m\u00eame le bois LVL<\/li>\n<\/ul>\n","protected":false},"excerpt":{"rendered":"<p>Nos clous de charpente Paslode de 30\u00b0 sont offerts avec finition brillante ou galvanis\u00e9s \u00e0 chaud, offrant un enfoncement sup\u00e9rieur qui permet de r\u00e9duire le nombre de bourrages et de temps d\u2019arr\u00eat.<br \/>\nNos clous \u00e0 la pointe de l&rsquo;industrie sont con\u00e7us et fabriqu\u00e9s pour correspondre aux sp\u00e9cifications des cloueuses Paslode afin que votre cloueuse fonctionne sans probl\u00e8me, avec moins de tirs rat\u00e9s et de bourrages lors de l&rsquo;enfoncement, m\u00eame dans les mat\u00e9riaux les plus durs.<\/p>\n","protected":false},"featured_media":7294,"template":"","meta":{"_acf_changed":false,"inline_featured_image":false},"product_brand":[],"product_cat":[144],"product_tag":[],"class_list":{"0":"post-7583","1":"product","2":"type-product","3":"status-publish","4":"has-post-thumbnail","6":"product_cat-attaches","8":"first","9":"instock","10":"product-type-simple"},"acf":[],"yoast_head":"<!-- This site is optimized with the Yoast SEO plugin v27.2 - https:\/\/yoast.com\/product\/yoast-seo-wordpress\/ -->\n<title>Clous Pro-Strip RounDrive 30\u00b0 - Paslode<\/title>\n<meta name=\"robots\" content=\"index, follow, max-snippet:-1, max-image-preview:large, max-video-preview:-1\" \/>\n<link rel=\"canonical\" href=\"https:\/\/paslode.ca\/fr\/produit\/30-pro-strip-roundrive-nails\/\" \/>\n<meta property=\"og:locale\" content=\"fr_FR\" \/>\n<meta property=\"og:type\" content=\"article\" \/>\n<meta property=\"og:title\" content=\"Clous Pro-Strip RounDrive 30\u00b0 - Paslode\" \/>\n<meta property=\"og:description\" content=\"Nos clous de charpente Paslode de 30\u00b0 sont offerts avec finition brillante ou galvanis\u00e9s \u00e0 chaud, offrant un enfoncement sup\u00e9rieur qui permet de r\u00e9duire le nombre de bourrages et de temps d\u2019arr\u00eat. Nos clous \u00e0 la pointe de l&#039;industrie sont con\u00e7us et fabriqu\u00e9s pour correspondre aux sp\u00e9cifications des cloueuses Paslode afin que votre cloueuse fonctionne sans probl\u00e8me, avec moins de tirs rat\u00e9s et de bourrages lors de l&#039;enfoncement, m\u00eame dans les mat\u00e9riaux les plus durs.\" \/>\n<meta property=\"og:url\" content=\"https:\/\/paslode.ca\/fr\/produit\/30-pro-strip-roundrive-nails\/\" \/>\n<meta property=\"og:site_name\" content=\"Paslode\" \/>\n<meta property=\"article:modified_time\" content=\"2021-02-02T20:06:42+00:00\" \/>\n<meta property=\"og:image\" content=\"https:\/\/paslode.ca\/wp-content\/uploads\/sites\/3\/2020\/08\/Paslode_PROSTRIPNAIL_1.png\" \/>\n\t<meta property=\"og:image:width\" content=\"453\" \/>\n\t<meta property=\"og:image:height\" content=\"453\" \/>\n\t<meta property=\"og:image:type\" content=\"image\/png\" \/>\n<meta name=\"twitter:card\" content=\"summary_large_image\" \/>\n<meta name=\"twitter:label1\" content=\"Dur\u00e9e de lecture estim\u00e9e\" \/>\n\t<meta name=\"twitter:data1\" content=\"1 minute\" \/>\n<script type=\"application\/ld+json\" class=\"yoast-schema-graph\">{\"@context\":\"https:\/\/schema.org\",\"@graph\":[{\"@type\":\"WebPage\",\"@id\":\"https:\/\/paslode.ca\/fr\/produit\/30-pro-strip-roundrive-nails\/\",\"url\":\"https:\/\/paslode.ca\/fr\/produit\/30-pro-strip-roundrive-nails\/\",\"name\":\"Clous Pro-Strip RounDrive 30\u00b0 - Paslode\",\"isPartOf\":{\"@id\":\"https:\/\/paslode.ca\/#website\"},\"primaryImageOfPage\":{\"@id\":\"https:\/\/paslode.ca\/fr\/produit\/30-pro-strip-roundrive-nails\/#primaryimage\"},\"image\":{\"@id\":\"https:\/\/paslode.ca\/fr\/produit\/30-pro-strip-roundrive-nails\/#primaryimage\"},\"thumbnailUrl\":\"https:\/\/paslode.ca\/wp-content\/uploads\/sites\/3\/2020\/08\/Paslode_PROSTRIPNAIL_1.png\",\"datePublished\":\"2020-08-05T15:55:52+00:00\",\"dateModified\":\"2021-02-02T20:06:42+00:00\",\"breadcrumb\":{\"@id\":\"https:\/\/paslode.ca\/fr\/produit\/30-pro-strip-roundrive-nails\/#breadcrumb\"},\"inLanguage\":\"fr-FR\",\"potentialAction\":[{\"@type\":\"ReadAction\",\"target\":[\"https:\/\/paslode.ca\/fr\/produit\/30-pro-strip-roundrive-nails\/\"]}]},{\"@type\":\"ImageObject\",\"inLanguage\":\"fr-FR\",\"@id\":\"https:\/\/paslode.ca\/fr\/produit\/30-pro-strip-roundrive-nails\/#primaryimage\",\"url\":\"https:\/\/paslode.ca\/wp-content\/uploads\/sites\/3\/2020\/08\/Paslode_PROSTRIPNAIL_1.png\",\"contentUrl\":\"https:\/\/paslode.ca\/wp-content\/uploads\/sites\/3\/2020\/08\/Paslode_PROSTRIPNAIL_1.png\",\"width\":453,\"height\":453},{\"@type\":\"BreadcrumbList\",\"@id\":\"https:\/\/paslode.ca\/fr\/produit\/30-pro-strip-roundrive-nails\/#breadcrumb\",\"itemListElement\":[{\"@type\":\"ListItem\",\"position\":1,\"name\":\"Home\",\"item\":\"https:\/\/paslode.ca\/fr\/\"},{\"@type\":\"ListItem\",\"position\":2,\"name\":\"Boutique\",\"item\":\"https:\/\/paslode.ca\/fr\/boutique\/\"},{\"@type\":\"ListItem\",\"position\":3,\"name\":\"Clous Pro-Strip RounDrive 30\u00b0\"}]},{\"@type\":\"WebSite\",\"@id\":\"https:\/\/paslode.ca\/#website\",\"url\":\"https:\/\/paslode.ca\/\",\"name\":\"Paslode\",\"description\":\"Reputation is Everything\",\"potentialAction\":[{\"@type\":\"SearchAction\",\"target\":{\"@type\":\"EntryPoint\",\"urlTemplate\":\"https:\/\/paslode.ca\/?s={search_term_string}\"},\"query-input\":{\"@type\":\"PropertyValueSpecification\",\"valueRequired\":true,\"valueName\":\"search_term_string\"}}],\"inLanguage\":\"fr-FR\"}]}<\/script>\n<!-- \/ Yoast SEO plugin. -->","yoast_head_json":{"title":"Clous Pro-Strip RounDrive 30\u00b0 - Paslode","robots":{"index":"index","follow":"follow","max-snippet":"max-snippet:-1","max-image-preview":"max-image-preview:large","max-video-preview":"max-video-preview:-1"},"canonical":"https:\/\/paslode.ca\/fr\/produit\/30-pro-strip-roundrive-nails\/","og_locale":"fr_FR","og_type":"article","og_title":"Clous Pro-Strip RounDrive 30\u00b0 - Paslode","og_description":"Nos clous de charpente Paslode de 30\u00b0 sont offerts avec finition brillante ou galvanis\u00e9s \u00e0 chaud, offrant un enfoncement sup\u00e9rieur qui permet de r\u00e9duire le nombre de bourrages et de temps d\u2019arr\u00eat. Nos clous \u00e0 la pointe de l'industrie sont con\u00e7us et fabriqu\u00e9s pour correspondre aux sp\u00e9cifications des cloueuses Paslode afin que votre cloueuse fonctionne sans probl\u00e8me, avec moins de tirs rat\u00e9s et de bourrages lors de l'enfoncement, m\u00eame dans les mat\u00e9riaux les plus durs.","og_url":"https:\/\/paslode.ca\/fr\/produit\/30-pro-strip-roundrive-nails\/","og_site_name":"Paslode","article_modified_time":"2021-02-02T20:06:42+00:00","og_image":[{"width":453,"height":453,"url":"https:\/\/paslode.ca\/wp-content\/uploads\/sites\/3\/2020\/08\/Paslode_PROSTRIPNAIL_1.png","type":"image\/png"}],"twitter_card":"summary_large_image","twitter_misc":{"Dur\u00e9e de lecture estim\u00e9e":"1 minute"},"schema":{"@context":"https:\/\/schema.org","@graph":[{"@type":"WebPage","@id":"https:\/\/paslode.ca\/fr\/produit\/30-pro-strip-roundrive-nails\/","url":"https:\/\/paslode.ca\/fr\/produit\/30-pro-strip-roundrive-nails\/","name":"Clous Pro-Strip RounDrive 30\u00b0 - Paslode","isPartOf":{"@id":"https:\/\/paslode.ca\/#website"},"primaryImageOfPage":{"@id":"https:\/\/paslode.ca\/fr\/produit\/30-pro-strip-roundrive-nails\/#primaryimage"},"image":{"@id":"https:\/\/paslode.ca\/fr\/produit\/30-pro-strip-roundrive-nails\/#primaryimage"},"thumbnailUrl":"https:\/\/paslode.ca\/wp-content\/uploads\/sites\/3\/2020\/08\/Paslode_PROSTRIPNAIL_1.png","datePublished":"2020-08-05T15:55:52+00:00","dateModified":"2021-02-02T20:06:42+00:00","breadcrumb":{"@id":"https:\/\/paslode.ca\/fr\/produit\/30-pro-strip-roundrive-nails\/#breadcrumb"},"inLanguage":"fr-FR","potentialAction":[{"@type":"ReadAction","target":["https:\/\/paslode.ca\/fr\/produit\/30-pro-strip-roundrive-nails\/"]}]},{"@type":"ImageObject","inLanguage":"fr-FR","@id":"https:\/\/paslode.ca\/fr\/produit\/30-pro-strip-roundrive-nails\/#primaryimage","url":"https:\/\/paslode.ca\/wp-content\/uploads\/sites\/3\/2020\/08\/Paslode_PROSTRIPNAIL_1.png","contentUrl":"https:\/\/paslode.ca\/wp-content\/uploads\/sites\/3\/2020\/08\/Paslode_PROSTRIPNAIL_1.png","width":453,"height":453},{"@type":"BreadcrumbList","@id":"https:\/\/paslode.ca\/fr\/produit\/30-pro-strip-roundrive-nails\/#breadcrumb","itemListElement":[{"@type":"ListItem","position":1,"name":"Home","item":"https:\/\/paslode.ca\/fr\/"},{"@type":"ListItem","position":2,"name":"Boutique","item":"https:\/\/paslode.ca\/fr\/boutique\/"},{"@type":"ListItem","position":3,"name":"Clous Pro-Strip RounDrive 30\u00b0"}]},{"@type":"WebSite","@id":"https:\/\/paslode.ca\/#website","url":"https:\/\/paslode.ca\/","name":"Paslode","description":"Reputation is Everything","potentialAction":[{"@type":"SearchAction","target":{"@type":"EntryPoint","urlTemplate":"https:\/\/paslode.ca\/?s={search_term_string}"},"query-input":{"@type":"PropertyValueSpecification","valueRequired":true,"valueName":"search_term_string"}}],"inLanguage":"fr-FR"}]}},"_links":{"self":[{"href":"https:\/\/paslode.ca\/fr\/wp-json\/wp\/v2\/product\/7583","targetHints":{"allow":["GET"]}}],"collection":[{"href":"https:\/\/paslode.ca\/fr\/wp-json\/wp\/v2\/product"}],"about":[{"href":"https:\/\/paslode.ca\/fr\/wp-json\/wp\/v2\/types\/product"}],"wp:featuredmedia":[{"embeddable":true,"href":"https:\/\/paslode.ca\/fr\/wp-json\/wp\/v2\/media\/7294"}],"wp:attachment":[{"href":"https:\/\/paslode.ca\/fr\/wp-json\/wp\/v2\/media?parent=7583"}],"wp:term":[{"taxonomy":"product_brand","embeddable":true,"href":"https:\/\/paslode.ca\/fr\/wp-json\/wp\/v2\/product_brand?post=7583"},{"taxonomy":"product_cat","embeddable":true,"href":"https:\/\/paslode.ca\/fr\/wp-json\/wp\/v2\/product_cat?post=7583"},{"taxonomy":"product_tag","embeddable":true,"href":"https:\/\/paslode.ca\/fr\/wp-json\/wp\/v2\/product_tag?post=7583"}],"curies":[{"name":"wp","href":"https:\/\/api.w.org\/{rel}","templated":true}]}}