{"id":7584,"date":"2020-08-05T15:55:52","date_gmt":"2020-08-05T15:55:52","guid":{"rendered":"https:\/\/paslode.ca\/product\/30-positive-placement-nails\/"},"modified":"2021-02-01T22:29:10","modified_gmt":"2021-02-01T22:29:10","slug":"30-positive-placement-nails","status":"publish","type":"product","link":"https:\/\/paslode.ca\/fr\/produit\/30-positive-placement-nails\/","title":{"rendered":"Clous Positive Placement de 30\u00b0"},"content":{"rendered":"<h4><strong>CON\u00c7U POUR DURER M\u00caME DANS LES CONDITIONS LES PLUS DIFFICILES. <\/strong><\/h4>\n<ul>\n<li>Pour l\u2019installation d\u2019\u00e9triers \u00e0 solive, de sangles, d\u2019ancrages\/fixations de charpente, et de fixations sismiques\/ouragan<\/li>\n<li>Traitement thermique avec des marques de t\u00eate faciles \u00e0 voir pour une identification plus facile des clous lors des inspections<\/li>\n<li>Con\u00e7us pour r\u00e9duire la flexion des clous quand ils sont enfonc\u00e9s dans le mat\u00e9riel m\u00e9tallique<\/li>\n<\/ul>\n","protected":false},"excerpt":{"rendered":"<p>Nos clous de fixation m\u00e9talliques de 30\u00b0 Positive Placement de Paslode sont offerts avec finition brillante ou galvanis\u00e9s \u00e0 chaud, offrant un enfoncement sup\u00e9rieur qui permet de r\u00e9duire le nombre de bourrages et les temps d\u2019arr\u00eat.<br \/>\nNos clous \u00e0 la pointe de l&rsquo;industrie sont con\u00e7us et fabriqu\u00e9s pour correspondre aux sp\u00e9cifications des cloueuses Paslode afin que votre cloueuse fonctionne sans probl\u00e8me, avec moins de tirs rat\u00e9s et de bourrages lors de l&rsquo;enfoncement, m\u00eame dans les mat\u00e9riaux les plus durs.<\/p>\n","protected":false},"featured_media":7296,"template":"","meta":{"_acf_changed":false,"inline_featured_image":false},"product_brand":[],"product_cat":[144],"product_tag":[],"class_list":{"0":"post-7584","1":"product","2":"type-product","3":"status-publish","4":"has-post-thumbnail","6":"product_cat-attaches","8":"first","9":"instock","10":"product-type-simple"},"acf":[],"yoast_head":"<!-- This site is optimized with the Yoast SEO plugin v27.2 - https:\/\/yoast.com\/product\/yoast-seo-wordpress\/ -->\n<title>Clous Positive Placement de 30\u00b0 - Paslode<\/title>\n<meta name=\"robots\" content=\"index, follow, max-snippet:-1, max-image-preview:large, max-video-preview:-1\" \/>\n<link rel=\"canonical\" href=\"https:\/\/paslode.ca\/fr\/produit\/30-positive-placement-nails\/\" \/>\n<meta property=\"og:locale\" content=\"fr_FR\" \/>\n<meta property=\"og:type\" content=\"article\" \/>\n<meta property=\"og:title\" content=\"Clous Positive Placement de 30\u00b0 - Paslode\" \/>\n<meta property=\"og:description\" content=\"Nos clous de fixation m\u00e9talliques de 30\u00b0 Positive Placement de Paslode sont offerts avec finition brillante ou galvanis\u00e9s \u00e0 chaud, offrant un enfoncement sup\u00e9rieur qui permet de r\u00e9duire le nombre de bourrages et les temps d\u2019arr\u00eat. Nos clous \u00e0 la pointe de l&#039;industrie sont con\u00e7us et fabriqu\u00e9s pour correspondre aux sp\u00e9cifications des cloueuses Paslode afin que votre cloueuse fonctionne sans probl\u00e8me, avec moins de tirs rat\u00e9s et de bourrages lors de l&#039;enfoncement, m\u00eame dans les mat\u00e9riaux les plus durs.\" \/>\n<meta property=\"og:url\" content=\"https:\/\/paslode.ca\/fr\/produit\/30-positive-placement-nails\/\" \/>\n<meta property=\"og:site_name\" content=\"Paslode\" \/>\n<meta property=\"article:modified_time\" content=\"2021-02-01T22:29:10+00:00\" \/>\n<meta property=\"og:image\" content=\"https:\/\/paslode.ca\/wp-content\/uploads\/sites\/3\/2020\/08\/Paslode_PPNAIL_1.png\" \/>\n\t<meta property=\"og:image:width\" content=\"453\" \/>\n\t<meta property=\"og:image:height\" content=\"453\" \/>\n\t<meta property=\"og:image:type\" content=\"image\/png\" \/>\n<meta name=\"twitter:card\" content=\"summary_large_image\" \/>\n<script type=\"application\/ld+json\" class=\"yoast-schema-graph\">{\"@context\":\"https:\/\/schema.org\",\"@graph\":[{\"@type\":\"WebPage\",\"@id\":\"https:\/\/paslode.ca\/fr\/produit\/30-positive-placement-nails\/\",\"url\":\"https:\/\/paslode.ca\/fr\/produit\/30-positive-placement-nails\/\",\"name\":\"Clous Positive Placement de 30\u00b0 - Paslode\",\"isPartOf\":{\"@id\":\"https:\/\/paslode.ca\/#website\"},\"primaryImageOfPage\":{\"@id\":\"https:\/\/paslode.ca\/fr\/produit\/30-positive-placement-nails\/#primaryimage\"},\"image\":{\"@id\":\"https:\/\/paslode.ca\/fr\/produit\/30-positive-placement-nails\/#primaryimage\"},\"thumbnailUrl\":\"https:\/\/paslode.ca\/wp-content\/uploads\/sites\/3\/2020\/08\/Paslode_PPNAIL_1.png\",\"datePublished\":\"2020-08-05T15:55:52+00:00\",\"dateModified\":\"2021-02-01T22:29:10+00:00\",\"breadcrumb\":{\"@id\":\"https:\/\/paslode.ca\/fr\/produit\/30-positive-placement-nails\/#breadcrumb\"},\"inLanguage\":\"fr-FR\",\"potentialAction\":[{\"@type\":\"ReadAction\",\"target\":[\"https:\/\/paslode.ca\/fr\/produit\/30-positive-placement-nails\/\"]}]},{\"@type\":\"ImageObject\",\"inLanguage\":\"fr-FR\",\"@id\":\"https:\/\/paslode.ca\/fr\/produit\/30-positive-placement-nails\/#primaryimage\",\"url\":\"https:\/\/paslode.ca\/wp-content\/uploads\/sites\/3\/2020\/08\/Paslode_PPNAIL_1.png\",\"contentUrl\":\"https:\/\/paslode.ca\/wp-content\/uploads\/sites\/3\/2020\/08\/Paslode_PPNAIL_1.png\",\"width\":453,\"height\":453},{\"@type\":\"BreadcrumbList\",\"@id\":\"https:\/\/paslode.ca\/fr\/produit\/30-positive-placement-nails\/#breadcrumb\",\"itemListElement\":[{\"@type\":\"ListItem\",\"position\":1,\"name\":\"Home\",\"item\":\"https:\/\/paslode.ca\/fr\/\"},{\"@type\":\"ListItem\",\"position\":2,\"name\":\"Boutique\",\"item\":\"https:\/\/paslode.ca\/fr\/boutique\/\"},{\"@type\":\"ListItem\",\"position\":3,\"name\":\"Clous Positive Placement de 30\u00b0\"}]},{\"@type\":\"WebSite\",\"@id\":\"https:\/\/paslode.ca\/#website\",\"url\":\"https:\/\/paslode.ca\/\",\"name\":\"Paslode\",\"description\":\"Reputation is Everything\",\"potentialAction\":[{\"@type\":\"SearchAction\",\"target\":{\"@type\":\"EntryPoint\",\"urlTemplate\":\"https:\/\/paslode.ca\/?s={search_term_string}\"},\"query-input\":{\"@type\":\"PropertyValueSpecification\",\"valueRequired\":true,\"valueName\":\"search_term_string\"}}],\"inLanguage\":\"fr-FR\"}]}<\/script>\n<!-- \/ Yoast SEO plugin. -->","yoast_head_json":{"title":"Clous Positive Placement de 30\u00b0 - Paslode","robots":{"index":"index","follow":"follow","max-snippet":"max-snippet:-1","max-image-preview":"max-image-preview:large","max-video-preview":"max-video-preview:-1"},"canonical":"https:\/\/paslode.ca\/fr\/produit\/30-positive-placement-nails\/","og_locale":"fr_FR","og_type":"article","og_title":"Clous Positive Placement de 30\u00b0 - Paslode","og_description":"Nos clous de fixation m\u00e9talliques de 30\u00b0 Positive Placement de Paslode sont offerts avec finition brillante ou galvanis\u00e9s \u00e0 chaud, offrant un enfoncement sup\u00e9rieur qui permet de r\u00e9duire le nombre de bourrages et les temps d\u2019arr\u00eat. Nos clous \u00e0 la pointe de l'industrie sont con\u00e7us et fabriqu\u00e9s pour correspondre aux sp\u00e9cifications des cloueuses Paslode afin que votre cloueuse fonctionne sans probl\u00e8me, avec moins de tirs rat\u00e9s et de bourrages lors de l'enfoncement, m\u00eame dans les mat\u00e9riaux les plus durs.","og_url":"https:\/\/paslode.ca\/fr\/produit\/30-positive-placement-nails\/","og_site_name":"Paslode","article_modified_time":"2021-02-01T22:29:10+00:00","og_image":[{"width":453,"height":453,"url":"https:\/\/paslode.ca\/wp-content\/uploads\/sites\/3\/2020\/08\/Paslode_PPNAIL_1.png","type":"image\/png"}],"twitter_card":"summary_large_image","schema":{"@context":"https:\/\/schema.org","@graph":[{"@type":"WebPage","@id":"https:\/\/paslode.ca\/fr\/produit\/30-positive-placement-nails\/","url":"https:\/\/paslode.ca\/fr\/produit\/30-positive-placement-nails\/","name":"Clous Positive Placement de 30\u00b0 - Paslode","isPartOf":{"@id":"https:\/\/paslode.ca\/#website"},"primaryImageOfPage":{"@id":"https:\/\/paslode.ca\/fr\/produit\/30-positive-placement-nails\/#primaryimage"},"image":{"@id":"https:\/\/paslode.ca\/fr\/produit\/30-positive-placement-nails\/#primaryimage"},"thumbnailUrl":"https:\/\/paslode.ca\/wp-content\/uploads\/sites\/3\/2020\/08\/Paslode_PPNAIL_1.png","datePublished":"2020-08-05T15:55:52+00:00","dateModified":"2021-02-01T22:29:10+00:00","breadcrumb":{"@id":"https:\/\/paslode.ca\/fr\/produit\/30-positive-placement-nails\/#breadcrumb"},"inLanguage":"fr-FR","potentialAction":[{"@type":"ReadAction","target":["https:\/\/paslode.ca\/fr\/produit\/30-positive-placement-nails\/"]}]},{"@type":"ImageObject","inLanguage":"fr-FR","@id":"https:\/\/paslode.ca\/fr\/produit\/30-positive-placement-nails\/#primaryimage","url":"https:\/\/paslode.ca\/wp-content\/uploads\/sites\/3\/2020\/08\/Paslode_PPNAIL_1.png","contentUrl":"https:\/\/paslode.ca\/wp-content\/uploads\/sites\/3\/2020\/08\/Paslode_PPNAIL_1.png","width":453,"height":453},{"@type":"BreadcrumbList","@id":"https:\/\/paslode.ca\/fr\/produit\/30-positive-placement-nails\/#breadcrumb","itemListElement":[{"@type":"ListItem","position":1,"name":"Home","item":"https:\/\/paslode.ca\/fr\/"},{"@type":"ListItem","position":2,"name":"Boutique","item":"https:\/\/paslode.ca\/fr\/boutique\/"},{"@type":"ListItem","position":3,"name":"Clous Positive Placement de 30\u00b0"}]},{"@type":"WebSite","@id":"https:\/\/paslode.ca\/#website","url":"https:\/\/paslode.ca\/","name":"Paslode","description":"Reputation is Everything","potentialAction":[{"@type":"SearchAction","target":{"@type":"EntryPoint","urlTemplate":"https:\/\/paslode.ca\/?s={search_term_string}"},"query-input":{"@type":"PropertyValueSpecification","valueRequired":true,"valueName":"search_term_string"}}],"inLanguage":"fr-FR"}]}},"_links":{"self":[{"href":"https:\/\/paslode.ca\/fr\/wp-json\/wp\/v2\/product\/7584","targetHints":{"allow":["GET"]}}],"collection":[{"href":"https:\/\/paslode.ca\/fr\/wp-json\/wp\/v2\/product"}],"about":[{"href":"https:\/\/paslode.ca\/fr\/wp-json\/wp\/v2\/types\/product"}],"wp:featuredmedia":[{"embeddable":true,"href":"https:\/\/paslode.ca\/fr\/wp-json\/wp\/v2\/media\/7296"}],"wp:attachment":[{"href":"https:\/\/paslode.ca\/fr\/wp-json\/wp\/v2\/media?parent=7584"}],"wp:term":[{"taxonomy":"product_brand","embeddable":true,"href":"https:\/\/paslode.ca\/fr\/wp-json\/wp\/v2\/product_brand?post=7584"},{"taxonomy":"product_cat","embeddable":true,"href":"https:\/\/paslode.ca\/fr\/wp-json\/wp\/v2\/product_cat?post=7584"},{"taxonomy":"product_tag","embeddable":true,"href":"https:\/\/paslode.ca\/fr\/wp-json\/wp\/v2\/product_tag?post=7584"}],"curies":[{"name":"wp","href":"https:\/\/api.w.org\/{rel}","templated":true}]}}