{"id":7586,"date":"2020-08-05T15:55:52","date_gmt":"2020-08-05T15:55:52","guid":{"rendered":"https:\/\/paslode.ca\/product\/16-ga-straight-finish-nails\/"},"modified":"2021-02-02T20:30:21","modified_gmt":"2021-02-02T20:30:21","slug":"16-ga-straight-finish-nails","status":"publish","type":"product","link":"https:\/\/paslode.ca\/fr\/produit\/16-ga-straight-finish-nails\/","title":{"rendered":"Clous de finition droits de calibre 16"},"content":{"rendered":"<h4><strong>DES CLOUS DE FINITION CON\u00c7US POUR UNE MEILLEURE PRODUCTIVIT\u00c9 ET UNE PLUS GRANDE QUALIT\u00c9.<\/strong><\/h4>\n<ul>\n<li>R\u00e9duit le fendage du bois<\/li>\n<li>Moins de tirs rat\u00e9s et de bourrages<\/li>\n<li>La pointe biseaut\u00e9e r\u00e9duit le fendage du bois<\/li>\n<li>Le plus petit trou de clou de calibre 16 est id\u00e9al pour la plupart des travaux de finition<\/li>\n<\/ul>\n","protected":false},"excerpt":{"rendered":"<p>Les clous de finition droits Paslode de cal. 16 sont con\u00e7us pour fonctionner en harmonie avec nos cloueuses de finition. Avec une taille de calibre 16 pour cr\u00e9er des trous plus petits et une pointe en biseau pour \u00e9viter de fendre les garnitures de bois co\u00fbteuses, ces clous de finition accomplissent la t\u00e2che avec pr\u00e9cision \u00e0 chaque fois.<\/p>\n","protected":false},"featured_media":7302,"template":"","meta":{"_acf_changed":false,"inline_featured_image":false},"product_brand":[],"product_cat":[144],"product_tag":[],"class_list":{"0":"post-7586","1":"product","2":"type-product","3":"status-publish","4":"has-post-thumbnail","6":"product_cat-attaches","8":"first","9":"instock","10":"product-type-simple"},"acf":[],"yoast_head":"<!-- This site is optimized with the Yoast SEO plugin v27.2 - https:\/\/yoast.com\/product\/yoast-seo-wordpress\/ -->\n<title>Clous de finition droits de calibre 16 - Paslode<\/title>\n<meta name=\"robots\" content=\"index, follow, max-snippet:-1, max-image-preview:large, max-video-preview:-1\" \/>\n<link rel=\"canonical\" href=\"https:\/\/paslode.ca\/fr\/produit\/16-ga-straight-finish-nails\/\" \/>\n<meta property=\"og:locale\" content=\"fr_FR\" \/>\n<meta property=\"og:type\" content=\"article\" \/>\n<meta property=\"og:title\" content=\"Clous de finition droits de calibre 16 - Paslode\" \/>\n<meta property=\"og:description\" content=\"Les clous de finition droits Paslode de cal. 16 sont con\u00e7us pour fonctionner en harmonie avec nos cloueuses de finition. Avec une taille de calibre 16 pour cr\u00e9er des trous plus petits et une pointe en biseau pour \u00e9viter de fendre les garnitures de bois co\u00fbteuses, ces clous de finition accomplissent la t\u00e2che avec pr\u00e9cision \u00e0 chaque fois.\" \/>\n<meta property=\"og:url\" content=\"https:\/\/paslode.ca\/fr\/produit\/16-ga-straight-finish-nails\/\" \/>\n<meta property=\"og:site_name\" content=\"Paslode\" \/>\n<meta property=\"article:modified_time\" content=\"2021-02-02T20:30:21+00:00\" \/>\n<meta property=\"og:image\" content=\"https:\/\/paslode.ca\/wp-content\/uploads\/sites\/3\/2020\/08\/Paslode_16GASFNAIL_1.png\" \/>\n\t<meta property=\"og:image:width\" content=\"453\" \/>\n\t<meta property=\"og:image:height\" content=\"453\" \/>\n\t<meta property=\"og:image:type\" content=\"image\/png\" \/>\n<meta name=\"twitter:card\" content=\"summary_large_image\" \/>\n<script type=\"application\/ld+json\" class=\"yoast-schema-graph\">{\"@context\":\"https:\/\/schema.org\",\"@graph\":[{\"@type\":\"WebPage\",\"@id\":\"https:\/\/paslode.ca\/fr\/produit\/16-ga-straight-finish-nails\/\",\"url\":\"https:\/\/paslode.ca\/fr\/produit\/16-ga-straight-finish-nails\/\",\"name\":\"Clous de finition droits de calibre 16 - Paslode\",\"isPartOf\":{\"@id\":\"https:\/\/paslode.ca\/#website\"},\"primaryImageOfPage\":{\"@id\":\"https:\/\/paslode.ca\/fr\/produit\/16-ga-straight-finish-nails\/#primaryimage\"},\"image\":{\"@id\":\"https:\/\/paslode.ca\/fr\/produit\/16-ga-straight-finish-nails\/#primaryimage\"},\"thumbnailUrl\":\"https:\/\/paslode.ca\/wp-content\/uploads\/sites\/3\/2020\/08\/Paslode_16GASFNAIL_1.png\",\"datePublished\":\"2020-08-05T15:55:52+00:00\",\"dateModified\":\"2021-02-02T20:30:21+00:00\",\"breadcrumb\":{\"@id\":\"https:\/\/paslode.ca\/fr\/produit\/16-ga-straight-finish-nails\/#breadcrumb\"},\"inLanguage\":\"fr-FR\",\"potentialAction\":[{\"@type\":\"ReadAction\",\"target\":[\"https:\/\/paslode.ca\/fr\/produit\/16-ga-straight-finish-nails\/\"]}]},{\"@type\":\"ImageObject\",\"inLanguage\":\"fr-FR\",\"@id\":\"https:\/\/paslode.ca\/fr\/produit\/16-ga-straight-finish-nails\/#primaryimage\",\"url\":\"https:\/\/paslode.ca\/wp-content\/uploads\/sites\/3\/2020\/08\/Paslode_16GASFNAIL_1.png\",\"contentUrl\":\"https:\/\/paslode.ca\/wp-content\/uploads\/sites\/3\/2020\/08\/Paslode_16GASFNAIL_1.png\",\"width\":453,\"height\":453},{\"@type\":\"BreadcrumbList\",\"@id\":\"https:\/\/paslode.ca\/fr\/produit\/16-ga-straight-finish-nails\/#breadcrumb\",\"itemListElement\":[{\"@type\":\"ListItem\",\"position\":1,\"name\":\"Home\",\"item\":\"https:\/\/paslode.ca\/fr\/\"},{\"@type\":\"ListItem\",\"position\":2,\"name\":\"Boutique\",\"item\":\"https:\/\/paslode.ca\/fr\/boutique\/\"},{\"@type\":\"ListItem\",\"position\":3,\"name\":\"Clous de finition droits de calibre 16\"}]},{\"@type\":\"WebSite\",\"@id\":\"https:\/\/paslode.ca\/#website\",\"url\":\"https:\/\/paslode.ca\/\",\"name\":\"Paslode\",\"description\":\"Reputation is Everything\",\"potentialAction\":[{\"@type\":\"SearchAction\",\"target\":{\"@type\":\"EntryPoint\",\"urlTemplate\":\"https:\/\/paslode.ca\/?s={search_term_string}\"},\"query-input\":{\"@type\":\"PropertyValueSpecification\",\"valueRequired\":true,\"valueName\":\"search_term_string\"}}],\"inLanguage\":\"fr-FR\"}]}<\/script>\n<!-- \/ Yoast SEO plugin. -->","yoast_head_json":{"title":"Clous de finition droits de calibre 16 - Paslode","robots":{"index":"index","follow":"follow","max-snippet":"max-snippet:-1","max-image-preview":"max-image-preview:large","max-video-preview":"max-video-preview:-1"},"canonical":"https:\/\/paslode.ca\/fr\/produit\/16-ga-straight-finish-nails\/","og_locale":"fr_FR","og_type":"article","og_title":"Clous de finition droits de calibre 16 - Paslode","og_description":"Les clous de finition droits Paslode de cal. 16 sont con\u00e7us pour fonctionner en harmonie avec nos cloueuses de finition. Avec une taille de calibre 16 pour cr\u00e9er des trous plus petits et une pointe en biseau pour \u00e9viter de fendre les garnitures de bois co\u00fbteuses, ces clous de finition accomplissent la t\u00e2che avec pr\u00e9cision \u00e0 chaque fois.","og_url":"https:\/\/paslode.ca\/fr\/produit\/16-ga-straight-finish-nails\/","og_site_name":"Paslode","article_modified_time":"2021-02-02T20:30:21+00:00","og_image":[{"width":453,"height":453,"url":"https:\/\/paslode.ca\/wp-content\/uploads\/sites\/3\/2020\/08\/Paslode_16GASFNAIL_1.png","type":"image\/png"}],"twitter_card":"summary_large_image","schema":{"@context":"https:\/\/schema.org","@graph":[{"@type":"WebPage","@id":"https:\/\/paslode.ca\/fr\/produit\/16-ga-straight-finish-nails\/","url":"https:\/\/paslode.ca\/fr\/produit\/16-ga-straight-finish-nails\/","name":"Clous de finition droits de calibre 16 - Paslode","isPartOf":{"@id":"https:\/\/paslode.ca\/#website"},"primaryImageOfPage":{"@id":"https:\/\/paslode.ca\/fr\/produit\/16-ga-straight-finish-nails\/#primaryimage"},"image":{"@id":"https:\/\/paslode.ca\/fr\/produit\/16-ga-straight-finish-nails\/#primaryimage"},"thumbnailUrl":"https:\/\/paslode.ca\/wp-content\/uploads\/sites\/3\/2020\/08\/Paslode_16GASFNAIL_1.png","datePublished":"2020-08-05T15:55:52+00:00","dateModified":"2021-02-02T20:30:21+00:00","breadcrumb":{"@id":"https:\/\/paslode.ca\/fr\/produit\/16-ga-straight-finish-nails\/#breadcrumb"},"inLanguage":"fr-FR","potentialAction":[{"@type":"ReadAction","target":["https:\/\/paslode.ca\/fr\/produit\/16-ga-straight-finish-nails\/"]}]},{"@type":"ImageObject","inLanguage":"fr-FR","@id":"https:\/\/paslode.ca\/fr\/produit\/16-ga-straight-finish-nails\/#primaryimage","url":"https:\/\/paslode.ca\/wp-content\/uploads\/sites\/3\/2020\/08\/Paslode_16GASFNAIL_1.png","contentUrl":"https:\/\/paslode.ca\/wp-content\/uploads\/sites\/3\/2020\/08\/Paslode_16GASFNAIL_1.png","width":453,"height":453},{"@type":"BreadcrumbList","@id":"https:\/\/paslode.ca\/fr\/produit\/16-ga-straight-finish-nails\/#breadcrumb","itemListElement":[{"@type":"ListItem","position":1,"name":"Home","item":"https:\/\/paslode.ca\/fr\/"},{"@type":"ListItem","position":2,"name":"Boutique","item":"https:\/\/paslode.ca\/fr\/boutique\/"},{"@type":"ListItem","position":3,"name":"Clous de finition droits de calibre 16"}]},{"@type":"WebSite","@id":"https:\/\/paslode.ca\/#website","url":"https:\/\/paslode.ca\/","name":"Paslode","description":"Reputation is Everything","potentialAction":[{"@type":"SearchAction","target":{"@type":"EntryPoint","urlTemplate":"https:\/\/paslode.ca\/?s={search_term_string}"},"query-input":{"@type":"PropertyValueSpecification","valueRequired":true,"valueName":"search_term_string"}}],"inLanguage":"fr-FR"}]}},"_links":{"self":[{"href":"https:\/\/paslode.ca\/fr\/wp-json\/wp\/v2\/product\/7586","targetHints":{"allow":["GET"]}}],"collection":[{"href":"https:\/\/paslode.ca\/fr\/wp-json\/wp\/v2\/product"}],"about":[{"href":"https:\/\/paslode.ca\/fr\/wp-json\/wp\/v2\/types\/product"}],"wp:featuredmedia":[{"embeddable":true,"href":"https:\/\/paslode.ca\/fr\/wp-json\/wp\/v2\/media\/7302"}],"wp:attachment":[{"href":"https:\/\/paslode.ca\/fr\/wp-json\/wp\/v2\/media?parent=7586"}],"wp:term":[{"taxonomy":"product_brand","embeddable":true,"href":"https:\/\/paslode.ca\/fr\/wp-json\/wp\/v2\/product_brand?post=7586"},{"taxonomy":"product_cat","embeddable":true,"href":"https:\/\/paslode.ca\/fr\/wp-json\/wp\/v2\/product_cat?post=7586"},{"taxonomy":"product_tag","embeddable":true,"href":"https:\/\/paslode.ca\/fr\/wp-json\/wp\/v2\/product_tag?post=7586"}],"curies":[{"name":"wp","href":"https:\/\/api.w.org\/{rel}","templated":true}]}}