{"id":7587,"date":"2020-08-05T15:55:52","date_gmt":"2020-08-05T15:55:52","guid":{"rendered":"https:\/\/paslode.ca\/product\/18-ga-crown-staples\/"},"modified":"2021-02-02T20:29:19","modified_gmt":"2021-02-02T20:29:19","slug":"18-ga-crown-staples","status":"publish","type":"product","link":"https:\/\/paslode.ca\/fr\/produit\/18-ga-crown-staples\/","title":{"rendered":"Agrafes \u00e0 couronne de calibre 18"},"content":{"rendered":"<h4><strong>DES AGRAFES GALVANIS\u00c9ES CONSTRUITES POUR DURER AUSSI LONGTEMPS QUE VOTRE CONSTRUCTION, EN OFFRANT UNE PUISSANCE DE MAINTIEN ET UNE PROTECTION SUP\u00c9RIEURES.<\/strong><\/h4>\n<ul>\n<li>Galvanis\u00e9 pour la protection contre la corrosion<\/li>\n<li>Les bandes tr\u00e8s r\u00e9sistantes ne ne d\u00e9sint\u00e9greront pas si \u00e9chapp\u00e9es<\/li>\n<\/ul>\n","protected":false},"excerpt":{"rendered":"<p>Les agrafes \u00e0 couronne Paslode sont con\u00e7ues pour fonctionner en harmonie avec nos agrafeuses de cal. 18.<br \/>\nNos agrafes \u00e0 la pointe de l&rsquo;industrie sont con\u00e7ues et fabriqu\u00e9es pour correspondre aux sp\u00e9cifications des agrafeuses Paslode afin que votre agrafeuse fonctionne sans probl\u00e8me, avec moins de tirs rat\u00e9s et de bourrages lors de l&rsquo;enfoncement, m\u00eame dans les mat\u00e9riaux les plus durs.<\/p>\n","protected":false},"featured_media":7306,"template":"","meta":{"_acf_changed":false,"inline_featured_image":false},"product_brand":[],"product_cat":[144],"product_tag":[],"class_list":{"0":"post-7587","1":"product","2":"type-product","3":"status-publish","4":"has-post-thumbnail","6":"product_cat-attaches","8":"first","9":"instock","10":"product-type-simple"},"acf":[],"yoast_head":"<!-- This site is optimized with the Yoast SEO plugin v27.2 - https:\/\/yoast.com\/product\/yoast-seo-wordpress\/ -->\n<title>Agrafes \u00e0 couronne de calibre 18 - Paslode<\/title>\n<meta name=\"robots\" content=\"index, follow, max-snippet:-1, max-image-preview:large, max-video-preview:-1\" \/>\n<link rel=\"canonical\" href=\"https:\/\/paslode.ca\/fr\/produit\/18-ga-crown-staples\/\" \/>\n<meta property=\"og:locale\" content=\"fr_FR\" \/>\n<meta property=\"og:type\" content=\"article\" \/>\n<meta property=\"og:title\" content=\"Agrafes \u00e0 couronne de calibre 18 - Paslode\" \/>\n<meta property=\"og:description\" content=\"Les agrafes \u00e0 couronne Paslode sont con\u00e7ues pour fonctionner en harmonie avec nos agrafeuses de cal. 18.  Nos agrafes \u00e0 la pointe de l&#039;industrie sont con\u00e7ues et fabriqu\u00e9es pour correspondre aux sp\u00e9cifications des agrafeuses Paslode afin que votre agrafeuse fonctionne sans probl\u00e8me, avec moins de tirs rat\u00e9s et de bourrages lors de l&#039;enfoncement, m\u00eame dans les mat\u00e9riaux les plus durs.\" \/>\n<meta property=\"og:url\" content=\"https:\/\/paslode.ca\/fr\/produit\/18-ga-crown-staples\/\" \/>\n<meta property=\"og:site_name\" content=\"Paslode\" \/>\n<meta property=\"article:modified_time\" content=\"2021-02-02T20:29:19+00:00\" \/>\n<meta property=\"og:image\" content=\"https:\/\/paslode.ca\/wp-content\/uploads\/sites\/3\/2020\/08\/Paslode_18GACS_1.png\" \/>\n\t<meta property=\"og:image:width\" content=\"453\" \/>\n\t<meta property=\"og:image:height\" content=\"453\" \/>\n\t<meta property=\"og:image:type\" content=\"image\/png\" \/>\n<meta name=\"twitter:card\" content=\"summary_large_image\" \/>\n<script type=\"application\/ld+json\" class=\"yoast-schema-graph\">{\"@context\":\"https:\/\/schema.org\",\"@graph\":[{\"@type\":\"WebPage\",\"@id\":\"https:\/\/paslode.ca\/fr\/produit\/18-ga-crown-staples\/\",\"url\":\"https:\/\/paslode.ca\/fr\/produit\/18-ga-crown-staples\/\",\"name\":\"Agrafes \u00e0 couronne de calibre 18 - Paslode\",\"isPartOf\":{\"@id\":\"https:\/\/paslode.ca\/#website\"},\"primaryImageOfPage\":{\"@id\":\"https:\/\/paslode.ca\/fr\/produit\/18-ga-crown-staples\/#primaryimage\"},\"image\":{\"@id\":\"https:\/\/paslode.ca\/fr\/produit\/18-ga-crown-staples\/#primaryimage\"},\"thumbnailUrl\":\"https:\/\/paslode.ca\/wp-content\/uploads\/sites\/3\/2020\/08\/Paslode_18GACS_1.png\",\"datePublished\":\"2020-08-05T15:55:52+00:00\",\"dateModified\":\"2021-02-02T20:29:19+00:00\",\"breadcrumb\":{\"@id\":\"https:\/\/paslode.ca\/fr\/produit\/18-ga-crown-staples\/#breadcrumb\"},\"inLanguage\":\"fr-FR\",\"potentialAction\":[{\"@type\":\"ReadAction\",\"target\":[\"https:\/\/paslode.ca\/fr\/produit\/18-ga-crown-staples\/\"]}]},{\"@type\":\"ImageObject\",\"inLanguage\":\"fr-FR\",\"@id\":\"https:\/\/paslode.ca\/fr\/produit\/18-ga-crown-staples\/#primaryimage\",\"url\":\"https:\/\/paslode.ca\/wp-content\/uploads\/sites\/3\/2020\/08\/Paslode_18GACS_1.png\",\"contentUrl\":\"https:\/\/paslode.ca\/wp-content\/uploads\/sites\/3\/2020\/08\/Paslode_18GACS_1.png\",\"width\":453,\"height\":453},{\"@type\":\"BreadcrumbList\",\"@id\":\"https:\/\/paslode.ca\/fr\/produit\/18-ga-crown-staples\/#breadcrumb\",\"itemListElement\":[{\"@type\":\"ListItem\",\"position\":1,\"name\":\"Home\",\"item\":\"https:\/\/paslode.ca\/fr\/\"},{\"@type\":\"ListItem\",\"position\":2,\"name\":\"Boutique\",\"item\":\"https:\/\/paslode.ca\/fr\/boutique\/\"},{\"@type\":\"ListItem\",\"position\":3,\"name\":\"Agrafes \u00e0 couronne de calibre 18\"}]},{\"@type\":\"WebSite\",\"@id\":\"https:\/\/paslode.ca\/#website\",\"url\":\"https:\/\/paslode.ca\/\",\"name\":\"Paslode\",\"description\":\"Reputation is Everything\",\"potentialAction\":[{\"@type\":\"SearchAction\",\"target\":{\"@type\":\"EntryPoint\",\"urlTemplate\":\"https:\/\/paslode.ca\/?s={search_term_string}\"},\"query-input\":{\"@type\":\"PropertyValueSpecification\",\"valueRequired\":true,\"valueName\":\"search_term_string\"}}],\"inLanguage\":\"fr-FR\"}]}<\/script>\n<!-- \/ Yoast SEO plugin. -->","yoast_head_json":{"title":"Agrafes \u00e0 couronne de calibre 18 - Paslode","robots":{"index":"index","follow":"follow","max-snippet":"max-snippet:-1","max-image-preview":"max-image-preview:large","max-video-preview":"max-video-preview:-1"},"canonical":"https:\/\/paslode.ca\/fr\/produit\/18-ga-crown-staples\/","og_locale":"fr_FR","og_type":"article","og_title":"Agrafes \u00e0 couronne de calibre 18 - Paslode","og_description":"Les agrafes \u00e0 couronne Paslode sont con\u00e7ues pour fonctionner en harmonie avec nos agrafeuses de cal. 18.  Nos agrafes \u00e0 la pointe de l'industrie sont con\u00e7ues et fabriqu\u00e9es pour correspondre aux sp\u00e9cifications des agrafeuses Paslode afin que votre agrafeuse fonctionne sans probl\u00e8me, avec moins de tirs rat\u00e9s et de bourrages lors de l'enfoncement, m\u00eame dans les mat\u00e9riaux les plus durs.","og_url":"https:\/\/paslode.ca\/fr\/produit\/18-ga-crown-staples\/","og_site_name":"Paslode","article_modified_time":"2021-02-02T20:29:19+00:00","og_image":[{"width":453,"height":453,"url":"https:\/\/paslode.ca\/wp-content\/uploads\/sites\/3\/2020\/08\/Paslode_18GACS_1.png","type":"image\/png"}],"twitter_card":"summary_large_image","schema":{"@context":"https:\/\/schema.org","@graph":[{"@type":"WebPage","@id":"https:\/\/paslode.ca\/fr\/produit\/18-ga-crown-staples\/","url":"https:\/\/paslode.ca\/fr\/produit\/18-ga-crown-staples\/","name":"Agrafes \u00e0 couronne de calibre 18 - Paslode","isPartOf":{"@id":"https:\/\/paslode.ca\/#website"},"primaryImageOfPage":{"@id":"https:\/\/paslode.ca\/fr\/produit\/18-ga-crown-staples\/#primaryimage"},"image":{"@id":"https:\/\/paslode.ca\/fr\/produit\/18-ga-crown-staples\/#primaryimage"},"thumbnailUrl":"https:\/\/paslode.ca\/wp-content\/uploads\/sites\/3\/2020\/08\/Paslode_18GACS_1.png","datePublished":"2020-08-05T15:55:52+00:00","dateModified":"2021-02-02T20:29:19+00:00","breadcrumb":{"@id":"https:\/\/paslode.ca\/fr\/produit\/18-ga-crown-staples\/#breadcrumb"},"inLanguage":"fr-FR","potentialAction":[{"@type":"ReadAction","target":["https:\/\/paslode.ca\/fr\/produit\/18-ga-crown-staples\/"]}]},{"@type":"ImageObject","inLanguage":"fr-FR","@id":"https:\/\/paslode.ca\/fr\/produit\/18-ga-crown-staples\/#primaryimage","url":"https:\/\/paslode.ca\/wp-content\/uploads\/sites\/3\/2020\/08\/Paslode_18GACS_1.png","contentUrl":"https:\/\/paslode.ca\/wp-content\/uploads\/sites\/3\/2020\/08\/Paslode_18GACS_1.png","width":453,"height":453},{"@type":"BreadcrumbList","@id":"https:\/\/paslode.ca\/fr\/produit\/18-ga-crown-staples\/#breadcrumb","itemListElement":[{"@type":"ListItem","position":1,"name":"Home","item":"https:\/\/paslode.ca\/fr\/"},{"@type":"ListItem","position":2,"name":"Boutique","item":"https:\/\/paslode.ca\/fr\/boutique\/"},{"@type":"ListItem","position":3,"name":"Agrafes \u00e0 couronne de calibre 18"}]},{"@type":"WebSite","@id":"https:\/\/paslode.ca\/#website","url":"https:\/\/paslode.ca\/","name":"Paslode","description":"Reputation is Everything","potentialAction":[{"@type":"SearchAction","target":{"@type":"EntryPoint","urlTemplate":"https:\/\/paslode.ca\/?s={search_term_string}"},"query-input":{"@type":"PropertyValueSpecification","valueRequired":true,"valueName":"search_term_string"}}],"inLanguage":"fr-FR"}]}},"_links":{"self":[{"href":"https:\/\/paslode.ca\/fr\/wp-json\/wp\/v2\/product\/7587","targetHints":{"allow":["GET"]}}],"collection":[{"href":"https:\/\/paslode.ca\/fr\/wp-json\/wp\/v2\/product"}],"about":[{"href":"https:\/\/paslode.ca\/fr\/wp-json\/wp\/v2\/types\/product"}],"wp:featuredmedia":[{"embeddable":true,"href":"https:\/\/paslode.ca\/fr\/wp-json\/wp\/v2\/media\/7306"}],"wp:attachment":[{"href":"https:\/\/paslode.ca\/fr\/wp-json\/wp\/v2\/media?parent=7587"}],"wp:term":[{"taxonomy":"product_brand","embeddable":true,"href":"https:\/\/paslode.ca\/fr\/wp-json\/wp\/v2\/product_brand?post=7587"},{"taxonomy":"product_cat","embeddable":true,"href":"https:\/\/paslode.ca\/fr\/wp-json\/wp\/v2\/product_cat?post=7587"},{"taxonomy":"product_tag","embeddable":true,"href":"https:\/\/paslode.ca\/fr\/wp-json\/wp\/v2\/product_tag?post=7587"}],"curies":[{"name":"wp","href":"https:\/\/api.w.org\/{rel}","templated":true}]}}