{"id":7589,"date":"2020-08-05T15:55:52","date_gmt":"2020-08-05T15:55:52","guid":{"rendered":"https:\/\/paslode.ca\/product\/22-ga-upholstery-staples\/"},"modified":"2021-02-02T20:12:37","modified_gmt":"2021-02-02T20:12:37","slug":"22-ga-upholstery-staples","status":"publish","type":"product","link":"https:\/\/paslode.ca\/fr\/produit\/22-ga-upholstery-staples\/","title":{"rendered":"Agrafes de rembourrage de calibre 22"},"content":{"rendered":"<h4><strong>DES AGRAFES GALVANIS\u00c9ES CONSTRUITES POUR DURER AUSSI LONGTEMPS QUE VOTRE CONSTRUCTION, EN OFFRANT UNE PUISSANCE DE MAINTIEN ET UNE PROTECTION SUP\u00c9RIEURES.<\/strong><\/h4>\n<ul>\n<li>Galvanis\u00e9 pour la protection contre la corrosion<\/li>\n<li>Les bandes tr\u00e8s r\u00e9sistantes ne se d\u00e9sint\u00e9greront pas si \u00e9chapp\u00e9es<\/li>\n<\/ul>\n","protected":false},"excerpt":{"rendered":"<p>Les agrafes de rembourrage Paslode de cal. 22 aident \u00e0 garantir des r\u00e9sultats professionnels pour tous vos projets de rembourrage. Les agrafes de calibre 22 conviennent \u00e0 la plupart des agrafeuses pneumatiques, mais offrent des performances optimales lorsqu&rsquo;elles sont associ\u00e9es \u00e0 l&rsquo;agrafeuse pour tissus d&rsquo;ameublement Paslode (US-100). Les agrafes ont une longueur de 3\/8 po et sont offertes dans une bo\u00eete de 4 000 agrafes<\/p>\n","protected":false},"featured_media":7314,"template":"","meta":{"_acf_changed":false,"inline_featured_image":false},"product_brand":[],"product_cat":[144],"product_tag":[],"class_list":{"0":"post-7589","1":"product","2":"type-product","3":"status-publish","4":"has-post-thumbnail","6":"product_cat-attaches","8":"first","9":"instock","10":"product-type-simple"},"acf":[],"yoast_head":"<!-- This site is optimized with the Yoast SEO plugin v27.2 - https:\/\/yoast.com\/product\/yoast-seo-wordpress\/ -->\n<title>Agrafes de rembourrage de calibre 22 - Paslode<\/title>\n<meta name=\"robots\" content=\"index, follow, max-snippet:-1, max-image-preview:large, max-video-preview:-1\" \/>\n<link rel=\"canonical\" href=\"https:\/\/paslode.ca\/fr\/produit\/22-ga-upholstery-staples\/\" \/>\n<meta property=\"og:locale\" content=\"fr_FR\" \/>\n<meta property=\"og:type\" content=\"article\" \/>\n<meta property=\"og:title\" content=\"Agrafes de rembourrage de calibre 22 - Paslode\" \/>\n<meta property=\"og:description\" content=\"Les agrafes de rembourrage Paslode de cal. 22 aident \u00e0 garantir des r\u00e9sultats professionnels pour tous vos projets de rembourrage. Les agrafes de calibre 22 conviennent \u00e0 la plupart des agrafeuses pneumatiques, mais offrent des performances optimales lorsqu&#039;elles sont associ\u00e9es \u00e0 l&#039;agrafeuse pour tissus d&#039;ameublement Paslode (US-100). Les agrafes ont une longueur de 3\/8 po et sont offertes dans une bo\u00eete de 4 000 agrafes\" \/>\n<meta property=\"og:url\" content=\"https:\/\/paslode.ca\/fr\/produit\/22-ga-upholstery-staples\/\" \/>\n<meta property=\"og:site_name\" content=\"Paslode\" \/>\n<meta property=\"article:modified_time\" content=\"2021-02-02T20:12:37+00:00\" \/>\n<meta property=\"og:image\" content=\"https:\/\/paslode.ca\/wp-content\/uploads\/sites\/3\/2020\/08\/Paslode_22GAUS_1.png\" \/>\n\t<meta property=\"og:image:width\" content=\"453\" \/>\n\t<meta property=\"og:image:height\" content=\"453\" \/>\n\t<meta property=\"og:image:type\" content=\"image\/png\" \/>\n<meta name=\"twitter:card\" content=\"summary_large_image\" \/>\n<script type=\"application\/ld+json\" class=\"yoast-schema-graph\">{\"@context\":\"https:\/\/schema.org\",\"@graph\":[{\"@type\":\"WebPage\",\"@id\":\"https:\/\/paslode.ca\/fr\/produit\/22-ga-upholstery-staples\/\",\"url\":\"https:\/\/paslode.ca\/fr\/produit\/22-ga-upholstery-staples\/\",\"name\":\"Agrafes de rembourrage de calibre 22 - Paslode\",\"isPartOf\":{\"@id\":\"https:\/\/paslode.ca\/#website\"},\"primaryImageOfPage\":{\"@id\":\"https:\/\/paslode.ca\/fr\/produit\/22-ga-upholstery-staples\/#primaryimage\"},\"image\":{\"@id\":\"https:\/\/paslode.ca\/fr\/produit\/22-ga-upholstery-staples\/#primaryimage\"},\"thumbnailUrl\":\"https:\/\/paslode.ca\/wp-content\/uploads\/sites\/3\/2020\/08\/Paslode_22GAUS_1.png\",\"datePublished\":\"2020-08-05T15:55:52+00:00\",\"dateModified\":\"2021-02-02T20:12:37+00:00\",\"breadcrumb\":{\"@id\":\"https:\/\/paslode.ca\/fr\/produit\/22-ga-upholstery-staples\/#breadcrumb\"},\"inLanguage\":\"fr-FR\",\"potentialAction\":[{\"@type\":\"ReadAction\",\"target\":[\"https:\/\/paslode.ca\/fr\/produit\/22-ga-upholstery-staples\/\"]}]},{\"@type\":\"ImageObject\",\"inLanguage\":\"fr-FR\",\"@id\":\"https:\/\/paslode.ca\/fr\/produit\/22-ga-upholstery-staples\/#primaryimage\",\"url\":\"https:\/\/paslode.ca\/wp-content\/uploads\/sites\/3\/2020\/08\/Paslode_22GAUS_1.png\",\"contentUrl\":\"https:\/\/paslode.ca\/wp-content\/uploads\/sites\/3\/2020\/08\/Paslode_22GAUS_1.png\",\"width\":453,\"height\":453},{\"@type\":\"BreadcrumbList\",\"@id\":\"https:\/\/paslode.ca\/fr\/produit\/22-ga-upholstery-staples\/#breadcrumb\",\"itemListElement\":[{\"@type\":\"ListItem\",\"position\":1,\"name\":\"Home\",\"item\":\"https:\/\/paslode.ca\/fr\/\"},{\"@type\":\"ListItem\",\"position\":2,\"name\":\"Boutique\",\"item\":\"https:\/\/paslode.ca\/fr\/boutique\/\"},{\"@type\":\"ListItem\",\"position\":3,\"name\":\"Agrafes de rembourrage de calibre 22\"}]},{\"@type\":\"WebSite\",\"@id\":\"https:\/\/paslode.ca\/#website\",\"url\":\"https:\/\/paslode.ca\/\",\"name\":\"Paslode\",\"description\":\"Reputation is Everything\",\"potentialAction\":[{\"@type\":\"SearchAction\",\"target\":{\"@type\":\"EntryPoint\",\"urlTemplate\":\"https:\/\/paslode.ca\/?s={search_term_string}\"},\"query-input\":{\"@type\":\"PropertyValueSpecification\",\"valueRequired\":true,\"valueName\":\"search_term_string\"}}],\"inLanguage\":\"fr-FR\"}]}<\/script>\n<!-- \/ Yoast SEO plugin. -->","yoast_head_json":{"title":"Agrafes de rembourrage de calibre 22 - Paslode","robots":{"index":"index","follow":"follow","max-snippet":"max-snippet:-1","max-image-preview":"max-image-preview:large","max-video-preview":"max-video-preview:-1"},"canonical":"https:\/\/paslode.ca\/fr\/produit\/22-ga-upholstery-staples\/","og_locale":"fr_FR","og_type":"article","og_title":"Agrafes de rembourrage de calibre 22 - Paslode","og_description":"Les agrafes de rembourrage Paslode de cal. 22 aident \u00e0 garantir des r\u00e9sultats professionnels pour tous vos projets de rembourrage. Les agrafes de calibre 22 conviennent \u00e0 la plupart des agrafeuses pneumatiques, mais offrent des performances optimales lorsqu'elles sont associ\u00e9es \u00e0 l'agrafeuse pour tissus d'ameublement Paslode (US-100). Les agrafes ont une longueur de 3\/8 po et sont offertes dans une bo\u00eete de 4 000 agrafes","og_url":"https:\/\/paslode.ca\/fr\/produit\/22-ga-upholstery-staples\/","og_site_name":"Paslode","article_modified_time":"2021-02-02T20:12:37+00:00","og_image":[{"width":453,"height":453,"url":"https:\/\/paslode.ca\/wp-content\/uploads\/sites\/3\/2020\/08\/Paslode_22GAUS_1.png","type":"image\/png"}],"twitter_card":"summary_large_image","schema":{"@context":"https:\/\/schema.org","@graph":[{"@type":"WebPage","@id":"https:\/\/paslode.ca\/fr\/produit\/22-ga-upholstery-staples\/","url":"https:\/\/paslode.ca\/fr\/produit\/22-ga-upholstery-staples\/","name":"Agrafes de rembourrage de calibre 22 - Paslode","isPartOf":{"@id":"https:\/\/paslode.ca\/#website"},"primaryImageOfPage":{"@id":"https:\/\/paslode.ca\/fr\/produit\/22-ga-upholstery-staples\/#primaryimage"},"image":{"@id":"https:\/\/paslode.ca\/fr\/produit\/22-ga-upholstery-staples\/#primaryimage"},"thumbnailUrl":"https:\/\/paslode.ca\/wp-content\/uploads\/sites\/3\/2020\/08\/Paslode_22GAUS_1.png","datePublished":"2020-08-05T15:55:52+00:00","dateModified":"2021-02-02T20:12:37+00:00","breadcrumb":{"@id":"https:\/\/paslode.ca\/fr\/produit\/22-ga-upholstery-staples\/#breadcrumb"},"inLanguage":"fr-FR","potentialAction":[{"@type":"ReadAction","target":["https:\/\/paslode.ca\/fr\/produit\/22-ga-upholstery-staples\/"]}]},{"@type":"ImageObject","inLanguage":"fr-FR","@id":"https:\/\/paslode.ca\/fr\/produit\/22-ga-upholstery-staples\/#primaryimage","url":"https:\/\/paslode.ca\/wp-content\/uploads\/sites\/3\/2020\/08\/Paslode_22GAUS_1.png","contentUrl":"https:\/\/paslode.ca\/wp-content\/uploads\/sites\/3\/2020\/08\/Paslode_22GAUS_1.png","width":453,"height":453},{"@type":"BreadcrumbList","@id":"https:\/\/paslode.ca\/fr\/produit\/22-ga-upholstery-staples\/#breadcrumb","itemListElement":[{"@type":"ListItem","position":1,"name":"Home","item":"https:\/\/paslode.ca\/fr\/"},{"@type":"ListItem","position":2,"name":"Boutique","item":"https:\/\/paslode.ca\/fr\/boutique\/"},{"@type":"ListItem","position":3,"name":"Agrafes de rembourrage de calibre 22"}]},{"@type":"WebSite","@id":"https:\/\/paslode.ca\/#website","url":"https:\/\/paslode.ca\/","name":"Paslode","description":"Reputation is Everything","potentialAction":[{"@type":"SearchAction","target":{"@type":"EntryPoint","urlTemplate":"https:\/\/paslode.ca\/?s={search_term_string}"},"query-input":{"@type":"PropertyValueSpecification","valueRequired":true,"valueName":"search_term_string"}}],"inLanguage":"fr-FR"}]}},"_links":{"self":[{"href":"https:\/\/paslode.ca\/fr\/wp-json\/wp\/v2\/product\/7589","targetHints":{"allow":["GET"]}}],"collection":[{"href":"https:\/\/paslode.ca\/fr\/wp-json\/wp\/v2\/product"}],"about":[{"href":"https:\/\/paslode.ca\/fr\/wp-json\/wp\/v2\/types\/product"}],"wp:featuredmedia":[{"embeddable":true,"href":"https:\/\/paslode.ca\/fr\/wp-json\/wp\/v2\/media\/7314"}],"wp:attachment":[{"href":"https:\/\/paslode.ca\/fr\/wp-json\/wp\/v2\/media?parent=7589"}],"wp:term":[{"taxonomy":"product_brand","embeddable":true,"href":"https:\/\/paslode.ca\/fr\/wp-json\/wp\/v2\/product_brand?post=7589"},{"taxonomy":"product_cat","embeddable":true,"href":"https:\/\/paslode.ca\/fr\/wp-json\/wp\/v2\/product_cat?post=7589"},{"taxonomy":"product_tag","embeddable":true,"href":"https:\/\/paslode.ca\/fr\/wp-json\/wp\/v2\/product_tag?post=7589"}],"curies":[{"name":"wp","href":"https:\/\/api.w.org\/{rel}","templated":true}]}}