{"id":7590,"date":"2020-08-05T15:55:52","date_gmt":"2020-08-05T15:55:52","guid":{"rendered":"https:\/\/paslode.ca\/product\/23-ga-pin-nails\/"},"modified":"2021-02-02T20:11:10","modified_gmt":"2021-02-02T20:11:10","slug":"23-ga-pin-nails","status":"publish","type":"product","link":"https:\/\/paslode.ca\/fr\/produit\/23-ga-pin-nails\/","title":{"rendered":"Clous de finition de calibre 23"},"content":{"rendered":"<h4><strong>DES CLOUS DE FINITION CONSTRUITS POUR DURER AUSSI LONGTEMPS QUE VOTRE CONSTRUCTION, EN OFFRANT UNE PUISSANCE DE MAINTIEN ET UNE PROTECTION SUP\u00c9RIEURES.<\/strong><\/h4>\n<ul>\n<li>Les bandes rigides et compactes sont plus durables et plus faciles \u00e0 manipuler<\/li>\n<li>La tige et la pointe biseaut\u00e9e lisses r\u00e9duisent le fendillement du bois<\/li>\n<\/ul>\n","protected":false},"excerpt":{"rendered":"<p>Nos clous de finition Paslode sont un excellent choix pour l&rsquo;installation de pi\u00e8ces de garniture d\u00e9licates. Les clous de calibre 23 ont un design sans t\u00eate et laissent un petit trou pour une finition professionnelle et exceptionnelle. Ils ont une tige lisse et une pointe biseaut\u00e9e qui r\u00e9duit le fendage du bois. Ces clous de finition sont offerts en longueurs de 3\/4 po \u00e0 1-3\/8 po et en bo\u00eete de 3 000 clous.<\/p>\n","protected":false},"featured_media":7317,"template":"","meta":{"_acf_changed":false,"inline_featured_image":false},"product_brand":[],"product_cat":[144],"product_tag":[],"class_list":{"0":"post-7590","1":"product","2":"type-product","3":"status-publish","4":"has-post-thumbnail","6":"product_cat-attaches","8":"first","9":"instock","10":"product-type-simple"},"acf":[],"yoast_head":"<!-- This site is optimized with the Yoast SEO plugin v27.2 - https:\/\/yoast.com\/product\/yoast-seo-wordpress\/ -->\n<title>Clous de finition de calibre 23 - Paslode<\/title>\n<meta name=\"robots\" content=\"index, follow, max-snippet:-1, max-image-preview:large, max-video-preview:-1\" \/>\n<link rel=\"canonical\" href=\"https:\/\/paslode.ca\/fr\/produit\/23-ga-pin-nails\/\" \/>\n<meta property=\"og:locale\" content=\"fr_FR\" \/>\n<meta property=\"og:type\" content=\"article\" \/>\n<meta property=\"og:title\" content=\"Clous de finition de calibre 23 - Paslode\" \/>\n<meta property=\"og:description\" content=\"Nos clous de finition Paslode sont un excellent choix pour l&#039;installation de pi\u00e8ces de garniture d\u00e9licates. Les clous de calibre 23 ont un design sans t\u00eate et laissent un petit trou pour une finition professionnelle et exceptionnelle. Ils ont une tige lisse et une pointe biseaut\u00e9e qui r\u00e9duit le fendage du bois. Ces clous de finition sont offerts en longueurs de 3\/4 po \u00e0 1-3\/8 po et en bo\u00eete de 3 000 clous.\" \/>\n<meta property=\"og:url\" content=\"https:\/\/paslode.ca\/fr\/produit\/23-ga-pin-nails\/\" \/>\n<meta property=\"og:site_name\" content=\"Paslode\" \/>\n<meta property=\"article:modified_time\" content=\"2021-02-02T20:11:10+00:00\" \/>\n<meta property=\"og:image\" content=\"https:\/\/paslode.ca\/wp-content\/uploads\/sites\/3\/2020\/08\/Paslode_23GAPNAIL_1.png\" \/>\n\t<meta property=\"og:image:width\" content=\"453\" \/>\n\t<meta property=\"og:image:height\" content=\"453\" \/>\n\t<meta property=\"og:image:type\" content=\"image\/png\" \/>\n<meta name=\"twitter:card\" content=\"summary_large_image\" \/>\n<script type=\"application\/ld+json\" class=\"yoast-schema-graph\">{\"@context\":\"https:\/\/schema.org\",\"@graph\":[{\"@type\":\"WebPage\",\"@id\":\"https:\/\/paslode.ca\/fr\/produit\/23-ga-pin-nails\/\",\"url\":\"https:\/\/paslode.ca\/fr\/produit\/23-ga-pin-nails\/\",\"name\":\"Clous de finition de calibre 23 - Paslode\",\"isPartOf\":{\"@id\":\"https:\/\/paslode.ca\/#website\"},\"primaryImageOfPage\":{\"@id\":\"https:\/\/paslode.ca\/fr\/produit\/23-ga-pin-nails\/#primaryimage\"},\"image\":{\"@id\":\"https:\/\/paslode.ca\/fr\/produit\/23-ga-pin-nails\/#primaryimage\"},\"thumbnailUrl\":\"https:\/\/paslode.ca\/wp-content\/uploads\/sites\/3\/2020\/08\/Paslode_23GAPNAIL_1.png\",\"datePublished\":\"2020-08-05T15:55:52+00:00\",\"dateModified\":\"2021-02-02T20:11:10+00:00\",\"breadcrumb\":{\"@id\":\"https:\/\/paslode.ca\/fr\/produit\/23-ga-pin-nails\/#breadcrumb\"},\"inLanguage\":\"fr-FR\",\"potentialAction\":[{\"@type\":\"ReadAction\",\"target\":[\"https:\/\/paslode.ca\/fr\/produit\/23-ga-pin-nails\/\"]}]},{\"@type\":\"ImageObject\",\"inLanguage\":\"fr-FR\",\"@id\":\"https:\/\/paslode.ca\/fr\/produit\/23-ga-pin-nails\/#primaryimage\",\"url\":\"https:\/\/paslode.ca\/wp-content\/uploads\/sites\/3\/2020\/08\/Paslode_23GAPNAIL_1.png\",\"contentUrl\":\"https:\/\/paslode.ca\/wp-content\/uploads\/sites\/3\/2020\/08\/Paslode_23GAPNAIL_1.png\",\"width\":453,\"height\":453},{\"@type\":\"BreadcrumbList\",\"@id\":\"https:\/\/paslode.ca\/fr\/produit\/23-ga-pin-nails\/#breadcrumb\",\"itemListElement\":[{\"@type\":\"ListItem\",\"position\":1,\"name\":\"Home\",\"item\":\"https:\/\/paslode.ca\/fr\/\"},{\"@type\":\"ListItem\",\"position\":2,\"name\":\"Boutique\",\"item\":\"https:\/\/paslode.ca\/fr\/boutique\/\"},{\"@type\":\"ListItem\",\"position\":3,\"name\":\"Clous de finition de calibre 23\"}]},{\"@type\":\"WebSite\",\"@id\":\"https:\/\/paslode.ca\/#website\",\"url\":\"https:\/\/paslode.ca\/\",\"name\":\"Paslode\",\"description\":\"Reputation is Everything\",\"potentialAction\":[{\"@type\":\"SearchAction\",\"target\":{\"@type\":\"EntryPoint\",\"urlTemplate\":\"https:\/\/paslode.ca\/?s={search_term_string}\"},\"query-input\":{\"@type\":\"PropertyValueSpecification\",\"valueRequired\":true,\"valueName\":\"search_term_string\"}}],\"inLanguage\":\"fr-FR\"}]}<\/script>\n<!-- \/ Yoast SEO plugin. -->","yoast_head_json":{"title":"Clous de finition de calibre 23 - Paslode","robots":{"index":"index","follow":"follow","max-snippet":"max-snippet:-1","max-image-preview":"max-image-preview:large","max-video-preview":"max-video-preview:-1"},"canonical":"https:\/\/paslode.ca\/fr\/produit\/23-ga-pin-nails\/","og_locale":"fr_FR","og_type":"article","og_title":"Clous de finition de calibre 23 - Paslode","og_description":"Nos clous de finition Paslode sont un excellent choix pour l'installation de pi\u00e8ces de garniture d\u00e9licates. Les clous de calibre 23 ont un design sans t\u00eate et laissent un petit trou pour une finition professionnelle et exceptionnelle. Ils ont une tige lisse et une pointe biseaut\u00e9e qui r\u00e9duit le fendage du bois. Ces clous de finition sont offerts en longueurs de 3\/4 po \u00e0 1-3\/8 po et en bo\u00eete de 3 000 clous.","og_url":"https:\/\/paslode.ca\/fr\/produit\/23-ga-pin-nails\/","og_site_name":"Paslode","article_modified_time":"2021-02-02T20:11:10+00:00","og_image":[{"width":453,"height":453,"url":"https:\/\/paslode.ca\/wp-content\/uploads\/sites\/3\/2020\/08\/Paslode_23GAPNAIL_1.png","type":"image\/png"}],"twitter_card":"summary_large_image","schema":{"@context":"https:\/\/schema.org","@graph":[{"@type":"WebPage","@id":"https:\/\/paslode.ca\/fr\/produit\/23-ga-pin-nails\/","url":"https:\/\/paslode.ca\/fr\/produit\/23-ga-pin-nails\/","name":"Clous de finition de calibre 23 - Paslode","isPartOf":{"@id":"https:\/\/paslode.ca\/#website"},"primaryImageOfPage":{"@id":"https:\/\/paslode.ca\/fr\/produit\/23-ga-pin-nails\/#primaryimage"},"image":{"@id":"https:\/\/paslode.ca\/fr\/produit\/23-ga-pin-nails\/#primaryimage"},"thumbnailUrl":"https:\/\/paslode.ca\/wp-content\/uploads\/sites\/3\/2020\/08\/Paslode_23GAPNAIL_1.png","datePublished":"2020-08-05T15:55:52+00:00","dateModified":"2021-02-02T20:11:10+00:00","breadcrumb":{"@id":"https:\/\/paslode.ca\/fr\/produit\/23-ga-pin-nails\/#breadcrumb"},"inLanguage":"fr-FR","potentialAction":[{"@type":"ReadAction","target":["https:\/\/paslode.ca\/fr\/produit\/23-ga-pin-nails\/"]}]},{"@type":"ImageObject","inLanguage":"fr-FR","@id":"https:\/\/paslode.ca\/fr\/produit\/23-ga-pin-nails\/#primaryimage","url":"https:\/\/paslode.ca\/wp-content\/uploads\/sites\/3\/2020\/08\/Paslode_23GAPNAIL_1.png","contentUrl":"https:\/\/paslode.ca\/wp-content\/uploads\/sites\/3\/2020\/08\/Paslode_23GAPNAIL_1.png","width":453,"height":453},{"@type":"BreadcrumbList","@id":"https:\/\/paslode.ca\/fr\/produit\/23-ga-pin-nails\/#breadcrumb","itemListElement":[{"@type":"ListItem","position":1,"name":"Home","item":"https:\/\/paslode.ca\/fr\/"},{"@type":"ListItem","position":2,"name":"Boutique","item":"https:\/\/paslode.ca\/fr\/boutique\/"},{"@type":"ListItem","position":3,"name":"Clous de finition de calibre 23"}]},{"@type":"WebSite","@id":"https:\/\/paslode.ca\/#website","url":"https:\/\/paslode.ca\/","name":"Paslode","description":"Reputation is Everything","potentialAction":[{"@type":"SearchAction","target":{"@type":"EntryPoint","urlTemplate":"https:\/\/paslode.ca\/?s={search_term_string}"},"query-input":{"@type":"PropertyValueSpecification","valueRequired":true,"valueName":"search_term_string"}}],"inLanguage":"fr-FR"}]}},"_links":{"self":[{"href":"https:\/\/paslode.ca\/fr\/wp-json\/wp\/v2\/product\/7590","targetHints":{"allow":["GET"]}}],"collection":[{"href":"https:\/\/paslode.ca\/fr\/wp-json\/wp\/v2\/product"}],"about":[{"href":"https:\/\/paslode.ca\/fr\/wp-json\/wp\/v2\/types\/product"}],"wp:featuredmedia":[{"embeddable":true,"href":"https:\/\/paslode.ca\/fr\/wp-json\/wp\/v2\/media\/7317"}],"wp:attachment":[{"href":"https:\/\/paslode.ca\/fr\/wp-json\/wp\/v2\/media?parent=7590"}],"wp:term":[{"taxonomy":"product_brand","embeddable":true,"href":"https:\/\/paslode.ca\/fr\/wp-json\/wp\/v2\/product_brand?post=7590"},{"taxonomy":"product_cat","embeddable":true,"href":"https:\/\/paslode.ca\/fr\/wp-json\/wp\/v2\/product_cat?post=7590"},{"taxonomy":"product_tag","embeddable":true,"href":"https:\/\/paslode.ca\/fr\/wp-json\/wp\/v2\/product_tag?post=7590"}],"curies":[{"name":"wp","href":"https:\/\/api.w.org\/{rel}","templated":true}]}}