{"id":7592,"date":"2020-08-05T15:55:52","date_gmt":"2020-08-05T15:55:52","guid":{"rendered":"https:\/\/paslode.ca\/product\/framing-fuel-nail-packs\/"},"modified":"2021-02-02T21:52:36","modified_gmt":"2021-02-02T21:52:36","slug":"framing-fuel-nail-packs","status":"publish","type":"product","link":"https:\/\/paslode.ca\/fr\/produit\/framing-fuel-nail-packs\/","title":{"rendered":"Ensemble de carburant et de clous de charpente"},"content":{"rendered":"<h4><strong>PLUS DE PRODUCTIVIT\u00c9 ET MOINS DE TEMPS D&rsquo;ARR\u00caT DANS UN ENSEMBLE PRATIQUE.<\/strong><\/h4>\n<ul>\n<li>Chargement facile du carburant\u2026 il suffit de le d\u00e9poser et de d\u00e9marrer<\/li>\n<li>Assez de carburant pour enfoncer 1 000 clous, c&rsquo;est garanti<\/li>\n<li>Rev\u00eatement sp\u00e9cial \u00e0 pointe noire &#8211; enfonce constamment les clous plus profond\u00e9ment dans le bois dur, m\u00eame le bois LVL<\/li>\n<li>Moins de tirs rat\u00e9s et de bourrages<\/li>\n<li>Approuv\u00e9 pour une utilisation dans tous les bois trait\u00e9s sous pression tels que ACQ et MCQ<\/li>\n<\/ul>\n<p><strong>Clous sur ruban de papier 30\u00b0 :<\/strong><\/p>\n<ul>\n<li>Les bandes ne se cassent pas, m\u00eame par temps pluvieux<\/li>\n<li>Pas de d\u00e9bris volants<\/li>\n<li>Tenue maximale<\/li>\n<li>20 % plus de clous par bande que les clous \u00e0 t\u00eate ronde des concurrents &#8211; signifie moins de rechargement<\/li>\n<li>Clou d\u00e9cal\u00e9 \u00e0 t\u00eate pleine reconnu en vertu du code<\/li>\n<\/ul>\n","protected":false},"excerpt":{"rendered":"<p>Les ensembles de carburant et de clous de charpente Paslode comprennent 1 000 ou 3 000 clous et 1 ou 3 carburants de charpente toutes saisons qui sont parfaitement adapt\u00e9s pour fonctionner ensemble comme une jauge de carburant. L&rsquo;\u00e9quilibre parfait entre le carburant et les clous dans un seul ensemble pratique. Chaque ensemble de carburant et de clous de charpente comprend 1 ou 2 adaptateurs de pile \u00e0 combustible qui permettent \u00e0 la pile \u00e0 combustible de fonctionner avec N&rsquo;IMPORTE QUELLE cloueuse \u00e0 charpente sans cordon Paslode<\/p>\n","protected":false},"featured_media":7327,"template":"","meta":{"_acf_changed":false,"inline_featured_image":false},"product_brand":[],"product_cat":[144],"product_tag":[],"class_list":{"0":"post-7592","1":"product","2":"type-product","3":"status-publish","4":"has-post-thumbnail","6":"product_cat-attaches","8":"first","9":"instock","10":"product-type-simple"},"acf":[],"yoast_head":"<!-- This site is optimized with the Yoast SEO plugin v27.2 - https:\/\/yoast.com\/product\/yoast-seo-wordpress\/ -->\n<title>Ensemble de carburant et de clous de charpente - Paslode<\/title>\n<meta name=\"robots\" content=\"index, follow, max-snippet:-1, max-image-preview:large, max-video-preview:-1\" \/>\n<link rel=\"canonical\" href=\"https:\/\/paslode.ca\/fr\/produit\/framing-fuel-nail-packs\/\" \/>\n<meta property=\"og:locale\" content=\"fr_FR\" \/>\n<meta property=\"og:type\" content=\"article\" \/>\n<meta property=\"og:title\" content=\"Ensemble de carburant et de clous de charpente - Paslode\" \/>\n<meta property=\"og:description\" content=\"Les ensembles de carburant et de clous de charpente Paslode comprennent 1 000 ou 3 000 clous et 1 ou 3 carburants de charpente toutes saisons qui sont parfaitement adapt\u00e9s pour fonctionner ensemble comme une jauge de carburant. L&#039;\u00e9quilibre parfait entre le carburant et les clous dans un seul ensemble pratique. Chaque ensemble de carburant et de clous de charpente comprend 1 ou 2 adaptateurs de pile \u00e0 combustible qui permettent \u00e0 la pile \u00e0 combustible de fonctionner avec N&#039;IMPORTE QUELLE cloueuse \u00e0 charpente sans cordon Paslode\" \/>\n<meta property=\"og:url\" content=\"https:\/\/paslode.ca\/fr\/produit\/framing-fuel-nail-packs\/\" \/>\n<meta property=\"og:site_name\" content=\"Paslode\" \/>\n<meta property=\"article:modified_time\" content=\"2021-02-02T21:52:36+00:00\" \/>\n<meta property=\"og:image\" content=\"https:\/\/paslode.ca\/wp-content\/uploads\/sites\/3\/2020\/08\/Paslode_FNPACK_1.png\" \/>\n\t<meta property=\"og:image:width\" content=\"453\" \/>\n\t<meta property=\"og:image:height\" content=\"453\" \/>\n\t<meta property=\"og:image:type\" content=\"image\/png\" \/>\n<meta name=\"twitter:card\" content=\"summary_large_image\" \/>\n<meta name=\"twitter:label1\" content=\"Dur\u00e9e de lecture estim\u00e9e\" \/>\n\t<meta name=\"twitter:data1\" content=\"1 minute\" \/>\n<script type=\"application\/ld+json\" class=\"yoast-schema-graph\">{\"@context\":\"https:\/\/schema.org\",\"@graph\":[{\"@type\":\"WebPage\",\"@id\":\"https:\/\/paslode.ca\/fr\/produit\/framing-fuel-nail-packs\/\",\"url\":\"https:\/\/paslode.ca\/fr\/produit\/framing-fuel-nail-packs\/\",\"name\":\"Ensemble de carburant et de clous de charpente - Paslode\",\"isPartOf\":{\"@id\":\"https:\/\/paslode.ca\/#website\"},\"primaryImageOfPage\":{\"@id\":\"https:\/\/paslode.ca\/fr\/produit\/framing-fuel-nail-packs\/#primaryimage\"},\"image\":{\"@id\":\"https:\/\/paslode.ca\/fr\/produit\/framing-fuel-nail-packs\/#primaryimage\"},\"thumbnailUrl\":\"https:\/\/paslode.ca\/wp-content\/uploads\/sites\/3\/2020\/08\/Paslode_FNPACK_1.png\",\"datePublished\":\"2020-08-05T15:55:52+00:00\",\"dateModified\":\"2021-02-02T21:52:36+00:00\",\"breadcrumb\":{\"@id\":\"https:\/\/paslode.ca\/fr\/produit\/framing-fuel-nail-packs\/#breadcrumb\"},\"inLanguage\":\"fr-FR\",\"potentialAction\":[{\"@type\":\"ReadAction\",\"target\":[\"https:\/\/paslode.ca\/fr\/produit\/framing-fuel-nail-packs\/\"]}]},{\"@type\":\"ImageObject\",\"inLanguage\":\"fr-FR\",\"@id\":\"https:\/\/paslode.ca\/fr\/produit\/framing-fuel-nail-packs\/#primaryimage\",\"url\":\"https:\/\/paslode.ca\/wp-content\/uploads\/sites\/3\/2020\/08\/Paslode_FNPACK_1.png\",\"contentUrl\":\"https:\/\/paslode.ca\/wp-content\/uploads\/sites\/3\/2020\/08\/Paslode_FNPACK_1.png\",\"width\":453,\"height\":453},{\"@type\":\"BreadcrumbList\",\"@id\":\"https:\/\/paslode.ca\/fr\/produit\/framing-fuel-nail-packs\/#breadcrumb\",\"itemListElement\":[{\"@type\":\"ListItem\",\"position\":1,\"name\":\"Home\",\"item\":\"https:\/\/paslode.ca\/fr\/\"},{\"@type\":\"ListItem\",\"position\":2,\"name\":\"Boutique\",\"item\":\"https:\/\/paslode.ca\/fr\/boutique\/\"},{\"@type\":\"ListItem\",\"position\":3,\"name\":\"Ensemble de carburant et de clous de charpente\"}]},{\"@type\":\"WebSite\",\"@id\":\"https:\/\/paslode.ca\/#website\",\"url\":\"https:\/\/paslode.ca\/\",\"name\":\"Paslode\",\"description\":\"Reputation is Everything\",\"potentialAction\":[{\"@type\":\"SearchAction\",\"target\":{\"@type\":\"EntryPoint\",\"urlTemplate\":\"https:\/\/paslode.ca\/?s={search_term_string}\"},\"query-input\":{\"@type\":\"PropertyValueSpecification\",\"valueRequired\":true,\"valueName\":\"search_term_string\"}}],\"inLanguage\":\"fr-FR\"}]}<\/script>\n<!-- \/ Yoast SEO plugin. -->","yoast_head_json":{"title":"Ensemble de carburant et de clous de charpente - Paslode","robots":{"index":"index","follow":"follow","max-snippet":"max-snippet:-1","max-image-preview":"max-image-preview:large","max-video-preview":"max-video-preview:-1"},"canonical":"https:\/\/paslode.ca\/fr\/produit\/framing-fuel-nail-packs\/","og_locale":"fr_FR","og_type":"article","og_title":"Ensemble de carburant et de clous de charpente - Paslode","og_description":"Les ensembles de carburant et de clous de charpente Paslode comprennent 1 000 ou 3 000 clous et 1 ou 3 carburants de charpente toutes saisons qui sont parfaitement adapt\u00e9s pour fonctionner ensemble comme une jauge de carburant. L'\u00e9quilibre parfait entre le carburant et les clous dans un seul ensemble pratique. Chaque ensemble de carburant et de clous de charpente comprend 1 ou 2 adaptateurs de pile \u00e0 combustible qui permettent \u00e0 la pile \u00e0 combustible de fonctionner avec N'IMPORTE QUELLE cloueuse \u00e0 charpente sans cordon Paslode","og_url":"https:\/\/paslode.ca\/fr\/produit\/framing-fuel-nail-packs\/","og_site_name":"Paslode","article_modified_time":"2021-02-02T21:52:36+00:00","og_image":[{"width":453,"height":453,"url":"https:\/\/paslode.ca\/wp-content\/uploads\/sites\/3\/2020\/08\/Paslode_FNPACK_1.png","type":"image\/png"}],"twitter_card":"summary_large_image","twitter_misc":{"Dur\u00e9e de lecture estim\u00e9e":"1 minute"},"schema":{"@context":"https:\/\/schema.org","@graph":[{"@type":"WebPage","@id":"https:\/\/paslode.ca\/fr\/produit\/framing-fuel-nail-packs\/","url":"https:\/\/paslode.ca\/fr\/produit\/framing-fuel-nail-packs\/","name":"Ensemble de carburant et de clous de charpente - Paslode","isPartOf":{"@id":"https:\/\/paslode.ca\/#website"},"primaryImageOfPage":{"@id":"https:\/\/paslode.ca\/fr\/produit\/framing-fuel-nail-packs\/#primaryimage"},"image":{"@id":"https:\/\/paslode.ca\/fr\/produit\/framing-fuel-nail-packs\/#primaryimage"},"thumbnailUrl":"https:\/\/paslode.ca\/wp-content\/uploads\/sites\/3\/2020\/08\/Paslode_FNPACK_1.png","datePublished":"2020-08-05T15:55:52+00:00","dateModified":"2021-02-02T21:52:36+00:00","breadcrumb":{"@id":"https:\/\/paslode.ca\/fr\/produit\/framing-fuel-nail-packs\/#breadcrumb"},"inLanguage":"fr-FR","potentialAction":[{"@type":"ReadAction","target":["https:\/\/paslode.ca\/fr\/produit\/framing-fuel-nail-packs\/"]}]},{"@type":"ImageObject","inLanguage":"fr-FR","@id":"https:\/\/paslode.ca\/fr\/produit\/framing-fuel-nail-packs\/#primaryimage","url":"https:\/\/paslode.ca\/wp-content\/uploads\/sites\/3\/2020\/08\/Paslode_FNPACK_1.png","contentUrl":"https:\/\/paslode.ca\/wp-content\/uploads\/sites\/3\/2020\/08\/Paslode_FNPACK_1.png","width":453,"height":453},{"@type":"BreadcrumbList","@id":"https:\/\/paslode.ca\/fr\/produit\/framing-fuel-nail-packs\/#breadcrumb","itemListElement":[{"@type":"ListItem","position":1,"name":"Home","item":"https:\/\/paslode.ca\/fr\/"},{"@type":"ListItem","position":2,"name":"Boutique","item":"https:\/\/paslode.ca\/fr\/boutique\/"},{"@type":"ListItem","position":3,"name":"Ensemble de carburant et de clous de charpente"}]},{"@type":"WebSite","@id":"https:\/\/paslode.ca\/#website","url":"https:\/\/paslode.ca\/","name":"Paslode","description":"Reputation is Everything","potentialAction":[{"@type":"SearchAction","target":{"@type":"EntryPoint","urlTemplate":"https:\/\/paslode.ca\/?s={search_term_string}"},"query-input":{"@type":"PropertyValueSpecification","valueRequired":true,"valueName":"search_term_string"}}],"inLanguage":"fr-FR"}]}},"_links":{"self":[{"href":"https:\/\/paslode.ca\/fr\/wp-json\/wp\/v2\/product\/7592","targetHints":{"allow":["GET"]}}],"collection":[{"href":"https:\/\/paslode.ca\/fr\/wp-json\/wp\/v2\/product"}],"about":[{"href":"https:\/\/paslode.ca\/fr\/wp-json\/wp\/v2\/types\/product"}],"wp:featuredmedia":[{"embeddable":true,"href":"https:\/\/paslode.ca\/fr\/wp-json\/wp\/v2\/media\/7327"}],"wp:attachment":[{"href":"https:\/\/paslode.ca\/fr\/wp-json\/wp\/v2\/media?parent=7592"}],"wp:term":[{"taxonomy":"product_brand","embeddable":true,"href":"https:\/\/paslode.ca\/fr\/wp-json\/wp\/v2\/product_brand?post=7592"},{"taxonomy":"product_cat","embeddable":true,"href":"https:\/\/paslode.ca\/fr\/wp-json\/wp\/v2\/product_cat?post=7592"},{"taxonomy":"product_tag","embeddable":true,"href":"https:\/\/paslode.ca\/fr\/wp-json\/wp\/v2\/product_tag?post=7592"}],"curies":[{"name":"wp","href":"https:\/\/api.w.org\/{rel}","templated":true}]}}