{"id":7593,"date":"2020-07-23T16:58:10","date_gmt":"2020-07-23T16:58:10","guid":{"rendered":"https:\/\/paslode.ca\/product\/universal-trim-fuel\/"},"modified":"2021-02-02T20:34:43","modified_gmt":"2021-02-02T20:34:43","slug":"universal-trim-fuel","status":"publish","type":"product","link":"https:\/\/paslode.ca\/fr\/produit\/universal-trim-fuel\/","title":{"rendered":"Carburant de garniture universel"},"content":{"rendered":"<h4><strong>LE CARBURANT DONT VOTRE CLOUEUSE A BESOIN, POUR SEULEMENT QUELQUES SOUS PAR TIR.<\/strong><\/h4>\n<ul>\n<li>Fournit une dose de carburant pr\u00e9cise pour des performances d\u2019enfoncement fiables.<\/li>\n<li>Pratique : facile \u00e0 installer, il suffit de charger et de travailler<\/li>\n<li>Carburant de qualit\u00e9 sup\u00e9rieure<\/li>\n<li>Fournit une dose de carburant pr\u00e9cise pour des performances d\u2019enfoncement fiables.<\/li>\n<li>Le carburant de garniture universel fonctionne avec TOUTES les cloueuses de finition sans cordon Paslode<\/li>\n<li>Comprend deux adaptateurs de vanne de dosage externes vissables<\/li>\n<\/ul>\n","protected":false},"excerpt":{"rendered":"<p>Le carburant universel pour garniture Paslode fonctionne avec TOUTES les cloueuses de finition sans cordon Paslode. Nos piles \u00e0 combustible Paslode vous permettent d&rsquo;enfoncer jusqu&rsquo;\u00e0 1 200 clous et sont faciles \u00e0 charger. Chaque ensemble de 4 courtes cartouches jaunes de carburant \u00e0 garniture Paslode est livr\u00e9 avec deux types de t\u00eates d&rsquo;adaptateur pour r\u00e9pondre aux besoins de TOUTES les cloueuses de finition Paslode. Utilisez du carburant Paslode dans votre syst\u00e8me de clouage ou d&rsquo;agrafage pour continuer jusqu&rsquo;\u00e0 ce que la t\u00e2che soit accomplie.<\/p>\n","protected":false},"featured_media":7329,"template":"","meta":{"_acf_changed":false,"inline_featured_image":false},"product_brand":[],"product_cat":[145],"product_tag":[],"class_list":{"0":"post-7593","1":"product","2":"type-product","3":"status-publish","4":"has-post-thumbnail","6":"product_cat-accessories-fr","8":"first","9":"instock","10":"product-type-simple"},"acf":[],"yoast_head":"<!-- This site is optimized with the Yoast SEO plugin v27.2 - https:\/\/yoast.com\/product\/yoast-seo-wordpress\/ -->\n<title>Carburant de garniture universel - Paslode<\/title>\n<meta name=\"robots\" content=\"index, follow, max-snippet:-1, max-image-preview:large, max-video-preview:-1\" \/>\n<link rel=\"canonical\" href=\"https:\/\/paslode.ca\/fr\/produit\/universal-trim-fuel\/\" \/>\n<meta property=\"og:locale\" content=\"fr_FR\" \/>\n<meta property=\"og:type\" content=\"article\" \/>\n<meta property=\"og:title\" content=\"Carburant de garniture universel - Paslode\" \/>\n<meta property=\"og:description\" content=\"Le carburant universel pour garniture Paslode fonctionne avec TOUTES les cloueuses de finition sans cordon Paslode. Nos piles \u00e0 combustible Paslode vous permettent d&#039;enfoncer jusqu&#039;\u00e0 1 200 clous et sont faciles \u00e0 charger. Chaque ensemble de 4 courtes cartouches jaunes de carburant \u00e0 garniture Paslode est livr\u00e9 avec deux types de t\u00eates d&#039;adaptateur pour r\u00e9pondre aux besoins de TOUTES les cloueuses de finition Paslode. Utilisez du carburant Paslode dans votre syst\u00e8me de clouage ou d&#039;agrafage pour continuer jusqu&#039;\u00e0 ce que la t\u00e2che soit accomplie.\" \/>\n<meta property=\"og:url\" content=\"https:\/\/paslode.ca\/fr\/produit\/universal-trim-fuel\/\" \/>\n<meta property=\"og:site_name\" content=\"Paslode\" \/>\n<meta property=\"article:modified_time\" content=\"2021-02-02T20:34:43+00:00\" \/>\n<meta property=\"og:image\" content=\"https:\/\/paslode.ca\/wp-content\/uploads\/sites\/3\/2020\/07\/Paslode_Accessories_650039-FuelCell.png\" \/>\n\t<meta property=\"og:image:width\" content=\"453\" \/>\n\t<meta property=\"og:image:height\" content=\"453\" \/>\n\t<meta property=\"og:image:type\" content=\"image\/png\" \/>\n<meta name=\"twitter:card\" content=\"summary_large_image\" \/>\n<script type=\"application\/ld+json\" class=\"yoast-schema-graph\">{\"@context\":\"https:\/\/schema.org\",\"@graph\":[{\"@type\":\"WebPage\",\"@id\":\"https:\/\/paslode.ca\/fr\/produit\/universal-trim-fuel\/\",\"url\":\"https:\/\/paslode.ca\/fr\/produit\/universal-trim-fuel\/\",\"name\":\"Carburant de garniture universel - Paslode\",\"isPartOf\":{\"@id\":\"https:\/\/paslode.ca\/#website\"},\"primaryImageOfPage\":{\"@id\":\"https:\/\/paslode.ca\/fr\/produit\/universal-trim-fuel\/#primaryimage\"},\"image\":{\"@id\":\"https:\/\/paslode.ca\/fr\/produit\/universal-trim-fuel\/#primaryimage\"},\"thumbnailUrl\":\"https:\/\/paslode.ca\/wp-content\/uploads\/sites\/3\/2020\/07\/Paslode_Accessories_650039-FuelCell.png\",\"datePublished\":\"2020-07-23T16:58:10+00:00\",\"dateModified\":\"2021-02-02T20:34:43+00:00\",\"breadcrumb\":{\"@id\":\"https:\/\/paslode.ca\/fr\/produit\/universal-trim-fuel\/#breadcrumb\"},\"inLanguage\":\"fr-FR\",\"potentialAction\":[{\"@type\":\"ReadAction\",\"target\":[\"https:\/\/paslode.ca\/fr\/produit\/universal-trim-fuel\/\"]}]},{\"@type\":\"ImageObject\",\"inLanguage\":\"fr-FR\",\"@id\":\"https:\/\/paslode.ca\/fr\/produit\/universal-trim-fuel\/#primaryimage\",\"url\":\"https:\/\/paslode.ca\/wp-content\/uploads\/sites\/3\/2020\/07\/Paslode_Accessories_650039-FuelCell.png\",\"contentUrl\":\"https:\/\/paslode.ca\/wp-content\/uploads\/sites\/3\/2020\/07\/Paslode_Accessories_650039-FuelCell.png\",\"width\":453,\"height\":453},{\"@type\":\"BreadcrumbList\",\"@id\":\"https:\/\/paslode.ca\/fr\/produit\/universal-trim-fuel\/#breadcrumb\",\"itemListElement\":[{\"@type\":\"ListItem\",\"position\":1,\"name\":\"Home\",\"item\":\"https:\/\/paslode.ca\/fr\/\"},{\"@type\":\"ListItem\",\"position\":2,\"name\":\"Boutique\",\"item\":\"https:\/\/paslode.ca\/fr\/boutique\/\"},{\"@type\":\"ListItem\",\"position\":3,\"name\":\"Carburant de garniture universel\"}]},{\"@type\":\"WebSite\",\"@id\":\"https:\/\/paslode.ca\/#website\",\"url\":\"https:\/\/paslode.ca\/\",\"name\":\"Paslode\",\"description\":\"Reputation is Everything\",\"potentialAction\":[{\"@type\":\"SearchAction\",\"target\":{\"@type\":\"EntryPoint\",\"urlTemplate\":\"https:\/\/paslode.ca\/?s={search_term_string}\"},\"query-input\":{\"@type\":\"PropertyValueSpecification\",\"valueRequired\":true,\"valueName\":\"search_term_string\"}}],\"inLanguage\":\"fr-FR\"}]}<\/script>\n<!-- \/ Yoast SEO plugin. -->","yoast_head_json":{"title":"Carburant de garniture universel - Paslode","robots":{"index":"index","follow":"follow","max-snippet":"max-snippet:-1","max-image-preview":"max-image-preview:large","max-video-preview":"max-video-preview:-1"},"canonical":"https:\/\/paslode.ca\/fr\/produit\/universal-trim-fuel\/","og_locale":"fr_FR","og_type":"article","og_title":"Carburant de garniture universel - Paslode","og_description":"Le carburant universel pour garniture Paslode fonctionne avec TOUTES les cloueuses de finition sans cordon Paslode. Nos piles \u00e0 combustible Paslode vous permettent d'enfoncer jusqu'\u00e0 1 200 clous et sont faciles \u00e0 charger. Chaque ensemble de 4 courtes cartouches jaunes de carburant \u00e0 garniture Paslode est livr\u00e9 avec deux types de t\u00eates d'adaptateur pour r\u00e9pondre aux besoins de TOUTES les cloueuses de finition Paslode. Utilisez du carburant Paslode dans votre syst\u00e8me de clouage ou d'agrafage pour continuer jusqu'\u00e0 ce que la t\u00e2che soit accomplie.","og_url":"https:\/\/paslode.ca\/fr\/produit\/universal-trim-fuel\/","og_site_name":"Paslode","article_modified_time":"2021-02-02T20:34:43+00:00","og_image":[{"width":453,"height":453,"url":"https:\/\/paslode.ca\/wp-content\/uploads\/sites\/3\/2020\/07\/Paslode_Accessories_650039-FuelCell.png","type":"image\/png"}],"twitter_card":"summary_large_image","schema":{"@context":"https:\/\/schema.org","@graph":[{"@type":"WebPage","@id":"https:\/\/paslode.ca\/fr\/produit\/universal-trim-fuel\/","url":"https:\/\/paslode.ca\/fr\/produit\/universal-trim-fuel\/","name":"Carburant de garniture universel - Paslode","isPartOf":{"@id":"https:\/\/paslode.ca\/#website"},"primaryImageOfPage":{"@id":"https:\/\/paslode.ca\/fr\/produit\/universal-trim-fuel\/#primaryimage"},"image":{"@id":"https:\/\/paslode.ca\/fr\/produit\/universal-trim-fuel\/#primaryimage"},"thumbnailUrl":"https:\/\/paslode.ca\/wp-content\/uploads\/sites\/3\/2020\/07\/Paslode_Accessories_650039-FuelCell.png","datePublished":"2020-07-23T16:58:10+00:00","dateModified":"2021-02-02T20:34:43+00:00","breadcrumb":{"@id":"https:\/\/paslode.ca\/fr\/produit\/universal-trim-fuel\/#breadcrumb"},"inLanguage":"fr-FR","potentialAction":[{"@type":"ReadAction","target":["https:\/\/paslode.ca\/fr\/produit\/universal-trim-fuel\/"]}]},{"@type":"ImageObject","inLanguage":"fr-FR","@id":"https:\/\/paslode.ca\/fr\/produit\/universal-trim-fuel\/#primaryimage","url":"https:\/\/paslode.ca\/wp-content\/uploads\/sites\/3\/2020\/07\/Paslode_Accessories_650039-FuelCell.png","contentUrl":"https:\/\/paslode.ca\/wp-content\/uploads\/sites\/3\/2020\/07\/Paslode_Accessories_650039-FuelCell.png","width":453,"height":453},{"@type":"BreadcrumbList","@id":"https:\/\/paslode.ca\/fr\/produit\/universal-trim-fuel\/#breadcrumb","itemListElement":[{"@type":"ListItem","position":1,"name":"Home","item":"https:\/\/paslode.ca\/fr\/"},{"@type":"ListItem","position":2,"name":"Boutique","item":"https:\/\/paslode.ca\/fr\/boutique\/"},{"@type":"ListItem","position":3,"name":"Carburant de garniture universel"}]},{"@type":"WebSite","@id":"https:\/\/paslode.ca\/#website","url":"https:\/\/paslode.ca\/","name":"Paslode","description":"Reputation is Everything","potentialAction":[{"@type":"SearchAction","target":{"@type":"EntryPoint","urlTemplate":"https:\/\/paslode.ca\/?s={search_term_string}"},"query-input":{"@type":"PropertyValueSpecification","valueRequired":true,"valueName":"search_term_string"}}],"inLanguage":"fr-FR"}]}},"_links":{"self":[{"href":"https:\/\/paslode.ca\/fr\/wp-json\/wp\/v2\/product\/7593","targetHints":{"allow":["GET"]}}],"collection":[{"href":"https:\/\/paslode.ca\/fr\/wp-json\/wp\/v2\/product"}],"about":[{"href":"https:\/\/paslode.ca\/fr\/wp-json\/wp\/v2\/types\/product"}],"wp:featuredmedia":[{"embeddable":true,"href":"https:\/\/paslode.ca\/fr\/wp-json\/wp\/v2\/media\/7329"}],"wp:attachment":[{"href":"https:\/\/paslode.ca\/fr\/wp-json\/wp\/v2\/media?parent=7593"}],"wp:term":[{"taxonomy":"product_brand","embeddable":true,"href":"https:\/\/paslode.ca\/fr\/wp-json\/wp\/v2\/product_brand?post=7593"},{"taxonomy":"product_cat","embeddable":true,"href":"https:\/\/paslode.ca\/fr\/wp-json\/wp\/v2\/product_cat?post=7593"},{"taxonomy":"product_tag","embeddable":true,"href":"https:\/\/paslode.ca\/fr\/wp-json\/wp\/v2\/product_tag?post=7593"}],"curies":[{"name":"wp","href":"https:\/\/api.w.org\/{rel}","templated":true}]}}