{"id":7594,"date":"2020-07-23T16:58:10","date_gmt":"2020-07-23T16:58:10","guid":{"rendered":"https:\/\/paslode.ca\/product\/degreaser-cleaner\/"},"modified":"2021-02-01T22:40:02","modified_gmt":"2021-02-01T22:40:02","slug":"degreaser-cleaner","status":"publish","type":"product","link":"https:\/\/paslode.ca\/fr\/produit\/degreaser-cleaner\/","title":{"rendered":"Nettoyant d\u00e9graissant"},"content":{"rendered":"<h4><strong>LE D\u00c9GRAISSANT NETTOYANT DONT VOUS AVEZ BESOIN POUR GARDER VOTRE OUTIL EN BON \u00c9TAT DE FONCTIONNEMENT.<\/strong><\/h4>\n<ul>\n<li>Le jet puissant \u00e9limine la salet\u00e9, l&rsquo;humidit\u00e9 et les oxydes sans laisser de r\u00e9sidus!<\/li>\n<li>Sans danger pour les composants \u00e9lectroniques internes<\/li>\n<li>Nettoie et s\u00e8che rapidement<\/li>\n<li>Ne laisse aucun r\u00e9sidu<\/li>\n<li>S\u00fbr pour le plastique<\/li>\n<\/ul>\n","protected":false},"excerpt":{"rendered":"<p>Assurez-vous que vos outils Paslode sont propres et efficaces avec le nettoyant d\u00e9graissant de Paslode. Ce nettoyant efficace est sans danger pour les composants \u00e9lectroniques internes. Il nettoie et s\u00e8che rapidement et ne laisse aucun r\u00e9sidu.<\/p>\n","protected":false},"featured_media":7331,"template":"","meta":{"_acf_changed":false,"inline_featured_image":false},"product_brand":[],"product_cat":[145],"product_tag":[],"class_list":{"0":"post-7594","1":"product","2":"type-product","3":"status-publish","4":"has-post-thumbnail","6":"product_cat-accessories-fr","8":"first","9":"instock","10":"product-type-simple"},"acf":[],"yoast_head":"<!-- This site is optimized with the Yoast SEO plugin v27.2 - https:\/\/yoast.com\/product\/yoast-seo-wordpress\/ -->\n<title>Nettoyant d\u00e9graissant - Paslode<\/title>\n<meta name=\"robots\" content=\"index, follow, max-snippet:-1, max-image-preview:large, max-video-preview:-1\" \/>\n<link rel=\"canonical\" href=\"https:\/\/paslode.ca\/fr\/produit\/degreaser-cleaner\/\" \/>\n<meta property=\"og:locale\" content=\"fr_FR\" \/>\n<meta property=\"og:type\" content=\"article\" \/>\n<meta property=\"og:title\" content=\"Nettoyant d\u00e9graissant - Paslode\" \/>\n<meta property=\"og:description\" content=\"Assurez-vous que vos outils Paslode sont propres et efficaces avec le nettoyant d\u00e9graissant de Paslode. Ce nettoyant efficace est sans danger pour les composants \u00e9lectroniques internes. Il nettoie et s\u00e8che rapidement et ne laisse aucun r\u00e9sidu.\" \/>\n<meta property=\"og:url\" content=\"https:\/\/paslode.ca\/fr\/produit\/degreaser-cleaner\/\" \/>\n<meta property=\"og:site_name\" content=\"Paslode\" \/>\n<meta property=\"article:modified_time\" content=\"2021-02-01T22:40:02+00:00\" \/>\n<meta property=\"og:image\" content=\"https:\/\/paslode.ca\/wp-content\/uploads\/sites\/3\/2020\/07\/Paslode_Accessories_219086_Package.png\" \/>\n\t<meta property=\"og:image:width\" content=\"453\" \/>\n\t<meta property=\"og:image:height\" content=\"453\" \/>\n\t<meta property=\"og:image:type\" content=\"image\/png\" \/>\n<meta name=\"twitter:card\" content=\"summary_large_image\" \/>\n<script type=\"application\/ld+json\" class=\"yoast-schema-graph\">{\"@context\":\"https:\/\/schema.org\",\"@graph\":[{\"@type\":\"WebPage\",\"@id\":\"https:\/\/paslode.ca\/fr\/produit\/degreaser-cleaner\/\",\"url\":\"https:\/\/paslode.ca\/fr\/produit\/degreaser-cleaner\/\",\"name\":\"Nettoyant d\u00e9graissant - Paslode\",\"isPartOf\":{\"@id\":\"https:\/\/paslode.ca\/#website\"},\"primaryImageOfPage\":{\"@id\":\"https:\/\/paslode.ca\/fr\/produit\/degreaser-cleaner\/#primaryimage\"},\"image\":{\"@id\":\"https:\/\/paslode.ca\/fr\/produit\/degreaser-cleaner\/#primaryimage\"},\"thumbnailUrl\":\"https:\/\/paslode.ca\/wp-content\/uploads\/sites\/3\/2020\/07\/Paslode_Accessories_219086_Package.png\",\"datePublished\":\"2020-07-23T16:58:10+00:00\",\"dateModified\":\"2021-02-01T22:40:02+00:00\",\"breadcrumb\":{\"@id\":\"https:\/\/paslode.ca\/fr\/produit\/degreaser-cleaner\/#breadcrumb\"},\"inLanguage\":\"fr-FR\",\"potentialAction\":[{\"@type\":\"ReadAction\",\"target\":[\"https:\/\/paslode.ca\/fr\/produit\/degreaser-cleaner\/\"]}]},{\"@type\":\"ImageObject\",\"inLanguage\":\"fr-FR\",\"@id\":\"https:\/\/paslode.ca\/fr\/produit\/degreaser-cleaner\/#primaryimage\",\"url\":\"https:\/\/paslode.ca\/wp-content\/uploads\/sites\/3\/2020\/07\/Paslode_Accessories_219086_Package.png\",\"contentUrl\":\"https:\/\/paslode.ca\/wp-content\/uploads\/sites\/3\/2020\/07\/Paslode_Accessories_219086_Package.png\",\"width\":453,\"height\":453},{\"@type\":\"BreadcrumbList\",\"@id\":\"https:\/\/paslode.ca\/fr\/produit\/degreaser-cleaner\/#breadcrumb\",\"itemListElement\":[{\"@type\":\"ListItem\",\"position\":1,\"name\":\"Home\",\"item\":\"https:\/\/paslode.ca\/fr\/\"},{\"@type\":\"ListItem\",\"position\":2,\"name\":\"Boutique\",\"item\":\"https:\/\/paslode.ca\/fr\/boutique\/\"},{\"@type\":\"ListItem\",\"position\":3,\"name\":\"Nettoyant d\u00e9graissant\"}]},{\"@type\":\"WebSite\",\"@id\":\"https:\/\/paslode.ca\/#website\",\"url\":\"https:\/\/paslode.ca\/\",\"name\":\"Paslode\",\"description\":\"Reputation is Everything\",\"potentialAction\":[{\"@type\":\"SearchAction\",\"target\":{\"@type\":\"EntryPoint\",\"urlTemplate\":\"https:\/\/paslode.ca\/?s={search_term_string}\"},\"query-input\":{\"@type\":\"PropertyValueSpecification\",\"valueRequired\":true,\"valueName\":\"search_term_string\"}}],\"inLanguage\":\"fr-FR\"}]}<\/script>\n<!-- \/ Yoast SEO plugin. -->","yoast_head_json":{"title":"Nettoyant d\u00e9graissant - Paslode","robots":{"index":"index","follow":"follow","max-snippet":"max-snippet:-1","max-image-preview":"max-image-preview:large","max-video-preview":"max-video-preview:-1"},"canonical":"https:\/\/paslode.ca\/fr\/produit\/degreaser-cleaner\/","og_locale":"fr_FR","og_type":"article","og_title":"Nettoyant d\u00e9graissant - Paslode","og_description":"Assurez-vous que vos outils Paslode sont propres et efficaces avec le nettoyant d\u00e9graissant de Paslode. Ce nettoyant efficace est sans danger pour les composants \u00e9lectroniques internes. Il nettoie et s\u00e8che rapidement et ne laisse aucun r\u00e9sidu.","og_url":"https:\/\/paslode.ca\/fr\/produit\/degreaser-cleaner\/","og_site_name":"Paslode","article_modified_time":"2021-02-01T22:40:02+00:00","og_image":[{"width":453,"height":453,"url":"https:\/\/paslode.ca\/wp-content\/uploads\/sites\/3\/2020\/07\/Paslode_Accessories_219086_Package.png","type":"image\/png"}],"twitter_card":"summary_large_image","schema":{"@context":"https:\/\/schema.org","@graph":[{"@type":"WebPage","@id":"https:\/\/paslode.ca\/fr\/produit\/degreaser-cleaner\/","url":"https:\/\/paslode.ca\/fr\/produit\/degreaser-cleaner\/","name":"Nettoyant d\u00e9graissant - Paslode","isPartOf":{"@id":"https:\/\/paslode.ca\/#website"},"primaryImageOfPage":{"@id":"https:\/\/paslode.ca\/fr\/produit\/degreaser-cleaner\/#primaryimage"},"image":{"@id":"https:\/\/paslode.ca\/fr\/produit\/degreaser-cleaner\/#primaryimage"},"thumbnailUrl":"https:\/\/paslode.ca\/wp-content\/uploads\/sites\/3\/2020\/07\/Paslode_Accessories_219086_Package.png","datePublished":"2020-07-23T16:58:10+00:00","dateModified":"2021-02-01T22:40:02+00:00","breadcrumb":{"@id":"https:\/\/paslode.ca\/fr\/produit\/degreaser-cleaner\/#breadcrumb"},"inLanguage":"fr-FR","potentialAction":[{"@type":"ReadAction","target":["https:\/\/paslode.ca\/fr\/produit\/degreaser-cleaner\/"]}]},{"@type":"ImageObject","inLanguage":"fr-FR","@id":"https:\/\/paslode.ca\/fr\/produit\/degreaser-cleaner\/#primaryimage","url":"https:\/\/paslode.ca\/wp-content\/uploads\/sites\/3\/2020\/07\/Paslode_Accessories_219086_Package.png","contentUrl":"https:\/\/paslode.ca\/wp-content\/uploads\/sites\/3\/2020\/07\/Paslode_Accessories_219086_Package.png","width":453,"height":453},{"@type":"BreadcrumbList","@id":"https:\/\/paslode.ca\/fr\/produit\/degreaser-cleaner\/#breadcrumb","itemListElement":[{"@type":"ListItem","position":1,"name":"Home","item":"https:\/\/paslode.ca\/fr\/"},{"@type":"ListItem","position":2,"name":"Boutique","item":"https:\/\/paslode.ca\/fr\/boutique\/"},{"@type":"ListItem","position":3,"name":"Nettoyant d\u00e9graissant"}]},{"@type":"WebSite","@id":"https:\/\/paslode.ca\/#website","url":"https:\/\/paslode.ca\/","name":"Paslode","description":"Reputation is Everything","potentialAction":[{"@type":"SearchAction","target":{"@type":"EntryPoint","urlTemplate":"https:\/\/paslode.ca\/?s={search_term_string}"},"query-input":{"@type":"PropertyValueSpecification","valueRequired":true,"valueName":"search_term_string"}}],"inLanguage":"fr-FR"}]}},"_links":{"self":[{"href":"https:\/\/paslode.ca\/fr\/wp-json\/wp\/v2\/product\/7594","targetHints":{"allow":["GET"]}}],"collection":[{"href":"https:\/\/paslode.ca\/fr\/wp-json\/wp\/v2\/product"}],"about":[{"href":"https:\/\/paslode.ca\/fr\/wp-json\/wp\/v2\/types\/product"}],"wp:featuredmedia":[{"embeddable":true,"href":"https:\/\/paslode.ca\/fr\/wp-json\/wp\/v2\/media\/7331"}],"wp:attachment":[{"href":"https:\/\/paslode.ca\/fr\/wp-json\/wp\/v2\/media?parent=7594"}],"wp:term":[{"taxonomy":"product_brand","embeddable":true,"href":"https:\/\/paslode.ca\/fr\/wp-json\/wp\/v2\/product_brand?post=7594"},{"taxonomy":"product_cat","embeddable":true,"href":"https:\/\/paslode.ca\/fr\/wp-json\/wp\/v2\/product_cat?post=7594"},{"taxonomy":"product_tag","embeddable":true,"href":"https:\/\/paslode.ca\/fr\/wp-json\/wp\/v2\/product_tag?post=7594"}],"curies":[{"name":"wp","href":"https:\/\/api.w.org\/{rel}","templated":true}]}}