{"id":7595,"date":"2020-07-23T16:58:10","date_gmt":"2020-07-23T16:58:10","guid":{"rendered":"https:\/\/paslode.ca\/product\/pneumatic-tool-lubrication-oil-with-anti-freeze\/"},"modified":"2021-02-01T22:42:45","modified_gmt":"2021-02-01T22:42:45","slug":"pneumatic-tool-lubrication-oil-with-anti-freeze","status":"publish","type":"product","link":"https:\/\/paslode.ca\/fr\/produit\/pneumatic-tool-lubrication-oil-with-anti-freeze\/","title":{"rendered":"Huile de lubrification pour outils pneumatiques avec antigel"},"content":{"rendered":"<h4><strong>L&rsquo;HUILE DE LUBRIFICATION DONT VOUS AVEZ BESOIN POUR GARDER VOTRE OUTIL PNEUMATIQUE PASLODE EN BON \u00c9TAT DE FONCTIONNEMENT DANS TOUTES LES CONDITIONS M\u00c9T\u00c9OROLOGIQUES.<\/strong><\/h4>\n<ul>\n<li>Utilisez de 6 \u00e0 20 gouttes d&rsquo;huile de lubrification pneumatique Paslode par jour en fonction des cycles d&rsquo;outils et de l&rsquo;environnement de travail.<\/li>\n<li>N&rsquo;oubliez pas de vidanger quotidiennement les r\u00e9servoirs de votre compresseur d&rsquo;air<\/li>\n<li>Reportez-vous au manuel du propri\u00e9taire Paslode pour les applications appropri\u00e9es<\/li>\n<\/ul>\n","protected":false},"excerpt":{"rendered":"<p>L&rsquo;huile lubrifiante pour temps froid Paslode avec antigel pour outils pneumatiques. Recommand\u00e9e pour une utilisation avec tous les outils pneumatiques Paslode. L&rsquo;huile de lubrification avec antigel est sp\u00e9cialement formul\u00e9e pour r\u00e9sister aux contraintes du fonctionnement pneumatique et pour garder votre outil en bon \u00e9tat de fonctionnement.<\/p>\n","protected":false},"featured_media":7333,"template":"","meta":{"_acf_changed":false,"inline_featured_image":false},"product_brand":[],"product_cat":[145],"product_tag":[],"class_list":{"0":"post-7595","1":"product","2":"type-product","3":"status-publish","4":"has-post-thumbnail","6":"product_cat-accessories-fr","8":"first","9":"instock","10":"product-type-simple"},"acf":[],"yoast_head":"<!-- This site is optimized with the Yoast SEO plugin v27.2 - https:\/\/yoast.com\/product\/yoast-seo-wordpress\/ -->\n<title>Huile de lubrification pour outils pneumatiques avec antigel - Paslode<\/title>\n<meta name=\"robots\" content=\"index, follow, max-snippet:-1, max-image-preview:large, max-video-preview:-1\" \/>\n<link rel=\"canonical\" href=\"https:\/\/paslode.ca\/fr\/produit\/pneumatic-tool-lubrication-oil-with-anti-freeze\/\" \/>\n<meta property=\"og:locale\" content=\"fr_FR\" \/>\n<meta property=\"og:type\" content=\"article\" \/>\n<meta property=\"og:title\" content=\"Huile de lubrification pour outils pneumatiques avec antigel - Paslode\" \/>\n<meta property=\"og:description\" content=\"L&#039;huile lubrifiante pour temps froid Paslode avec antigel pour outils pneumatiques. Recommand\u00e9e pour une utilisation avec tous les outils pneumatiques Paslode. L&#039;huile de lubrification avec antigel est sp\u00e9cialement formul\u00e9e pour r\u00e9sister aux contraintes du fonctionnement pneumatique et pour garder votre outil en bon \u00e9tat de fonctionnement.\" \/>\n<meta property=\"og:url\" content=\"https:\/\/paslode.ca\/fr\/produit\/pneumatic-tool-lubrication-oil-with-anti-freeze\/\" \/>\n<meta property=\"og:site_name\" content=\"Paslode\" \/>\n<meta property=\"article:modified_time\" content=\"2021-02-01T22:42:45+00:00\" \/>\n<meta property=\"og:image\" content=\"https:\/\/paslode.ca\/wp-content\/uploads\/sites\/3\/2020\/07\/Paslode_Accessories_219090.png\" \/>\n\t<meta property=\"og:image:width\" content=\"453\" \/>\n\t<meta property=\"og:image:height\" content=\"453\" \/>\n\t<meta property=\"og:image:type\" content=\"image\/png\" \/>\n<meta name=\"twitter:card\" content=\"summary_large_image\" \/>\n<script type=\"application\/ld+json\" class=\"yoast-schema-graph\">{\"@context\":\"https:\/\/schema.org\",\"@graph\":[{\"@type\":\"WebPage\",\"@id\":\"https:\/\/paslode.ca\/fr\/produit\/pneumatic-tool-lubrication-oil-with-anti-freeze\/\",\"url\":\"https:\/\/paslode.ca\/fr\/produit\/pneumatic-tool-lubrication-oil-with-anti-freeze\/\",\"name\":\"Huile de lubrification pour outils pneumatiques avec antigel - Paslode\",\"isPartOf\":{\"@id\":\"https:\/\/paslode.ca\/#website\"},\"primaryImageOfPage\":{\"@id\":\"https:\/\/paslode.ca\/fr\/produit\/pneumatic-tool-lubrication-oil-with-anti-freeze\/#primaryimage\"},\"image\":{\"@id\":\"https:\/\/paslode.ca\/fr\/produit\/pneumatic-tool-lubrication-oil-with-anti-freeze\/#primaryimage\"},\"thumbnailUrl\":\"https:\/\/paslode.ca\/wp-content\/uploads\/sites\/3\/2020\/07\/Paslode_Accessories_219090.png\",\"datePublished\":\"2020-07-23T16:58:10+00:00\",\"dateModified\":\"2021-02-01T22:42:45+00:00\",\"breadcrumb\":{\"@id\":\"https:\/\/paslode.ca\/fr\/produit\/pneumatic-tool-lubrication-oil-with-anti-freeze\/#breadcrumb\"},\"inLanguage\":\"fr-FR\",\"potentialAction\":[{\"@type\":\"ReadAction\",\"target\":[\"https:\/\/paslode.ca\/fr\/produit\/pneumatic-tool-lubrication-oil-with-anti-freeze\/\"]}]},{\"@type\":\"ImageObject\",\"inLanguage\":\"fr-FR\",\"@id\":\"https:\/\/paslode.ca\/fr\/produit\/pneumatic-tool-lubrication-oil-with-anti-freeze\/#primaryimage\",\"url\":\"https:\/\/paslode.ca\/wp-content\/uploads\/sites\/3\/2020\/07\/Paslode_Accessories_219090.png\",\"contentUrl\":\"https:\/\/paslode.ca\/wp-content\/uploads\/sites\/3\/2020\/07\/Paslode_Accessories_219090.png\",\"width\":453,\"height\":453},{\"@type\":\"BreadcrumbList\",\"@id\":\"https:\/\/paslode.ca\/fr\/produit\/pneumatic-tool-lubrication-oil-with-anti-freeze\/#breadcrumb\",\"itemListElement\":[{\"@type\":\"ListItem\",\"position\":1,\"name\":\"Home\",\"item\":\"https:\/\/paslode.ca\/fr\/\"},{\"@type\":\"ListItem\",\"position\":2,\"name\":\"Boutique\",\"item\":\"https:\/\/paslode.ca\/fr\/boutique\/\"},{\"@type\":\"ListItem\",\"position\":3,\"name\":\"Huile de lubrification pour outils pneumatiques avec antigel\"}]},{\"@type\":\"WebSite\",\"@id\":\"https:\/\/paslode.ca\/#website\",\"url\":\"https:\/\/paslode.ca\/\",\"name\":\"Paslode\",\"description\":\"Reputation is Everything\",\"potentialAction\":[{\"@type\":\"SearchAction\",\"target\":{\"@type\":\"EntryPoint\",\"urlTemplate\":\"https:\/\/paslode.ca\/?s={search_term_string}\"},\"query-input\":{\"@type\":\"PropertyValueSpecification\",\"valueRequired\":true,\"valueName\":\"search_term_string\"}}],\"inLanguage\":\"fr-FR\"}]}<\/script>\n<!-- \/ Yoast SEO plugin. -->","yoast_head_json":{"title":"Huile de lubrification pour outils pneumatiques avec antigel - Paslode","robots":{"index":"index","follow":"follow","max-snippet":"max-snippet:-1","max-image-preview":"max-image-preview:large","max-video-preview":"max-video-preview:-1"},"canonical":"https:\/\/paslode.ca\/fr\/produit\/pneumatic-tool-lubrication-oil-with-anti-freeze\/","og_locale":"fr_FR","og_type":"article","og_title":"Huile de lubrification pour outils pneumatiques avec antigel - Paslode","og_description":"L'huile lubrifiante pour temps froid Paslode avec antigel pour outils pneumatiques. Recommand\u00e9e pour une utilisation avec tous les outils pneumatiques Paslode. L'huile de lubrification avec antigel est sp\u00e9cialement formul\u00e9e pour r\u00e9sister aux contraintes du fonctionnement pneumatique et pour garder votre outil en bon \u00e9tat de fonctionnement.","og_url":"https:\/\/paslode.ca\/fr\/produit\/pneumatic-tool-lubrication-oil-with-anti-freeze\/","og_site_name":"Paslode","article_modified_time":"2021-02-01T22:42:45+00:00","og_image":[{"width":453,"height":453,"url":"https:\/\/paslode.ca\/wp-content\/uploads\/sites\/3\/2020\/07\/Paslode_Accessories_219090.png","type":"image\/png"}],"twitter_card":"summary_large_image","schema":{"@context":"https:\/\/schema.org","@graph":[{"@type":"WebPage","@id":"https:\/\/paslode.ca\/fr\/produit\/pneumatic-tool-lubrication-oil-with-anti-freeze\/","url":"https:\/\/paslode.ca\/fr\/produit\/pneumatic-tool-lubrication-oil-with-anti-freeze\/","name":"Huile de lubrification pour outils pneumatiques avec antigel - Paslode","isPartOf":{"@id":"https:\/\/paslode.ca\/#website"},"primaryImageOfPage":{"@id":"https:\/\/paslode.ca\/fr\/produit\/pneumatic-tool-lubrication-oil-with-anti-freeze\/#primaryimage"},"image":{"@id":"https:\/\/paslode.ca\/fr\/produit\/pneumatic-tool-lubrication-oil-with-anti-freeze\/#primaryimage"},"thumbnailUrl":"https:\/\/paslode.ca\/wp-content\/uploads\/sites\/3\/2020\/07\/Paslode_Accessories_219090.png","datePublished":"2020-07-23T16:58:10+00:00","dateModified":"2021-02-01T22:42:45+00:00","breadcrumb":{"@id":"https:\/\/paslode.ca\/fr\/produit\/pneumatic-tool-lubrication-oil-with-anti-freeze\/#breadcrumb"},"inLanguage":"fr-FR","potentialAction":[{"@type":"ReadAction","target":["https:\/\/paslode.ca\/fr\/produit\/pneumatic-tool-lubrication-oil-with-anti-freeze\/"]}]},{"@type":"ImageObject","inLanguage":"fr-FR","@id":"https:\/\/paslode.ca\/fr\/produit\/pneumatic-tool-lubrication-oil-with-anti-freeze\/#primaryimage","url":"https:\/\/paslode.ca\/wp-content\/uploads\/sites\/3\/2020\/07\/Paslode_Accessories_219090.png","contentUrl":"https:\/\/paslode.ca\/wp-content\/uploads\/sites\/3\/2020\/07\/Paslode_Accessories_219090.png","width":453,"height":453},{"@type":"BreadcrumbList","@id":"https:\/\/paslode.ca\/fr\/produit\/pneumatic-tool-lubrication-oil-with-anti-freeze\/#breadcrumb","itemListElement":[{"@type":"ListItem","position":1,"name":"Home","item":"https:\/\/paslode.ca\/fr\/"},{"@type":"ListItem","position":2,"name":"Boutique","item":"https:\/\/paslode.ca\/fr\/boutique\/"},{"@type":"ListItem","position":3,"name":"Huile de lubrification pour outils pneumatiques avec antigel"}]},{"@type":"WebSite","@id":"https:\/\/paslode.ca\/#website","url":"https:\/\/paslode.ca\/","name":"Paslode","description":"Reputation is Everything","potentialAction":[{"@type":"SearchAction","target":{"@type":"EntryPoint","urlTemplate":"https:\/\/paslode.ca\/?s={search_term_string}"},"query-input":{"@type":"PropertyValueSpecification","valueRequired":true,"valueName":"search_term_string"}}],"inLanguage":"fr-FR"}]}},"_links":{"self":[{"href":"https:\/\/paslode.ca\/fr\/wp-json\/wp\/v2\/product\/7595","targetHints":{"allow":["GET"]}}],"collection":[{"href":"https:\/\/paslode.ca\/fr\/wp-json\/wp\/v2\/product"}],"about":[{"href":"https:\/\/paslode.ca\/fr\/wp-json\/wp\/v2\/types\/product"}],"wp:featuredmedia":[{"embeddable":true,"href":"https:\/\/paslode.ca\/fr\/wp-json\/wp\/v2\/media\/7333"}],"wp:attachment":[{"href":"https:\/\/paslode.ca\/fr\/wp-json\/wp\/v2\/media?parent=7595"}],"wp:term":[{"taxonomy":"product_brand","embeddable":true,"href":"https:\/\/paslode.ca\/fr\/wp-json\/wp\/v2\/product_brand?post=7595"},{"taxonomy":"product_cat","embeddable":true,"href":"https:\/\/paslode.ca\/fr\/wp-json\/wp\/v2\/product_cat?post=7595"},{"taxonomy":"product_tag","embeddable":true,"href":"https:\/\/paslode.ca\/fr\/wp-json\/wp\/v2\/product_tag?post=7595"}],"curies":[{"name":"wp","href":"https:\/\/api.w.org\/{rel}","templated":true}]}}