{"id":7597,"date":"2020-07-23T16:58:10","date_gmt":"2020-07-23T16:58:10","guid":{"rendered":"https:\/\/paslode.ca\/product\/cordless-tool-lubrication-oil\/"},"modified":"2021-02-01T22:47:28","modified_gmt":"2021-02-01T22:47:28","slug":"cordless-tool-lubrication-oil","status":"publish","type":"product","link":"https:\/\/paslode.ca\/fr\/produit\/cordless-tool-lubrication-oil\/","title":{"rendered":"Huile de lubrification pour outils sans cordon"},"content":{"rendered":"<h4><strong>L&rsquo;HUILE DE LUBRIFICATION DONT VOUS AVEZ BESOIN POUR GARDER VOTRE OUTIL SANS CORDON PASLODE EN BON \u00c9TAT DE FONCTIONNEMENT.<\/strong><\/h4>\n<ul>\n<li>Conditionne et lubrifie votre outil sans cordon Paslode pour des performances constantes<\/li>\n<li>Aide \u00e0 prolonger la dur\u00e9e de vie de votre outil<\/li>\n<\/ul>\n","protected":false},"excerpt":{"rendered":"<p>L&rsquo;huile de lubrification pour outils sans cordon Paslode est recommand\u00e9e pour une utilisation avec tous les outils sans cordon Paslode. L&rsquo;huile de lubrification est sp\u00e9cialement formul\u00e9e pour r\u00e9sister aux contraintes du fonctionnement pneumatique et pour garder votre outil en bon \u00e9tat de fonctionnement.<\/p>\n","protected":false},"featured_media":7337,"template":"","meta":{"_acf_changed":false,"inline_featured_image":false},"product_brand":[],"product_cat":[145],"product_tag":[],"class_list":{"0":"post-7597","1":"product","2":"type-product","3":"status-publish","4":"has-post-thumbnail","6":"product_cat-accessories-fr","8":"first","9":"instock","10":"product-type-simple"},"acf":[],"yoast_head":"<!-- This site is optimized with the Yoast SEO plugin v27.2 - https:\/\/yoast.com\/product\/yoast-seo-wordpress\/ -->\n<title>Huile de lubrification pour outils sans cordon - Paslode<\/title>\n<meta name=\"robots\" content=\"index, follow, max-snippet:-1, max-image-preview:large, max-video-preview:-1\" \/>\n<link rel=\"canonical\" href=\"https:\/\/paslode.ca\/fr\/produit\/cordless-tool-lubrication-oil\/\" \/>\n<meta property=\"og:locale\" content=\"fr_FR\" \/>\n<meta property=\"og:type\" content=\"article\" \/>\n<meta property=\"og:title\" content=\"Huile de lubrification pour outils sans cordon - Paslode\" \/>\n<meta property=\"og:description\" content=\"L&#039;huile de lubrification pour outils sans cordon Paslode est recommand\u00e9e pour une utilisation avec tous les outils sans cordon Paslode. L&#039;huile de lubrification est sp\u00e9cialement formul\u00e9e pour r\u00e9sister aux contraintes du fonctionnement pneumatique et pour garder votre outil en bon \u00e9tat de fonctionnement.\" \/>\n<meta property=\"og:url\" content=\"https:\/\/paslode.ca\/fr\/produit\/cordless-tool-lubrication-oil\/\" \/>\n<meta property=\"og:site_name\" content=\"Paslode\" \/>\n<meta property=\"article:modified_time\" content=\"2021-02-01T22:47:28+00:00\" \/>\n<meta property=\"og:image\" content=\"https:\/\/paslode.ca\/wp-content\/uploads\/sites\/3\/2020\/07\/Paslode_Accessories_401482.png\" \/>\n\t<meta property=\"og:image:width\" content=\"453\" \/>\n\t<meta property=\"og:image:height\" content=\"453\" \/>\n\t<meta property=\"og:image:type\" content=\"image\/png\" \/>\n<meta name=\"twitter:card\" content=\"summary_large_image\" \/>\n<script type=\"application\/ld+json\" class=\"yoast-schema-graph\">{\"@context\":\"https:\/\/schema.org\",\"@graph\":[{\"@type\":\"WebPage\",\"@id\":\"https:\/\/paslode.ca\/fr\/produit\/cordless-tool-lubrication-oil\/\",\"url\":\"https:\/\/paslode.ca\/fr\/produit\/cordless-tool-lubrication-oil\/\",\"name\":\"Huile de lubrification pour outils sans cordon - Paslode\",\"isPartOf\":{\"@id\":\"https:\/\/paslode.ca\/#website\"},\"primaryImageOfPage\":{\"@id\":\"https:\/\/paslode.ca\/fr\/produit\/cordless-tool-lubrication-oil\/#primaryimage\"},\"image\":{\"@id\":\"https:\/\/paslode.ca\/fr\/produit\/cordless-tool-lubrication-oil\/#primaryimage\"},\"thumbnailUrl\":\"https:\/\/paslode.ca\/wp-content\/uploads\/sites\/3\/2020\/07\/Paslode_Accessories_401482.png\",\"datePublished\":\"2020-07-23T16:58:10+00:00\",\"dateModified\":\"2021-02-01T22:47:28+00:00\",\"breadcrumb\":{\"@id\":\"https:\/\/paslode.ca\/fr\/produit\/cordless-tool-lubrication-oil\/#breadcrumb\"},\"inLanguage\":\"fr-FR\",\"potentialAction\":[{\"@type\":\"ReadAction\",\"target\":[\"https:\/\/paslode.ca\/fr\/produit\/cordless-tool-lubrication-oil\/\"]}]},{\"@type\":\"ImageObject\",\"inLanguage\":\"fr-FR\",\"@id\":\"https:\/\/paslode.ca\/fr\/produit\/cordless-tool-lubrication-oil\/#primaryimage\",\"url\":\"https:\/\/paslode.ca\/wp-content\/uploads\/sites\/3\/2020\/07\/Paslode_Accessories_401482.png\",\"contentUrl\":\"https:\/\/paslode.ca\/wp-content\/uploads\/sites\/3\/2020\/07\/Paslode_Accessories_401482.png\",\"width\":453,\"height\":453},{\"@type\":\"BreadcrumbList\",\"@id\":\"https:\/\/paslode.ca\/fr\/produit\/cordless-tool-lubrication-oil\/#breadcrumb\",\"itemListElement\":[{\"@type\":\"ListItem\",\"position\":1,\"name\":\"Home\",\"item\":\"https:\/\/paslode.ca\/fr\/\"},{\"@type\":\"ListItem\",\"position\":2,\"name\":\"Boutique\",\"item\":\"https:\/\/paslode.ca\/fr\/boutique\/\"},{\"@type\":\"ListItem\",\"position\":3,\"name\":\"Huile de lubrification pour outils sans cordon\"}]},{\"@type\":\"WebSite\",\"@id\":\"https:\/\/paslode.ca\/#website\",\"url\":\"https:\/\/paslode.ca\/\",\"name\":\"Paslode\",\"description\":\"Reputation is Everything\",\"potentialAction\":[{\"@type\":\"SearchAction\",\"target\":{\"@type\":\"EntryPoint\",\"urlTemplate\":\"https:\/\/paslode.ca\/?s={search_term_string}\"},\"query-input\":{\"@type\":\"PropertyValueSpecification\",\"valueRequired\":true,\"valueName\":\"search_term_string\"}}],\"inLanguage\":\"fr-FR\"}]}<\/script>\n<!-- \/ Yoast SEO plugin. -->","yoast_head_json":{"title":"Huile de lubrification pour outils sans cordon - Paslode","robots":{"index":"index","follow":"follow","max-snippet":"max-snippet:-1","max-image-preview":"max-image-preview:large","max-video-preview":"max-video-preview:-1"},"canonical":"https:\/\/paslode.ca\/fr\/produit\/cordless-tool-lubrication-oil\/","og_locale":"fr_FR","og_type":"article","og_title":"Huile de lubrification pour outils sans cordon - Paslode","og_description":"L'huile de lubrification pour outils sans cordon Paslode est recommand\u00e9e pour une utilisation avec tous les outils sans cordon Paslode. L'huile de lubrification est sp\u00e9cialement formul\u00e9e pour r\u00e9sister aux contraintes du fonctionnement pneumatique et pour garder votre outil en bon \u00e9tat de fonctionnement.","og_url":"https:\/\/paslode.ca\/fr\/produit\/cordless-tool-lubrication-oil\/","og_site_name":"Paslode","article_modified_time":"2021-02-01T22:47:28+00:00","og_image":[{"width":453,"height":453,"url":"https:\/\/paslode.ca\/wp-content\/uploads\/sites\/3\/2020\/07\/Paslode_Accessories_401482.png","type":"image\/png"}],"twitter_card":"summary_large_image","schema":{"@context":"https:\/\/schema.org","@graph":[{"@type":"WebPage","@id":"https:\/\/paslode.ca\/fr\/produit\/cordless-tool-lubrication-oil\/","url":"https:\/\/paslode.ca\/fr\/produit\/cordless-tool-lubrication-oil\/","name":"Huile de lubrification pour outils sans cordon - Paslode","isPartOf":{"@id":"https:\/\/paslode.ca\/#website"},"primaryImageOfPage":{"@id":"https:\/\/paslode.ca\/fr\/produit\/cordless-tool-lubrication-oil\/#primaryimage"},"image":{"@id":"https:\/\/paslode.ca\/fr\/produit\/cordless-tool-lubrication-oil\/#primaryimage"},"thumbnailUrl":"https:\/\/paslode.ca\/wp-content\/uploads\/sites\/3\/2020\/07\/Paslode_Accessories_401482.png","datePublished":"2020-07-23T16:58:10+00:00","dateModified":"2021-02-01T22:47:28+00:00","breadcrumb":{"@id":"https:\/\/paslode.ca\/fr\/produit\/cordless-tool-lubrication-oil\/#breadcrumb"},"inLanguage":"fr-FR","potentialAction":[{"@type":"ReadAction","target":["https:\/\/paslode.ca\/fr\/produit\/cordless-tool-lubrication-oil\/"]}]},{"@type":"ImageObject","inLanguage":"fr-FR","@id":"https:\/\/paslode.ca\/fr\/produit\/cordless-tool-lubrication-oil\/#primaryimage","url":"https:\/\/paslode.ca\/wp-content\/uploads\/sites\/3\/2020\/07\/Paslode_Accessories_401482.png","contentUrl":"https:\/\/paslode.ca\/wp-content\/uploads\/sites\/3\/2020\/07\/Paslode_Accessories_401482.png","width":453,"height":453},{"@type":"BreadcrumbList","@id":"https:\/\/paslode.ca\/fr\/produit\/cordless-tool-lubrication-oil\/#breadcrumb","itemListElement":[{"@type":"ListItem","position":1,"name":"Home","item":"https:\/\/paslode.ca\/fr\/"},{"@type":"ListItem","position":2,"name":"Boutique","item":"https:\/\/paslode.ca\/fr\/boutique\/"},{"@type":"ListItem","position":3,"name":"Huile de lubrification pour outils sans cordon"}]},{"@type":"WebSite","@id":"https:\/\/paslode.ca\/#website","url":"https:\/\/paslode.ca\/","name":"Paslode","description":"Reputation is Everything","potentialAction":[{"@type":"SearchAction","target":{"@type":"EntryPoint","urlTemplate":"https:\/\/paslode.ca\/?s={search_term_string}"},"query-input":{"@type":"PropertyValueSpecification","valueRequired":true,"valueName":"search_term_string"}}],"inLanguage":"fr-FR"}]}},"_links":{"self":[{"href":"https:\/\/paslode.ca\/fr\/wp-json\/wp\/v2\/product\/7597","targetHints":{"allow":["GET"]}}],"collection":[{"href":"https:\/\/paslode.ca\/fr\/wp-json\/wp\/v2\/product"}],"about":[{"href":"https:\/\/paslode.ca\/fr\/wp-json\/wp\/v2\/types\/product"}],"wp:featuredmedia":[{"embeddable":true,"href":"https:\/\/paslode.ca\/fr\/wp-json\/wp\/v2\/media\/7337"}],"wp:attachment":[{"href":"https:\/\/paslode.ca\/fr\/wp-json\/wp\/v2\/media?parent=7597"}],"wp:term":[{"taxonomy":"product_brand","embeddable":true,"href":"https:\/\/paslode.ca\/fr\/wp-json\/wp\/v2\/product_brand?post=7597"},{"taxonomy":"product_cat","embeddable":true,"href":"https:\/\/paslode.ca\/fr\/wp-json\/wp\/v2\/product_cat?post=7597"},{"taxonomy":"product_tag","embeddable":true,"href":"https:\/\/paslode.ca\/fr\/wp-json\/wp\/v2\/product_tag?post=7597"}],"curies":[{"name":"wp","href":"https:\/\/api.w.org\/{rel}","templated":true}]}}