{"id":7598,"date":"2020-07-23T16:58:10","date_gmt":"2020-07-23T16:58:10","guid":{"rendered":"https:\/\/paslode.ca\/product\/nicd-battery-charger\/"},"modified":"2021-02-01T22:51:35","modified_gmt":"2021-02-01T22:51:35","slug":"nicd-battery-charger","status":"publish","type":"product","link":"https:\/\/paslode.ca\/fr\/produit\/nicd-battery-charger\/","title":{"rendered":"Chargeur de batterie NiCd"},"content":{"rendered":"<h4><strong>LE CHARGEUR DE BATTERIE PASLODE PATRIMONIAL GARDE VOTRE CLOUEUSE EN BON \u00c9TAT DE FONCTIONNEMENT.<\/strong><\/h4>\n<ul>\n<li>\u00c0 utiliser avec les batteries Ni-Cd 6 Volts de Paslode<\/li>\n<li>Accepte les piles ovales et b\u00e2ton de Paslode<\/li>\n<li>La batterie est compl\u00e8tement charg\u00e9e en 2 heures<\/li>\n<li>Peut \u00eatre utilis\u00e9 avec un adaptateur auto<\/li>\n<\/ul>\n","protected":false},"excerpt":{"rendered":"<p>Le chargeur de batterie Paslode pour tous les outils NiCd sans cordon de Paslode est con\u00e7u pour offrir une utilisation durable et sans tracas et des performances optimales. Sp\u00e9cialement con\u00e7u avec un d\u00e9tecteur de tension \u00e9lectronique emp\u00eachant la surcharge. Charge compl\u00e8tement la batterie en seulement 2 heures pour plus de commodit\u00e9 et moins de temps d&rsquo;arr\u00eat.<\/p>\n","protected":false},"featured_media":7339,"template":"","meta":{"_acf_changed":false,"inline_featured_image":false},"product_brand":[],"product_cat":[145],"product_tag":[],"class_list":{"0":"post-7598","1":"product","2":"type-product","3":"status-publish","4":"has-post-thumbnail","6":"product_cat-accessories-fr","8":"first","9":"instock","10":"product-type-simple"},"acf":[],"yoast_head":"<!-- This site is optimized with the Yoast SEO plugin v27.2 - https:\/\/yoast.com\/product\/yoast-seo-wordpress\/ -->\n<title>Chargeur de batterie NiCd - Paslode<\/title>\n<meta name=\"robots\" content=\"index, follow, max-snippet:-1, max-image-preview:large, max-video-preview:-1\" \/>\n<link rel=\"canonical\" href=\"https:\/\/paslode.ca\/fr\/produit\/nicd-battery-charger\/\" \/>\n<meta property=\"og:locale\" content=\"fr_FR\" \/>\n<meta property=\"og:type\" content=\"article\" \/>\n<meta property=\"og:title\" content=\"Chargeur de batterie NiCd - Paslode\" \/>\n<meta property=\"og:description\" content=\"Le chargeur de batterie Paslode pour tous les outils NiCd sans cordon de Paslode est con\u00e7u pour offrir une utilisation durable et sans tracas et des performances optimales. Sp\u00e9cialement con\u00e7u avec un d\u00e9tecteur de tension \u00e9lectronique emp\u00eachant la surcharge. Charge compl\u00e8tement la batterie en seulement 2 heures pour plus de commodit\u00e9 et moins de temps d&#039;arr\u00eat.\" \/>\n<meta property=\"og:url\" content=\"https:\/\/paslode.ca\/fr\/produit\/nicd-battery-charger\/\" \/>\n<meta property=\"og:site_name\" content=\"Paslode\" \/>\n<meta property=\"article:modified_time\" content=\"2021-02-01T22:51:35+00:00\" \/>\n<meta property=\"og:image\" content=\"https:\/\/paslode.ca\/wp-content\/uploads\/sites\/3\/2020\/07\/Paslode_Accessories_900200_tool.png\" \/>\n\t<meta property=\"og:image:width\" content=\"453\" \/>\n\t<meta property=\"og:image:height\" content=\"453\" \/>\n\t<meta property=\"og:image:type\" content=\"image\/png\" \/>\n<meta name=\"twitter:card\" content=\"summary_large_image\" \/>\n<script type=\"application\/ld+json\" class=\"yoast-schema-graph\">{\"@context\":\"https:\/\/schema.org\",\"@graph\":[{\"@type\":\"WebPage\",\"@id\":\"https:\/\/paslode.ca\/fr\/produit\/nicd-battery-charger\/\",\"url\":\"https:\/\/paslode.ca\/fr\/produit\/nicd-battery-charger\/\",\"name\":\"Chargeur de batterie NiCd - Paslode\",\"isPartOf\":{\"@id\":\"https:\/\/paslode.ca\/#website\"},\"primaryImageOfPage\":{\"@id\":\"https:\/\/paslode.ca\/fr\/produit\/nicd-battery-charger\/#primaryimage\"},\"image\":{\"@id\":\"https:\/\/paslode.ca\/fr\/produit\/nicd-battery-charger\/#primaryimage\"},\"thumbnailUrl\":\"https:\/\/paslode.ca\/wp-content\/uploads\/sites\/3\/2020\/07\/Paslode_Accessories_900200_tool.png\",\"datePublished\":\"2020-07-23T16:58:10+00:00\",\"dateModified\":\"2021-02-01T22:51:35+00:00\",\"breadcrumb\":{\"@id\":\"https:\/\/paslode.ca\/fr\/produit\/nicd-battery-charger\/#breadcrumb\"},\"inLanguage\":\"fr-FR\",\"potentialAction\":[{\"@type\":\"ReadAction\",\"target\":[\"https:\/\/paslode.ca\/fr\/produit\/nicd-battery-charger\/\"]}]},{\"@type\":\"ImageObject\",\"inLanguage\":\"fr-FR\",\"@id\":\"https:\/\/paslode.ca\/fr\/produit\/nicd-battery-charger\/#primaryimage\",\"url\":\"https:\/\/paslode.ca\/wp-content\/uploads\/sites\/3\/2020\/07\/Paslode_Accessories_900200_tool.png\",\"contentUrl\":\"https:\/\/paslode.ca\/wp-content\/uploads\/sites\/3\/2020\/07\/Paslode_Accessories_900200_tool.png\",\"width\":453,\"height\":453},{\"@type\":\"BreadcrumbList\",\"@id\":\"https:\/\/paslode.ca\/fr\/produit\/nicd-battery-charger\/#breadcrumb\",\"itemListElement\":[{\"@type\":\"ListItem\",\"position\":1,\"name\":\"Home\",\"item\":\"https:\/\/paslode.ca\/fr\/\"},{\"@type\":\"ListItem\",\"position\":2,\"name\":\"Boutique\",\"item\":\"https:\/\/paslode.ca\/fr\/boutique\/\"},{\"@type\":\"ListItem\",\"position\":3,\"name\":\"Chargeur de batterie NiCd\"}]},{\"@type\":\"WebSite\",\"@id\":\"https:\/\/paslode.ca\/#website\",\"url\":\"https:\/\/paslode.ca\/\",\"name\":\"Paslode\",\"description\":\"Reputation is Everything\",\"potentialAction\":[{\"@type\":\"SearchAction\",\"target\":{\"@type\":\"EntryPoint\",\"urlTemplate\":\"https:\/\/paslode.ca\/?s={search_term_string}\"},\"query-input\":{\"@type\":\"PropertyValueSpecification\",\"valueRequired\":true,\"valueName\":\"search_term_string\"}}],\"inLanguage\":\"fr-FR\"}]}<\/script>\n<!-- \/ Yoast SEO plugin. -->","yoast_head_json":{"title":"Chargeur de batterie NiCd - Paslode","robots":{"index":"index","follow":"follow","max-snippet":"max-snippet:-1","max-image-preview":"max-image-preview:large","max-video-preview":"max-video-preview:-1"},"canonical":"https:\/\/paslode.ca\/fr\/produit\/nicd-battery-charger\/","og_locale":"fr_FR","og_type":"article","og_title":"Chargeur de batterie NiCd - Paslode","og_description":"Le chargeur de batterie Paslode pour tous les outils NiCd sans cordon de Paslode est con\u00e7u pour offrir une utilisation durable et sans tracas et des performances optimales. Sp\u00e9cialement con\u00e7u avec un d\u00e9tecteur de tension \u00e9lectronique emp\u00eachant la surcharge. Charge compl\u00e8tement la batterie en seulement 2 heures pour plus de commodit\u00e9 et moins de temps d'arr\u00eat.","og_url":"https:\/\/paslode.ca\/fr\/produit\/nicd-battery-charger\/","og_site_name":"Paslode","article_modified_time":"2021-02-01T22:51:35+00:00","og_image":[{"width":453,"height":453,"url":"https:\/\/paslode.ca\/wp-content\/uploads\/sites\/3\/2020\/07\/Paslode_Accessories_900200_tool.png","type":"image\/png"}],"twitter_card":"summary_large_image","schema":{"@context":"https:\/\/schema.org","@graph":[{"@type":"WebPage","@id":"https:\/\/paslode.ca\/fr\/produit\/nicd-battery-charger\/","url":"https:\/\/paslode.ca\/fr\/produit\/nicd-battery-charger\/","name":"Chargeur de batterie NiCd - Paslode","isPartOf":{"@id":"https:\/\/paslode.ca\/#website"},"primaryImageOfPage":{"@id":"https:\/\/paslode.ca\/fr\/produit\/nicd-battery-charger\/#primaryimage"},"image":{"@id":"https:\/\/paslode.ca\/fr\/produit\/nicd-battery-charger\/#primaryimage"},"thumbnailUrl":"https:\/\/paslode.ca\/wp-content\/uploads\/sites\/3\/2020\/07\/Paslode_Accessories_900200_tool.png","datePublished":"2020-07-23T16:58:10+00:00","dateModified":"2021-02-01T22:51:35+00:00","breadcrumb":{"@id":"https:\/\/paslode.ca\/fr\/produit\/nicd-battery-charger\/#breadcrumb"},"inLanguage":"fr-FR","potentialAction":[{"@type":"ReadAction","target":["https:\/\/paslode.ca\/fr\/produit\/nicd-battery-charger\/"]}]},{"@type":"ImageObject","inLanguage":"fr-FR","@id":"https:\/\/paslode.ca\/fr\/produit\/nicd-battery-charger\/#primaryimage","url":"https:\/\/paslode.ca\/wp-content\/uploads\/sites\/3\/2020\/07\/Paslode_Accessories_900200_tool.png","contentUrl":"https:\/\/paslode.ca\/wp-content\/uploads\/sites\/3\/2020\/07\/Paslode_Accessories_900200_tool.png","width":453,"height":453},{"@type":"BreadcrumbList","@id":"https:\/\/paslode.ca\/fr\/produit\/nicd-battery-charger\/#breadcrumb","itemListElement":[{"@type":"ListItem","position":1,"name":"Home","item":"https:\/\/paslode.ca\/fr\/"},{"@type":"ListItem","position":2,"name":"Boutique","item":"https:\/\/paslode.ca\/fr\/boutique\/"},{"@type":"ListItem","position":3,"name":"Chargeur de batterie NiCd"}]},{"@type":"WebSite","@id":"https:\/\/paslode.ca\/#website","url":"https:\/\/paslode.ca\/","name":"Paslode","description":"Reputation is Everything","potentialAction":[{"@type":"SearchAction","target":{"@type":"EntryPoint","urlTemplate":"https:\/\/paslode.ca\/?s={search_term_string}"},"query-input":{"@type":"PropertyValueSpecification","valueRequired":true,"valueName":"search_term_string"}}],"inLanguage":"fr-FR"}]}},"_links":{"self":[{"href":"https:\/\/paslode.ca\/fr\/wp-json\/wp\/v2\/product\/7598","targetHints":{"allow":["GET"]}}],"collection":[{"href":"https:\/\/paslode.ca\/fr\/wp-json\/wp\/v2\/product"}],"about":[{"href":"https:\/\/paslode.ca\/fr\/wp-json\/wp\/v2\/types\/product"}],"wp:featuredmedia":[{"embeddable":true,"href":"https:\/\/paslode.ca\/fr\/wp-json\/wp\/v2\/media\/7339"}],"wp:attachment":[{"href":"https:\/\/paslode.ca\/fr\/wp-json\/wp\/v2\/media?parent=7598"}],"wp:term":[{"taxonomy":"product_brand","embeddable":true,"href":"https:\/\/paslode.ca\/fr\/wp-json\/wp\/v2\/product_brand?post=7598"},{"taxonomy":"product_cat","embeddable":true,"href":"https:\/\/paslode.ca\/fr\/wp-json\/wp\/v2\/product_cat?post=7598"},{"taxonomy":"product_tag","embeddable":true,"href":"https:\/\/paslode.ca\/fr\/wp-json\/wp\/v2\/product_tag?post=7598"}],"curies":[{"name":"wp","href":"https:\/\/api.w.org\/{rel}","templated":true}]}}