{"id":7599,"date":"2020-07-23T16:58:10","date_gmt":"2020-07-23T16:58:10","guid":{"rendered":"https:\/\/paslode.ca\/product\/6v-nicd-oval-battery\/"},"modified":"2021-02-02T20:38:30","modified_gmt":"2021-02-02T20:38:30","slug":"6v-nicd-oval-battery","status":"publish","type":"product","link":"https:\/\/paslode.ca\/fr\/produit\/6v-nicd-oval-battery\/","title":{"rendered":"Batterie ovale NiCd 6 V"},"content":{"rendered":"<h4><strong>LA BATTERIE PASLODE PATRIMONIALE GARDE VOTRE CLOUEUSE EN BON \u00c9TAT DE FONCTIONNEMENT.<\/strong><\/h4>\n<ul>\n<li>Enfonce jusqu&rsquo;\u00e0 4 000 clous par charge pour un clouage continu et moins de temps d&rsquo;arr\u00eat<\/li>\n<li>Se recharge en 2 heures &#8211; pr\u00eate \u00e0 travailler tous les jours<\/li>\n<li>Compatible avec les syst\u00e8mes de charpente et de finition sans cordon Paslode<\/li>\n<\/ul>\n","protected":false},"excerpt":{"rendered":"<p>La batterie rechargeable sans fil Ni-Cd ovale 6 V de Paslode fonctionne avec les cloueuses de finition et de charpente Paslode patrimoniales Ni-Cd sans cordon. Elle peut enfoncer jusqu&rsquo;\u00e0 4 000 clous par charge, de sorte que la plupart des r\u00e9novateurs peuvent continuer \u00e0 travailler pendant des semaines sans s&rsquo;arr\u00eater pour recharger leur outil. Lorsqu&rsquo;une recharge est n\u00e9cessaire, il ne faut que 2 heures pour clouer \u00e0 nouveau sans interruption.<\/p>\n","protected":false},"featured_media":7344,"template":"","meta":{"_acf_changed":false,"inline_featured_image":false},"product_brand":[],"product_cat":[145],"product_tag":[],"class_list":{"0":"post-7599","1":"product","2":"type-product","3":"status-publish","4":"has-post-thumbnail","6":"product_cat-accessories-fr","8":"first","9":"instock","10":"product-type-simple"},"acf":[],"yoast_head":"<!-- This site is optimized with the Yoast SEO plugin v27.2 - https:\/\/yoast.com\/product\/yoast-seo-wordpress\/ -->\n<title>Batterie ovale NiCd 6 V - Paslode<\/title>\n<meta name=\"robots\" content=\"index, follow, max-snippet:-1, max-image-preview:large, max-video-preview:-1\" \/>\n<link rel=\"canonical\" href=\"https:\/\/paslode.ca\/fr\/produit\/6v-nicd-oval-battery\/\" \/>\n<meta property=\"og:locale\" content=\"fr_FR\" \/>\n<meta property=\"og:type\" content=\"article\" \/>\n<meta property=\"og:title\" content=\"Batterie ovale NiCd 6 V - Paslode\" \/>\n<meta property=\"og:description\" content=\"La batterie rechargeable sans fil Ni-Cd ovale 6 V de Paslode fonctionne avec les cloueuses de finition et de charpente Paslode patrimoniales Ni-Cd sans cordon. Elle peut enfoncer jusqu&#039;\u00e0 4 000 clous par charge, de sorte que la plupart des r\u00e9novateurs peuvent continuer \u00e0 travailler pendant des semaines sans s&#039;arr\u00eater pour recharger leur outil. Lorsqu&#039;une recharge est n\u00e9cessaire, il ne faut que 2 heures pour clouer \u00e0 nouveau sans interruption.\" \/>\n<meta property=\"og:url\" content=\"https:\/\/paslode.ca\/fr\/produit\/6v-nicd-oval-battery\/\" \/>\n<meta property=\"og:site_name\" content=\"Paslode\" \/>\n<meta property=\"article:modified_time\" content=\"2021-02-02T20:38:30+00:00\" \/>\n<meta property=\"og:image\" content=\"https:\/\/paslode.ca\/wp-content\/uploads\/sites\/3\/2020\/07\/Paslode_Accessories_404717_Battery.png\" \/>\n\t<meta property=\"og:image:width\" content=\"453\" \/>\n\t<meta property=\"og:image:height\" content=\"453\" \/>\n\t<meta property=\"og:image:type\" content=\"image\/png\" \/>\n<meta name=\"twitter:card\" content=\"summary_large_image\" \/>\n<script type=\"application\/ld+json\" class=\"yoast-schema-graph\">{\"@context\":\"https:\/\/schema.org\",\"@graph\":[{\"@type\":\"WebPage\",\"@id\":\"https:\/\/paslode.ca\/fr\/produit\/6v-nicd-oval-battery\/\",\"url\":\"https:\/\/paslode.ca\/fr\/produit\/6v-nicd-oval-battery\/\",\"name\":\"Batterie ovale NiCd 6 V - Paslode\",\"isPartOf\":{\"@id\":\"https:\/\/paslode.ca\/#website\"},\"primaryImageOfPage\":{\"@id\":\"https:\/\/paslode.ca\/fr\/produit\/6v-nicd-oval-battery\/#primaryimage\"},\"image\":{\"@id\":\"https:\/\/paslode.ca\/fr\/produit\/6v-nicd-oval-battery\/#primaryimage\"},\"thumbnailUrl\":\"https:\/\/paslode.ca\/wp-content\/uploads\/sites\/3\/2020\/07\/Paslode_Accessories_404717_Battery.png\",\"datePublished\":\"2020-07-23T16:58:10+00:00\",\"dateModified\":\"2021-02-02T20:38:30+00:00\",\"breadcrumb\":{\"@id\":\"https:\/\/paslode.ca\/fr\/produit\/6v-nicd-oval-battery\/#breadcrumb\"},\"inLanguage\":\"fr-FR\",\"potentialAction\":[{\"@type\":\"ReadAction\",\"target\":[\"https:\/\/paslode.ca\/fr\/produit\/6v-nicd-oval-battery\/\"]}]},{\"@type\":\"ImageObject\",\"inLanguage\":\"fr-FR\",\"@id\":\"https:\/\/paslode.ca\/fr\/produit\/6v-nicd-oval-battery\/#primaryimage\",\"url\":\"https:\/\/paslode.ca\/wp-content\/uploads\/sites\/3\/2020\/07\/Paslode_Accessories_404717_Battery.png\",\"contentUrl\":\"https:\/\/paslode.ca\/wp-content\/uploads\/sites\/3\/2020\/07\/Paslode_Accessories_404717_Battery.png\",\"width\":453,\"height\":453},{\"@type\":\"BreadcrumbList\",\"@id\":\"https:\/\/paslode.ca\/fr\/produit\/6v-nicd-oval-battery\/#breadcrumb\",\"itemListElement\":[{\"@type\":\"ListItem\",\"position\":1,\"name\":\"Home\",\"item\":\"https:\/\/paslode.ca\/fr\/\"},{\"@type\":\"ListItem\",\"position\":2,\"name\":\"Boutique\",\"item\":\"https:\/\/paslode.ca\/fr\/boutique\/\"},{\"@type\":\"ListItem\",\"position\":3,\"name\":\"Batterie ovale NiCd 6 V\"}]},{\"@type\":\"WebSite\",\"@id\":\"https:\/\/paslode.ca\/#website\",\"url\":\"https:\/\/paslode.ca\/\",\"name\":\"Paslode\",\"description\":\"Reputation is Everything\",\"potentialAction\":[{\"@type\":\"SearchAction\",\"target\":{\"@type\":\"EntryPoint\",\"urlTemplate\":\"https:\/\/paslode.ca\/?s={search_term_string}\"},\"query-input\":{\"@type\":\"PropertyValueSpecification\",\"valueRequired\":true,\"valueName\":\"search_term_string\"}}],\"inLanguage\":\"fr-FR\"}]}<\/script>\n<!-- \/ Yoast SEO plugin. -->","yoast_head_json":{"title":"Batterie ovale NiCd 6 V - Paslode","robots":{"index":"index","follow":"follow","max-snippet":"max-snippet:-1","max-image-preview":"max-image-preview:large","max-video-preview":"max-video-preview:-1"},"canonical":"https:\/\/paslode.ca\/fr\/produit\/6v-nicd-oval-battery\/","og_locale":"fr_FR","og_type":"article","og_title":"Batterie ovale NiCd 6 V - Paslode","og_description":"La batterie rechargeable sans fil Ni-Cd ovale 6 V de Paslode fonctionne avec les cloueuses de finition et de charpente Paslode patrimoniales Ni-Cd sans cordon. Elle peut enfoncer jusqu'\u00e0 4 000 clous par charge, de sorte que la plupart des r\u00e9novateurs peuvent continuer \u00e0 travailler pendant des semaines sans s'arr\u00eater pour recharger leur outil. Lorsqu'une recharge est n\u00e9cessaire, il ne faut que 2 heures pour clouer \u00e0 nouveau sans interruption.","og_url":"https:\/\/paslode.ca\/fr\/produit\/6v-nicd-oval-battery\/","og_site_name":"Paslode","article_modified_time":"2021-02-02T20:38:30+00:00","og_image":[{"width":453,"height":453,"url":"https:\/\/paslode.ca\/wp-content\/uploads\/sites\/3\/2020\/07\/Paslode_Accessories_404717_Battery.png","type":"image\/png"}],"twitter_card":"summary_large_image","schema":{"@context":"https:\/\/schema.org","@graph":[{"@type":"WebPage","@id":"https:\/\/paslode.ca\/fr\/produit\/6v-nicd-oval-battery\/","url":"https:\/\/paslode.ca\/fr\/produit\/6v-nicd-oval-battery\/","name":"Batterie ovale NiCd 6 V - Paslode","isPartOf":{"@id":"https:\/\/paslode.ca\/#website"},"primaryImageOfPage":{"@id":"https:\/\/paslode.ca\/fr\/produit\/6v-nicd-oval-battery\/#primaryimage"},"image":{"@id":"https:\/\/paslode.ca\/fr\/produit\/6v-nicd-oval-battery\/#primaryimage"},"thumbnailUrl":"https:\/\/paslode.ca\/wp-content\/uploads\/sites\/3\/2020\/07\/Paslode_Accessories_404717_Battery.png","datePublished":"2020-07-23T16:58:10+00:00","dateModified":"2021-02-02T20:38:30+00:00","breadcrumb":{"@id":"https:\/\/paslode.ca\/fr\/produit\/6v-nicd-oval-battery\/#breadcrumb"},"inLanguage":"fr-FR","potentialAction":[{"@type":"ReadAction","target":["https:\/\/paslode.ca\/fr\/produit\/6v-nicd-oval-battery\/"]}]},{"@type":"ImageObject","inLanguage":"fr-FR","@id":"https:\/\/paslode.ca\/fr\/produit\/6v-nicd-oval-battery\/#primaryimage","url":"https:\/\/paslode.ca\/wp-content\/uploads\/sites\/3\/2020\/07\/Paslode_Accessories_404717_Battery.png","contentUrl":"https:\/\/paslode.ca\/wp-content\/uploads\/sites\/3\/2020\/07\/Paslode_Accessories_404717_Battery.png","width":453,"height":453},{"@type":"BreadcrumbList","@id":"https:\/\/paslode.ca\/fr\/produit\/6v-nicd-oval-battery\/#breadcrumb","itemListElement":[{"@type":"ListItem","position":1,"name":"Home","item":"https:\/\/paslode.ca\/fr\/"},{"@type":"ListItem","position":2,"name":"Boutique","item":"https:\/\/paslode.ca\/fr\/boutique\/"},{"@type":"ListItem","position":3,"name":"Batterie ovale NiCd 6 V"}]},{"@type":"WebSite","@id":"https:\/\/paslode.ca\/#website","url":"https:\/\/paslode.ca\/","name":"Paslode","description":"Reputation is Everything","potentialAction":[{"@type":"SearchAction","target":{"@type":"EntryPoint","urlTemplate":"https:\/\/paslode.ca\/?s={search_term_string}"},"query-input":{"@type":"PropertyValueSpecification","valueRequired":true,"valueName":"search_term_string"}}],"inLanguage":"fr-FR"}]}},"_links":{"self":[{"href":"https:\/\/paslode.ca\/fr\/wp-json\/wp\/v2\/product\/7599","targetHints":{"allow":["GET"]}}],"collection":[{"href":"https:\/\/paslode.ca\/fr\/wp-json\/wp\/v2\/product"}],"about":[{"href":"https:\/\/paslode.ca\/fr\/wp-json\/wp\/v2\/types\/product"}],"wp:featuredmedia":[{"embeddable":true,"href":"https:\/\/paslode.ca\/fr\/wp-json\/wp\/v2\/media\/7344"}],"wp:attachment":[{"href":"https:\/\/paslode.ca\/fr\/wp-json\/wp\/v2\/media?parent=7599"}],"wp:term":[{"taxonomy":"product_brand","embeddable":true,"href":"https:\/\/paslode.ca\/fr\/wp-json\/wp\/v2\/product_brand?post=7599"},{"taxonomy":"product_cat","embeddable":true,"href":"https:\/\/paslode.ca\/fr\/wp-json\/wp\/v2\/product_cat?post=7599"},{"taxonomy":"product_tag","embeddable":true,"href":"https:\/\/paslode.ca\/fr\/wp-json\/wp\/v2\/product_tag?post=7599"}],"curies":[{"name":"wp","href":"https:\/\/api.w.org\/{rel}","templated":true}]}}