{"id":7600,"date":"2020-07-23T16:58:10","date_gmt":"2020-07-23T16:58:10","guid":{"rendered":"https:\/\/paslode.ca\/product\/li-ion-battery-charger\/"},"modified":"2021-02-01T22:59:12","modified_gmt":"2021-02-01T22:59:12","slug":"li-ion-battery-charger","status":"publish","type":"product","link":"https:\/\/paslode.ca\/fr\/produit\/li-ion-battery-charger\/","title":{"rendered":"Chargeur de batterie Li-ion"},"content":{"rendered":"<h4><strong>LA BATTERIE DONT VOTRE CLOUEUSE SANS CORDON A BESOIN POUR DES PERFORMANCES \u00c9LEV\u00c9ES CONTINUES<\/strong><\/h4>\n<ul>\n<li>Recharge la batterie lithium-ion Paslode en 1,5 heure<\/li>\n<li>Charge rapide en 2 minutes pour jusqu&rsquo;\u00e0 200 tirs suppl\u00e9mentaires<\/li>\n<li>Compatible avec les syst\u00e8mes de charpente et de clouage de finition sans cordon Paslode qui utilisent des batteries au lithium-ion<\/li>\n<li>Le d\u00e9tecteur de tension \u00e9lectronique emp\u00eache la surcharge des batteries<\/li>\n<\/ul>\n","protected":false},"excerpt":{"rendered":"<p>Le chargeur de batterie au lithium-ion Paslode fonctionne avec la batterie au lithium-ion Paslode, pi\u00e8ce no 902654C. Le temps de charge de la batterie n&rsquo;est que de 1-1\/2 heure pour une charge compl\u00e8te; une charge rapide de 2 minutes fournit jusqu&rsquo;\u00e0 200 tirs suppl\u00e9mentaires. Le d\u00e9tecteur de tension \u00e9lectronique garantit que les batteries ne sont pas surcharg\u00e9es. Le chargeur de batterie fonctionne \u00e9galement avec des g\u00e9n\u00e9ratrices portables.<\/p>\n","protected":false},"featured_media":7346,"template":"","meta":{"_acf_changed":false,"inline_featured_image":false},"product_brand":[],"product_cat":[145],"product_tag":[],"class_list":{"0":"post-7600","1":"product","2":"type-product","3":"status-publish","4":"has-post-thumbnail","6":"product_cat-accessories-fr","8":"first","9":"instock","10":"product-type-simple"},"acf":[],"yoast_head":"<!-- This site is optimized with the Yoast SEO plugin v27.2 - https:\/\/yoast.com\/product\/yoast-seo-wordpress\/ -->\n<title>Chargeur de batterie Li-ion - Paslode<\/title>\n<meta name=\"robots\" content=\"index, follow, max-snippet:-1, max-image-preview:large, max-video-preview:-1\" \/>\n<link rel=\"canonical\" href=\"https:\/\/paslode.ca\/fr\/produit\/li-ion-battery-charger\/\" \/>\n<meta property=\"og:locale\" content=\"fr_FR\" \/>\n<meta property=\"og:type\" content=\"article\" \/>\n<meta property=\"og:title\" content=\"Chargeur de batterie Li-ion - Paslode\" \/>\n<meta property=\"og:description\" content=\"Le chargeur de batterie au lithium-ion Paslode fonctionne avec la batterie au lithium-ion Paslode, pi\u00e8ce no 902654C. Le temps de charge de la batterie n&#039;est que de 1-1\/2 heure pour une charge compl\u00e8te; une charge rapide de 2 minutes fournit jusqu&#039;\u00e0 200 tirs suppl\u00e9mentaires. Le d\u00e9tecteur de tension \u00e9lectronique garantit que les batteries ne sont pas surcharg\u00e9es. Le chargeur de batterie fonctionne \u00e9galement avec des g\u00e9n\u00e9ratrices portables.\" \/>\n<meta property=\"og:url\" content=\"https:\/\/paslode.ca\/fr\/produit\/li-ion-battery-charger\/\" \/>\n<meta property=\"og:site_name\" content=\"Paslode\" \/>\n<meta property=\"article:modified_time\" content=\"2021-02-01T22:59:12+00:00\" \/>\n<meta property=\"og:image\" content=\"https:\/\/paslode.ca\/wp-content\/uploads\/sites\/3\/2020\/07\/Paslode_Accessories_902667C_1.png\" \/>\n\t<meta property=\"og:image:width\" content=\"453\" \/>\n\t<meta property=\"og:image:height\" content=\"453\" \/>\n\t<meta property=\"og:image:type\" content=\"image\/png\" \/>\n<meta name=\"twitter:card\" content=\"summary_large_image\" \/>\n<script type=\"application\/ld+json\" class=\"yoast-schema-graph\">{\"@context\":\"https:\/\/schema.org\",\"@graph\":[{\"@type\":\"WebPage\",\"@id\":\"https:\/\/paslode.ca\/fr\/produit\/li-ion-battery-charger\/\",\"url\":\"https:\/\/paslode.ca\/fr\/produit\/li-ion-battery-charger\/\",\"name\":\"Chargeur de batterie Li-ion - Paslode\",\"isPartOf\":{\"@id\":\"https:\/\/paslode.ca\/#website\"},\"primaryImageOfPage\":{\"@id\":\"https:\/\/paslode.ca\/fr\/produit\/li-ion-battery-charger\/#primaryimage\"},\"image\":{\"@id\":\"https:\/\/paslode.ca\/fr\/produit\/li-ion-battery-charger\/#primaryimage\"},\"thumbnailUrl\":\"https:\/\/paslode.ca\/wp-content\/uploads\/sites\/3\/2020\/07\/Paslode_Accessories_902667C_1.png\",\"datePublished\":\"2020-07-23T16:58:10+00:00\",\"dateModified\":\"2021-02-01T22:59:12+00:00\",\"breadcrumb\":{\"@id\":\"https:\/\/paslode.ca\/fr\/produit\/li-ion-battery-charger\/#breadcrumb\"},\"inLanguage\":\"fr-FR\",\"potentialAction\":[{\"@type\":\"ReadAction\",\"target\":[\"https:\/\/paslode.ca\/fr\/produit\/li-ion-battery-charger\/\"]}]},{\"@type\":\"ImageObject\",\"inLanguage\":\"fr-FR\",\"@id\":\"https:\/\/paslode.ca\/fr\/produit\/li-ion-battery-charger\/#primaryimage\",\"url\":\"https:\/\/paslode.ca\/wp-content\/uploads\/sites\/3\/2020\/07\/Paslode_Accessories_902667C_1.png\",\"contentUrl\":\"https:\/\/paslode.ca\/wp-content\/uploads\/sites\/3\/2020\/07\/Paslode_Accessories_902667C_1.png\",\"width\":453,\"height\":453},{\"@type\":\"BreadcrumbList\",\"@id\":\"https:\/\/paslode.ca\/fr\/produit\/li-ion-battery-charger\/#breadcrumb\",\"itemListElement\":[{\"@type\":\"ListItem\",\"position\":1,\"name\":\"Home\",\"item\":\"https:\/\/paslode.ca\/fr\/\"},{\"@type\":\"ListItem\",\"position\":2,\"name\":\"Boutique\",\"item\":\"https:\/\/paslode.ca\/fr\/boutique\/\"},{\"@type\":\"ListItem\",\"position\":3,\"name\":\"Chargeur de batterie Li-ion\"}]},{\"@type\":\"WebSite\",\"@id\":\"https:\/\/paslode.ca\/#website\",\"url\":\"https:\/\/paslode.ca\/\",\"name\":\"Paslode\",\"description\":\"Reputation is Everything\",\"potentialAction\":[{\"@type\":\"SearchAction\",\"target\":{\"@type\":\"EntryPoint\",\"urlTemplate\":\"https:\/\/paslode.ca\/?s={search_term_string}\"},\"query-input\":{\"@type\":\"PropertyValueSpecification\",\"valueRequired\":true,\"valueName\":\"search_term_string\"}}],\"inLanguage\":\"fr-FR\"}]}<\/script>\n<!-- \/ Yoast SEO plugin. -->","yoast_head_json":{"title":"Chargeur de batterie Li-ion - Paslode","robots":{"index":"index","follow":"follow","max-snippet":"max-snippet:-1","max-image-preview":"max-image-preview:large","max-video-preview":"max-video-preview:-1"},"canonical":"https:\/\/paslode.ca\/fr\/produit\/li-ion-battery-charger\/","og_locale":"fr_FR","og_type":"article","og_title":"Chargeur de batterie Li-ion - Paslode","og_description":"Le chargeur de batterie au lithium-ion Paslode fonctionne avec la batterie au lithium-ion Paslode, pi\u00e8ce no 902654C. Le temps de charge de la batterie n'est que de 1-1\/2 heure pour une charge compl\u00e8te; une charge rapide de 2 minutes fournit jusqu'\u00e0 200 tirs suppl\u00e9mentaires. Le d\u00e9tecteur de tension \u00e9lectronique garantit que les batteries ne sont pas surcharg\u00e9es. Le chargeur de batterie fonctionne \u00e9galement avec des g\u00e9n\u00e9ratrices portables.","og_url":"https:\/\/paslode.ca\/fr\/produit\/li-ion-battery-charger\/","og_site_name":"Paslode","article_modified_time":"2021-02-01T22:59:12+00:00","og_image":[{"width":453,"height":453,"url":"https:\/\/paslode.ca\/wp-content\/uploads\/sites\/3\/2020\/07\/Paslode_Accessories_902667C_1.png","type":"image\/png"}],"twitter_card":"summary_large_image","schema":{"@context":"https:\/\/schema.org","@graph":[{"@type":"WebPage","@id":"https:\/\/paslode.ca\/fr\/produit\/li-ion-battery-charger\/","url":"https:\/\/paslode.ca\/fr\/produit\/li-ion-battery-charger\/","name":"Chargeur de batterie Li-ion - Paslode","isPartOf":{"@id":"https:\/\/paslode.ca\/#website"},"primaryImageOfPage":{"@id":"https:\/\/paslode.ca\/fr\/produit\/li-ion-battery-charger\/#primaryimage"},"image":{"@id":"https:\/\/paslode.ca\/fr\/produit\/li-ion-battery-charger\/#primaryimage"},"thumbnailUrl":"https:\/\/paslode.ca\/wp-content\/uploads\/sites\/3\/2020\/07\/Paslode_Accessories_902667C_1.png","datePublished":"2020-07-23T16:58:10+00:00","dateModified":"2021-02-01T22:59:12+00:00","breadcrumb":{"@id":"https:\/\/paslode.ca\/fr\/produit\/li-ion-battery-charger\/#breadcrumb"},"inLanguage":"fr-FR","potentialAction":[{"@type":"ReadAction","target":["https:\/\/paslode.ca\/fr\/produit\/li-ion-battery-charger\/"]}]},{"@type":"ImageObject","inLanguage":"fr-FR","@id":"https:\/\/paslode.ca\/fr\/produit\/li-ion-battery-charger\/#primaryimage","url":"https:\/\/paslode.ca\/wp-content\/uploads\/sites\/3\/2020\/07\/Paslode_Accessories_902667C_1.png","contentUrl":"https:\/\/paslode.ca\/wp-content\/uploads\/sites\/3\/2020\/07\/Paslode_Accessories_902667C_1.png","width":453,"height":453},{"@type":"BreadcrumbList","@id":"https:\/\/paslode.ca\/fr\/produit\/li-ion-battery-charger\/#breadcrumb","itemListElement":[{"@type":"ListItem","position":1,"name":"Home","item":"https:\/\/paslode.ca\/fr\/"},{"@type":"ListItem","position":2,"name":"Boutique","item":"https:\/\/paslode.ca\/fr\/boutique\/"},{"@type":"ListItem","position":3,"name":"Chargeur de batterie Li-ion"}]},{"@type":"WebSite","@id":"https:\/\/paslode.ca\/#website","url":"https:\/\/paslode.ca\/","name":"Paslode","description":"Reputation is Everything","potentialAction":[{"@type":"SearchAction","target":{"@type":"EntryPoint","urlTemplate":"https:\/\/paslode.ca\/?s={search_term_string}"},"query-input":{"@type":"PropertyValueSpecification","valueRequired":true,"valueName":"search_term_string"}}],"inLanguage":"fr-FR"}]}},"_links":{"self":[{"href":"https:\/\/paslode.ca\/fr\/wp-json\/wp\/v2\/product\/7600","targetHints":{"allow":["GET"]}}],"collection":[{"href":"https:\/\/paslode.ca\/fr\/wp-json\/wp\/v2\/product"}],"about":[{"href":"https:\/\/paslode.ca\/fr\/wp-json\/wp\/v2\/types\/product"}],"wp:featuredmedia":[{"embeddable":true,"href":"https:\/\/paslode.ca\/fr\/wp-json\/wp\/v2\/media\/7346"}],"wp:attachment":[{"href":"https:\/\/paslode.ca\/fr\/wp-json\/wp\/v2\/media?parent=7600"}],"wp:term":[{"taxonomy":"product_brand","embeddable":true,"href":"https:\/\/paslode.ca\/fr\/wp-json\/wp\/v2\/product_brand?post=7600"},{"taxonomy":"product_cat","embeddable":true,"href":"https:\/\/paslode.ca\/fr\/wp-json\/wp\/v2\/product_cat?post=7600"},{"taxonomy":"product_tag","embeddable":true,"href":"https:\/\/paslode.ca\/fr\/wp-json\/wp\/v2\/product_tag?post=7600"}],"curies":[{"name":"wp","href":"https:\/\/api.w.org\/{rel}","templated":true}]}}