{"id":7601,"date":"2020-07-23T16:58:10","date_gmt":"2020-07-23T16:58:10","guid":{"rendered":"https:\/\/paslode.ca\/product\/7-4v-li-ion-battery\/"},"modified":"2021-02-01T23:02:39","modified_gmt":"2021-02-01T23:02:39","slug":"7-4v-li-ion-battery","status":"publish","type":"product","link":"https:\/\/paslode.ca\/fr\/produit\/7-4v-li-ion-battery\/","title":{"rendered":"Batterie Li-ion de 7,4 V"},"content":{"rendered":"<h4><strong>LA BATTERIE DONT VOTRE CLOUEUSE SANS CORDON A BESOIN POUR DES PERFORMANCES \u00c9LEV\u00c9ES CONTINUES.<\/strong><\/h4>\n<ul>\n<li>Enfonce jusqu&rsquo;\u00e0 9 000 clous par charge pour les syst\u00e8mes de cloueuse \u00e0 charpente Paslode<\/li>\n<li>Enfonce jusqu&rsquo;\u00e0 12 000 clous par charge pour les syst\u00e8mes de cloueuse de finition Paslode<\/li>\n<li>Charge compl\u00e8te en 1-1\/2 heure<\/li>\n<li>Charge rapide de 2 minutes pour enfoncer 200 clous suppl\u00e9mentaires<\/li>\n<\/ul>\n","protected":false},"excerpt":{"rendered":"<p>La batterie rechargeable au lithium-ion Paslode fournit aux syst\u00e8mes de clouage de charpente et de finition Paslode la plus longue course de toutes les cloueuses sans fil. Avec jusqu&rsquo;\u00e0 12 000 tirs pour les syst\u00e8mes de clouage de finition et 9 000 tirs pour les syst\u00e8mes de clouage pour charpente, vous pouvez travailler pendant des semaines avant de recharger votre outil. Cette autonomie en t\u00eate de la cat\u00e9gorie se traduit par moins de temps d&rsquo;arr\u00eat pour le remplacement et le chargement des batteries afin que les travaux soient effectu\u00e9s \u00e0 temps.<\/p>\n","protected":false},"featured_media":7348,"template":"","meta":{"_acf_changed":false,"inline_featured_image":false},"product_brand":[],"product_cat":[145],"product_tag":[],"class_list":{"0":"post-7601","1":"product","2":"type-product","3":"status-publish","4":"has-post-thumbnail","6":"product_cat-accessories-fr","8":"first","9":"instock","10":"product-type-simple"},"acf":[],"yoast_head":"<!-- This site is optimized with the Yoast SEO plugin v27.2 - https:\/\/yoast.com\/product\/yoast-seo-wordpress\/ -->\n<title>Batterie Li-ion de 7,4 V - Paslode<\/title>\n<meta name=\"robots\" content=\"index, follow, max-snippet:-1, max-image-preview:large, max-video-preview:-1\" \/>\n<link rel=\"canonical\" href=\"https:\/\/paslode.ca\/fr\/produit\/7-4v-li-ion-battery\/\" \/>\n<meta property=\"og:locale\" content=\"fr_FR\" \/>\n<meta property=\"og:type\" content=\"article\" \/>\n<meta property=\"og:title\" content=\"Batterie Li-ion de 7,4 V - Paslode\" \/>\n<meta property=\"og:description\" content=\"La batterie rechargeable au lithium-ion Paslode fournit aux syst\u00e8mes de clouage de charpente et de finition Paslode la plus longue course de toutes les cloueuses sans fil. Avec jusqu&#039;\u00e0 12 000 tirs pour les syst\u00e8mes de clouage de finition et 9 000 tirs pour les syst\u00e8mes de clouage pour charpente, vous pouvez travailler pendant des semaines avant de recharger votre outil. Cette autonomie en t\u00eate de la cat\u00e9gorie se traduit par moins de temps d&#039;arr\u00eat pour le remplacement et le chargement des batteries afin que les travaux soient effectu\u00e9s \u00e0 temps.\" \/>\n<meta property=\"og:url\" content=\"https:\/\/paslode.ca\/fr\/produit\/7-4v-li-ion-battery\/\" \/>\n<meta property=\"og:site_name\" content=\"Paslode\" \/>\n<meta property=\"article:modified_time\" content=\"2021-02-01T23:02:39+00:00\" \/>\n<meta property=\"og:image\" content=\"https:\/\/paslode.ca\/wp-content\/uploads\/sites\/3\/2020\/07\/Paslode_Accessories_902654C_Battery.png\" \/>\n\t<meta property=\"og:image:width\" content=\"453\" \/>\n\t<meta property=\"og:image:height\" content=\"453\" \/>\n\t<meta property=\"og:image:type\" content=\"image\/png\" \/>\n<meta name=\"twitter:card\" content=\"summary_large_image\" \/>\n<script type=\"application\/ld+json\" class=\"yoast-schema-graph\">{\"@context\":\"https:\/\/schema.org\",\"@graph\":[{\"@type\":\"WebPage\",\"@id\":\"https:\/\/paslode.ca\/fr\/produit\/7-4v-li-ion-battery\/\",\"url\":\"https:\/\/paslode.ca\/fr\/produit\/7-4v-li-ion-battery\/\",\"name\":\"Batterie Li-ion de 7,4 V - Paslode\",\"isPartOf\":{\"@id\":\"https:\/\/paslode.ca\/#website\"},\"primaryImageOfPage\":{\"@id\":\"https:\/\/paslode.ca\/fr\/produit\/7-4v-li-ion-battery\/#primaryimage\"},\"image\":{\"@id\":\"https:\/\/paslode.ca\/fr\/produit\/7-4v-li-ion-battery\/#primaryimage\"},\"thumbnailUrl\":\"https:\/\/paslode.ca\/wp-content\/uploads\/sites\/3\/2020\/07\/Paslode_Accessories_902654C_Battery.png\",\"datePublished\":\"2020-07-23T16:58:10+00:00\",\"dateModified\":\"2021-02-01T23:02:39+00:00\",\"breadcrumb\":{\"@id\":\"https:\/\/paslode.ca\/fr\/produit\/7-4v-li-ion-battery\/#breadcrumb\"},\"inLanguage\":\"fr-FR\",\"potentialAction\":[{\"@type\":\"ReadAction\",\"target\":[\"https:\/\/paslode.ca\/fr\/produit\/7-4v-li-ion-battery\/\"]}]},{\"@type\":\"ImageObject\",\"inLanguage\":\"fr-FR\",\"@id\":\"https:\/\/paslode.ca\/fr\/produit\/7-4v-li-ion-battery\/#primaryimage\",\"url\":\"https:\/\/paslode.ca\/wp-content\/uploads\/sites\/3\/2020\/07\/Paslode_Accessories_902654C_Battery.png\",\"contentUrl\":\"https:\/\/paslode.ca\/wp-content\/uploads\/sites\/3\/2020\/07\/Paslode_Accessories_902654C_Battery.png\",\"width\":453,\"height\":453},{\"@type\":\"BreadcrumbList\",\"@id\":\"https:\/\/paslode.ca\/fr\/produit\/7-4v-li-ion-battery\/#breadcrumb\",\"itemListElement\":[{\"@type\":\"ListItem\",\"position\":1,\"name\":\"Home\",\"item\":\"https:\/\/paslode.ca\/fr\/\"},{\"@type\":\"ListItem\",\"position\":2,\"name\":\"Boutique\",\"item\":\"https:\/\/paslode.ca\/fr\/boutique\/\"},{\"@type\":\"ListItem\",\"position\":3,\"name\":\"Batterie Li-ion de 7,4 V\"}]},{\"@type\":\"WebSite\",\"@id\":\"https:\/\/paslode.ca\/#website\",\"url\":\"https:\/\/paslode.ca\/\",\"name\":\"Paslode\",\"description\":\"Reputation is Everything\",\"potentialAction\":[{\"@type\":\"SearchAction\",\"target\":{\"@type\":\"EntryPoint\",\"urlTemplate\":\"https:\/\/paslode.ca\/?s={search_term_string}\"},\"query-input\":{\"@type\":\"PropertyValueSpecification\",\"valueRequired\":true,\"valueName\":\"search_term_string\"}}],\"inLanguage\":\"fr-FR\"}]}<\/script>\n<!-- \/ Yoast SEO plugin. -->","yoast_head_json":{"title":"Batterie Li-ion de 7,4 V - Paslode","robots":{"index":"index","follow":"follow","max-snippet":"max-snippet:-1","max-image-preview":"max-image-preview:large","max-video-preview":"max-video-preview:-1"},"canonical":"https:\/\/paslode.ca\/fr\/produit\/7-4v-li-ion-battery\/","og_locale":"fr_FR","og_type":"article","og_title":"Batterie Li-ion de 7,4 V - Paslode","og_description":"La batterie rechargeable au lithium-ion Paslode fournit aux syst\u00e8mes de clouage de charpente et de finition Paslode la plus longue course de toutes les cloueuses sans fil. Avec jusqu'\u00e0 12 000 tirs pour les syst\u00e8mes de clouage de finition et 9 000 tirs pour les syst\u00e8mes de clouage pour charpente, vous pouvez travailler pendant des semaines avant de recharger votre outil. Cette autonomie en t\u00eate de la cat\u00e9gorie se traduit par moins de temps d'arr\u00eat pour le remplacement et le chargement des batteries afin que les travaux soient effectu\u00e9s \u00e0 temps.","og_url":"https:\/\/paslode.ca\/fr\/produit\/7-4v-li-ion-battery\/","og_site_name":"Paslode","article_modified_time":"2021-02-01T23:02:39+00:00","og_image":[{"width":453,"height":453,"url":"https:\/\/paslode.ca\/wp-content\/uploads\/sites\/3\/2020\/07\/Paslode_Accessories_902654C_Battery.png","type":"image\/png"}],"twitter_card":"summary_large_image","schema":{"@context":"https:\/\/schema.org","@graph":[{"@type":"WebPage","@id":"https:\/\/paslode.ca\/fr\/produit\/7-4v-li-ion-battery\/","url":"https:\/\/paslode.ca\/fr\/produit\/7-4v-li-ion-battery\/","name":"Batterie Li-ion de 7,4 V - Paslode","isPartOf":{"@id":"https:\/\/paslode.ca\/#website"},"primaryImageOfPage":{"@id":"https:\/\/paslode.ca\/fr\/produit\/7-4v-li-ion-battery\/#primaryimage"},"image":{"@id":"https:\/\/paslode.ca\/fr\/produit\/7-4v-li-ion-battery\/#primaryimage"},"thumbnailUrl":"https:\/\/paslode.ca\/wp-content\/uploads\/sites\/3\/2020\/07\/Paslode_Accessories_902654C_Battery.png","datePublished":"2020-07-23T16:58:10+00:00","dateModified":"2021-02-01T23:02:39+00:00","breadcrumb":{"@id":"https:\/\/paslode.ca\/fr\/produit\/7-4v-li-ion-battery\/#breadcrumb"},"inLanguage":"fr-FR","potentialAction":[{"@type":"ReadAction","target":["https:\/\/paslode.ca\/fr\/produit\/7-4v-li-ion-battery\/"]}]},{"@type":"ImageObject","inLanguage":"fr-FR","@id":"https:\/\/paslode.ca\/fr\/produit\/7-4v-li-ion-battery\/#primaryimage","url":"https:\/\/paslode.ca\/wp-content\/uploads\/sites\/3\/2020\/07\/Paslode_Accessories_902654C_Battery.png","contentUrl":"https:\/\/paslode.ca\/wp-content\/uploads\/sites\/3\/2020\/07\/Paslode_Accessories_902654C_Battery.png","width":453,"height":453},{"@type":"BreadcrumbList","@id":"https:\/\/paslode.ca\/fr\/produit\/7-4v-li-ion-battery\/#breadcrumb","itemListElement":[{"@type":"ListItem","position":1,"name":"Home","item":"https:\/\/paslode.ca\/fr\/"},{"@type":"ListItem","position":2,"name":"Boutique","item":"https:\/\/paslode.ca\/fr\/boutique\/"},{"@type":"ListItem","position":3,"name":"Batterie Li-ion de 7,4 V"}]},{"@type":"WebSite","@id":"https:\/\/paslode.ca\/#website","url":"https:\/\/paslode.ca\/","name":"Paslode","description":"Reputation is Everything","potentialAction":[{"@type":"SearchAction","target":{"@type":"EntryPoint","urlTemplate":"https:\/\/paslode.ca\/?s={search_term_string}"},"query-input":{"@type":"PropertyValueSpecification","valueRequired":true,"valueName":"search_term_string"}}],"inLanguage":"fr-FR"}]}},"_links":{"self":[{"href":"https:\/\/paslode.ca\/fr\/wp-json\/wp\/v2\/product\/7601","targetHints":{"allow":["GET"]}}],"collection":[{"href":"https:\/\/paslode.ca\/fr\/wp-json\/wp\/v2\/product"}],"about":[{"href":"https:\/\/paslode.ca\/fr\/wp-json\/wp\/v2\/types\/product"}],"wp:featuredmedia":[{"embeddable":true,"href":"https:\/\/paslode.ca\/fr\/wp-json\/wp\/v2\/media\/7348"}],"wp:attachment":[{"href":"https:\/\/paslode.ca\/fr\/wp-json\/wp\/v2\/media?parent=7601"}],"wp:term":[{"taxonomy":"product_brand","embeddable":true,"href":"https:\/\/paslode.ca\/fr\/wp-json\/wp\/v2\/product_brand?post=7601"},{"taxonomy":"product_cat","embeddable":true,"href":"https:\/\/paslode.ca\/fr\/wp-json\/wp\/v2\/product_cat?post=7601"},{"taxonomy":"product_tag","embeddable":true,"href":"https:\/\/paslode.ca\/fr\/wp-json\/wp\/v2\/product_tag?post=7601"}],"curies":[{"name":"wp","href":"https:\/\/api.w.org\/{rel}","templated":true}]}}