{"id":7602,"date":"2020-07-23T16:58:10","date_gmt":"2020-07-23T16:58:10","guid":{"rendered":"https:\/\/paslode.ca\/product\/all-season-framing-fuel\/"},"modified":"2021-02-01T23:06:38","modified_gmt":"2021-02-01T23:06:38","slug":"all-season-framing-fuel","status":"publish","type":"product","link":"https:\/\/paslode.ca\/fr\/produit\/all-season-framing-fuel\/","title":{"rendered":"Carburant de charpente toutes saisons"},"content":{"rendered":"<h4><strong>LE CARBURANT DONT VOTRE CLOUEUSE A BESOIN POUR SEULEMENT QUELQUES SOUS PAR TIR.<\/strong><\/h4>\n<ul>\n<li>Fonctionne en toutes saisons jusqu&rsquo;\u00e0 -15 \u00b0C avec TOUTES les cloueuses de charpente sans cordon Paslode<\/li>\n<li>Toujours pr\u00eat \u00e0 travailler quand vous l&rsquo;\u00eates<\/li>\n<li>Pas besoin de r\u00e9chauffer les piles \u00e0 combustible<\/li>\n<li>Pas besoin de double pompage<\/li>\n<li>Fonctionne dans toutes les cloueuses de charpente sans cordon Paslode<\/li>\n<li>Remplace le carburant rouge \u2013 comprend 2 adaptateurs<\/li>\n<\/ul>\n","protected":false},"excerpt":{"rendered":"<p>Le carburant de charpente Paslode avec formule toutes saisons travaille aussi fort que les professionels par temps froid. \u00c9vitez les temps d&rsquo;arr\u00eat, m\u00eame pendant les hivers froids de chez nous, chaque pile \u00e0 combustible enfon\u00e7ant jusqu&rsquo;\u00e0 1 200 clous.<\/p>\n","protected":false},"featured_media":7350,"template":"","meta":{"_acf_changed":false,"inline_featured_image":false},"product_brand":[],"product_cat":[145],"product_tag":[],"class_list":{"0":"post-7602","1":"product","2":"type-product","3":"status-publish","4":"has-post-thumbnail","6":"product_cat-accessories-fr","8":"first","9":"instock","10":"product-type-simple"},"acf":[],"yoast_head":"<!-- This site is optimized with the Yoast SEO plugin v27.2 - https:\/\/yoast.com\/product\/yoast-seo-wordpress\/ -->\n<title>Carburant de charpente toutes saisons - Paslode<\/title>\n<meta name=\"robots\" content=\"index, follow, max-snippet:-1, max-image-preview:large, max-video-preview:-1\" \/>\n<link rel=\"canonical\" href=\"https:\/\/paslode.ca\/fr\/produit\/all-season-framing-fuel\/\" \/>\n<meta property=\"og:locale\" content=\"fr_FR\" \/>\n<meta property=\"og:type\" content=\"article\" \/>\n<meta property=\"og:title\" content=\"Carburant de charpente toutes saisons - Paslode\" \/>\n<meta property=\"og:description\" content=\"Le carburant de charpente Paslode avec formule toutes saisons travaille aussi fort que les professionels par temps froid. \u00c9vitez les temps d&#039;arr\u00eat, m\u00eame pendant les hivers froids de chez nous, chaque pile \u00e0 combustible enfon\u00e7ant jusqu&#039;\u00e0 1 200 clous.\" \/>\n<meta property=\"og:url\" content=\"https:\/\/paslode.ca\/fr\/produit\/all-season-framing-fuel\/\" \/>\n<meta property=\"og:site_name\" content=\"Paslode\" \/>\n<meta property=\"article:modified_time\" content=\"2021-02-01T23:06:38+00:00\" \/>\n<meta property=\"og:image\" content=\"https:\/\/paslode.ca\/wp-content\/uploads\/sites\/3\/2020\/07\/Paslode_Fuel_902513_AllSeasonFuel_Package_1.png\" \/>\n\t<meta property=\"og:image:width\" content=\"453\" \/>\n\t<meta property=\"og:image:height\" content=\"453\" \/>\n\t<meta property=\"og:image:type\" content=\"image\/png\" \/>\n<meta name=\"twitter:card\" content=\"summary_large_image\" \/>\n<script type=\"application\/ld+json\" class=\"yoast-schema-graph\">{\"@context\":\"https:\/\/schema.org\",\"@graph\":[{\"@type\":\"WebPage\",\"@id\":\"https:\/\/paslode.ca\/fr\/produit\/all-season-framing-fuel\/\",\"url\":\"https:\/\/paslode.ca\/fr\/produit\/all-season-framing-fuel\/\",\"name\":\"Carburant de charpente toutes saisons - Paslode\",\"isPartOf\":{\"@id\":\"https:\/\/paslode.ca\/#website\"},\"primaryImageOfPage\":{\"@id\":\"https:\/\/paslode.ca\/fr\/produit\/all-season-framing-fuel\/#primaryimage\"},\"image\":{\"@id\":\"https:\/\/paslode.ca\/fr\/produit\/all-season-framing-fuel\/#primaryimage\"},\"thumbnailUrl\":\"https:\/\/paslode.ca\/wp-content\/uploads\/sites\/3\/2020\/07\/Paslode_Fuel_902513_AllSeasonFuel_Package_1.png\",\"datePublished\":\"2020-07-23T16:58:10+00:00\",\"dateModified\":\"2021-02-01T23:06:38+00:00\",\"breadcrumb\":{\"@id\":\"https:\/\/paslode.ca\/fr\/produit\/all-season-framing-fuel\/#breadcrumb\"},\"inLanguage\":\"fr-FR\",\"potentialAction\":[{\"@type\":\"ReadAction\",\"target\":[\"https:\/\/paslode.ca\/fr\/produit\/all-season-framing-fuel\/\"]}]},{\"@type\":\"ImageObject\",\"inLanguage\":\"fr-FR\",\"@id\":\"https:\/\/paslode.ca\/fr\/produit\/all-season-framing-fuel\/#primaryimage\",\"url\":\"https:\/\/paslode.ca\/wp-content\/uploads\/sites\/3\/2020\/07\/Paslode_Fuel_902513_AllSeasonFuel_Package_1.png\",\"contentUrl\":\"https:\/\/paslode.ca\/wp-content\/uploads\/sites\/3\/2020\/07\/Paslode_Fuel_902513_AllSeasonFuel_Package_1.png\",\"width\":453,\"height\":453},{\"@type\":\"BreadcrumbList\",\"@id\":\"https:\/\/paslode.ca\/fr\/produit\/all-season-framing-fuel\/#breadcrumb\",\"itemListElement\":[{\"@type\":\"ListItem\",\"position\":1,\"name\":\"Home\",\"item\":\"https:\/\/paslode.ca\/fr\/\"},{\"@type\":\"ListItem\",\"position\":2,\"name\":\"Boutique\",\"item\":\"https:\/\/paslode.ca\/fr\/boutique\/\"},{\"@type\":\"ListItem\",\"position\":3,\"name\":\"Carburant de charpente toutes saisons\"}]},{\"@type\":\"WebSite\",\"@id\":\"https:\/\/paslode.ca\/#website\",\"url\":\"https:\/\/paslode.ca\/\",\"name\":\"Paslode\",\"description\":\"Reputation is Everything\",\"potentialAction\":[{\"@type\":\"SearchAction\",\"target\":{\"@type\":\"EntryPoint\",\"urlTemplate\":\"https:\/\/paslode.ca\/?s={search_term_string}\"},\"query-input\":{\"@type\":\"PropertyValueSpecification\",\"valueRequired\":true,\"valueName\":\"search_term_string\"}}],\"inLanguage\":\"fr-FR\"}]}<\/script>\n<!-- \/ Yoast SEO plugin. -->","yoast_head_json":{"title":"Carburant de charpente toutes saisons - Paslode","robots":{"index":"index","follow":"follow","max-snippet":"max-snippet:-1","max-image-preview":"max-image-preview:large","max-video-preview":"max-video-preview:-1"},"canonical":"https:\/\/paslode.ca\/fr\/produit\/all-season-framing-fuel\/","og_locale":"fr_FR","og_type":"article","og_title":"Carburant de charpente toutes saisons - Paslode","og_description":"Le carburant de charpente Paslode avec formule toutes saisons travaille aussi fort que les professionels par temps froid. \u00c9vitez les temps d'arr\u00eat, m\u00eame pendant les hivers froids de chez nous, chaque pile \u00e0 combustible enfon\u00e7ant jusqu'\u00e0 1 200 clous.","og_url":"https:\/\/paslode.ca\/fr\/produit\/all-season-framing-fuel\/","og_site_name":"Paslode","article_modified_time":"2021-02-01T23:06:38+00:00","og_image":[{"width":453,"height":453,"url":"https:\/\/paslode.ca\/wp-content\/uploads\/sites\/3\/2020\/07\/Paslode_Fuel_902513_AllSeasonFuel_Package_1.png","type":"image\/png"}],"twitter_card":"summary_large_image","schema":{"@context":"https:\/\/schema.org","@graph":[{"@type":"WebPage","@id":"https:\/\/paslode.ca\/fr\/produit\/all-season-framing-fuel\/","url":"https:\/\/paslode.ca\/fr\/produit\/all-season-framing-fuel\/","name":"Carburant de charpente toutes saisons - Paslode","isPartOf":{"@id":"https:\/\/paslode.ca\/#website"},"primaryImageOfPage":{"@id":"https:\/\/paslode.ca\/fr\/produit\/all-season-framing-fuel\/#primaryimage"},"image":{"@id":"https:\/\/paslode.ca\/fr\/produit\/all-season-framing-fuel\/#primaryimage"},"thumbnailUrl":"https:\/\/paslode.ca\/wp-content\/uploads\/sites\/3\/2020\/07\/Paslode_Fuel_902513_AllSeasonFuel_Package_1.png","datePublished":"2020-07-23T16:58:10+00:00","dateModified":"2021-02-01T23:06:38+00:00","breadcrumb":{"@id":"https:\/\/paslode.ca\/fr\/produit\/all-season-framing-fuel\/#breadcrumb"},"inLanguage":"fr-FR","potentialAction":[{"@type":"ReadAction","target":["https:\/\/paslode.ca\/fr\/produit\/all-season-framing-fuel\/"]}]},{"@type":"ImageObject","inLanguage":"fr-FR","@id":"https:\/\/paslode.ca\/fr\/produit\/all-season-framing-fuel\/#primaryimage","url":"https:\/\/paslode.ca\/wp-content\/uploads\/sites\/3\/2020\/07\/Paslode_Fuel_902513_AllSeasonFuel_Package_1.png","contentUrl":"https:\/\/paslode.ca\/wp-content\/uploads\/sites\/3\/2020\/07\/Paslode_Fuel_902513_AllSeasonFuel_Package_1.png","width":453,"height":453},{"@type":"BreadcrumbList","@id":"https:\/\/paslode.ca\/fr\/produit\/all-season-framing-fuel\/#breadcrumb","itemListElement":[{"@type":"ListItem","position":1,"name":"Home","item":"https:\/\/paslode.ca\/fr\/"},{"@type":"ListItem","position":2,"name":"Boutique","item":"https:\/\/paslode.ca\/fr\/boutique\/"},{"@type":"ListItem","position":3,"name":"Carburant de charpente toutes saisons"}]},{"@type":"WebSite","@id":"https:\/\/paslode.ca\/#website","url":"https:\/\/paslode.ca\/","name":"Paslode","description":"Reputation is Everything","potentialAction":[{"@type":"SearchAction","target":{"@type":"EntryPoint","urlTemplate":"https:\/\/paslode.ca\/?s={search_term_string}"},"query-input":{"@type":"PropertyValueSpecification","valueRequired":true,"valueName":"search_term_string"}}],"inLanguage":"fr-FR"}]}},"_links":{"self":[{"href":"https:\/\/paslode.ca\/fr\/wp-json\/wp\/v2\/product\/7602","targetHints":{"allow":["GET"]}}],"collection":[{"href":"https:\/\/paslode.ca\/fr\/wp-json\/wp\/v2\/product"}],"about":[{"href":"https:\/\/paslode.ca\/fr\/wp-json\/wp\/v2\/types\/product"}],"wp:featuredmedia":[{"embeddable":true,"href":"https:\/\/paslode.ca\/fr\/wp-json\/wp\/v2\/media\/7350"}],"wp:attachment":[{"href":"https:\/\/paslode.ca\/fr\/wp-json\/wp\/v2\/media?parent=7602"}],"wp:term":[{"taxonomy":"product_brand","embeddable":true,"href":"https:\/\/paslode.ca\/fr\/wp-json\/wp\/v2\/product_brand?post=7602"},{"taxonomy":"product_cat","embeddable":true,"href":"https:\/\/paslode.ca\/fr\/wp-json\/wp\/v2\/product_cat?post=7602"},{"taxonomy":"product_tag","embeddable":true,"href":"https:\/\/paslode.ca\/fr\/wp-json\/wp\/v2\/product_tag?post=7602"}],"curies":[{"name":"wp","href":"https:\/\/api.w.org\/{rel}","templated":true}]}}