{"id":7603,"date":"2020-07-06T14:48:34","date_gmt":"2020-07-06T14:48:34","guid":{"rendered":"https:\/\/paslode.ca\/product\/f350-s-powermaster-plus-framing-nailer\/"},"modified":"2021-02-02T20:58:06","modified_gmt":"2021-02-02T20:58:06","slug":"f350-s-powermaster-plus-framing-nailer","status":"publish","type":"product","link":"https:\/\/paslode.ca\/fr\/produit\/f350-s-powermaster-plus-framing-nailer\/","title":{"rendered":"Cloueuse \u00e0 charpente F350-S PowerMaster Plus"},"content":{"rendered":"<h4><strong>GR\u00c2CE \u00c0 CE SYST\u00c8ME DE CLOUAGE, VOUS ACCOMPLIREZ LA T\u00c2CHE EN UN RIEN DE TEMPS.<\/strong><\/h4>\n<ul>\n<li>Montez plus rapidement des murs complets. Puissance robuste.<\/li>\n<li>Des performances fiables qui permettent de gagner du temps avec moins d\u2019entretien.<\/li>\n<li>Poign\u00e9e souple pour le confort<\/li>\n<li>Bouchon d&rsquo;extr\u00e9mit\u00e9 boulonn\u00e9 pour un entretien plus facile<\/li>\n<li>La profondeur d&rsquo;entra\u00eenement sur l&rsquo;outil plut\u00f4t que sur le compresseur permet d&rsquo;\u00e9conomiser du temps et de l&rsquo;\u00e9nergie<\/li>\n<li>Crochet de chevron, se d\u00e9place lorsqu&rsquo;il n&rsquo;est pas n\u00e9cessaire<\/li>\n<li>Capuchon d\u00e9flecteur d&rsquo;air r\u00e9glable<\/li>\n<\/ul>\n<p><strong>CENTRES DE SERVICE PASLODE AUTORIS\u00c9S<\/strong><br \/>\nCliquez <a href=\"https:\/\/paslode.ca\/wp-content\/uploads\/2020\/09\/Service-Centers-2020.pdf\" target=\"_blank\" rel=\"noopener noreferrer\">ici<\/a> pour la liste des centres de service Paslode autoris\u00e9s<\/p>\n<p><strong>ENREGISTREZ VOTRE OUTIL<\/strong><\/p>\n<p>Cliquez <a href=\"https:\/\/paslode.ca\/register-tool\/\" target=\"_blank\" rel=\"noopener noreferrer\">ici<\/a> pour enregistrer votre nouvel outil.<\/p>\n","protected":false},"excerpt":{"rendered":"<p>Les travaux difficiles n\u00e9cessitent une cloueuse robuste. C&rsquo;est pourquoi les professionnels se tournent vers les performances, la durabilit\u00e9 et la puissance d&rsquo;entra\u00eenement \u00e9prouv\u00e9es que seule une cloueuse \u00e0 charpente pneumatique Paslode peut fournir. Lorsqu&rsquo;il est utilis\u00e9 avec les clous Paslode, ce syst\u00e8me de clouage peut vous aider \u00e0 compl\u00e9ter vos travaux \u00e0 temps, \u00e0 chaque fois.<\/p>\n","protected":false},"featured_media":7353,"template":"","meta":{"_acf_changed":false,"inline_featured_image":false},"product_brand":[],"product_cat":[146,148,147],"product_tag":[],"class_list":{"0":"post-7603","1":"product","2":"type-product","3":"status-publish","4":"has-post-thumbnail","6":"product_cat-framing-fr","7":"product_cat-outils","8":"product_cat-pneumatic-fr","10":"first","11":"instock","12":"product-type-simple"},"acf":[],"yoast_head":"<!-- This site is optimized with the Yoast SEO plugin v27.2 - https:\/\/yoast.com\/product\/yoast-seo-wordpress\/ -->\n<title>Cloueuse \u00e0 charpente F350-S PowerMaster Plus - Paslode<\/title>\n<meta name=\"robots\" content=\"index, follow, max-snippet:-1, max-image-preview:large, max-video-preview:-1\" \/>\n<link rel=\"canonical\" href=\"https:\/\/paslode.ca\/fr\/produit\/f350-s-powermaster-plus-framing-nailer\/\" \/>\n<meta property=\"og:locale\" content=\"fr_FR\" \/>\n<meta property=\"og:type\" content=\"article\" \/>\n<meta property=\"og:title\" content=\"Cloueuse \u00e0 charpente F350-S PowerMaster Plus - Paslode\" \/>\n<meta property=\"og:description\" content=\"Les travaux difficiles n\u00e9cessitent une cloueuse robuste. C&#039;est pourquoi les professionnels se tournent vers les performances, la durabilit\u00e9 et la puissance d&#039;entra\u00eenement \u00e9prouv\u00e9es que seule une cloueuse \u00e0 charpente pneumatique Paslode peut fournir. Lorsqu&#039;il est utilis\u00e9 avec les clous Paslode, ce syst\u00e8me de clouage peut vous aider \u00e0 compl\u00e9ter vos travaux \u00e0 temps, \u00e0 chaque fois.\" \/>\n<meta property=\"og:url\" content=\"https:\/\/paslode.ca\/fr\/produit\/f350-s-powermaster-plus-framing-nailer\/\" \/>\n<meta property=\"og:site_name\" content=\"Paslode\" \/>\n<meta property=\"article:modified_time\" content=\"2021-02-02T20:58:06+00:00\" \/>\n<meta property=\"og:image\" content=\"https:\/\/paslode.ca\/wp-content\/uploads\/sites\/3\/2020\/07\/Paslode_Pneumatic_501000_Tool.png\" \/>\n\t<meta property=\"og:image:width\" content=\"453\" \/>\n\t<meta property=\"og:image:height\" content=\"453\" \/>\n\t<meta property=\"og:image:type\" content=\"image\/png\" \/>\n<meta name=\"twitter:card\" content=\"summary_large_image\" \/>\n<meta name=\"twitter:label1\" content=\"Dur\u00e9e de lecture estim\u00e9e\" \/>\n\t<meta name=\"twitter:data1\" content=\"1 minute\" \/>\n<script type=\"application\/ld+json\" class=\"yoast-schema-graph\">{\"@context\":\"https:\/\/schema.org\",\"@graph\":[{\"@type\":\"WebPage\",\"@id\":\"https:\/\/paslode.ca\/fr\/produit\/f350-s-powermaster-plus-framing-nailer\/\",\"url\":\"https:\/\/paslode.ca\/fr\/produit\/f350-s-powermaster-plus-framing-nailer\/\",\"name\":\"Cloueuse \u00e0 charpente F350-S PowerMaster Plus - Paslode\",\"isPartOf\":{\"@id\":\"https:\/\/paslode.ca\/#website\"},\"primaryImageOfPage\":{\"@id\":\"https:\/\/paslode.ca\/fr\/produit\/f350-s-powermaster-plus-framing-nailer\/#primaryimage\"},\"image\":{\"@id\":\"https:\/\/paslode.ca\/fr\/produit\/f350-s-powermaster-plus-framing-nailer\/#primaryimage\"},\"thumbnailUrl\":\"https:\/\/paslode.ca\/wp-content\/uploads\/sites\/3\/2020\/07\/Paslode_Pneumatic_501000_Tool.png\",\"datePublished\":\"2020-07-06T14:48:34+00:00\",\"dateModified\":\"2021-02-02T20:58:06+00:00\",\"breadcrumb\":{\"@id\":\"https:\/\/paslode.ca\/fr\/produit\/f350-s-powermaster-plus-framing-nailer\/#breadcrumb\"},\"inLanguage\":\"fr-FR\",\"potentialAction\":[{\"@type\":\"ReadAction\",\"target\":[\"https:\/\/paslode.ca\/fr\/produit\/f350-s-powermaster-plus-framing-nailer\/\"]}]},{\"@type\":\"ImageObject\",\"inLanguage\":\"fr-FR\",\"@id\":\"https:\/\/paslode.ca\/fr\/produit\/f350-s-powermaster-plus-framing-nailer\/#primaryimage\",\"url\":\"https:\/\/paslode.ca\/wp-content\/uploads\/sites\/3\/2020\/07\/Paslode_Pneumatic_501000_Tool.png\",\"contentUrl\":\"https:\/\/paslode.ca\/wp-content\/uploads\/sites\/3\/2020\/07\/Paslode_Pneumatic_501000_Tool.png\",\"width\":453,\"height\":453},{\"@type\":\"BreadcrumbList\",\"@id\":\"https:\/\/paslode.ca\/fr\/produit\/f350-s-powermaster-plus-framing-nailer\/#breadcrumb\",\"itemListElement\":[{\"@type\":\"ListItem\",\"position\":1,\"name\":\"Home\",\"item\":\"https:\/\/paslode.ca\/fr\/\"},{\"@type\":\"ListItem\",\"position\":2,\"name\":\"Boutique\",\"item\":\"https:\/\/paslode.ca\/fr\/boutique\/\"},{\"@type\":\"ListItem\",\"position\":3,\"name\":\"Cloueuse \u00e0 charpente F350-S PowerMaster Plus\"}]},{\"@type\":\"WebSite\",\"@id\":\"https:\/\/paslode.ca\/#website\",\"url\":\"https:\/\/paslode.ca\/\",\"name\":\"Paslode\",\"description\":\"Reputation is Everything\",\"potentialAction\":[{\"@type\":\"SearchAction\",\"target\":{\"@type\":\"EntryPoint\",\"urlTemplate\":\"https:\/\/paslode.ca\/?s={search_term_string}\"},\"query-input\":{\"@type\":\"PropertyValueSpecification\",\"valueRequired\":true,\"valueName\":\"search_term_string\"}}],\"inLanguage\":\"fr-FR\"}]}<\/script>\n<!-- \/ Yoast SEO plugin. -->","yoast_head_json":{"title":"Cloueuse \u00e0 charpente F350-S PowerMaster Plus - Paslode","robots":{"index":"index","follow":"follow","max-snippet":"max-snippet:-1","max-image-preview":"max-image-preview:large","max-video-preview":"max-video-preview:-1"},"canonical":"https:\/\/paslode.ca\/fr\/produit\/f350-s-powermaster-plus-framing-nailer\/","og_locale":"fr_FR","og_type":"article","og_title":"Cloueuse \u00e0 charpente F350-S PowerMaster Plus - Paslode","og_description":"Les travaux difficiles n\u00e9cessitent une cloueuse robuste. C'est pourquoi les professionnels se tournent vers les performances, la durabilit\u00e9 et la puissance d'entra\u00eenement \u00e9prouv\u00e9es que seule une cloueuse \u00e0 charpente pneumatique Paslode peut fournir. Lorsqu'il est utilis\u00e9 avec les clous Paslode, ce syst\u00e8me de clouage peut vous aider \u00e0 compl\u00e9ter vos travaux \u00e0 temps, \u00e0 chaque fois.","og_url":"https:\/\/paslode.ca\/fr\/produit\/f350-s-powermaster-plus-framing-nailer\/","og_site_name":"Paslode","article_modified_time":"2021-02-02T20:58:06+00:00","og_image":[{"width":453,"height":453,"url":"https:\/\/paslode.ca\/wp-content\/uploads\/sites\/3\/2020\/07\/Paslode_Pneumatic_501000_Tool.png","type":"image\/png"}],"twitter_card":"summary_large_image","twitter_misc":{"Dur\u00e9e de lecture estim\u00e9e":"1 minute"},"schema":{"@context":"https:\/\/schema.org","@graph":[{"@type":"WebPage","@id":"https:\/\/paslode.ca\/fr\/produit\/f350-s-powermaster-plus-framing-nailer\/","url":"https:\/\/paslode.ca\/fr\/produit\/f350-s-powermaster-plus-framing-nailer\/","name":"Cloueuse \u00e0 charpente F350-S PowerMaster Plus - Paslode","isPartOf":{"@id":"https:\/\/paslode.ca\/#website"},"primaryImageOfPage":{"@id":"https:\/\/paslode.ca\/fr\/produit\/f350-s-powermaster-plus-framing-nailer\/#primaryimage"},"image":{"@id":"https:\/\/paslode.ca\/fr\/produit\/f350-s-powermaster-plus-framing-nailer\/#primaryimage"},"thumbnailUrl":"https:\/\/paslode.ca\/wp-content\/uploads\/sites\/3\/2020\/07\/Paslode_Pneumatic_501000_Tool.png","datePublished":"2020-07-06T14:48:34+00:00","dateModified":"2021-02-02T20:58:06+00:00","breadcrumb":{"@id":"https:\/\/paslode.ca\/fr\/produit\/f350-s-powermaster-plus-framing-nailer\/#breadcrumb"},"inLanguage":"fr-FR","potentialAction":[{"@type":"ReadAction","target":["https:\/\/paslode.ca\/fr\/produit\/f350-s-powermaster-plus-framing-nailer\/"]}]},{"@type":"ImageObject","inLanguage":"fr-FR","@id":"https:\/\/paslode.ca\/fr\/produit\/f350-s-powermaster-plus-framing-nailer\/#primaryimage","url":"https:\/\/paslode.ca\/wp-content\/uploads\/sites\/3\/2020\/07\/Paslode_Pneumatic_501000_Tool.png","contentUrl":"https:\/\/paslode.ca\/wp-content\/uploads\/sites\/3\/2020\/07\/Paslode_Pneumatic_501000_Tool.png","width":453,"height":453},{"@type":"BreadcrumbList","@id":"https:\/\/paslode.ca\/fr\/produit\/f350-s-powermaster-plus-framing-nailer\/#breadcrumb","itemListElement":[{"@type":"ListItem","position":1,"name":"Home","item":"https:\/\/paslode.ca\/fr\/"},{"@type":"ListItem","position":2,"name":"Boutique","item":"https:\/\/paslode.ca\/fr\/boutique\/"},{"@type":"ListItem","position":3,"name":"Cloueuse \u00e0 charpente F350-S PowerMaster Plus"}]},{"@type":"WebSite","@id":"https:\/\/paslode.ca\/#website","url":"https:\/\/paslode.ca\/","name":"Paslode","description":"Reputation is Everything","potentialAction":[{"@type":"SearchAction","target":{"@type":"EntryPoint","urlTemplate":"https:\/\/paslode.ca\/?s={search_term_string}"},"query-input":{"@type":"PropertyValueSpecification","valueRequired":true,"valueName":"search_term_string"}}],"inLanguage":"fr-FR"}]}},"_links":{"self":[{"href":"https:\/\/paslode.ca\/fr\/wp-json\/wp\/v2\/product\/7603","targetHints":{"allow":["GET"]}}],"collection":[{"href":"https:\/\/paslode.ca\/fr\/wp-json\/wp\/v2\/product"}],"about":[{"href":"https:\/\/paslode.ca\/fr\/wp-json\/wp\/v2\/types\/product"}],"wp:featuredmedia":[{"embeddable":true,"href":"https:\/\/paslode.ca\/fr\/wp-json\/wp\/v2\/media\/7353"}],"wp:attachment":[{"href":"https:\/\/paslode.ca\/fr\/wp-json\/wp\/v2\/media?parent=7603"}],"wp:term":[{"taxonomy":"product_brand","embeddable":true,"href":"https:\/\/paslode.ca\/fr\/wp-json\/wp\/v2\/product_brand?post=7603"},{"taxonomy":"product_cat","embeddable":true,"href":"https:\/\/paslode.ca\/fr\/wp-json\/wp\/v2\/product_cat?post=7603"},{"taxonomy":"product_tag","embeddable":true,"href":"https:\/\/paslode.ca\/fr\/wp-json\/wp\/v2\/product_tag?post=7603"}],"curies":[{"name":"wp","href":"https:\/\/api.w.org\/{rel}","templated":true}]}}