{"id":7604,"date":"2020-07-06T14:48:34","date_gmt":"2020-07-06T14:48:34","guid":{"rendered":"https:\/\/paslode.ca\/product\/im325xp-cordless-impulse-xp-framing-nailer\/"},"modified":"2021-02-02T19:57:19","modified_gmt":"2021-02-02T19:57:19","slug":"im325xp-cordless-impulse-xp-framing-nailer","status":"publish","type":"product","link":"https:\/\/paslode.ca\/fr\/produit\/im325xp-cordless-impulse-xp-framing-nailer\/","title":{"rendered":"Cloueuse \u00e0 charpente sans cordon Impulse XP IM325XP"},"content":{"rendered":"<h4><strong>C&rsquo;EST PLUS QU&rsquo;UNE CLOUEUSE, C&rsquo;EST UN SYST\u00c8ME DE CLOUAGE QUI M\u00c8NE \u00c0 BIEN LA T\u00c2CHE.<\/strong><\/h4>\n<ul>\n<li style=\"list-style-type: none\">\n<ul>\n<li>15 % de puissance suppl\u00e9mentaire &#8211; les clous affleurent la surface, m\u00eame dans le bois LVL et dans les bois plus durs que rencontrent les r\u00e9novateurs<\/li>\n<li>Fonctionne \u00e0 des temp\u00e9ratures allant jusqu&rsquo;\u00e0 14 \u00b0F lorsqu&rsquo;elle est utilis\u00e9e avec le carburant de charpente Paslode avec formule toutes saisons<\/li>\n<li>L\u00e9g\u00e8re &#8211; 7,2 lb pour un meilleur confort et un meilleur contr\u00f4le lors du travail en hauteur ou dans des espaces restreints<\/li>\n<li>Batterie li-ion 7 V &#8211; dur\u00e9e de fonctionnement maintenant 50 % plus longue pour jusqu&rsquo;\u00e0 9 000 clous par charge<\/li>\n<li>Moins de bourrages et de tirs rat\u00e9s lorsque la cloueuse est utilis\u00e9e avec les clous de charpente Paslode dont l&rsquo;assemblage pr\u00e9cis de la bande de clous correspond \u00e0 la cloueuse<\/li>\n<\/ul>\n<\/li>\n<\/ul>\n<p><strong>CENTRES DE SERVICE PASLODE AUTORIS\u00c9S<\/strong><br \/>\nCliquez <a href=\"https:\/\/paslode.ca\/wp-content\/uploads\/2020\/09\/Service-Centers-2020.pdf\" target=\"_blank\" rel=\"noopener noreferrer\">ici<\/a> pour la liste des centres de service Paslode autoris\u00e9s<\/p>\n<p><strong>ENREGISTREZ VOTRE OUTIL<\/strong><\/p>\n<p>Cliquez <a href=\"https:\/\/paslode.ca\/register-tool\/\" target=\"_blank\" rel=\"noopener noreferrer\">ici<\/a> pour enregistrer votre nouvel outil.<\/p>\n","protected":false},"excerpt":{"rendered":"<p>La cloueuse \u00e0 impulsion sans cordon Paslode au lithium-ion a fourni aux charpentiers et aux r\u00e9novateurs la possibilit\u00e9 de monter des charpentes de bois sans tuyaux d&rsquo;air depuis plus de 25 ans. Gr\u00e2ce aux performances am\u00e9lior\u00e9es par temps froid, vous pouvez ranger votre marteau et votre tuyau et laisser votre cloueuse sans cordon tout faire.<\/p>\n","protected":false},"featured_media":7356,"template":"","meta":{"_acf_changed":false,"inline_featured_image":false},"product_brand":[],"product_cat":[149,146,148],"product_tag":[],"class_list":{"0":"post-7604","1":"product","2":"type-product","3":"status-publish","4":"has-post-thumbnail","6":"product_cat-cordless-fr","7":"product_cat-framing-fr","8":"product_cat-outils","10":"first","11":"instock","12":"product-type-simple"},"acf":[],"yoast_head":"<!-- This site is optimized with the Yoast SEO plugin v27.2 - https:\/\/yoast.com\/product\/yoast-seo-wordpress\/ -->\n<title>Cloueuse \u00e0 charpente sans cordon Impulse XP IM325XP - Paslode<\/title>\n<meta name=\"robots\" content=\"index, follow, max-snippet:-1, max-image-preview:large, max-video-preview:-1\" \/>\n<link rel=\"canonical\" href=\"https:\/\/paslode.ca\/fr\/produit\/im325xp-cordless-impulse-xp-framing-nailer\/\" \/>\n<meta property=\"og:locale\" content=\"fr_FR\" \/>\n<meta property=\"og:type\" content=\"article\" \/>\n<meta property=\"og:title\" content=\"Cloueuse \u00e0 charpente sans cordon Impulse XP IM325XP - Paslode\" \/>\n<meta property=\"og:description\" content=\"La cloueuse \u00e0 impulsion sans cordon Paslode au lithium-ion a fourni aux charpentiers et aux r\u00e9novateurs la possibilit\u00e9 de monter des charpentes de bois sans tuyaux d&#039;air depuis plus de 25 ans. Gr\u00e2ce aux performances am\u00e9lior\u00e9es par temps froid, vous pouvez ranger votre marteau et votre tuyau et laisser votre cloueuse sans cordon tout faire.\" \/>\n<meta property=\"og:url\" content=\"https:\/\/paslode.ca\/fr\/produit\/im325xp-cordless-impulse-xp-framing-nailer\/\" \/>\n<meta property=\"og:site_name\" content=\"Paslode\" \/>\n<meta property=\"article:modified_time\" content=\"2021-02-02T19:57:19+00:00\" \/>\n<meta property=\"og:image\" content=\"https:\/\/paslode.ca\/wp-content\/uploads\/sites\/3\/2020\/07\/Paslode_Cordless_905800_Tool.png\" \/>\n\t<meta property=\"og:image:width\" content=\"453\" \/>\n\t<meta property=\"og:image:height\" content=\"453\" \/>\n\t<meta property=\"og:image:type\" content=\"image\/png\" \/>\n<meta name=\"twitter:card\" content=\"summary_large_image\" \/>\n<meta name=\"twitter:label1\" content=\"Dur\u00e9e de lecture estim\u00e9e\" \/>\n\t<meta name=\"twitter:data1\" content=\"1 minute\" \/>\n<script type=\"application\/ld+json\" class=\"yoast-schema-graph\">{\"@context\":\"https:\/\/schema.org\",\"@graph\":[{\"@type\":\"WebPage\",\"@id\":\"https:\/\/paslode.ca\/fr\/produit\/im325xp-cordless-impulse-xp-framing-nailer\/\",\"url\":\"https:\/\/paslode.ca\/fr\/produit\/im325xp-cordless-impulse-xp-framing-nailer\/\",\"name\":\"Cloueuse \u00e0 charpente sans cordon Impulse XP IM325XP - Paslode\",\"isPartOf\":{\"@id\":\"https:\/\/paslode.ca\/#website\"},\"primaryImageOfPage\":{\"@id\":\"https:\/\/paslode.ca\/fr\/produit\/im325xp-cordless-impulse-xp-framing-nailer\/#primaryimage\"},\"image\":{\"@id\":\"https:\/\/paslode.ca\/fr\/produit\/im325xp-cordless-impulse-xp-framing-nailer\/#primaryimage\"},\"thumbnailUrl\":\"https:\/\/paslode.ca\/wp-content\/uploads\/sites\/3\/2020\/07\/Paslode_Cordless_905800_Tool.png\",\"datePublished\":\"2020-07-06T14:48:34+00:00\",\"dateModified\":\"2021-02-02T19:57:19+00:00\",\"breadcrumb\":{\"@id\":\"https:\/\/paslode.ca\/fr\/produit\/im325xp-cordless-impulse-xp-framing-nailer\/#breadcrumb\"},\"inLanguage\":\"fr-FR\",\"potentialAction\":[{\"@type\":\"ReadAction\",\"target\":[\"https:\/\/paslode.ca\/fr\/produit\/im325xp-cordless-impulse-xp-framing-nailer\/\"]}]},{\"@type\":\"ImageObject\",\"inLanguage\":\"fr-FR\",\"@id\":\"https:\/\/paslode.ca\/fr\/produit\/im325xp-cordless-impulse-xp-framing-nailer\/#primaryimage\",\"url\":\"https:\/\/paslode.ca\/wp-content\/uploads\/sites\/3\/2020\/07\/Paslode_Cordless_905800_Tool.png\",\"contentUrl\":\"https:\/\/paslode.ca\/wp-content\/uploads\/sites\/3\/2020\/07\/Paslode_Cordless_905800_Tool.png\",\"width\":453,\"height\":453},{\"@type\":\"BreadcrumbList\",\"@id\":\"https:\/\/paslode.ca\/fr\/produit\/im325xp-cordless-impulse-xp-framing-nailer\/#breadcrumb\",\"itemListElement\":[{\"@type\":\"ListItem\",\"position\":1,\"name\":\"Home\",\"item\":\"https:\/\/paslode.ca\/fr\/\"},{\"@type\":\"ListItem\",\"position\":2,\"name\":\"Boutique\",\"item\":\"https:\/\/paslode.ca\/fr\/boutique\/\"},{\"@type\":\"ListItem\",\"position\":3,\"name\":\"Cloueuse \u00e0 charpente sans cordon Impulse XP IM325XP\"}]},{\"@type\":\"WebSite\",\"@id\":\"https:\/\/paslode.ca\/#website\",\"url\":\"https:\/\/paslode.ca\/\",\"name\":\"Paslode\",\"description\":\"Reputation is Everything\",\"potentialAction\":[{\"@type\":\"SearchAction\",\"target\":{\"@type\":\"EntryPoint\",\"urlTemplate\":\"https:\/\/paslode.ca\/?s={search_term_string}\"},\"query-input\":{\"@type\":\"PropertyValueSpecification\",\"valueRequired\":true,\"valueName\":\"search_term_string\"}}],\"inLanguage\":\"fr-FR\"}]}<\/script>\n<!-- \/ Yoast SEO plugin. -->","yoast_head_json":{"title":"Cloueuse \u00e0 charpente sans cordon Impulse XP IM325XP - Paslode","robots":{"index":"index","follow":"follow","max-snippet":"max-snippet:-1","max-image-preview":"max-image-preview:large","max-video-preview":"max-video-preview:-1"},"canonical":"https:\/\/paslode.ca\/fr\/produit\/im325xp-cordless-impulse-xp-framing-nailer\/","og_locale":"fr_FR","og_type":"article","og_title":"Cloueuse \u00e0 charpente sans cordon Impulse XP IM325XP - Paslode","og_description":"La cloueuse \u00e0 impulsion sans cordon Paslode au lithium-ion a fourni aux charpentiers et aux r\u00e9novateurs la possibilit\u00e9 de monter des charpentes de bois sans tuyaux d'air depuis plus de 25 ans. Gr\u00e2ce aux performances am\u00e9lior\u00e9es par temps froid, vous pouvez ranger votre marteau et votre tuyau et laisser votre cloueuse sans cordon tout faire.","og_url":"https:\/\/paslode.ca\/fr\/produit\/im325xp-cordless-impulse-xp-framing-nailer\/","og_site_name":"Paslode","article_modified_time":"2021-02-02T19:57:19+00:00","og_image":[{"width":453,"height":453,"url":"https:\/\/paslode.ca\/wp-content\/uploads\/sites\/3\/2020\/07\/Paslode_Cordless_905800_Tool.png","type":"image\/png"}],"twitter_card":"summary_large_image","twitter_misc":{"Dur\u00e9e de lecture estim\u00e9e":"1 minute"},"schema":{"@context":"https:\/\/schema.org","@graph":[{"@type":"WebPage","@id":"https:\/\/paslode.ca\/fr\/produit\/im325xp-cordless-impulse-xp-framing-nailer\/","url":"https:\/\/paslode.ca\/fr\/produit\/im325xp-cordless-impulse-xp-framing-nailer\/","name":"Cloueuse \u00e0 charpente sans cordon Impulse XP IM325XP - Paslode","isPartOf":{"@id":"https:\/\/paslode.ca\/#website"},"primaryImageOfPage":{"@id":"https:\/\/paslode.ca\/fr\/produit\/im325xp-cordless-impulse-xp-framing-nailer\/#primaryimage"},"image":{"@id":"https:\/\/paslode.ca\/fr\/produit\/im325xp-cordless-impulse-xp-framing-nailer\/#primaryimage"},"thumbnailUrl":"https:\/\/paslode.ca\/wp-content\/uploads\/sites\/3\/2020\/07\/Paslode_Cordless_905800_Tool.png","datePublished":"2020-07-06T14:48:34+00:00","dateModified":"2021-02-02T19:57:19+00:00","breadcrumb":{"@id":"https:\/\/paslode.ca\/fr\/produit\/im325xp-cordless-impulse-xp-framing-nailer\/#breadcrumb"},"inLanguage":"fr-FR","potentialAction":[{"@type":"ReadAction","target":["https:\/\/paslode.ca\/fr\/produit\/im325xp-cordless-impulse-xp-framing-nailer\/"]}]},{"@type":"ImageObject","inLanguage":"fr-FR","@id":"https:\/\/paslode.ca\/fr\/produit\/im325xp-cordless-impulse-xp-framing-nailer\/#primaryimage","url":"https:\/\/paslode.ca\/wp-content\/uploads\/sites\/3\/2020\/07\/Paslode_Cordless_905800_Tool.png","contentUrl":"https:\/\/paslode.ca\/wp-content\/uploads\/sites\/3\/2020\/07\/Paslode_Cordless_905800_Tool.png","width":453,"height":453},{"@type":"BreadcrumbList","@id":"https:\/\/paslode.ca\/fr\/produit\/im325xp-cordless-impulse-xp-framing-nailer\/#breadcrumb","itemListElement":[{"@type":"ListItem","position":1,"name":"Home","item":"https:\/\/paslode.ca\/fr\/"},{"@type":"ListItem","position":2,"name":"Boutique","item":"https:\/\/paslode.ca\/fr\/boutique\/"},{"@type":"ListItem","position":3,"name":"Cloueuse \u00e0 charpente sans cordon Impulse XP IM325XP"}]},{"@type":"WebSite","@id":"https:\/\/paslode.ca\/#website","url":"https:\/\/paslode.ca\/","name":"Paslode","description":"Reputation is Everything","potentialAction":[{"@type":"SearchAction","target":{"@type":"EntryPoint","urlTemplate":"https:\/\/paslode.ca\/?s={search_term_string}"},"query-input":{"@type":"PropertyValueSpecification","valueRequired":true,"valueName":"search_term_string"}}],"inLanguage":"fr-FR"}]}},"_links":{"self":[{"href":"https:\/\/paslode.ca\/fr\/wp-json\/wp\/v2\/product\/7604","targetHints":{"allow":["GET"]}}],"collection":[{"href":"https:\/\/paslode.ca\/fr\/wp-json\/wp\/v2\/product"}],"about":[{"href":"https:\/\/paslode.ca\/fr\/wp-json\/wp\/v2\/types\/product"}],"wp:featuredmedia":[{"embeddable":true,"href":"https:\/\/paslode.ca\/fr\/wp-json\/wp\/v2\/media\/7356"}],"wp:attachment":[{"href":"https:\/\/paslode.ca\/fr\/wp-json\/wp\/v2\/media?parent=7604"}],"wp:term":[{"taxonomy":"product_brand","embeddable":true,"href":"https:\/\/paslode.ca\/fr\/wp-json\/wp\/v2\/product_brand?post=7604"},{"taxonomy":"product_cat","embeddable":true,"href":"https:\/\/paslode.ca\/fr\/wp-json\/wp\/v2\/product_cat?post=7604"},{"taxonomy":"product_tag","embeddable":true,"href":"https:\/\/paslode.ca\/fr\/wp-json\/wp\/v2\/product_tag?post=7604"}],"curies":[{"name":"wp","href":"https:\/\/api.w.org\/{rel}","templated":true}]}}