{"id":7605,"date":"2020-07-06T14:48:34","date_gmt":"2020-07-06T14:48:34","guid":{"rendered":"https:\/\/paslode.ca\/product\/f325r-compact-framing-nailer\/"},"modified":"2021-02-02T19:45:28","modified_gmt":"2021-02-02T19:45:28","slug":"f325r-compact-framing-nailer","status":"publish","type":"product","link":"https:\/\/paslode.ca\/fr\/produit\/f325r-compact-framing-nailer\/","title":{"rendered":"Cloueuse \u00e0 charpente compacte F325R"},"content":{"rendered":"<h4><strong>GR\u00c2CE \u00c0 CE SYST\u00c8ME DE CLOUAGE, VOUS ACCOMPLIREZ TOUTE T\u00c2CHE DE R\u00c9NOVATION INT\u00c9RIEURE EN UN RIEN DE TEMPS.<\/strong><\/h4>\n<ul>\n<li>Accomplissez des r\u00e9novations int\u00e9rieures plus facilement<\/li>\n<li>La premi\u00e8re cloueuse pneumatique con\u00e7ue sp\u00e9cialement pour les besoins des r\u00e9novateurs<\/li>\n<li>S&rsquo;adapte facilement aux espaces les plus \u00e9troits tels qu&rsquo;entre les montants espac\u00e9s de 16 po<\/li>\n<li>Grande maniabilit\u00e9 pour travailler confortablement au-dessus de la t\u00eate<\/li>\n<li>La cloueuse \u00e0 charpente la plus l\u00e9g\u00e8re jamais con\u00e7ue : 5,9 lb<\/li>\n<li>Recharge rapide de la bande de clous en 2 \u00e9tapes<\/li>\n<li>Poign\u00e9e souple pour le confort<\/li>\n<li>Fonctionne en mode de tir par appui pour la vitesse sur le chantier<\/li>\n<\/ul>\n<p><strong>CENTRES DE SERVICE PASLODE AUTORIS\u00c9S<\/strong><br \/>\nCliquez <a href=\"https:\/\/paslode.ca\/wp-content\/uploads\/2020\/09\/Service-Centers-2020.pdf\" target=\"_blank\" rel=\"noopener noreferrer\">ici<\/a> pour la liste des centres de service Paslode autoris\u00e9s<br \/>\n<strong>REGISTER YOUR TOOL<\/strong><\/p>\n<p>Cliquez <a href=\"https:\/\/paslode.ca\/register-tool\/\" target=\"_blank\" rel=\"noopener noreferrer\">ici<\/a> pour enregistrer votre nouvel outil.<\/p>\n","protected":false},"excerpt":{"rendered":"<p>La cloueuse \u00e0 charpente compacte Paslode F325R vous offre l&rsquo;acc\u00e8s et la maniabilit\u00e9 dont vous avez besoin dans les espaces restreints avec ce syst\u00e8me de clouage pneumatique l\u00e9ger mais puissant.<br \/>\nLorsqu&rsquo;il est utilis\u00e9 avec les clous Paslode, ce syst\u00e8me de clouage peut vous aider \u00e0 compl\u00e9ter vos travaux \u00e0 temps, \u00e0 chaque fois.<\/p>\n","protected":false},"featured_media":7360,"template":"","meta":{"_acf_changed":false,"inline_featured_image":false},"product_brand":[],"product_cat":[146,148,147],"product_tag":[],"class_list":{"0":"post-7605","1":"product","2":"type-product","3":"status-publish","4":"has-post-thumbnail","6":"product_cat-framing-fr","7":"product_cat-outils","8":"product_cat-pneumatic-fr","10":"first","11":"instock","12":"product-type-simple"},"acf":[],"yoast_head":"<!-- This site is optimized with the Yoast SEO plugin v27.2 - https:\/\/yoast.com\/product\/yoast-seo-wordpress\/ -->\n<title>Cloueuse \u00e0 charpente compacte F325R - Paslode<\/title>\n<meta name=\"robots\" content=\"index, follow, max-snippet:-1, max-image-preview:large, max-video-preview:-1\" \/>\n<link rel=\"canonical\" href=\"https:\/\/paslode.ca\/fr\/produit\/f325r-compact-framing-nailer\/\" \/>\n<meta property=\"og:locale\" content=\"fr_FR\" \/>\n<meta property=\"og:type\" content=\"article\" \/>\n<meta property=\"og:title\" content=\"Cloueuse \u00e0 charpente compacte F325R - Paslode\" \/>\n<meta property=\"og:description\" content=\"La cloueuse \u00e0 charpente compacte Paslode F325R vous offre l&#039;acc\u00e8s et la maniabilit\u00e9 dont vous avez besoin dans les espaces restreints avec ce syst\u00e8me de clouage pneumatique l\u00e9ger mais puissant. Lorsqu&#039;il est utilis\u00e9 avec les clous Paslode, ce syst\u00e8me de clouage peut vous aider \u00e0 compl\u00e9ter vos travaux \u00e0 temps, \u00e0 chaque fois.\" \/>\n<meta property=\"og:url\" content=\"https:\/\/paslode.ca\/fr\/produit\/f325r-compact-framing-nailer\/\" \/>\n<meta property=\"og:site_name\" content=\"Paslode\" \/>\n<meta property=\"article:modified_time\" content=\"2021-02-02T19:45:28+00:00\" \/>\n<meta property=\"og:image\" content=\"https:\/\/paslode.ca\/wp-content\/uploads\/sites\/3\/2020\/07\/Paslode_Pneumatic_513000_F325R_Tool_1.png\" \/>\n\t<meta property=\"og:image:width\" content=\"453\" \/>\n\t<meta property=\"og:image:height\" content=\"453\" \/>\n\t<meta property=\"og:image:type\" content=\"image\/png\" \/>\n<meta name=\"twitter:card\" content=\"summary_large_image\" \/>\n<meta name=\"twitter:label1\" content=\"Dur\u00e9e de lecture estim\u00e9e\" \/>\n\t<meta name=\"twitter:data1\" content=\"1 minute\" \/>\n<script type=\"application\/ld+json\" class=\"yoast-schema-graph\">{\"@context\":\"https:\/\/schema.org\",\"@graph\":[{\"@type\":\"WebPage\",\"@id\":\"https:\/\/paslode.ca\/fr\/produit\/f325r-compact-framing-nailer\/\",\"url\":\"https:\/\/paslode.ca\/fr\/produit\/f325r-compact-framing-nailer\/\",\"name\":\"Cloueuse \u00e0 charpente compacte F325R - Paslode\",\"isPartOf\":{\"@id\":\"https:\/\/paslode.ca\/#website\"},\"primaryImageOfPage\":{\"@id\":\"https:\/\/paslode.ca\/fr\/produit\/f325r-compact-framing-nailer\/#primaryimage\"},\"image\":{\"@id\":\"https:\/\/paslode.ca\/fr\/produit\/f325r-compact-framing-nailer\/#primaryimage\"},\"thumbnailUrl\":\"https:\/\/paslode.ca\/wp-content\/uploads\/sites\/3\/2020\/07\/Paslode_Pneumatic_513000_F325R_Tool_1.png\",\"datePublished\":\"2020-07-06T14:48:34+00:00\",\"dateModified\":\"2021-02-02T19:45:28+00:00\",\"breadcrumb\":{\"@id\":\"https:\/\/paslode.ca\/fr\/produit\/f325r-compact-framing-nailer\/#breadcrumb\"},\"inLanguage\":\"fr-FR\",\"potentialAction\":[{\"@type\":\"ReadAction\",\"target\":[\"https:\/\/paslode.ca\/fr\/produit\/f325r-compact-framing-nailer\/\"]}]},{\"@type\":\"ImageObject\",\"inLanguage\":\"fr-FR\",\"@id\":\"https:\/\/paslode.ca\/fr\/produit\/f325r-compact-framing-nailer\/#primaryimage\",\"url\":\"https:\/\/paslode.ca\/wp-content\/uploads\/sites\/3\/2020\/07\/Paslode_Pneumatic_513000_F325R_Tool_1.png\",\"contentUrl\":\"https:\/\/paslode.ca\/wp-content\/uploads\/sites\/3\/2020\/07\/Paslode_Pneumatic_513000_F325R_Tool_1.png\",\"width\":453,\"height\":453},{\"@type\":\"BreadcrumbList\",\"@id\":\"https:\/\/paslode.ca\/fr\/produit\/f325r-compact-framing-nailer\/#breadcrumb\",\"itemListElement\":[{\"@type\":\"ListItem\",\"position\":1,\"name\":\"Home\",\"item\":\"https:\/\/paslode.ca\/fr\/\"},{\"@type\":\"ListItem\",\"position\":2,\"name\":\"Boutique\",\"item\":\"https:\/\/paslode.ca\/fr\/boutique\/\"},{\"@type\":\"ListItem\",\"position\":3,\"name\":\"Cloueuse \u00e0 charpente compacte F325R\"}]},{\"@type\":\"WebSite\",\"@id\":\"https:\/\/paslode.ca\/#website\",\"url\":\"https:\/\/paslode.ca\/\",\"name\":\"Paslode\",\"description\":\"Reputation is Everything\",\"potentialAction\":[{\"@type\":\"SearchAction\",\"target\":{\"@type\":\"EntryPoint\",\"urlTemplate\":\"https:\/\/paslode.ca\/?s={search_term_string}\"},\"query-input\":{\"@type\":\"PropertyValueSpecification\",\"valueRequired\":true,\"valueName\":\"search_term_string\"}}],\"inLanguage\":\"fr-FR\"}]}<\/script>\n<!-- \/ Yoast SEO plugin. -->","yoast_head_json":{"title":"Cloueuse \u00e0 charpente compacte F325R - Paslode","robots":{"index":"index","follow":"follow","max-snippet":"max-snippet:-1","max-image-preview":"max-image-preview:large","max-video-preview":"max-video-preview:-1"},"canonical":"https:\/\/paslode.ca\/fr\/produit\/f325r-compact-framing-nailer\/","og_locale":"fr_FR","og_type":"article","og_title":"Cloueuse \u00e0 charpente compacte F325R - Paslode","og_description":"La cloueuse \u00e0 charpente compacte Paslode F325R vous offre l'acc\u00e8s et la maniabilit\u00e9 dont vous avez besoin dans les espaces restreints avec ce syst\u00e8me de clouage pneumatique l\u00e9ger mais puissant. Lorsqu'il est utilis\u00e9 avec les clous Paslode, ce syst\u00e8me de clouage peut vous aider \u00e0 compl\u00e9ter vos travaux \u00e0 temps, \u00e0 chaque fois.","og_url":"https:\/\/paslode.ca\/fr\/produit\/f325r-compact-framing-nailer\/","og_site_name":"Paslode","article_modified_time":"2021-02-02T19:45:28+00:00","og_image":[{"width":453,"height":453,"url":"https:\/\/paslode.ca\/wp-content\/uploads\/sites\/3\/2020\/07\/Paslode_Pneumatic_513000_F325R_Tool_1.png","type":"image\/png"}],"twitter_card":"summary_large_image","twitter_misc":{"Dur\u00e9e de lecture estim\u00e9e":"1 minute"},"schema":{"@context":"https:\/\/schema.org","@graph":[{"@type":"WebPage","@id":"https:\/\/paslode.ca\/fr\/produit\/f325r-compact-framing-nailer\/","url":"https:\/\/paslode.ca\/fr\/produit\/f325r-compact-framing-nailer\/","name":"Cloueuse \u00e0 charpente compacte F325R - Paslode","isPartOf":{"@id":"https:\/\/paslode.ca\/#website"},"primaryImageOfPage":{"@id":"https:\/\/paslode.ca\/fr\/produit\/f325r-compact-framing-nailer\/#primaryimage"},"image":{"@id":"https:\/\/paslode.ca\/fr\/produit\/f325r-compact-framing-nailer\/#primaryimage"},"thumbnailUrl":"https:\/\/paslode.ca\/wp-content\/uploads\/sites\/3\/2020\/07\/Paslode_Pneumatic_513000_F325R_Tool_1.png","datePublished":"2020-07-06T14:48:34+00:00","dateModified":"2021-02-02T19:45:28+00:00","breadcrumb":{"@id":"https:\/\/paslode.ca\/fr\/produit\/f325r-compact-framing-nailer\/#breadcrumb"},"inLanguage":"fr-FR","potentialAction":[{"@type":"ReadAction","target":["https:\/\/paslode.ca\/fr\/produit\/f325r-compact-framing-nailer\/"]}]},{"@type":"ImageObject","inLanguage":"fr-FR","@id":"https:\/\/paslode.ca\/fr\/produit\/f325r-compact-framing-nailer\/#primaryimage","url":"https:\/\/paslode.ca\/wp-content\/uploads\/sites\/3\/2020\/07\/Paslode_Pneumatic_513000_F325R_Tool_1.png","contentUrl":"https:\/\/paslode.ca\/wp-content\/uploads\/sites\/3\/2020\/07\/Paslode_Pneumatic_513000_F325R_Tool_1.png","width":453,"height":453},{"@type":"BreadcrumbList","@id":"https:\/\/paslode.ca\/fr\/produit\/f325r-compact-framing-nailer\/#breadcrumb","itemListElement":[{"@type":"ListItem","position":1,"name":"Home","item":"https:\/\/paslode.ca\/fr\/"},{"@type":"ListItem","position":2,"name":"Boutique","item":"https:\/\/paslode.ca\/fr\/boutique\/"},{"@type":"ListItem","position":3,"name":"Cloueuse \u00e0 charpente compacte F325R"}]},{"@type":"WebSite","@id":"https:\/\/paslode.ca\/#website","url":"https:\/\/paslode.ca\/","name":"Paslode","description":"Reputation is Everything","potentialAction":[{"@type":"SearchAction","target":{"@type":"EntryPoint","urlTemplate":"https:\/\/paslode.ca\/?s={search_term_string}"},"query-input":{"@type":"PropertyValueSpecification","valueRequired":true,"valueName":"search_term_string"}}],"inLanguage":"fr-FR"}]}},"_links":{"self":[{"href":"https:\/\/paslode.ca\/fr\/wp-json\/wp\/v2\/product\/7605","targetHints":{"allow":["GET"]}}],"collection":[{"href":"https:\/\/paslode.ca\/fr\/wp-json\/wp\/v2\/product"}],"about":[{"href":"https:\/\/paslode.ca\/fr\/wp-json\/wp\/v2\/types\/product"}],"wp:featuredmedia":[{"embeddable":true,"href":"https:\/\/paslode.ca\/fr\/wp-json\/wp\/v2\/media\/7360"}],"wp:attachment":[{"href":"https:\/\/paslode.ca\/fr\/wp-json\/wp\/v2\/media?parent=7605"}],"wp:term":[{"taxonomy":"product_brand","embeddable":true,"href":"https:\/\/paslode.ca\/fr\/wp-json\/wp\/v2\/product_brand?post=7605"},{"taxonomy":"product_cat","embeddable":true,"href":"https:\/\/paslode.ca\/fr\/wp-json\/wp\/v2\/product_cat?post=7605"},{"taxonomy":"product_tag","embeddable":true,"href":"https:\/\/paslode.ca\/fr\/wp-json\/wp\/v2\/product_tag?post=7605"}],"curies":[{"name":"wp","href":"https:\/\/api.w.org\/{rel}","templated":true}]}}