{"id":7608,"date":"2020-07-06T14:48:34","date_gmt":"2020-07-06T14:48:34","guid":{"rendered":"https:\/\/paslode.ca\/product\/wcs200-16-gauge-wide-15-16-crown-stapler\/"},"modified":"2021-02-02T19:20:00","modified_gmt":"2021-02-02T19:20:00","slug":"wcs200-16-gauge-wide-15-16-crown-stapler","status":"publish","type":"product","link":"https:\/\/paslode.ca\/fr\/produit\/wcs200-16-gauge-wide-15-16-crown-stapler\/","title":{"rendered":"Agrafeuse \u00e0 couronne large de 15\/16 po de calibre 16 WCS200"},"content":{"rendered":"<h4><strong>GR\u00c2CE \u00c0 CE SYST\u00c8ME DE CLOUAGE, VOUS ACCOMPLIREZ LA T\u00c2CHE EN UN RIEN DE TEMPS.<\/strong><\/h4>\n<ul>\n<li>Vitesse &#8211; jusqu&rsquo;\u00e0 10 agrafes par seconde pour s&rsquo;adapter \u00e0 toutes les applications<\/li>\n<li>Puissance &#8211; enfonce les agrafes affleurant \u00e0 la surface dans tous les mat\u00e9riaux<\/li>\n<li>Durabilit\u00e9 &#8211; conception de cartouche robuste enti\u00e8rement en m\u00e9tal<\/li>\n<\/ul>\n<p><strong>CENTRES DE SERVICE PASLODE AUTORIS\u00c9S<\/strong><br \/>\nCliquez <a href=\"https:\/\/paslode.ca\/wp-content\/uploads\/2020\/09\/Service-Centers-2020.pdf\" target=\"_blank\" rel=\"noopener noreferrer\">ici<\/a> pour la liste des centres de service Paslode autoris\u00e9s<\/p>\n<p><strong>ENREGISTREZ VOTRE OUTIL<\/strong><\/p>\n<p>Cliquez <a href=\"https:\/\/paslode.ca\/register-tool\/\" target=\"_blank\" rel=\"noopener noreferrer\">ici<\/a> pour enregistrer votre nouvel outil.<\/p>\n","protected":false},"excerpt":{"rendered":"<p>L&rsquo;agrafeuse \u00e0 couronne large Paslode de cal. 16 est con\u00e7ue pour les charpentiers professionnels avec une vitesse et une puissance qui augmenteront la productivit\u00e9 sur le chantier en vous permettant de travailler rapidement, sans jamais avoir \u00e0 retirer votre marteau pour enfoncer les agrafes. Cette agrafeuse durable r\u00e9sistera \u00e0 toutes les conditions de chantier ou \u00e0 une utilisation industrielle \u00e0 volume \u00e9lev\u00e9.<\/p>\n","protected":false},"featured_media":7371,"template":"","meta":{"_acf_changed":false,"inline_featured_image":false},"product_brand":[],"product_cat":[148,147,150],"product_tag":[],"class_list":{"0":"post-7608","1":"product","2":"type-product","3":"status-publish","4":"has-post-thumbnail","6":"product_cat-outils","7":"product_cat-pneumatic-fr","8":"product_cat-staplers-fr","10":"first","11":"instock","12":"product-type-simple"},"acf":[],"yoast_head":"<!-- This site is optimized with the Yoast SEO plugin v27.2 - https:\/\/yoast.com\/product\/yoast-seo-wordpress\/ -->\n<title>Agrafeuse \u00e0 couronne large de 15\/16 po de calibre 16 WCS200 - Paslode<\/title>\n<meta name=\"robots\" content=\"index, follow, max-snippet:-1, max-image-preview:large, max-video-preview:-1\" \/>\n<link rel=\"canonical\" href=\"https:\/\/paslode.ca\/fr\/produit\/wcs200-16-gauge-wide-15-16-crown-stapler\/\" \/>\n<meta property=\"og:locale\" content=\"fr_FR\" \/>\n<meta property=\"og:type\" content=\"article\" \/>\n<meta property=\"og:title\" content=\"Agrafeuse \u00e0 couronne large de 15\/16 po de calibre 16 WCS200 - Paslode\" \/>\n<meta property=\"og:description\" content=\"L&#039;agrafeuse \u00e0 couronne large Paslode de cal. 16 est con\u00e7ue pour les charpentiers professionnels avec une vitesse et une puissance qui augmenteront la productivit\u00e9 sur le chantier en vous permettant de travailler rapidement, sans jamais avoir \u00e0 retirer votre marteau pour enfoncer les agrafes. Cette agrafeuse durable r\u00e9sistera \u00e0 toutes les conditions de chantier ou \u00e0 une utilisation industrielle \u00e0 volume \u00e9lev\u00e9.\" \/>\n<meta property=\"og:url\" content=\"https:\/\/paslode.ca\/fr\/produit\/wcs200-16-gauge-wide-15-16-crown-stapler\/\" \/>\n<meta property=\"og:site_name\" content=\"Paslode\" \/>\n<meta property=\"article:modified_time\" content=\"2021-02-02T19:20:00+00:00\" \/>\n<meta property=\"og:image\" content=\"https:\/\/paslode.ca\/wp-content\/uploads\/sites\/3\/2020\/07\/Paslode_Pneumatic_515800_Tool.png\" \/>\n\t<meta property=\"og:image:width\" content=\"453\" \/>\n\t<meta property=\"og:image:height\" content=\"453\" \/>\n\t<meta property=\"og:image:type\" content=\"image\/png\" \/>\n<meta name=\"twitter:card\" content=\"summary_large_image\" \/>\n<script type=\"application\/ld+json\" class=\"yoast-schema-graph\">{\"@context\":\"https:\/\/schema.org\",\"@graph\":[{\"@type\":\"WebPage\",\"@id\":\"https:\/\/paslode.ca\/fr\/produit\/wcs200-16-gauge-wide-15-16-crown-stapler\/\",\"url\":\"https:\/\/paslode.ca\/fr\/produit\/wcs200-16-gauge-wide-15-16-crown-stapler\/\",\"name\":\"Agrafeuse \u00e0 couronne large de 15\/16 po de calibre 16 WCS200 - Paslode\",\"isPartOf\":{\"@id\":\"https:\/\/paslode.ca\/#website\"},\"primaryImageOfPage\":{\"@id\":\"https:\/\/paslode.ca\/fr\/produit\/wcs200-16-gauge-wide-15-16-crown-stapler\/#primaryimage\"},\"image\":{\"@id\":\"https:\/\/paslode.ca\/fr\/produit\/wcs200-16-gauge-wide-15-16-crown-stapler\/#primaryimage\"},\"thumbnailUrl\":\"https:\/\/paslode.ca\/wp-content\/uploads\/sites\/3\/2020\/07\/Paslode_Pneumatic_515800_Tool.png\",\"datePublished\":\"2020-07-06T14:48:34+00:00\",\"dateModified\":\"2021-02-02T19:20:00+00:00\",\"breadcrumb\":{\"@id\":\"https:\/\/paslode.ca\/fr\/produit\/wcs200-16-gauge-wide-15-16-crown-stapler\/#breadcrumb\"},\"inLanguage\":\"fr-FR\",\"potentialAction\":[{\"@type\":\"ReadAction\",\"target\":[\"https:\/\/paslode.ca\/fr\/produit\/wcs200-16-gauge-wide-15-16-crown-stapler\/\"]}]},{\"@type\":\"ImageObject\",\"inLanguage\":\"fr-FR\",\"@id\":\"https:\/\/paslode.ca\/fr\/produit\/wcs200-16-gauge-wide-15-16-crown-stapler\/#primaryimage\",\"url\":\"https:\/\/paslode.ca\/wp-content\/uploads\/sites\/3\/2020\/07\/Paslode_Pneumatic_515800_Tool.png\",\"contentUrl\":\"https:\/\/paslode.ca\/wp-content\/uploads\/sites\/3\/2020\/07\/Paslode_Pneumatic_515800_Tool.png\",\"width\":453,\"height\":453},{\"@type\":\"BreadcrumbList\",\"@id\":\"https:\/\/paslode.ca\/fr\/produit\/wcs200-16-gauge-wide-15-16-crown-stapler\/#breadcrumb\",\"itemListElement\":[{\"@type\":\"ListItem\",\"position\":1,\"name\":\"Home\",\"item\":\"https:\/\/paslode.ca\/fr\/\"},{\"@type\":\"ListItem\",\"position\":2,\"name\":\"Boutique\",\"item\":\"https:\/\/paslode.ca\/fr\/boutique\/\"},{\"@type\":\"ListItem\",\"position\":3,\"name\":\"Agrafeuse \u00e0 couronne large de 15\/16 po de calibre 16 WCS200\"}]},{\"@type\":\"WebSite\",\"@id\":\"https:\/\/paslode.ca\/#website\",\"url\":\"https:\/\/paslode.ca\/\",\"name\":\"Paslode\",\"description\":\"Reputation is Everything\",\"potentialAction\":[{\"@type\":\"SearchAction\",\"target\":{\"@type\":\"EntryPoint\",\"urlTemplate\":\"https:\/\/paslode.ca\/?s={search_term_string}\"},\"query-input\":{\"@type\":\"PropertyValueSpecification\",\"valueRequired\":true,\"valueName\":\"search_term_string\"}}],\"inLanguage\":\"fr-FR\"}]}<\/script>\n<!-- \/ Yoast SEO plugin. -->","yoast_head_json":{"title":"Agrafeuse \u00e0 couronne large de 15\/16 po de calibre 16 WCS200 - Paslode","robots":{"index":"index","follow":"follow","max-snippet":"max-snippet:-1","max-image-preview":"max-image-preview:large","max-video-preview":"max-video-preview:-1"},"canonical":"https:\/\/paslode.ca\/fr\/produit\/wcs200-16-gauge-wide-15-16-crown-stapler\/","og_locale":"fr_FR","og_type":"article","og_title":"Agrafeuse \u00e0 couronne large de 15\/16 po de calibre 16 WCS200 - Paslode","og_description":"L'agrafeuse \u00e0 couronne large Paslode de cal. 16 est con\u00e7ue pour les charpentiers professionnels avec une vitesse et une puissance qui augmenteront la productivit\u00e9 sur le chantier en vous permettant de travailler rapidement, sans jamais avoir \u00e0 retirer votre marteau pour enfoncer les agrafes. Cette agrafeuse durable r\u00e9sistera \u00e0 toutes les conditions de chantier ou \u00e0 une utilisation industrielle \u00e0 volume \u00e9lev\u00e9.","og_url":"https:\/\/paslode.ca\/fr\/produit\/wcs200-16-gauge-wide-15-16-crown-stapler\/","og_site_name":"Paslode","article_modified_time":"2021-02-02T19:20:00+00:00","og_image":[{"width":453,"height":453,"url":"https:\/\/paslode.ca\/wp-content\/uploads\/sites\/3\/2020\/07\/Paslode_Pneumatic_515800_Tool.png","type":"image\/png"}],"twitter_card":"summary_large_image","schema":{"@context":"https:\/\/schema.org","@graph":[{"@type":"WebPage","@id":"https:\/\/paslode.ca\/fr\/produit\/wcs200-16-gauge-wide-15-16-crown-stapler\/","url":"https:\/\/paslode.ca\/fr\/produit\/wcs200-16-gauge-wide-15-16-crown-stapler\/","name":"Agrafeuse \u00e0 couronne large de 15\/16 po de calibre 16 WCS200 - Paslode","isPartOf":{"@id":"https:\/\/paslode.ca\/#website"},"primaryImageOfPage":{"@id":"https:\/\/paslode.ca\/fr\/produit\/wcs200-16-gauge-wide-15-16-crown-stapler\/#primaryimage"},"image":{"@id":"https:\/\/paslode.ca\/fr\/produit\/wcs200-16-gauge-wide-15-16-crown-stapler\/#primaryimage"},"thumbnailUrl":"https:\/\/paslode.ca\/wp-content\/uploads\/sites\/3\/2020\/07\/Paslode_Pneumatic_515800_Tool.png","datePublished":"2020-07-06T14:48:34+00:00","dateModified":"2021-02-02T19:20:00+00:00","breadcrumb":{"@id":"https:\/\/paslode.ca\/fr\/produit\/wcs200-16-gauge-wide-15-16-crown-stapler\/#breadcrumb"},"inLanguage":"fr-FR","potentialAction":[{"@type":"ReadAction","target":["https:\/\/paslode.ca\/fr\/produit\/wcs200-16-gauge-wide-15-16-crown-stapler\/"]}]},{"@type":"ImageObject","inLanguage":"fr-FR","@id":"https:\/\/paslode.ca\/fr\/produit\/wcs200-16-gauge-wide-15-16-crown-stapler\/#primaryimage","url":"https:\/\/paslode.ca\/wp-content\/uploads\/sites\/3\/2020\/07\/Paslode_Pneumatic_515800_Tool.png","contentUrl":"https:\/\/paslode.ca\/wp-content\/uploads\/sites\/3\/2020\/07\/Paslode_Pneumatic_515800_Tool.png","width":453,"height":453},{"@type":"BreadcrumbList","@id":"https:\/\/paslode.ca\/fr\/produit\/wcs200-16-gauge-wide-15-16-crown-stapler\/#breadcrumb","itemListElement":[{"@type":"ListItem","position":1,"name":"Home","item":"https:\/\/paslode.ca\/fr\/"},{"@type":"ListItem","position":2,"name":"Boutique","item":"https:\/\/paslode.ca\/fr\/boutique\/"},{"@type":"ListItem","position":3,"name":"Agrafeuse \u00e0 couronne large de 15\/16 po de calibre 16 WCS200"}]},{"@type":"WebSite","@id":"https:\/\/paslode.ca\/#website","url":"https:\/\/paslode.ca\/","name":"Paslode","description":"Reputation is Everything","potentialAction":[{"@type":"SearchAction","target":{"@type":"EntryPoint","urlTemplate":"https:\/\/paslode.ca\/?s={search_term_string}"},"query-input":{"@type":"PropertyValueSpecification","valueRequired":true,"valueName":"search_term_string"}}],"inLanguage":"fr-FR"}]}},"_links":{"self":[{"href":"https:\/\/paslode.ca\/fr\/wp-json\/wp\/v2\/product\/7608","targetHints":{"allow":["GET"]}}],"collection":[{"href":"https:\/\/paslode.ca\/fr\/wp-json\/wp\/v2\/product"}],"about":[{"href":"https:\/\/paslode.ca\/fr\/wp-json\/wp\/v2\/types\/product"}],"wp:featuredmedia":[{"embeddable":true,"href":"https:\/\/paslode.ca\/fr\/wp-json\/wp\/v2\/media\/7371"}],"wp:attachment":[{"href":"https:\/\/paslode.ca\/fr\/wp-json\/wp\/v2\/media?parent=7608"}],"wp:term":[{"taxonomy":"product_brand","embeddable":true,"href":"https:\/\/paslode.ca\/fr\/wp-json\/wp\/v2\/product_brand?post=7608"},{"taxonomy":"product_cat","embeddable":true,"href":"https:\/\/paslode.ca\/fr\/wp-json\/wp\/v2\/product_cat?post=7608"},{"taxonomy":"product_tag","embeddable":true,"href":"https:\/\/paslode.ca\/fr\/wp-json\/wp\/v2\/product_tag?post=7608"}],"curies":[{"name":"wp","href":"https:\/\/api.w.org\/{rel}","templated":true}]}}