{"id":7610,"date":"2020-07-06T14:48:34","date_gmt":"2020-07-06T14:48:34","guid":{"rendered":"https:\/\/paslode.ca\/product\/imli200-18-gauge-short-mag-brad-nailer\/"},"modified":"2021-02-02T21:00:17","modified_gmt":"2021-02-02T21:00:17","slug":"imli200-18-gauge-short-mag-brad-nailer","status":"publish","type":"product","link":"https:\/\/paslode.ca\/fr\/produit\/imli200-18-gauge-short-mag-brad-nailer\/","title":{"rendered":"Cloueuse de finition \u00e0 cartouche courte IMLi200 de calibre 18"},"content":{"rendered":"<h4><strong>LORSQUE VOUS AVEZ BESOIN DE PR\u00c9CISION DANS DES ESPACES RESTREINTS, FIEZ-VOUS AU SYST\u00c8ME DE CLOUAGE DE FINITION SANS FIL L\u00c9GER DE PASLODE.<\/strong><\/h4>\n<ul>\n<li>Li-Ion pour 50 % de tirs en plus (12 000) par charge<\/li>\n<li>Charge rapide \u00e0 80 % en 30 minutes<\/li>\n<li>La cloueuse de finition de cal. 18 la plus l\u00e9g\u00e8re sur le march\u00e9 &#8211; seulement 4,25 lb.<\/li>\n<\/ul>\n<p><strong>CENTRES DE SERVICE PASLODE AUTORIS\u00c9S<\/strong><br \/>\nCliquez <a href=\"https:\/\/paslode.ca\/wp-content\/uploads\/2020\/09\/Service-Centers-2020.pdf\" target=\"_blank\" rel=\"noopener noreferrer\">ici<\/a> pour la liste des centres de service Paslode autoris\u00e9s<\/p>\n<p><strong>ENREGISTREZ VOTRE OUTIL<\/strong><\/p>\n<p>Cliquez <a href=\"https:\/\/paslode.ca\/register-tool\/\" target=\"_blank\" rel=\"noopener noreferrer\">ici<\/a> pour enregistrer votre nouvel outil.<\/p>\n","protected":false},"excerpt":{"rendered":"<p>La NOUVELLE cloueuse de finition sans cordon Li-ion Paslode de cal. 18 est la cloueuse id\u00e9ale pour tous vos projets de finition. Cet outil offre un acc\u00e8s sup\u00e9rieur aux espaces restreints afin que vous puissiez enfoncer des fixations dans des zones difficiles d\u2019acc\u00e8s. Cette cloueuse fiable rend votre travail plus facile que jamais, enfon\u00e7ant chaque clou dans tous les types de garniture. Enfin, \u00e0 4,25 lb, il s&rsquo;agit de la cloueuse de finition sans fil la plus l\u00e9g\u00e8re du march\u00e9.<\/p>\n","protected":false},"featured_media":7377,"template":"","meta":{"_acf_changed":false,"inline_featured_image":false},"product_brand":[],"product_cat":[149,148,151],"product_tag":[],"class_list":{"0":"post-7610","1":"product","2":"type-product","3":"status-publish","4":"has-post-thumbnail","6":"product_cat-cordless-fr","7":"product_cat-outils","8":"product_cat-trim-finish-fr","10":"first","11":"instock","12":"product-type-simple"},"acf":[],"yoast_head":"<!-- This site is optimized with the Yoast SEO plugin v27.2 - https:\/\/yoast.com\/product\/yoast-seo-wordpress\/ -->\n<title>Cloueuse de finition \u00e0 cartouche courte IMLi200 de calibre 18 - Paslode<\/title>\n<meta name=\"robots\" content=\"index, follow, max-snippet:-1, max-image-preview:large, max-video-preview:-1\" \/>\n<link rel=\"canonical\" href=\"https:\/\/paslode.ca\/fr\/produit\/imli200-18-gauge-short-mag-brad-nailer\/\" \/>\n<meta property=\"og:locale\" content=\"fr_FR\" \/>\n<meta property=\"og:type\" content=\"article\" \/>\n<meta property=\"og:title\" content=\"Cloueuse de finition \u00e0 cartouche courte IMLi200 de calibre 18 - Paslode\" \/>\n<meta property=\"og:description\" content=\"La NOUVELLE cloueuse de finition sans cordon Li-ion Paslode de cal. 18 est la cloueuse id\u00e9ale pour tous vos projets de finition. Cet outil offre un acc\u00e8s sup\u00e9rieur aux espaces restreints afin que vous puissiez enfoncer des fixations dans des zones difficiles d\u2019acc\u00e8s. Cette cloueuse fiable rend votre travail plus facile que jamais, enfon\u00e7ant chaque clou dans tous les types de garniture. Enfin, \u00e0 4,25 lb, il s&#039;agit de la cloueuse de finition sans fil la plus l\u00e9g\u00e8re du march\u00e9.\" \/>\n<meta property=\"og:url\" content=\"https:\/\/paslode.ca\/fr\/produit\/imli200-18-gauge-short-mag-brad-nailer\/\" \/>\n<meta property=\"og:site_name\" content=\"Paslode\" \/>\n<meta property=\"article:modified_time\" content=\"2021-02-02T21:00:17+00:00\" \/>\n<meta property=\"og:image\" content=\"https:\/\/paslode.ca\/wp-content\/uploads\/sites\/3\/2020\/07\/Paslode_Cordless_918150_Tool_1.png\" \/>\n\t<meta property=\"og:image:width\" content=\"453\" \/>\n\t<meta property=\"og:image:height\" content=\"453\" \/>\n\t<meta property=\"og:image:type\" content=\"image\/png\" \/>\n<meta name=\"twitter:card\" content=\"summary_large_image\" \/>\n<script type=\"application\/ld+json\" class=\"yoast-schema-graph\">{\"@context\":\"https:\/\/schema.org\",\"@graph\":[{\"@type\":\"WebPage\",\"@id\":\"https:\/\/paslode.ca\/fr\/produit\/imli200-18-gauge-short-mag-brad-nailer\/\",\"url\":\"https:\/\/paslode.ca\/fr\/produit\/imli200-18-gauge-short-mag-brad-nailer\/\",\"name\":\"Cloueuse de finition \u00e0 cartouche courte IMLi200 de calibre 18 - Paslode\",\"isPartOf\":{\"@id\":\"https:\/\/paslode.ca\/#website\"},\"primaryImageOfPage\":{\"@id\":\"https:\/\/paslode.ca\/fr\/produit\/imli200-18-gauge-short-mag-brad-nailer\/#primaryimage\"},\"image\":{\"@id\":\"https:\/\/paslode.ca\/fr\/produit\/imli200-18-gauge-short-mag-brad-nailer\/#primaryimage\"},\"thumbnailUrl\":\"https:\/\/paslode.ca\/wp-content\/uploads\/sites\/3\/2020\/07\/Paslode_Cordless_918150_Tool_1.png\",\"datePublished\":\"2020-07-06T14:48:34+00:00\",\"dateModified\":\"2021-02-02T21:00:17+00:00\",\"breadcrumb\":{\"@id\":\"https:\/\/paslode.ca\/fr\/produit\/imli200-18-gauge-short-mag-brad-nailer\/#breadcrumb\"},\"inLanguage\":\"fr-FR\",\"potentialAction\":[{\"@type\":\"ReadAction\",\"target\":[\"https:\/\/paslode.ca\/fr\/produit\/imli200-18-gauge-short-mag-brad-nailer\/\"]}]},{\"@type\":\"ImageObject\",\"inLanguage\":\"fr-FR\",\"@id\":\"https:\/\/paslode.ca\/fr\/produit\/imli200-18-gauge-short-mag-brad-nailer\/#primaryimage\",\"url\":\"https:\/\/paslode.ca\/wp-content\/uploads\/sites\/3\/2020\/07\/Paslode_Cordless_918150_Tool_1.png\",\"contentUrl\":\"https:\/\/paslode.ca\/wp-content\/uploads\/sites\/3\/2020\/07\/Paslode_Cordless_918150_Tool_1.png\",\"width\":453,\"height\":453},{\"@type\":\"BreadcrumbList\",\"@id\":\"https:\/\/paslode.ca\/fr\/produit\/imli200-18-gauge-short-mag-brad-nailer\/#breadcrumb\",\"itemListElement\":[{\"@type\":\"ListItem\",\"position\":1,\"name\":\"Home\",\"item\":\"https:\/\/paslode.ca\/fr\/\"},{\"@type\":\"ListItem\",\"position\":2,\"name\":\"Boutique\",\"item\":\"https:\/\/paslode.ca\/fr\/boutique\/\"},{\"@type\":\"ListItem\",\"position\":3,\"name\":\"Cloueuse de finition \u00e0 cartouche courte IMLi200 de calibre 18\"}]},{\"@type\":\"WebSite\",\"@id\":\"https:\/\/paslode.ca\/#website\",\"url\":\"https:\/\/paslode.ca\/\",\"name\":\"Paslode\",\"description\":\"Reputation is Everything\",\"potentialAction\":[{\"@type\":\"SearchAction\",\"target\":{\"@type\":\"EntryPoint\",\"urlTemplate\":\"https:\/\/paslode.ca\/?s={search_term_string}\"},\"query-input\":{\"@type\":\"PropertyValueSpecification\",\"valueRequired\":true,\"valueName\":\"search_term_string\"}}],\"inLanguage\":\"fr-FR\"}]}<\/script>\n<!-- \/ Yoast SEO plugin. -->","yoast_head_json":{"title":"Cloueuse de finition \u00e0 cartouche courte IMLi200 de calibre 18 - Paslode","robots":{"index":"index","follow":"follow","max-snippet":"max-snippet:-1","max-image-preview":"max-image-preview:large","max-video-preview":"max-video-preview:-1"},"canonical":"https:\/\/paslode.ca\/fr\/produit\/imli200-18-gauge-short-mag-brad-nailer\/","og_locale":"fr_FR","og_type":"article","og_title":"Cloueuse de finition \u00e0 cartouche courte IMLi200 de calibre 18 - Paslode","og_description":"La NOUVELLE cloueuse de finition sans cordon Li-ion Paslode de cal. 18 est la cloueuse id\u00e9ale pour tous vos projets de finition. Cet outil offre un acc\u00e8s sup\u00e9rieur aux espaces restreints afin que vous puissiez enfoncer des fixations dans des zones difficiles d\u2019acc\u00e8s. Cette cloueuse fiable rend votre travail plus facile que jamais, enfon\u00e7ant chaque clou dans tous les types de garniture. Enfin, \u00e0 4,25 lb, il s'agit de la cloueuse de finition sans fil la plus l\u00e9g\u00e8re du march\u00e9.","og_url":"https:\/\/paslode.ca\/fr\/produit\/imli200-18-gauge-short-mag-brad-nailer\/","og_site_name":"Paslode","article_modified_time":"2021-02-02T21:00:17+00:00","og_image":[{"width":453,"height":453,"url":"https:\/\/paslode.ca\/wp-content\/uploads\/sites\/3\/2020\/07\/Paslode_Cordless_918150_Tool_1.png","type":"image\/png"}],"twitter_card":"summary_large_image","schema":{"@context":"https:\/\/schema.org","@graph":[{"@type":"WebPage","@id":"https:\/\/paslode.ca\/fr\/produit\/imli200-18-gauge-short-mag-brad-nailer\/","url":"https:\/\/paslode.ca\/fr\/produit\/imli200-18-gauge-short-mag-brad-nailer\/","name":"Cloueuse de finition \u00e0 cartouche courte IMLi200 de calibre 18 - Paslode","isPartOf":{"@id":"https:\/\/paslode.ca\/#website"},"primaryImageOfPage":{"@id":"https:\/\/paslode.ca\/fr\/produit\/imli200-18-gauge-short-mag-brad-nailer\/#primaryimage"},"image":{"@id":"https:\/\/paslode.ca\/fr\/produit\/imli200-18-gauge-short-mag-brad-nailer\/#primaryimage"},"thumbnailUrl":"https:\/\/paslode.ca\/wp-content\/uploads\/sites\/3\/2020\/07\/Paslode_Cordless_918150_Tool_1.png","datePublished":"2020-07-06T14:48:34+00:00","dateModified":"2021-02-02T21:00:17+00:00","breadcrumb":{"@id":"https:\/\/paslode.ca\/fr\/produit\/imli200-18-gauge-short-mag-brad-nailer\/#breadcrumb"},"inLanguage":"fr-FR","potentialAction":[{"@type":"ReadAction","target":["https:\/\/paslode.ca\/fr\/produit\/imli200-18-gauge-short-mag-brad-nailer\/"]}]},{"@type":"ImageObject","inLanguage":"fr-FR","@id":"https:\/\/paslode.ca\/fr\/produit\/imli200-18-gauge-short-mag-brad-nailer\/#primaryimage","url":"https:\/\/paslode.ca\/wp-content\/uploads\/sites\/3\/2020\/07\/Paslode_Cordless_918150_Tool_1.png","contentUrl":"https:\/\/paslode.ca\/wp-content\/uploads\/sites\/3\/2020\/07\/Paslode_Cordless_918150_Tool_1.png","width":453,"height":453},{"@type":"BreadcrumbList","@id":"https:\/\/paslode.ca\/fr\/produit\/imli200-18-gauge-short-mag-brad-nailer\/#breadcrumb","itemListElement":[{"@type":"ListItem","position":1,"name":"Home","item":"https:\/\/paslode.ca\/fr\/"},{"@type":"ListItem","position":2,"name":"Boutique","item":"https:\/\/paslode.ca\/fr\/boutique\/"},{"@type":"ListItem","position":3,"name":"Cloueuse de finition \u00e0 cartouche courte IMLi200 de calibre 18"}]},{"@type":"WebSite","@id":"https:\/\/paslode.ca\/#website","url":"https:\/\/paslode.ca\/","name":"Paslode","description":"Reputation is Everything","potentialAction":[{"@type":"SearchAction","target":{"@type":"EntryPoint","urlTemplate":"https:\/\/paslode.ca\/?s={search_term_string}"},"query-input":{"@type":"PropertyValueSpecification","valueRequired":true,"valueName":"search_term_string"}}],"inLanguage":"fr-FR"}]}},"_links":{"self":[{"href":"https:\/\/paslode.ca\/fr\/wp-json\/wp\/v2\/product\/7610","targetHints":{"allow":["GET"]}}],"collection":[{"href":"https:\/\/paslode.ca\/fr\/wp-json\/wp\/v2\/product"}],"about":[{"href":"https:\/\/paslode.ca\/fr\/wp-json\/wp\/v2\/types\/product"}],"wp:featuredmedia":[{"embeddable":true,"href":"https:\/\/paslode.ca\/fr\/wp-json\/wp\/v2\/media\/7377"}],"wp:attachment":[{"href":"https:\/\/paslode.ca\/fr\/wp-json\/wp\/v2\/media?parent=7610"}],"wp:term":[{"taxonomy":"product_brand","embeddable":true,"href":"https:\/\/paslode.ca\/fr\/wp-json\/wp\/v2\/product_brand?post=7610"},{"taxonomy":"product_cat","embeddable":true,"href":"https:\/\/paslode.ca\/fr\/wp-json\/wp\/v2\/product_cat?post=7610"},{"taxonomy":"product_tag","embeddable":true,"href":"https:\/\/paslode.ca\/fr\/wp-json\/wp\/v2\/product_tag?post=7610"}],"curies":[{"name":"wp","href":"https:\/\/api.w.org\/{rel}","templated":true}]}}