{"id":7611,"date":"2020-07-06T14:48:34","date_gmt":"2020-07-06T14:48:34","guid":{"rendered":"https:\/\/paslode.ca\/product\/imli200-18-gauge-brad-nailer\/"},"modified":"2021-02-02T20:59:31","modified_gmt":"2021-02-02T20:59:31","slug":"imli200-18-gauge-brad-nailer","status":"publish","type":"product","link":"https:\/\/paslode.ca\/fr\/produit\/imli200-18-gauge-brad-nailer\/","title":{"rendered":"Cloueuse de finition IMLi200 de calibre 18"},"content":{"rendered":"<h4><strong>LORSQUE VOUS AVEZ BESOIN DE PR\u00c9CISION DANS DES ESPACES RESTREINTS, FIEZ-VOUS AU SYST\u00c8ME DE CLOUAGE DE FINITION SANS CORDON L\u00c9GER DE PASLODE.<\/strong><\/h4>\n<ul>\n<li>Li-Ion pour 50 % de tirs en plus (12 000) par charge<\/li>\n<li>Charge rapide \u00e0 80 % en 30 minutes<\/li>\n<li>La nouvelle position de veille de la batterie conserve la charge<\/li>\n<li>Nouvelle molette de profondeur plus facile<\/li>\n<li>Nouveau crochet de ceinture r\u00e9versible<\/li>\n<li>8 % plus l\u00e9g\u00e8re &#8211; 4,5 lb avec batterie (par rapport \u00e0 la batterie Ni-Cad)<\/li>\n<\/ul>\n<p><strong>CENTRES DE SERVICE PASLODE AUTORIS\u00c9S<\/strong><br \/>\nCliquez <a href=\"https:\/\/paslode.ca\/wp-content\/uploads\/2020\/09\/Service-Centers-2020.pdf\" target=\"_blank\" rel=\"noopener noreferrer\">ici<\/a> pour la liste des centres de service Paslode autoris\u00e9s<\/p>\n<p><strong>ENREGISTREZ VOTRE OUTIL<\/strong><\/p>\n<p>Cliquez <a href=\"https:\/\/paslode.ca\/register-tool\/\" target=\"_blank\" rel=\"noopener noreferrer\">ici<\/a> pour enregistrer votre nouvel outil.<\/p>\n","protected":false},"excerpt":{"rendered":"<p>La cloueuse de finition sans cordon cal. 18 de Paslode est con\u00e7ue pour un placement pr\u00e9cis des clous et des travaux de finition d\u00e9taill\u00e9s. Ne pesant que 4,6 lb, notre cloueuse Li-ion sans cordon de cal. 18 est l&rsquo;une des cloueuses de finition sans fil les plus l\u00e9g\u00e8res du march\u00e9, ce qui aidera \u00e0 r\u00e9duire la fatigue sur le chantier et \u00e0 offrir un meilleur contr\u00f4le. La conception compacte offre une maniabilit\u00e9 sup\u00e9rieure pour un placement pr\u00e9cis des clous dans des espaces restreints et une vari\u00e9t\u00e9 de conditions de travail, telles qu\u2019au-dessus de la t\u00eate, \u00e0 genoux et sur des \u00e9chelles.<\/p>\n","protected":false},"featured_media":7384,"template":"","meta":{"_acf_changed":false,"inline_featured_image":false},"product_brand":[],"product_cat":[149,148,151],"product_tag":[],"class_list":{"0":"post-7611","1":"product","2":"type-product","3":"status-publish","4":"has-post-thumbnail","6":"product_cat-cordless-fr","7":"product_cat-outils","8":"product_cat-trim-finish-fr","10":"first","11":"instock","12":"product-type-simple"},"acf":[],"yoast_head":"<!-- This site is optimized with the Yoast SEO plugin v27.2 - https:\/\/yoast.com\/product\/yoast-seo-wordpress\/ -->\n<title>Cloueuse de finition IMLi200 de calibre 18 - Paslode<\/title>\n<meta name=\"robots\" content=\"index, follow, max-snippet:-1, max-image-preview:large, max-video-preview:-1\" \/>\n<link rel=\"canonical\" href=\"https:\/\/paslode.ca\/fr\/produit\/imli200-18-gauge-brad-nailer\/\" \/>\n<meta property=\"og:locale\" content=\"fr_FR\" \/>\n<meta property=\"og:type\" content=\"article\" \/>\n<meta property=\"og:title\" content=\"Cloueuse de finition IMLi200 de calibre 18 - Paslode\" \/>\n<meta property=\"og:description\" content=\"La cloueuse de finition sans cordon cal. 18 de Paslode est con\u00e7ue pour un placement pr\u00e9cis des clous et des travaux de finition d\u00e9taill\u00e9s. Ne pesant que 4,6 lb, notre cloueuse Li-ion sans cordon de cal. 18 est l&#039;une des cloueuses de finition sans fil les plus l\u00e9g\u00e8res du march\u00e9, ce qui aidera \u00e0 r\u00e9duire la fatigue sur le chantier et \u00e0 offrir un meilleur contr\u00f4le. La conception compacte offre une maniabilit\u00e9 sup\u00e9rieure pour un placement pr\u00e9cis des clous dans des espaces restreints et une vari\u00e9t\u00e9 de conditions de travail, telles qu\u2019au-dessus de la t\u00eate, \u00e0 genoux et sur des \u00e9chelles.\" \/>\n<meta property=\"og:url\" content=\"https:\/\/paslode.ca\/fr\/produit\/imli200-18-gauge-brad-nailer\/\" \/>\n<meta property=\"og:site_name\" content=\"Paslode\" \/>\n<meta property=\"article:modified_time\" content=\"2021-02-02T20:59:31+00:00\" \/>\n<meta property=\"og:image\" content=\"https:\/\/paslode.ca\/wp-content\/uploads\/sites\/3\/2020\/07\/Paslode_Cordless_903700_Tool_1-1.png\" \/>\n\t<meta property=\"og:image:width\" content=\"453\" \/>\n\t<meta property=\"og:image:height\" content=\"453\" \/>\n\t<meta property=\"og:image:type\" content=\"image\/png\" \/>\n<meta name=\"twitter:card\" content=\"summary_large_image\" \/>\n<meta name=\"twitter:label1\" content=\"Dur\u00e9e de lecture estim\u00e9e\" \/>\n\t<meta name=\"twitter:data1\" content=\"1 minute\" \/>\n<script type=\"application\/ld+json\" class=\"yoast-schema-graph\">{\"@context\":\"https:\/\/schema.org\",\"@graph\":[{\"@type\":\"WebPage\",\"@id\":\"https:\/\/paslode.ca\/fr\/produit\/imli200-18-gauge-brad-nailer\/\",\"url\":\"https:\/\/paslode.ca\/fr\/produit\/imli200-18-gauge-brad-nailer\/\",\"name\":\"Cloueuse de finition IMLi200 de calibre 18 - Paslode\",\"isPartOf\":{\"@id\":\"https:\/\/paslode.ca\/#website\"},\"primaryImageOfPage\":{\"@id\":\"https:\/\/paslode.ca\/fr\/produit\/imli200-18-gauge-brad-nailer\/#primaryimage\"},\"image\":{\"@id\":\"https:\/\/paslode.ca\/fr\/produit\/imli200-18-gauge-brad-nailer\/#primaryimage\"},\"thumbnailUrl\":\"https:\/\/paslode.ca\/wp-content\/uploads\/sites\/3\/2020\/07\/Paslode_Cordless_903700_Tool_1-1.png\",\"datePublished\":\"2020-07-06T14:48:34+00:00\",\"dateModified\":\"2021-02-02T20:59:31+00:00\",\"breadcrumb\":{\"@id\":\"https:\/\/paslode.ca\/fr\/produit\/imli200-18-gauge-brad-nailer\/#breadcrumb\"},\"inLanguage\":\"fr-FR\",\"potentialAction\":[{\"@type\":\"ReadAction\",\"target\":[\"https:\/\/paslode.ca\/fr\/produit\/imli200-18-gauge-brad-nailer\/\"]}]},{\"@type\":\"ImageObject\",\"inLanguage\":\"fr-FR\",\"@id\":\"https:\/\/paslode.ca\/fr\/produit\/imli200-18-gauge-brad-nailer\/#primaryimage\",\"url\":\"https:\/\/paslode.ca\/wp-content\/uploads\/sites\/3\/2020\/07\/Paslode_Cordless_903700_Tool_1-1.png\",\"contentUrl\":\"https:\/\/paslode.ca\/wp-content\/uploads\/sites\/3\/2020\/07\/Paslode_Cordless_903700_Tool_1-1.png\",\"width\":453,\"height\":453},{\"@type\":\"BreadcrumbList\",\"@id\":\"https:\/\/paslode.ca\/fr\/produit\/imli200-18-gauge-brad-nailer\/#breadcrumb\",\"itemListElement\":[{\"@type\":\"ListItem\",\"position\":1,\"name\":\"Home\",\"item\":\"https:\/\/paslode.ca\/fr\/\"},{\"@type\":\"ListItem\",\"position\":2,\"name\":\"Boutique\",\"item\":\"https:\/\/paslode.ca\/fr\/boutique\/\"},{\"@type\":\"ListItem\",\"position\":3,\"name\":\"Cloueuse de finition IMLi200 de calibre 18\"}]},{\"@type\":\"WebSite\",\"@id\":\"https:\/\/paslode.ca\/#website\",\"url\":\"https:\/\/paslode.ca\/\",\"name\":\"Paslode\",\"description\":\"Reputation is Everything\",\"potentialAction\":[{\"@type\":\"SearchAction\",\"target\":{\"@type\":\"EntryPoint\",\"urlTemplate\":\"https:\/\/paslode.ca\/?s={search_term_string}\"},\"query-input\":{\"@type\":\"PropertyValueSpecification\",\"valueRequired\":true,\"valueName\":\"search_term_string\"}}],\"inLanguage\":\"fr-FR\"}]}<\/script>\n<!-- \/ Yoast SEO plugin. -->","yoast_head_json":{"title":"Cloueuse de finition IMLi200 de calibre 18 - Paslode","robots":{"index":"index","follow":"follow","max-snippet":"max-snippet:-1","max-image-preview":"max-image-preview:large","max-video-preview":"max-video-preview:-1"},"canonical":"https:\/\/paslode.ca\/fr\/produit\/imli200-18-gauge-brad-nailer\/","og_locale":"fr_FR","og_type":"article","og_title":"Cloueuse de finition IMLi200 de calibre 18 - Paslode","og_description":"La cloueuse de finition sans cordon cal. 18 de Paslode est con\u00e7ue pour un placement pr\u00e9cis des clous et des travaux de finition d\u00e9taill\u00e9s. Ne pesant que 4,6 lb, notre cloueuse Li-ion sans cordon de cal. 18 est l'une des cloueuses de finition sans fil les plus l\u00e9g\u00e8res du march\u00e9, ce qui aidera \u00e0 r\u00e9duire la fatigue sur le chantier et \u00e0 offrir un meilleur contr\u00f4le. La conception compacte offre une maniabilit\u00e9 sup\u00e9rieure pour un placement pr\u00e9cis des clous dans des espaces restreints et une vari\u00e9t\u00e9 de conditions de travail, telles qu\u2019au-dessus de la t\u00eate, \u00e0 genoux et sur des \u00e9chelles.","og_url":"https:\/\/paslode.ca\/fr\/produit\/imli200-18-gauge-brad-nailer\/","og_site_name":"Paslode","article_modified_time":"2021-02-02T20:59:31+00:00","og_image":[{"width":453,"height":453,"url":"https:\/\/paslode.ca\/wp-content\/uploads\/sites\/3\/2020\/07\/Paslode_Cordless_903700_Tool_1-1.png","type":"image\/png"}],"twitter_card":"summary_large_image","twitter_misc":{"Dur\u00e9e de lecture estim\u00e9e":"1 minute"},"schema":{"@context":"https:\/\/schema.org","@graph":[{"@type":"WebPage","@id":"https:\/\/paslode.ca\/fr\/produit\/imli200-18-gauge-brad-nailer\/","url":"https:\/\/paslode.ca\/fr\/produit\/imli200-18-gauge-brad-nailer\/","name":"Cloueuse de finition IMLi200 de calibre 18 - Paslode","isPartOf":{"@id":"https:\/\/paslode.ca\/#website"},"primaryImageOfPage":{"@id":"https:\/\/paslode.ca\/fr\/produit\/imli200-18-gauge-brad-nailer\/#primaryimage"},"image":{"@id":"https:\/\/paslode.ca\/fr\/produit\/imli200-18-gauge-brad-nailer\/#primaryimage"},"thumbnailUrl":"https:\/\/paslode.ca\/wp-content\/uploads\/sites\/3\/2020\/07\/Paslode_Cordless_903700_Tool_1-1.png","datePublished":"2020-07-06T14:48:34+00:00","dateModified":"2021-02-02T20:59:31+00:00","breadcrumb":{"@id":"https:\/\/paslode.ca\/fr\/produit\/imli200-18-gauge-brad-nailer\/#breadcrumb"},"inLanguage":"fr-FR","potentialAction":[{"@type":"ReadAction","target":["https:\/\/paslode.ca\/fr\/produit\/imli200-18-gauge-brad-nailer\/"]}]},{"@type":"ImageObject","inLanguage":"fr-FR","@id":"https:\/\/paslode.ca\/fr\/produit\/imli200-18-gauge-brad-nailer\/#primaryimage","url":"https:\/\/paslode.ca\/wp-content\/uploads\/sites\/3\/2020\/07\/Paslode_Cordless_903700_Tool_1-1.png","contentUrl":"https:\/\/paslode.ca\/wp-content\/uploads\/sites\/3\/2020\/07\/Paslode_Cordless_903700_Tool_1-1.png","width":453,"height":453},{"@type":"BreadcrumbList","@id":"https:\/\/paslode.ca\/fr\/produit\/imli200-18-gauge-brad-nailer\/#breadcrumb","itemListElement":[{"@type":"ListItem","position":1,"name":"Home","item":"https:\/\/paslode.ca\/fr\/"},{"@type":"ListItem","position":2,"name":"Boutique","item":"https:\/\/paslode.ca\/fr\/boutique\/"},{"@type":"ListItem","position":3,"name":"Cloueuse de finition IMLi200 de calibre 18"}]},{"@type":"WebSite","@id":"https:\/\/paslode.ca\/#website","url":"https:\/\/paslode.ca\/","name":"Paslode","description":"Reputation is Everything","potentialAction":[{"@type":"SearchAction","target":{"@type":"EntryPoint","urlTemplate":"https:\/\/paslode.ca\/?s={search_term_string}"},"query-input":{"@type":"PropertyValueSpecification","valueRequired":true,"valueName":"search_term_string"}}],"inLanguage":"fr-FR"}]}},"_links":{"self":[{"href":"https:\/\/paslode.ca\/fr\/wp-json\/wp\/v2\/product\/7611","targetHints":{"allow":["GET"]}}],"collection":[{"href":"https:\/\/paslode.ca\/fr\/wp-json\/wp\/v2\/product"}],"about":[{"href":"https:\/\/paslode.ca\/fr\/wp-json\/wp\/v2\/types\/product"}],"wp:featuredmedia":[{"embeddable":true,"href":"https:\/\/paslode.ca\/fr\/wp-json\/wp\/v2\/media\/7384"}],"wp:attachment":[{"href":"https:\/\/paslode.ca\/fr\/wp-json\/wp\/v2\/media?parent=7611"}],"wp:term":[{"taxonomy":"product_brand","embeddable":true,"href":"https:\/\/paslode.ca\/fr\/wp-json\/wp\/v2\/product_brand?post=7611"},{"taxonomy":"product_cat","embeddable":true,"href":"https:\/\/paslode.ca\/fr\/wp-json\/wp\/v2\/product_cat?post=7611"},{"taxonomy":"product_tag","embeddable":true,"href":"https:\/\/paslode.ca\/fr\/wp-json\/wp\/v2\/product_tag?post=7611"}],"curies":[{"name":"wp","href":"https:\/\/api.w.org\/{rel}","templated":true}]}}