{"id":7612,"date":"2020-07-06T14:48:34","date_gmt":"2020-07-06T14:48:34","guid":{"rendered":"https:\/\/paslode.ca\/product\/imli250-16-gauge-straight-finish-nailer\/"},"modified":"2021-02-02T20:42:16","modified_gmt":"2021-02-02T20:42:16","slug":"imli250-16-gauge-straight-finish-nailer","status":"publish","type":"product","link":"https:\/\/paslode.ca\/fr\/produit\/imli250-16-gauge-straight-finish-nailer\/","title":{"rendered":"Cloueuse de finition droite  IMLi250 de calibre 16"},"content":{"rendered":"<h4><strong>LORSQUE VOUS AVEZ BESOIN DE PR\u00c9CISION DANS DES ESPACES RESTREINTS, FIEZ-VOUS AU SYST\u00c8ME DE CLOUAGE DE FINITION L\u00c9GER SANS CORDON DE PASLODE.<\/strong><\/h4>\n<ul>\n<li>Li-Ion pour 50 % de tirs en plus (12 000) par charge<\/li>\n<li>Charge rapide \u00e0 80 % en 30 minutes<\/li>\n<li>La nouvelle position de veille de la batterie conserve la charge<\/li>\n<li>Nouvelle molette de profondeur plus facile<\/li>\n<li>Nouveau crochet de ceinture r\u00e9versible<\/li>\n<li>8% plus l\u00e9g\u00e8re &#8211; 4,5 lb avec batterie (par rapport \u00e0 la batterie Ni-Cad)<\/li>\n<\/ul>\n<p><strong>CENTRES DE SERVICE PASLODE AUTORIS\u00c9S<\/strong><br \/>\nCliquez <a href=\"https:\/\/paslode.ca\/wp-content\/uploads\/2020\/09\/Service-Centers-2020.pdf\" target=\"_blank\" rel=\"noopener noreferrer\">ici<\/a> pour la liste des centres de service Paslode autoris\u00e9s<\/p>\n<p><strong>ENREGISTREZ VOTRE OUTIL<\/strong><\/p>\n<p>Cliquez <a href=\"https:\/\/paslode.ca\/register-tool\/\" target=\"_blank\" rel=\"noopener noreferrer\">ici<\/a> pour enregistrer votre nouvel outil.<\/p>\n","protected":false},"excerpt":{"rendered":"<p>La cloueuse de finition droite Paslode sans cordon Li-ion de calibre 16 offre une grande maniabilit\u00e9 pour placer le clou exactement l\u00e0 o\u00f9 vous le souhaitez, o\u00f9 que vous soyez : au-dessus de la t\u00eate, sur des \u00e9chelles ou sur vos genoux. Notre cloueuse de finition portable, nos clous de finition et nos piles \u00e0 combustible sont con\u00e7us pour fonctionner en harmonie afin que vous puissiez accomplir la t\u00e2che correctement, tout de suite.<\/p>\n","protected":false},"featured_media":7386,"template":"","meta":{"_acf_changed":false,"inline_featured_image":false},"product_brand":[],"product_cat":[149,148,151],"product_tag":[],"class_list":{"0":"post-7612","1":"product","2":"type-product","3":"status-publish","4":"has-post-thumbnail","6":"product_cat-cordless-fr","7":"product_cat-outils","8":"product_cat-trim-finish-fr","10":"first","11":"instock","12":"product-type-simple"},"acf":[],"yoast_head":"<!-- This site is optimized with the Yoast SEO plugin v27.2 - https:\/\/yoast.com\/product\/yoast-seo-wordpress\/ -->\n<title>Cloueuse de finition droite IMLi250 de calibre 16 - Paslode<\/title>\n<meta name=\"robots\" content=\"index, follow, max-snippet:-1, max-image-preview:large, max-video-preview:-1\" \/>\n<link rel=\"canonical\" href=\"https:\/\/paslode.ca\/fr\/produit\/imli250-16-gauge-straight-finish-nailer\/\" \/>\n<meta property=\"og:locale\" content=\"fr_FR\" \/>\n<meta property=\"og:type\" content=\"article\" \/>\n<meta property=\"og:title\" content=\"Cloueuse de finition droite IMLi250 de calibre 16 - Paslode\" \/>\n<meta property=\"og:description\" content=\"La cloueuse de finition droite Paslode sans cordon Li-ion de calibre 16 offre une grande maniabilit\u00e9 pour placer le clou exactement l\u00e0 o\u00f9 vous le souhaitez, o\u00f9 que vous soyez : au-dessus de la t\u00eate, sur des \u00e9chelles ou sur vos genoux. Notre cloueuse de finition portable, nos clous de finition et nos piles \u00e0 combustible sont con\u00e7us pour fonctionner en harmonie afin que vous puissiez accomplir la t\u00e2che correctement, tout de suite.\" \/>\n<meta property=\"og:url\" content=\"https:\/\/paslode.ca\/fr\/produit\/imli250-16-gauge-straight-finish-nailer\/\" \/>\n<meta property=\"og:site_name\" content=\"Paslode\" \/>\n<meta property=\"article:modified_time\" content=\"2021-02-02T20:42:16+00:00\" \/>\n<meta property=\"og:image\" content=\"https:\/\/paslode.ca\/wp-content\/uploads\/sites\/3\/2020\/07\/Paslode_Cordless_903800_Tool_1.png\" \/>\n\t<meta property=\"og:image:width\" content=\"453\" \/>\n\t<meta property=\"og:image:height\" content=\"453\" \/>\n\t<meta property=\"og:image:type\" content=\"image\/png\" \/>\n<meta name=\"twitter:card\" content=\"summary_large_image\" \/>\n<meta name=\"twitter:label1\" content=\"Dur\u00e9e de lecture estim\u00e9e\" \/>\n\t<meta name=\"twitter:data1\" content=\"1 minute\" \/>\n<script type=\"application\/ld+json\" class=\"yoast-schema-graph\">{\"@context\":\"https:\/\/schema.org\",\"@graph\":[{\"@type\":\"WebPage\",\"@id\":\"https:\/\/paslode.ca\/fr\/produit\/imli250-16-gauge-straight-finish-nailer\/\",\"url\":\"https:\/\/paslode.ca\/fr\/produit\/imli250-16-gauge-straight-finish-nailer\/\",\"name\":\"Cloueuse de finition droite IMLi250 de calibre 16 - Paslode\",\"isPartOf\":{\"@id\":\"https:\/\/paslode.ca\/#website\"},\"primaryImageOfPage\":{\"@id\":\"https:\/\/paslode.ca\/fr\/produit\/imli250-16-gauge-straight-finish-nailer\/#primaryimage\"},\"image\":{\"@id\":\"https:\/\/paslode.ca\/fr\/produit\/imli250-16-gauge-straight-finish-nailer\/#primaryimage\"},\"thumbnailUrl\":\"https:\/\/paslode.ca\/wp-content\/uploads\/sites\/3\/2020\/07\/Paslode_Cordless_903800_Tool_1.png\",\"datePublished\":\"2020-07-06T14:48:34+00:00\",\"dateModified\":\"2021-02-02T20:42:16+00:00\",\"breadcrumb\":{\"@id\":\"https:\/\/paslode.ca\/fr\/produit\/imli250-16-gauge-straight-finish-nailer\/#breadcrumb\"},\"inLanguage\":\"fr-FR\",\"potentialAction\":[{\"@type\":\"ReadAction\",\"target\":[\"https:\/\/paslode.ca\/fr\/produit\/imli250-16-gauge-straight-finish-nailer\/\"]}]},{\"@type\":\"ImageObject\",\"inLanguage\":\"fr-FR\",\"@id\":\"https:\/\/paslode.ca\/fr\/produit\/imli250-16-gauge-straight-finish-nailer\/#primaryimage\",\"url\":\"https:\/\/paslode.ca\/wp-content\/uploads\/sites\/3\/2020\/07\/Paslode_Cordless_903800_Tool_1.png\",\"contentUrl\":\"https:\/\/paslode.ca\/wp-content\/uploads\/sites\/3\/2020\/07\/Paslode_Cordless_903800_Tool_1.png\",\"width\":453,\"height\":453},{\"@type\":\"BreadcrumbList\",\"@id\":\"https:\/\/paslode.ca\/fr\/produit\/imli250-16-gauge-straight-finish-nailer\/#breadcrumb\",\"itemListElement\":[{\"@type\":\"ListItem\",\"position\":1,\"name\":\"Home\",\"item\":\"https:\/\/paslode.ca\/fr\/\"},{\"@type\":\"ListItem\",\"position\":2,\"name\":\"Boutique\",\"item\":\"https:\/\/paslode.ca\/fr\/boutique\/\"},{\"@type\":\"ListItem\",\"position\":3,\"name\":\"Cloueuse de finition droite IMLi250 de calibre 16\"}]},{\"@type\":\"WebSite\",\"@id\":\"https:\/\/paslode.ca\/#website\",\"url\":\"https:\/\/paslode.ca\/\",\"name\":\"Paslode\",\"description\":\"Reputation is Everything\",\"potentialAction\":[{\"@type\":\"SearchAction\",\"target\":{\"@type\":\"EntryPoint\",\"urlTemplate\":\"https:\/\/paslode.ca\/?s={search_term_string}\"},\"query-input\":{\"@type\":\"PropertyValueSpecification\",\"valueRequired\":true,\"valueName\":\"search_term_string\"}}],\"inLanguage\":\"fr-FR\"}]}<\/script>\n<!-- \/ Yoast SEO plugin. -->","yoast_head_json":{"title":"Cloueuse de finition droite IMLi250 de calibre 16 - Paslode","robots":{"index":"index","follow":"follow","max-snippet":"max-snippet:-1","max-image-preview":"max-image-preview:large","max-video-preview":"max-video-preview:-1"},"canonical":"https:\/\/paslode.ca\/fr\/produit\/imli250-16-gauge-straight-finish-nailer\/","og_locale":"fr_FR","og_type":"article","og_title":"Cloueuse de finition droite IMLi250 de calibre 16 - Paslode","og_description":"La cloueuse de finition droite Paslode sans cordon Li-ion de calibre 16 offre une grande maniabilit\u00e9 pour placer le clou exactement l\u00e0 o\u00f9 vous le souhaitez, o\u00f9 que vous soyez : au-dessus de la t\u00eate, sur des \u00e9chelles ou sur vos genoux. Notre cloueuse de finition portable, nos clous de finition et nos piles \u00e0 combustible sont con\u00e7us pour fonctionner en harmonie afin que vous puissiez accomplir la t\u00e2che correctement, tout de suite.","og_url":"https:\/\/paslode.ca\/fr\/produit\/imli250-16-gauge-straight-finish-nailer\/","og_site_name":"Paslode","article_modified_time":"2021-02-02T20:42:16+00:00","og_image":[{"width":453,"height":453,"url":"https:\/\/paslode.ca\/wp-content\/uploads\/sites\/3\/2020\/07\/Paslode_Cordless_903800_Tool_1.png","type":"image\/png"}],"twitter_card":"summary_large_image","twitter_misc":{"Dur\u00e9e de lecture estim\u00e9e":"1 minute"},"schema":{"@context":"https:\/\/schema.org","@graph":[{"@type":"WebPage","@id":"https:\/\/paslode.ca\/fr\/produit\/imli250-16-gauge-straight-finish-nailer\/","url":"https:\/\/paslode.ca\/fr\/produit\/imli250-16-gauge-straight-finish-nailer\/","name":"Cloueuse de finition droite IMLi250 de calibre 16 - Paslode","isPartOf":{"@id":"https:\/\/paslode.ca\/#website"},"primaryImageOfPage":{"@id":"https:\/\/paslode.ca\/fr\/produit\/imli250-16-gauge-straight-finish-nailer\/#primaryimage"},"image":{"@id":"https:\/\/paslode.ca\/fr\/produit\/imli250-16-gauge-straight-finish-nailer\/#primaryimage"},"thumbnailUrl":"https:\/\/paslode.ca\/wp-content\/uploads\/sites\/3\/2020\/07\/Paslode_Cordless_903800_Tool_1.png","datePublished":"2020-07-06T14:48:34+00:00","dateModified":"2021-02-02T20:42:16+00:00","breadcrumb":{"@id":"https:\/\/paslode.ca\/fr\/produit\/imli250-16-gauge-straight-finish-nailer\/#breadcrumb"},"inLanguage":"fr-FR","potentialAction":[{"@type":"ReadAction","target":["https:\/\/paslode.ca\/fr\/produit\/imli250-16-gauge-straight-finish-nailer\/"]}]},{"@type":"ImageObject","inLanguage":"fr-FR","@id":"https:\/\/paslode.ca\/fr\/produit\/imli250-16-gauge-straight-finish-nailer\/#primaryimage","url":"https:\/\/paslode.ca\/wp-content\/uploads\/sites\/3\/2020\/07\/Paslode_Cordless_903800_Tool_1.png","contentUrl":"https:\/\/paslode.ca\/wp-content\/uploads\/sites\/3\/2020\/07\/Paslode_Cordless_903800_Tool_1.png","width":453,"height":453},{"@type":"BreadcrumbList","@id":"https:\/\/paslode.ca\/fr\/produit\/imli250-16-gauge-straight-finish-nailer\/#breadcrumb","itemListElement":[{"@type":"ListItem","position":1,"name":"Home","item":"https:\/\/paslode.ca\/fr\/"},{"@type":"ListItem","position":2,"name":"Boutique","item":"https:\/\/paslode.ca\/fr\/boutique\/"},{"@type":"ListItem","position":3,"name":"Cloueuse de finition droite IMLi250 de calibre 16"}]},{"@type":"WebSite","@id":"https:\/\/paslode.ca\/#website","url":"https:\/\/paslode.ca\/","name":"Paslode","description":"Reputation is Everything","potentialAction":[{"@type":"SearchAction","target":{"@type":"EntryPoint","urlTemplate":"https:\/\/paslode.ca\/?s={search_term_string}"},"query-input":{"@type":"PropertyValueSpecification","valueRequired":true,"valueName":"search_term_string"}}],"inLanguage":"fr-FR"}]}},"_links":{"self":[{"href":"https:\/\/paslode.ca\/fr\/wp-json\/wp\/v2\/product\/7612","targetHints":{"allow":["GET"]}}],"collection":[{"href":"https:\/\/paslode.ca\/fr\/wp-json\/wp\/v2\/product"}],"about":[{"href":"https:\/\/paslode.ca\/fr\/wp-json\/wp\/v2\/types\/product"}],"wp:featuredmedia":[{"embeddable":true,"href":"https:\/\/paslode.ca\/fr\/wp-json\/wp\/v2\/media\/7386"}],"wp:attachment":[{"href":"https:\/\/paslode.ca\/fr\/wp-json\/wp\/v2\/media?parent=7612"}],"wp:term":[{"taxonomy":"product_brand","embeddable":true,"href":"https:\/\/paslode.ca\/fr\/wp-json\/wp\/v2\/product_brand?post=7612"},{"taxonomy":"product_cat","embeddable":true,"href":"https:\/\/paslode.ca\/fr\/wp-json\/wp\/v2\/product_cat?post=7612"},{"taxonomy":"product_tag","embeddable":true,"href":"https:\/\/paslode.ca\/fr\/wp-json\/wp\/v2\/product_tag?post=7612"}],"curies":[{"name":"wp","href":"https:\/\/api.w.org\/{rel}","templated":true}]}}