{"id":7613,"date":"2020-07-06T14:48:34","date_gmt":"2020-07-06T14:48:34","guid":{"rendered":"https:\/\/paslode.ca\/product\/t250s-16-gauge-straight-finish-nailer\/"},"modified":"2021-02-02T20:56:18","modified_gmt":"2021-02-02T20:56:18","slug":"t250s-16-gauge-straight-finish-nailer","status":"publish","type":"product","link":"https:\/\/paslode.ca\/fr\/produit\/t250s-16-gauge-straight-finish-nailer\/","title":{"rendered":"Cloueuse de finition droite T250S de calibre 16"},"content":{"rendered":"<h4><strong>L\u00c9G\u00c8RE. HAUTE PERFORMANCE. FAIBLE ENTRETIEN.<\/strong><\/h4>\n<ul>\n<li>Id\u00e9ale pour les bois durs et tendres, cette cloueuse de finition pneumatique Paslode est un excellent choix pour les projets de fen\u00eatres, portes, meubles, boiseries et moulures<\/li>\n<li>Elle enfonce des clous de finition de calibre 16 de 3\/4 po \u00e0 2-1\/2 po pour une polyvalence accrue<\/li>\n<li>Elle fournit une \u00e9nergie d&rsquo;enfoncement constante et dispose d&rsquo;un verrou pour emp\u00eacher les tirs rat\u00e9s<\/li>\n<li>La g\u00e2chette \u00e0 double action offre un tir s\u00e9quentiel et par appui, et la ligne de vis\u00e9e compacte et ouverte vous permet d&rsquo;enfoncer des clous o\u00f9 vous le souhaitez, y compris dans des espaces restreints<\/li>\n<\/ul>\n<p><strong>CENTRES DE SERVICE PASLODE AUTORIS\u00c9S<\/strong><br \/>\nCliquez <a href=\"https:\/\/paslode.ca\/wp-content\/uploads\/2020\/09\/Service-Centers-2020.pdf\" target=\"_blank\" rel=\"noopener noreferrer\">ici<\/a> pour la liste des centres de service Paslode autoris\u00e9s<\/p>\n<p><strong>ENREGISTREZ VOTRE OUTIL<\/strong><\/p>\n<p>Cliquez <a href=\"https:\/\/paslode.ca\/register-tool\/\" target=\"_blank\" rel=\"noopener noreferrer\">ici<\/a> pour enregistrer votre nouvel outil.<\/p>\n","protected":false},"excerpt":{"rendered":"<p>La cloueuse de finition pneumatique Paslode de cal. 16 a une conception sup\u00e9rieure qui garantit le confort de l\u2019utilisateur dans toutes les situations. Il s&rsquo;agit d&rsquo;un outil fiable et durable sur lequel vous pouvez compter. La conception sans huile permet un fonctionnement \u00e0 long terme sans entretien, ce qui r\u00e9duit le temps de nettoyage et les co\u00fbts associ\u00e9s.<\/p>\n","protected":false},"featured_media":7390,"template":"","meta":{"_acf_changed":false,"inline_featured_image":false},"product_brand":[],"product_cat":[148,147,151],"product_tag":[],"class_list":{"0":"post-7613","1":"product","2":"type-product","3":"status-publish","4":"has-post-thumbnail","6":"product_cat-outils","7":"product_cat-pneumatic-fr","8":"product_cat-trim-finish-fr","10":"first","11":"instock","12":"product-type-simple"},"acf":[],"yoast_head":"<!-- This site is optimized with the Yoast SEO plugin v27.2 - https:\/\/yoast.com\/product\/yoast-seo-wordpress\/ -->\n<title>Cloueuse de finition droite T250S de calibre 16 - Paslode<\/title>\n<meta name=\"robots\" content=\"index, follow, max-snippet:-1, max-image-preview:large, max-video-preview:-1\" \/>\n<link rel=\"canonical\" href=\"https:\/\/paslode.ca\/fr\/produit\/t250s-16-gauge-straight-finish-nailer\/\" \/>\n<meta property=\"og:locale\" content=\"fr_FR\" \/>\n<meta property=\"og:type\" content=\"article\" \/>\n<meta property=\"og:title\" content=\"Cloueuse de finition droite T250S de calibre 16 - Paslode\" \/>\n<meta property=\"og:description\" content=\"La cloueuse de finition pneumatique Paslode de cal. 16 a une conception sup\u00e9rieure qui garantit le confort de l\u2019utilisateur dans toutes les situations. Il s&#039;agit d&#039;un outil fiable et durable sur lequel vous pouvez compter. La conception sans huile permet un fonctionnement \u00e0 long terme sans entretien, ce qui r\u00e9duit le temps de nettoyage et les co\u00fbts associ\u00e9s.\" \/>\n<meta property=\"og:url\" content=\"https:\/\/paslode.ca\/fr\/produit\/t250s-16-gauge-straight-finish-nailer\/\" \/>\n<meta property=\"og:site_name\" content=\"Paslode\" \/>\n<meta property=\"article:modified_time\" content=\"2021-02-02T20:56:18+00:00\" \/>\n<meta property=\"og:image\" content=\"https:\/\/paslode.ca\/wp-content\/uploads\/sites\/3\/2020\/07\/Paslode_Pneumatic_515500_Finishnailer_Tool_1.png\" \/>\n\t<meta property=\"og:image:width\" content=\"453\" \/>\n\t<meta property=\"og:image:height\" content=\"453\" \/>\n\t<meta property=\"og:image:type\" content=\"image\/png\" \/>\n<meta name=\"twitter:card\" content=\"summary_large_image\" \/>\n<meta name=\"twitter:label1\" content=\"Dur\u00e9e de lecture estim\u00e9e\" \/>\n\t<meta name=\"twitter:data1\" content=\"1 minute\" \/>\n<script type=\"application\/ld+json\" class=\"yoast-schema-graph\">{\"@context\":\"https:\/\/schema.org\",\"@graph\":[{\"@type\":\"WebPage\",\"@id\":\"https:\/\/paslode.ca\/fr\/produit\/t250s-16-gauge-straight-finish-nailer\/\",\"url\":\"https:\/\/paslode.ca\/fr\/produit\/t250s-16-gauge-straight-finish-nailer\/\",\"name\":\"Cloueuse de finition droite T250S de calibre 16 - Paslode\",\"isPartOf\":{\"@id\":\"https:\/\/paslode.ca\/#website\"},\"primaryImageOfPage\":{\"@id\":\"https:\/\/paslode.ca\/fr\/produit\/t250s-16-gauge-straight-finish-nailer\/#primaryimage\"},\"image\":{\"@id\":\"https:\/\/paslode.ca\/fr\/produit\/t250s-16-gauge-straight-finish-nailer\/#primaryimage\"},\"thumbnailUrl\":\"https:\/\/paslode.ca\/wp-content\/uploads\/sites\/3\/2020\/07\/Paslode_Pneumatic_515500_Finishnailer_Tool_1.png\",\"datePublished\":\"2020-07-06T14:48:34+00:00\",\"dateModified\":\"2021-02-02T20:56:18+00:00\",\"breadcrumb\":{\"@id\":\"https:\/\/paslode.ca\/fr\/produit\/t250s-16-gauge-straight-finish-nailer\/#breadcrumb\"},\"inLanguage\":\"fr-FR\",\"potentialAction\":[{\"@type\":\"ReadAction\",\"target\":[\"https:\/\/paslode.ca\/fr\/produit\/t250s-16-gauge-straight-finish-nailer\/\"]}]},{\"@type\":\"ImageObject\",\"inLanguage\":\"fr-FR\",\"@id\":\"https:\/\/paslode.ca\/fr\/produit\/t250s-16-gauge-straight-finish-nailer\/#primaryimage\",\"url\":\"https:\/\/paslode.ca\/wp-content\/uploads\/sites\/3\/2020\/07\/Paslode_Pneumatic_515500_Finishnailer_Tool_1.png\",\"contentUrl\":\"https:\/\/paslode.ca\/wp-content\/uploads\/sites\/3\/2020\/07\/Paslode_Pneumatic_515500_Finishnailer_Tool_1.png\",\"width\":453,\"height\":453},{\"@type\":\"BreadcrumbList\",\"@id\":\"https:\/\/paslode.ca\/fr\/produit\/t250s-16-gauge-straight-finish-nailer\/#breadcrumb\",\"itemListElement\":[{\"@type\":\"ListItem\",\"position\":1,\"name\":\"Home\",\"item\":\"https:\/\/paslode.ca\/fr\/\"},{\"@type\":\"ListItem\",\"position\":2,\"name\":\"Boutique\",\"item\":\"https:\/\/paslode.ca\/fr\/boutique\/\"},{\"@type\":\"ListItem\",\"position\":3,\"name\":\"Cloueuse de finition droite T250S de calibre 16\"}]},{\"@type\":\"WebSite\",\"@id\":\"https:\/\/paslode.ca\/#website\",\"url\":\"https:\/\/paslode.ca\/\",\"name\":\"Paslode\",\"description\":\"Reputation is Everything\",\"potentialAction\":[{\"@type\":\"SearchAction\",\"target\":{\"@type\":\"EntryPoint\",\"urlTemplate\":\"https:\/\/paslode.ca\/?s={search_term_string}\"},\"query-input\":{\"@type\":\"PropertyValueSpecification\",\"valueRequired\":true,\"valueName\":\"search_term_string\"}}],\"inLanguage\":\"fr-FR\"}]}<\/script>\n<!-- \/ Yoast SEO plugin. -->","yoast_head_json":{"title":"Cloueuse de finition droite T250S de calibre 16 - Paslode","robots":{"index":"index","follow":"follow","max-snippet":"max-snippet:-1","max-image-preview":"max-image-preview:large","max-video-preview":"max-video-preview:-1"},"canonical":"https:\/\/paslode.ca\/fr\/produit\/t250s-16-gauge-straight-finish-nailer\/","og_locale":"fr_FR","og_type":"article","og_title":"Cloueuse de finition droite T250S de calibre 16 - Paslode","og_description":"La cloueuse de finition pneumatique Paslode de cal. 16 a une conception sup\u00e9rieure qui garantit le confort de l\u2019utilisateur dans toutes les situations. Il s'agit d'un outil fiable et durable sur lequel vous pouvez compter. La conception sans huile permet un fonctionnement \u00e0 long terme sans entretien, ce qui r\u00e9duit le temps de nettoyage et les co\u00fbts associ\u00e9s.","og_url":"https:\/\/paslode.ca\/fr\/produit\/t250s-16-gauge-straight-finish-nailer\/","og_site_name":"Paslode","article_modified_time":"2021-02-02T20:56:18+00:00","og_image":[{"width":453,"height":453,"url":"https:\/\/paslode.ca\/wp-content\/uploads\/sites\/3\/2020\/07\/Paslode_Pneumatic_515500_Finishnailer_Tool_1.png","type":"image\/png"}],"twitter_card":"summary_large_image","twitter_misc":{"Dur\u00e9e de lecture estim\u00e9e":"1 minute"},"schema":{"@context":"https:\/\/schema.org","@graph":[{"@type":"WebPage","@id":"https:\/\/paslode.ca\/fr\/produit\/t250s-16-gauge-straight-finish-nailer\/","url":"https:\/\/paslode.ca\/fr\/produit\/t250s-16-gauge-straight-finish-nailer\/","name":"Cloueuse de finition droite T250S de calibre 16 - Paslode","isPartOf":{"@id":"https:\/\/paslode.ca\/#website"},"primaryImageOfPage":{"@id":"https:\/\/paslode.ca\/fr\/produit\/t250s-16-gauge-straight-finish-nailer\/#primaryimage"},"image":{"@id":"https:\/\/paslode.ca\/fr\/produit\/t250s-16-gauge-straight-finish-nailer\/#primaryimage"},"thumbnailUrl":"https:\/\/paslode.ca\/wp-content\/uploads\/sites\/3\/2020\/07\/Paslode_Pneumatic_515500_Finishnailer_Tool_1.png","datePublished":"2020-07-06T14:48:34+00:00","dateModified":"2021-02-02T20:56:18+00:00","breadcrumb":{"@id":"https:\/\/paslode.ca\/fr\/produit\/t250s-16-gauge-straight-finish-nailer\/#breadcrumb"},"inLanguage":"fr-FR","potentialAction":[{"@type":"ReadAction","target":["https:\/\/paslode.ca\/fr\/produit\/t250s-16-gauge-straight-finish-nailer\/"]}]},{"@type":"ImageObject","inLanguage":"fr-FR","@id":"https:\/\/paslode.ca\/fr\/produit\/t250s-16-gauge-straight-finish-nailer\/#primaryimage","url":"https:\/\/paslode.ca\/wp-content\/uploads\/sites\/3\/2020\/07\/Paslode_Pneumatic_515500_Finishnailer_Tool_1.png","contentUrl":"https:\/\/paslode.ca\/wp-content\/uploads\/sites\/3\/2020\/07\/Paslode_Pneumatic_515500_Finishnailer_Tool_1.png","width":453,"height":453},{"@type":"BreadcrumbList","@id":"https:\/\/paslode.ca\/fr\/produit\/t250s-16-gauge-straight-finish-nailer\/#breadcrumb","itemListElement":[{"@type":"ListItem","position":1,"name":"Home","item":"https:\/\/paslode.ca\/fr\/"},{"@type":"ListItem","position":2,"name":"Boutique","item":"https:\/\/paslode.ca\/fr\/boutique\/"},{"@type":"ListItem","position":3,"name":"Cloueuse de finition droite T250S de calibre 16"}]},{"@type":"WebSite","@id":"https:\/\/paslode.ca\/#website","url":"https:\/\/paslode.ca\/","name":"Paslode","description":"Reputation is Everything","potentialAction":[{"@type":"SearchAction","target":{"@type":"EntryPoint","urlTemplate":"https:\/\/paslode.ca\/?s={search_term_string}"},"query-input":{"@type":"PropertyValueSpecification","valueRequired":true,"valueName":"search_term_string"}}],"inLanguage":"fr-FR"}]}},"_links":{"self":[{"href":"https:\/\/paslode.ca\/fr\/wp-json\/wp\/v2\/product\/7613","targetHints":{"allow":["GET"]}}],"collection":[{"href":"https:\/\/paslode.ca\/fr\/wp-json\/wp\/v2\/product"}],"about":[{"href":"https:\/\/paslode.ca\/fr\/wp-json\/wp\/v2\/types\/product"}],"wp:featuredmedia":[{"embeddable":true,"href":"https:\/\/paslode.ca\/fr\/wp-json\/wp\/v2\/media\/7390"}],"wp:attachment":[{"href":"https:\/\/paslode.ca\/fr\/wp-json\/wp\/v2\/media?parent=7613"}],"wp:term":[{"taxonomy":"product_brand","embeddable":true,"href":"https:\/\/paslode.ca\/fr\/wp-json\/wp\/v2\/product_brand?post=7613"},{"taxonomy":"product_cat","embeddable":true,"href":"https:\/\/paslode.ca\/fr\/wp-json\/wp\/v2\/product_cat?post=7613"},{"taxonomy":"product_tag","embeddable":true,"href":"https:\/\/paslode.ca\/fr\/wp-json\/wp\/v2\/product_tag?post=7613"}],"curies":[{"name":"wp","href":"https:\/\/api.w.org\/{rel}","templated":true}]}}