{"id":7614,"date":"2020-07-06T14:48:34","date_gmt":"2020-07-06T14:48:34","guid":{"rendered":"https:\/\/paslode.ca\/product\/p18-200-18-gauge-brad-nailer\/"},"modified":"2021-02-02T20:54:47","modified_gmt":"2021-02-02T20:54:47","slug":"p18-200-18-gauge-brad-nailer","status":"publish","type":"product","link":"https:\/\/paslode.ca\/fr\/produit\/p18-200-18-gauge-brad-nailer\/","title":{"rendered":"Cloueuse de finition P18-200 de calibre 18"},"content":{"rendered":"<h4><strong>LA PR\u00c9CISION EST OBLIGATOIRE POUR ACCOMPLIR VOTRE T\u00c2CHE CORRECTEMENT LA PREMI\u00c8RE FOIS.<\/strong><\/h4>\n<ul>\n<li>Bo\u00eetier et cartouche tout en m\u00e9tal, assez robuste pour le chantier<\/li>\n<li>La puissance d&rsquo;entra\u00eenement de Paslode avec les caract\u00e9ristiques exig\u00e9es par les entrepreneurs : guide de profondeur d&rsquo;enfoncement, g\u00e2chette \u00e0 double action, verrou de tir rat\u00e9, jauge de cartouche<\/li>\n<li>D\u00e9gagement facile des bourrages, poign\u00e9e en caoutchouc antid\u00e9rapante, embouts non-marquants suppl\u00e9mentaires et \u00e9chappement r\u00e9glable \u00e0 360 degr\u00e9s<\/li>\n<li>Pointe d\u2019actionnement derri\u00e8re le nez pour une vue claire de la surface de travail<\/li>\n<li>Ligne de vue int\u00e9gr\u00e9e sur le bo\u00eetier et le nez pour assurer un clouage pr\u00e9cis<\/li>\n<\/ul>\n<p><strong>CENTRES DE SERVICE PASLODE AUTORIS\u00c9S<\/strong><br \/>\nCliquez <a href=\"https:\/\/paslode.ca\/wp-content\/uploads\/2020\/09\/Service-Centers-2020.pdf\" target=\"_blank\" rel=\"noopener noreferrer\">ici<\/a> pour la liste des centres de service Paslode autoris\u00e9s<\/p>\n<p><strong>ENREGISTREZ VOTRE OUTIL<\/strong><\/p>\n<p>Cliquez <a href=\"https:\/\/paslode.ca\/register-tool\/\" target=\"_blank\" rel=\"noopener noreferrer\">ici<\/a> pour enregistrer votre nouvel outil.<\/p>\n","protected":false},"excerpt":{"rendered":"<p>Le combo Cloueuse de finition pneumatique Paslode de cal. 18. Chaque t\u00e2che de finition commence avec la bonne cloueuse et les bons clous. Robuste et compacte, la cloueuse et les clous pneumatiques augmentent le temps consacr\u00e9 au travail dans les plus petits espaces et r\u00e9duisent le fendage du bois et la visibilit\u00e9 des clous.<\/p>\n","protected":false},"featured_media":7393,"template":"","meta":{"_acf_changed":false,"inline_featured_image":false},"product_brand":[],"product_cat":[148,147,151],"product_tag":[],"class_list":{"0":"post-7614","1":"product","2":"type-product","3":"status-publish","4":"has-post-thumbnail","6":"product_cat-outils","7":"product_cat-pneumatic-fr","8":"product_cat-trim-finish-fr","10":"first","11":"instock","12":"product-type-simple"},"acf":[],"yoast_head":"<!-- This site is optimized with the Yoast SEO plugin v27.2 - https:\/\/yoast.com\/product\/yoast-seo-wordpress\/ -->\n<title>Cloueuse de finition P18-200 de calibre 18 - Paslode<\/title>\n<meta name=\"robots\" content=\"index, follow, max-snippet:-1, max-image-preview:large, max-video-preview:-1\" \/>\n<link rel=\"canonical\" href=\"https:\/\/paslode.ca\/fr\/produit\/p18-200-18-gauge-brad-nailer\/\" \/>\n<meta property=\"og:locale\" content=\"fr_FR\" \/>\n<meta property=\"og:type\" content=\"article\" \/>\n<meta property=\"og:title\" content=\"Cloueuse de finition P18-200 de calibre 18 - Paslode\" \/>\n<meta property=\"og:description\" content=\"Le combo Cloueuse de finition pneumatique Paslode de cal. 18. Chaque t\u00e2che de finition commence avec la bonne cloueuse et les bons clous. Robuste et compacte, la cloueuse et les clous pneumatiques augmentent le temps consacr\u00e9 au travail dans les plus petits espaces et r\u00e9duisent le fendage du bois et la visibilit\u00e9 des clous.\" \/>\n<meta property=\"og:url\" content=\"https:\/\/paslode.ca\/fr\/produit\/p18-200-18-gauge-brad-nailer\/\" \/>\n<meta property=\"og:site_name\" content=\"Paslode\" \/>\n<meta property=\"article:modified_time\" content=\"2021-02-02T20:54:47+00:00\" \/>\n<meta property=\"og:image\" content=\"https:\/\/paslode.ca\/wp-content\/uploads\/sites\/3\/2020\/07\/Paslode_Pneumatic_P18-200_tool_1.png\" \/>\n\t<meta property=\"og:image:width\" content=\"453\" \/>\n\t<meta property=\"og:image:height\" content=\"453\" \/>\n\t<meta property=\"og:image:type\" content=\"image\/png\" \/>\n<meta name=\"twitter:card\" content=\"summary_large_image\" \/>\n<meta name=\"twitter:label1\" content=\"Dur\u00e9e de lecture estim\u00e9e\" \/>\n\t<meta name=\"twitter:data1\" content=\"1 minute\" \/>\n<script type=\"application\/ld+json\" class=\"yoast-schema-graph\">{\"@context\":\"https:\/\/schema.org\",\"@graph\":[{\"@type\":\"WebPage\",\"@id\":\"https:\/\/paslode.ca\/fr\/produit\/p18-200-18-gauge-brad-nailer\/\",\"url\":\"https:\/\/paslode.ca\/fr\/produit\/p18-200-18-gauge-brad-nailer\/\",\"name\":\"Cloueuse de finition P18-200 de calibre 18 - Paslode\",\"isPartOf\":{\"@id\":\"https:\/\/paslode.ca\/#website\"},\"primaryImageOfPage\":{\"@id\":\"https:\/\/paslode.ca\/fr\/produit\/p18-200-18-gauge-brad-nailer\/#primaryimage\"},\"image\":{\"@id\":\"https:\/\/paslode.ca\/fr\/produit\/p18-200-18-gauge-brad-nailer\/#primaryimage\"},\"thumbnailUrl\":\"https:\/\/paslode.ca\/wp-content\/uploads\/sites\/3\/2020\/07\/Paslode_Pneumatic_P18-200_tool_1.png\",\"datePublished\":\"2020-07-06T14:48:34+00:00\",\"dateModified\":\"2021-02-02T20:54:47+00:00\",\"breadcrumb\":{\"@id\":\"https:\/\/paslode.ca\/fr\/produit\/p18-200-18-gauge-brad-nailer\/#breadcrumb\"},\"inLanguage\":\"fr-FR\",\"potentialAction\":[{\"@type\":\"ReadAction\",\"target\":[\"https:\/\/paslode.ca\/fr\/produit\/p18-200-18-gauge-brad-nailer\/\"]}]},{\"@type\":\"ImageObject\",\"inLanguage\":\"fr-FR\",\"@id\":\"https:\/\/paslode.ca\/fr\/produit\/p18-200-18-gauge-brad-nailer\/#primaryimage\",\"url\":\"https:\/\/paslode.ca\/wp-content\/uploads\/sites\/3\/2020\/07\/Paslode_Pneumatic_P18-200_tool_1.png\",\"contentUrl\":\"https:\/\/paslode.ca\/wp-content\/uploads\/sites\/3\/2020\/07\/Paslode_Pneumatic_P18-200_tool_1.png\",\"width\":453,\"height\":453},{\"@type\":\"BreadcrumbList\",\"@id\":\"https:\/\/paslode.ca\/fr\/produit\/p18-200-18-gauge-brad-nailer\/#breadcrumb\",\"itemListElement\":[{\"@type\":\"ListItem\",\"position\":1,\"name\":\"Home\",\"item\":\"https:\/\/paslode.ca\/fr\/\"},{\"@type\":\"ListItem\",\"position\":2,\"name\":\"Boutique\",\"item\":\"https:\/\/paslode.ca\/fr\/boutique\/\"},{\"@type\":\"ListItem\",\"position\":3,\"name\":\"Cloueuse de finition P18-200 de calibre 18\"}]},{\"@type\":\"WebSite\",\"@id\":\"https:\/\/paslode.ca\/#website\",\"url\":\"https:\/\/paslode.ca\/\",\"name\":\"Paslode\",\"description\":\"Reputation is Everything\",\"potentialAction\":[{\"@type\":\"SearchAction\",\"target\":{\"@type\":\"EntryPoint\",\"urlTemplate\":\"https:\/\/paslode.ca\/?s={search_term_string}\"},\"query-input\":{\"@type\":\"PropertyValueSpecification\",\"valueRequired\":true,\"valueName\":\"search_term_string\"}}],\"inLanguage\":\"fr-FR\"}]}<\/script>\n<!-- \/ Yoast SEO plugin. -->","yoast_head_json":{"title":"Cloueuse de finition P18-200 de calibre 18 - Paslode","robots":{"index":"index","follow":"follow","max-snippet":"max-snippet:-1","max-image-preview":"max-image-preview:large","max-video-preview":"max-video-preview:-1"},"canonical":"https:\/\/paslode.ca\/fr\/produit\/p18-200-18-gauge-brad-nailer\/","og_locale":"fr_FR","og_type":"article","og_title":"Cloueuse de finition P18-200 de calibre 18 - Paslode","og_description":"Le combo Cloueuse de finition pneumatique Paslode de cal. 18. Chaque t\u00e2che de finition commence avec la bonne cloueuse et les bons clous. Robuste et compacte, la cloueuse et les clous pneumatiques augmentent le temps consacr\u00e9 au travail dans les plus petits espaces et r\u00e9duisent le fendage du bois et la visibilit\u00e9 des clous.","og_url":"https:\/\/paslode.ca\/fr\/produit\/p18-200-18-gauge-brad-nailer\/","og_site_name":"Paslode","article_modified_time":"2021-02-02T20:54:47+00:00","og_image":[{"width":453,"height":453,"url":"https:\/\/paslode.ca\/wp-content\/uploads\/sites\/3\/2020\/07\/Paslode_Pneumatic_P18-200_tool_1.png","type":"image\/png"}],"twitter_card":"summary_large_image","twitter_misc":{"Dur\u00e9e de lecture estim\u00e9e":"1 minute"},"schema":{"@context":"https:\/\/schema.org","@graph":[{"@type":"WebPage","@id":"https:\/\/paslode.ca\/fr\/produit\/p18-200-18-gauge-brad-nailer\/","url":"https:\/\/paslode.ca\/fr\/produit\/p18-200-18-gauge-brad-nailer\/","name":"Cloueuse de finition P18-200 de calibre 18 - Paslode","isPartOf":{"@id":"https:\/\/paslode.ca\/#website"},"primaryImageOfPage":{"@id":"https:\/\/paslode.ca\/fr\/produit\/p18-200-18-gauge-brad-nailer\/#primaryimage"},"image":{"@id":"https:\/\/paslode.ca\/fr\/produit\/p18-200-18-gauge-brad-nailer\/#primaryimage"},"thumbnailUrl":"https:\/\/paslode.ca\/wp-content\/uploads\/sites\/3\/2020\/07\/Paslode_Pneumatic_P18-200_tool_1.png","datePublished":"2020-07-06T14:48:34+00:00","dateModified":"2021-02-02T20:54:47+00:00","breadcrumb":{"@id":"https:\/\/paslode.ca\/fr\/produit\/p18-200-18-gauge-brad-nailer\/#breadcrumb"},"inLanguage":"fr-FR","potentialAction":[{"@type":"ReadAction","target":["https:\/\/paslode.ca\/fr\/produit\/p18-200-18-gauge-brad-nailer\/"]}]},{"@type":"ImageObject","inLanguage":"fr-FR","@id":"https:\/\/paslode.ca\/fr\/produit\/p18-200-18-gauge-brad-nailer\/#primaryimage","url":"https:\/\/paslode.ca\/wp-content\/uploads\/sites\/3\/2020\/07\/Paslode_Pneumatic_P18-200_tool_1.png","contentUrl":"https:\/\/paslode.ca\/wp-content\/uploads\/sites\/3\/2020\/07\/Paslode_Pneumatic_P18-200_tool_1.png","width":453,"height":453},{"@type":"BreadcrumbList","@id":"https:\/\/paslode.ca\/fr\/produit\/p18-200-18-gauge-brad-nailer\/#breadcrumb","itemListElement":[{"@type":"ListItem","position":1,"name":"Home","item":"https:\/\/paslode.ca\/fr\/"},{"@type":"ListItem","position":2,"name":"Boutique","item":"https:\/\/paslode.ca\/fr\/boutique\/"},{"@type":"ListItem","position":3,"name":"Cloueuse de finition P18-200 de calibre 18"}]},{"@type":"WebSite","@id":"https:\/\/paslode.ca\/#website","url":"https:\/\/paslode.ca\/","name":"Paslode","description":"Reputation is Everything","potentialAction":[{"@type":"SearchAction","target":{"@type":"EntryPoint","urlTemplate":"https:\/\/paslode.ca\/?s={search_term_string}"},"query-input":{"@type":"PropertyValueSpecification","valueRequired":true,"valueName":"search_term_string"}}],"inLanguage":"fr-FR"}]}},"_links":{"self":[{"href":"https:\/\/paslode.ca\/fr\/wp-json\/wp\/v2\/product\/7614","targetHints":{"allow":["GET"]}}],"collection":[{"href":"https:\/\/paslode.ca\/fr\/wp-json\/wp\/v2\/product"}],"about":[{"href":"https:\/\/paslode.ca\/fr\/wp-json\/wp\/v2\/types\/product"}],"wp:featuredmedia":[{"embeddable":true,"href":"https:\/\/paslode.ca\/fr\/wp-json\/wp\/v2\/media\/7393"}],"wp:attachment":[{"href":"https:\/\/paslode.ca\/fr\/wp-json\/wp\/v2\/media?parent=7614"}],"wp:term":[{"taxonomy":"product_brand","embeddable":true,"href":"https:\/\/paslode.ca\/fr\/wp-json\/wp\/v2\/product_brand?post=7614"},{"taxonomy":"product_cat","embeddable":true,"href":"https:\/\/paslode.ca\/fr\/wp-json\/wp\/v2\/product_cat?post=7614"},{"taxonomy":"product_tag","embeddable":true,"href":"https:\/\/paslode.ca\/fr\/wp-json\/wp\/v2\/product_tag?post=7614"}],"curies":[{"name":"wp","href":"https:\/\/api.w.org\/{rel}","templated":true}]}}