{"id":7616,"date":"2020-07-06T14:48:34","date_gmt":"2020-07-06T14:48:34","guid":{"rendered":"https:\/\/paslode.ca\/product\/n18-125-narrow-soffit-stapler\/"},"modified":"2021-02-02T20:51:27","modified_gmt":"2021-02-02T20:51:27","slug":"n18-125-narrow-soffit-stapler","status":"publish","type":"product","link":"https:\/\/paslode.ca\/fr\/produit\/n18-125-narrow-soffit-stapler\/","title":{"rendered":"Agrafeuse \u00e0 soffite \u00e9troite 1-1\/4 po N18-125"},"content":{"rendered":"<h4><strong>ERGONOMIQUEMENT \u00c9QUILIBR\u00c9E ET L\u00c9G\u00c8RE POUR R\u00c9DUIRE LA FATIGUE DES BRAS.<\/strong><\/h4>\n<ul>\n<li>\u00c9chappement r\u00e9glable &#8211; pour un environnement de travail plus propre.<\/li>\n<li>Nez \u00e0 d\u00e9gagement rapide &#8211; pour r\u00e9duire les temps d&rsquo;arr\u00eat en cas de bourrage.<\/li>\n<li>Nez \u00e9troit &#8211; permet \u00e0 l&rsquo;outil de s&rsquo;ins\u00e9rer dans les coins \u00e9troits.<\/li>\n<li>Bo\u00eetier m\u00e9tallique en magn\u00e9sium &#8211; durable et offre une dur\u00e9e de vie plus longue.<\/li>\n<\/ul>\n<p><strong>CENTRES DE SERVICE PASLODE AUTORIS\u00c9S<\/strong><br \/>\nCliquez <a href=\"https:\/\/paslode.ca\/wp-content\/uploads\/2020\/09\/Service-Centers-2020.pdf\" target=\"_blank\" rel=\"noopener noreferrer\">ici<\/a> pour la liste des centres de service Paslode autoris\u00e9s<\/p>\n<p><strong>ENREGISTREZ VOTRE OUTIL<\/strong><\/p>\n<p>Cliquez <a href=\"https:\/\/paslode.ca\/register-tool\/\" target=\"_blank\" rel=\"noopener noreferrer\">ici<\/a> pour enregistrer votre nouvel outil.<\/p>\n","protected":false},"excerpt":{"rendered":"<p>Un outil de garniture pneumatique de pr\u00e9cision pour accomplir la t\u00e2che correctement. L&rsquo;agrafeuse \u00e0 soffite \u00e9troite Paslode de 1-1\/4 po est puissante et enfonce dans les bois les plus durs. Que vous soyez un entrepreneur professionnel ou un artisan occasionnel, la s\u00e9rie Lite Line compacte et durable offre le bon outil pour toute application de garniture ou de loisir.<br \/>\nDot\u00e9e de la m\u00eame qualit\u00e9 robuste que nos autres outils professionnels.<\/p>\n","protected":false},"featured_media":7398,"template":"","meta":{"_acf_changed":false,"inline_featured_image":false},"product_brand":[],"product_cat":[148,147,150],"product_tag":[],"class_list":{"0":"post-7616","1":"product","2":"type-product","3":"status-publish","4":"has-post-thumbnail","6":"product_cat-outils","7":"product_cat-pneumatic-fr","8":"product_cat-staplers-fr","10":"first","11":"instock","12":"product-type-simple"},"acf":[],"yoast_head":"<!-- This site is optimized with the Yoast SEO plugin v27.2 - https:\/\/yoast.com\/product\/yoast-seo-wordpress\/ -->\n<title>Agrafeuse \u00e0 soffite \u00e9troite 1-1\/4 po N18-125 - Paslode<\/title>\n<meta name=\"robots\" content=\"index, follow, max-snippet:-1, max-image-preview:large, max-video-preview:-1\" \/>\n<link rel=\"canonical\" href=\"https:\/\/paslode.ca\/fr\/produit\/n18-125-narrow-soffit-stapler\/\" \/>\n<meta property=\"og:locale\" content=\"fr_FR\" \/>\n<meta property=\"og:type\" content=\"article\" \/>\n<meta property=\"og:title\" content=\"Agrafeuse \u00e0 soffite \u00e9troite 1-1\/4 po N18-125 - Paslode\" \/>\n<meta property=\"og:description\" content=\"Un outil de garniture pneumatique de pr\u00e9cision pour accomplir la t\u00e2che correctement. L&#039;agrafeuse \u00e0 soffite \u00e9troite Paslode de 1-1\/4 po est puissante et enfonce dans les bois les plus durs. Que vous soyez un entrepreneur professionnel ou un artisan occasionnel, la s\u00e9rie Lite Line compacte et durable offre le bon outil pour toute application de garniture ou de loisir. Dot\u00e9e de la m\u00eame qualit\u00e9 robuste que nos autres outils professionnels.\" \/>\n<meta property=\"og:url\" content=\"https:\/\/paslode.ca\/fr\/produit\/n18-125-narrow-soffit-stapler\/\" \/>\n<meta property=\"og:site_name\" content=\"Paslode\" \/>\n<meta property=\"article:modified_time\" content=\"2021-02-02T20:51:27+00:00\" \/>\n<meta property=\"og:image\" content=\"https:\/\/paslode.ca\/wp-content\/uploads\/sites\/3\/2020\/07\/Paslode_Pneumatic_N18-125_Tool.png\" \/>\n\t<meta property=\"og:image:width\" content=\"453\" \/>\n\t<meta property=\"og:image:height\" content=\"453\" \/>\n\t<meta property=\"og:image:type\" content=\"image\/png\" \/>\n<meta name=\"twitter:card\" content=\"summary_large_image\" \/>\n<script type=\"application\/ld+json\" class=\"yoast-schema-graph\">{\"@context\":\"https:\/\/schema.org\",\"@graph\":[{\"@type\":\"WebPage\",\"@id\":\"https:\/\/paslode.ca\/fr\/produit\/n18-125-narrow-soffit-stapler\/\",\"url\":\"https:\/\/paslode.ca\/fr\/produit\/n18-125-narrow-soffit-stapler\/\",\"name\":\"Agrafeuse \u00e0 soffite \u00e9troite 1-1\/4 po N18-125 - Paslode\",\"isPartOf\":{\"@id\":\"https:\/\/paslode.ca\/#website\"},\"primaryImageOfPage\":{\"@id\":\"https:\/\/paslode.ca\/fr\/produit\/n18-125-narrow-soffit-stapler\/#primaryimage\"},\"image\":{\"@id\":\"https:\/\/paslode.ca\/fr\/produit\/n18-125-narrow-soffit-stapler\/#primaryimage\"},\"thumbnailUrl\":\"https:\/\/paslode.ca\/wp-content\/uploads\/sites\/3\/2020\/07\/Paslode_Pneumatic_N18-125_Tool.png\",\"datePublished\":\"2020-07-06T14:48:34+00:00\",\"dateModified\":\"2021-02-02T20:51:27+00:00\",\"breadcrumb\":{\"@id\":\"https:\/\/paslode.ca\/fr\/produit\/n18-125-narrow-soffit-stapler\/#breadcrumb\"},\"inLanguage\":\"fr-FR\",\"potentialAction\":[{\"@type\":\"ReadAction\",\"target\":[\"https:\/\/paslode.ca\/fr\/produit\/n18-125-narrow-soffit-stapler\/\"]}]},{\"@type\":\"ImageObject\",\"inLanguage\":\"fr-FR\",\"@id\":\"https:\/\/paslode.ca\/fr\/produit\/n18-125-narrow-soffit-stapler\/#primaryimage\",\"url\":\"https:\/\/paslode.ca\/wp-content\/uploads\/sites\/3\/2020\/07\/Paslode_Pneumatic_N18-125_Tool.png\",\"contentUrl\":\"https:\/\/paslode.ca\/wp-content\/uploads\/sites\/3\/2020\/07\/Paslode_Pneumatic_N18-125_Tool.png\",\"width\":453,\"height\":453},{\"@type\":\"BreadcrumbList\",\"@id\":\"https:\/\/paslode.ca\/fr\/produit\/n18-125-narrow-soffit-stapler\/#breadcrumb\",\"itemListElement\":[{\"@type\":\"ListItem\",\"position\":1,\"name\":\"Home\",\"item\":\"https:\/\/paslode.ca\/fr\/\"},{\"@type\":\"ListItem\",\"position\":2,\"name\":\"Boutique\",\"item\":\"https:\/\/paslode.ca\/fr\/boutique\/\"},{\"@type\":\"ListItem\",\"position\":3,\"name\":\"Agrafeuse \u00e0 soffite \u00e9troite 1-1\/4 po N18-125\"}]},{\"@type\":\"WebSite\",\"@id\":\"https:\/\/paslode.ca\/#website\",\"url\":\"https:\/\/paslode.ca\/\",\"name\":\"Paslode\",\"description\":\"Reputation is Everything\",\"potentialAction\":[{\"@type\":\"SearchAction\",\"target\":{\"@type\":\"EntryPoint\",\"urlTemplate\":\"https:\/\/paslode.ca\/?s={search_term_string}\"},\"query-input\":{\"@type\":\"PropertyValueSpecification\",\"valueRequired\":true,\"valueName\":\"search_term_string\"}}],\"inLanguage\":\"fr-FR\"}]}<\/script>\n<!-- \/ Yoast SEO plugin. -->","yoast_head_json":{"title":"Agrafeuse \u00e0 soffite \u00e9troite 1-1\/4 po N18-125 - Paslode","robots":{"index":"index","follow":"follow","max-snippet":"max-snippet:-1","max-image-preview":"max-image-preview:large","max-video-preview":"max-video-preview:-1"},"canonical":"https:\/\/paslode.ca\/fr\/produit\/n18-125-narrow-soffit-stapler\/","og_locale":"fr_FR","og_type":"article","og_title":"Agrafeuse \u00e0 soffite \u00e9troite 1-1\/4 po N18-125 - Paslode","og_description":"Un outil de garniture pneumatique de pr\u00e9cision pour accomplir la t\u00e2che correctement. L'agrafeuse \u00e0 soffite \u00e9troite Paslode de 1-1\/4 po est puissante et enfonce dans les bois les plus durs. Que vous soyez un entrepreneur professionnel ou un artisan occasionnel, la s\u00e9rie Lite Line compacte et durable offre le bon outil pour toute application de garniture ou de loisir. Dot\u00e9e de la m\u00eame qualit\u00e9 robuste que nos autres outils professionnels.","og_url":"https:\/\/paslode.ca\/fr\/produit\/n18-125-narrow-soffit-stapler\/","og_site_name":"Paslode","article_modified_time":"2021-02-02T20:51:27+00:00","og_image":[{"width":453,"height":453,"url":"https:\/\/paslode.ca\/wp-content\/uploads\/sites\/3\/2020\/07\/Paslode_Pneumatic_N18-125_Tool.png","type":"image\/png"}],"twitter_card":"summary_large_image","schema":{"@context":"https:\/\/schema.org","@graph":[{"@type":"WebPage","@id":"https:\/\/paslode.ca\/fr\/produit\/n18-125-narrow-soffit-stapler\/","url":"https:\/\/paslode.ca\/fr\/produit\/n18-125-narrow-soffit-stapler\/","name":"Agrafeuse \u00e0 soffite \u00e9troite 1-1\/4 po N18-125 - Paslode","isPartOf":{"@id":"https:\/\/paslode.ca\/#website"},"primaryImageOfPage":{"@id":"https:\/\/paslode.ca\/fr\/produit\/n18-125-narrow-soffit-stapler\/#primaryimage"},"image":{"@id":"https:\/\/paslode.ca\/fr\/produit\/n18-125-narrow-soffit-stapler\/#primaryimage"},"thumbnailUrl":"https:\/\/paslode.ca\/wp-content\/uploads\/sites\/3\/2020\/07\/Paslode_Pneumatic_N18-125_Tool.png","datePublished":"2020-07-06T14:48:34+00:00","dateModified":"2021-02-02T20:51:27+00:00","breadcrumb":{"@id":"https:\/\/paslode.ca\/fr\/produit\/n18-125-narrow-soffit-stapler\/#breadcrumb"},"inLanguage":"fr-FR","potentialAction":[{"@type":"ReadAction","target":["https:\/\/paslode.ca\/fr\/produit\/n18-125-narrow-soffit-stapler\/"]}]},{"@type":"ImageObject","inLanguage":"fr-FR","@id":"https:\/\/paslode.ca\/fr\/produit\/n18-125-narrow-soffit-stapler\/#primaryimage","url":"https:\/\/paslode.ca\/wp-content\/uploads\/sites\/3\/2020\/07\/Paslode_Pneumatic_N18-125_Tool.png","contentUrl":"https:\/\/paslode.ca\/wp-content\/uploads\/sites\/3\/2020\/07\/Paslode_Pneumatic_N18-125_Tool.png","width":453,"height":453},{"@type":"BreadcrumbList","@id":"https:\/\/paslode.ca\/fr\/produit\/n18-125-narrow-soffit-stapler\/#breadcrumb","itemListElement":[{"@type":"ListItem","position":1,"name":"Home","item":"https:\/\/paslode.ca\/fr\/"},{"@type":"ListItem","position":2,"name":"Boutique","item":"https:\/\/paslode.ca\/fr\/boutique\/"},{"@type":"ListItem","position":3,"name":"Agrafeuse \u00e0 soffite \u00e9troite 1-1\/4 po N18-125"}]},{"@type":"WebSite","@id":"https:\/\/paslode.ca\/#website","url":"https:\/\/paslode.ca\/","name":"Paslode","description":"Reputation is Everything","potentialAction":[{"@type":"SearchAction","target":{"@type":"EntryPoint","urlTemplate":"https:\/\/paslode.ca\/?s={search_term_string}"},"query-input":{"@type":"PropertyValueSpecification","valueRequired":true,"valueName":"search_term_string"}}],"inLanguage":"fr-FR"}]}},"_links":{"self":[{"href":"https:\/\/paslode.ca\/fr\/wp-json\/wp\/v2\/product\/7616","targetHints":{"allow":["GET"]}}],"collection":[{"href":"https:\/\/paslode.ca\/fr\/wp-json\/wp\/v2\/product"}],"about":[{"href":"https:\/\/paslode.ca\/fr\/wp-json\/wp\/v2\/types\/product"}],"wp:featuredmedia":[{"embeddable":true,"href":"https:\/\/paslode.ca\/fr\/wp-json\/wp\/v2\/media\/7398"}],"wp:attachment":[{"href":"https:\/\/paslode.ca\/fr\/wp-json\/wp\/v2\/media?parent=7616"}],"wp:term":[{"taxonomy":"product_brand","embeddable":true,"href":"https:\/\/paslode.ca\/fr\/wp-json\/wp\/v2\/product_brand?post=7616"},{"taxonomy":"product_cat","embeddable":true,"href":"https:\/\/paslode.ca\/fr\/wp-json\/wp\/v2\/product_cat?post=7616"},{"taxonomy":"product_tag","embeddable":true,"href":"https:\/\/paslode.ca\/fr\/wp-json\/wp\/v2\/product_tag?post=7616"}],"curies":[{"name":"wp","href":"https:\/\/api.w.org\/{rel}","templated":true}]}}