{"id":7618,"date":"2020-07-06T14:48:34","date_gmt":"2020-07-06T14:48:34","guid":{"rendered":"https:\/\/paslode.ca\/product\/us-100-upholstery-craft-stapler\/"},"modified":"2021-02-02T20:47:07","modified_gmt":"2021-02-02T20:47:07","slug":"us-100-upholstery-craft-stapler","status":"publish","type":"product","link":"https:\/\/paslode.ca\/fr\/produit\/us-100-upholstery-craft-stapler\/","title":{"rendered":"Agrafeuse pour tissus d&rsquo;ameublement\/artisanat US-100"},"content":{"rendered":"<h4><strong>AVEC UN OUTIL PR\u00c9CIS ET L\u00c9GER, LA T\u00c2CHE SE FAIT FACILEMENT ET CORRECTEMENT LA PREMI\u00c8RE FOIS.<\/strong><\/h4>\n<ul>\n<li>Nez long et \u00e9troit pour les espaces serr\u00e9s<\/li>\n<li>Conception enti\u00e8rement m\u00e9tallique compacte, l\u00e9g\u00e8re et robuste avec orifice d&rsquo;\u00e9chappement multidirectionnel pratique<\/li>\n<li>Cartouche facile \u00e0 charger<\/li>\n<li>Enfonce jusqu\u2019\u00e0 5 agrafes par seconde<\/li>\n<\/ul>\n<p><strong>CENTRES DE SERVICE PASLODE AUTORIS\u00c9S<\/strong><br \/>\nCliquez <a href=\"https:\/\/paslode.ca\/wp-content\/uploads\/2020\/09\/Service-Centers-2020.pdf\" target=\"_blank\" rel=\"noopener noreferrer\">ici<\/a> pour la liste des centres de service Paslode autoris\u00e9s<\/p>\n<p><strong>ENREGISTREZ VOTRE OUTIL<\/strong><\/p>\n<p>Cliquez <a href=\"https:\/\/paslode.ca\/register-tool\/\" target=\"_blank\" rel=\"noopener noreferrer\">ici<\/a> pour enregistrer votre nouvel outil.<\/p>\n","protected":false},"excerpt":{"rendered":"<p>La Paslode Lite-Line US-100 est un incontournable dans tout atelier! Cet outil pneumatique est dot\u00e9 d&rsquo;une pointe anti rayures pour prot\u00e9ger la surface et la finition de la garniture. L&rsquo;outil parfait pour les projets de maison et la tapisserie d&rsquo;ameublement. Sa conception l\u00e9g\u00e8re r\u00e9duit la fatigue de l&rsquo;op\u00e9rateur et augmente la productivit\u00e9.<\/p>\n","protected":false},"featured_media":7402,"template":"","meta":{"_acf_changed":false,"inline_featured_image":false},"product_brand":[],"product_cat":[148,147,150],"product_tag":[],"class_list":{"0":"post-7618","1":"product","2":"type-product","3":"status-publish","4":"has-post-thumbnail","6":"product_cat-outils","7":"product_cat-pneumatic-fr","8":"product_cat-staplers-fr","10":"first","11":"instock","12":"product-type-simple"},"acf":[],"yoast_head":"<!-- This site is optimized with the Yoast SEO plugin v27.2 - https:\/\/yoast.com\/product\/yoast-seo-wordpress\/ -->\n<title>Agrafeuse pour tissus d&#039;ameublement\/artisanat US-100 - Paslode<\/title>\n<meta name=\"robots\" content=\"index, follow, max-snippet:-1, max-image-preview:large, max-video-preview:-1\" \/>\n<link rel=\"canonical\" href=\"https:\/\/paslode.ca\/fr\/produit\/us-100-upholstery-craft-stapler\/\" \/>\n<meta property=\"og:locale\" content=\"fr_FR\" \/>\n<meta property=\"og:type\" content=\"article\" \/>\n<meta property=\"og:title\" content=\"Agrafeuse pour tissus d&#039;ameublement\/artisanat US-100 - Paslode\" \/>\n<meta property=\"og:description\" content=\"La Paslode Lite-Line US-100 est un incontournable dans tout atelier! Cet outil pneumatique est dot\u00e9 d&#039;une pointe anti rayures pour prot\u00e9ger la surface et la finition de la garniture. L&#039;outil parfait pour les projets de maison et la tapisserie d&#039;ameublement. Sa conception l\u00e9g\u00e8re r\u00e9duit la fatigue de l&#039;op\u00e9rateur et augmente la productivit\u00e9.\" \/>\n<meta property=\"og:url\" content=\"https:\/\/paslode.ca\/fr\/produit\/us-100-upholstery-craft-stapler\/\" \/>\n<meta property=\"og:site_name\" content=\"Paslode\" \/>\n<meta property=\"article:modified_time\" content=\"2021-02-02T20:47:07+00:00\" \/>\n<meta property=\"og:image\" content=\"https:\/\/paslode.ca\/wp-content\/uploads\/sites\/3\/2020\/07\/Paslode_Pneumatic_US-100_Tool_1.png\" \/>\n\t<meta property=\"og:image:width\" content=\"453\" \/>\n\t<meta property=\"og:image:height\" content=\"453\" \/>\n\t<meta property=\"og:image:type\" content=\"image\/png\" \/>\n<meta name=\"twitter:card\" content=\"summary_large_image\" \/>\n<script type=\"application\/ld+json\" class=\"yoast-schema-graph\">{\"@context\":\"https:\/\/schema.org\",\"@graph\":[{\"@type\":\"WebPage\",\"@id\":\"https:\/\/paslode.ca\/fr\/produit\/us-100-upholstery-craft-stapler\/\",\"url\":\"https:\/\/paslode.ca\/fr\/produit\/us-100-upholstery-craft-stapler\/\",\"name\":\"Agrafeuse pour tissus d'ameublement\/artisanat US-100 - Paslode\",\"isPartOf\":{\"@id\":\"https:\/\/paslode.ca\/#website\"},\"primaryImageOfPage\":{\"@id\":\"https:\/\/paslode.ca\/fr\/produit\/us-100-upholstery-craft-stapler\/#primaryimage\"},\"image\":{\"@id\":\"https:\/\/paslode.ca\/fr\/produit\/us-100-upholstery-craft-stapler\/#primaryimage\"},\"thumbnailUrl\":\"https:\/\/paslode.ca\/wp-content\/uploads\/sites\/3\/2020\/07\/Paslode_Pneumatic_US-100_Tool_1.png\",\"datePublished\":\"2020-07-06T14:48:34+00:00\",\"dateModified\":\"2021-02-02T20:47:07+00:00\",\"breadcrumb\":{\"@id\":\"https:\/\/paslode.ca\/fr\/produit\/us-100-upholstery-craft-stapler\/#breadcrumb\"},\"inLanguage\":\"fr-FR\",\"potentialAction\":[{\"@type\":\"ReadAction\",\"target\":[\"https:\/\/paslode.ca\/fr\/produit\/us-100-upholstery-craft-stapler\/\"]}]},{\"@type\":\"ImageObject\",\"inLanguage\":\"fr-FR\",\"@id\":\"https:\/\/paslode.ca\/fr\/produit\/us-100-upholstery-craft-stapler\/#primaryimage\",\"url\":\"https:\/\/paslode.ca\/wp-content\/uploads\/sites\/3\/2020\/07\/Paslode_Pneumatic_US-100_Tool_1.png\",\"contentUrl\":\"https:\/\/paslode.ca\/wp-content\/uploads\/sites\/3\/2020\/07\/Paslode_Pneumatic_US-100_Tool_1.png\",\"width\":453,\"height\":453},{\"@type\":\"BreadcrumbList\",\"@id\":\"https:\/\/paslode.ca\/fr\/produit\/us-100-upholstery-craft-stapler\/#breadcrumb\",\"itemListElement\":[{\"@type\":\"ListItem\",\"position\":1,\"name\":\"Home\",\"item\":\"https:\/\/paslode.ca\/fr\/\"},{\"@type\":\"ListItem\",\"position\":2,\"name\":\"Boutique\",\"item\":\"https:\/\/paslode.ca\/fr\/boutique\/\"},{\"@type\":\"ListItem\",\"position\":3,\"name\":\"Agrafeuse pour tissus d&rsquo;ameublement\/artisanat US-100\"}]},{\"@type\":\"WebSite\",\"@id\":\"https:\/\/paslode.ca\/#website\",\"url\":\"https:\/\/paslode.ca\/\",\"name\":\"Paslode\",\"description\":\"Reputation is Everything\",\"potentialAction\":[{\"@type\":\"SearchAction\",\"target\":{\"@type\":\"EntryPoint\",\"urlTemplate\":\"https:\/\/paslode.ca\/?s={search_term_string}\"},\"query-input\":{\"@type\":\"PropertyValueSpecification\",\"valueRequired\":true,\"valueName\":\"search_term_string\"}}],\"inLanguage\":\"fr-FR\"}]}<\/script>\n<!-- \/ Yoast SEO plugin. -->","yoast_head_json":{"title":"Agrafeuse pour tissus d'ameublement\/artisanat US-100 - Paslode","robots":{"index":"index","follow":"follow","max-snippet":"max-snippet:-1","max-image-preview":"max-image-preview:large","max-video-preview":"max-video-preview:-1"},"canonical":"https:\/\/paslode.ca\/fr\/produit\/us-100-upholstery-craft-stapler\/","og_locale":"fr_FR","og_type":"article","og_title":"Agrafeuse pour tissus d'ameublement\/artisanat US-100 - Paslode","og_description":"La Paslode Lite-Line US-100 est un incontournable dans tout atelier! Cet outil pneumatique est dot\u00e9 d'une pointe anti rayures pour prot\u00e9ger la surface et la finition de la garniture. L'outil parfait pour les projets de maison et la tapisserie d'ameublement. Sa conception l\u00e9g\u00e8re r\u00e9duit la fatigue de l'op\u00e9rateur et augmente la productivit\u00e9.","og_url":"https:\/\/paslode.ca\/fr\/produit\/us-100-upholstery-craft-stapler\/","og_site_name":"Paslode","article_modified_time":"2021-02-02T20:47:07+00:00","og_image":[{"width":453,"height":453,"url":"https:\/\/paslode.ca\/wp-content\/uploads\/sites\/3\/2020\/07\/Paslode_Pneumatic_US-100_Tool_1.png","type":"image\/png"}],"twitter_card":"summary_large_image","schema":{"@context":"https:\/\/schema.org","@graph":[{"@type":"WebPage","@id":"https:\/\/paslode.ca\/fr\/produit\/us-100-upholstery-craft-stapler\/","url":"https:\/\/paslode.ca\/fr\/produit\/us-100-upholstery-craft-stapler\/","name":"Agrafeuse pour tissus d'ameublement\/artisanat US-100 - Paslode","isPartOf":{"@id":"https:\/\/paslode.ca\/#website"},"primaryImageOfPage":{"@id":"https:\/\/paslode.ca\/fr\/produit\/us-100-upholstery-craft-stapler\/#primaryimage"},"image":{"@id":"https:\/\/paslode.ca\/fr\/produit\/us-100-upholstery-craft-stapler\/#primaryimage"},"thumbnailUrl":"https:\/\/paslode.ca\/wp-content\/uploads\/sites\/3\/2020\/07\/Paslode_Pneumatic_US-100_Tool_1.png","datePublished":"2020-07-06T14:48:34+00:00","dateModified":"2021-02-02T20:47:07+00:00","breadcrumb":{"@id":"https:\/\/paslode.ca\/fr\/produit\/us-100-upholstery-craft-stapler\/#breadcrumb"},"inLanguage":"fr-FR","potentialAction":[{"@type":"ReadAction","target":["https:\/\/paslode.ca\/fr\/produit\/us-100-upholstery-craft-stapler\/"]}]},{"@type":"ImageObject","inLanguage":"fr-FR","@id":"https:\/\/paslode.ca\/fr\/produit\/us-100-upholstery-craft-stapler\/#primaryimage","url":"https:\/\/paslode.ca\/wp-content\/uploads\/sites\/3\/2020\/07\/Paslode_Pneumatic_US-100_Tool_1.png","contentUrl":"https:\/\/paslode.ca\/wp-content\/uploads\/sites\/3\/2020\/07\/Paslode_Pneumatic_US-100_Tool_1.png","width":453,"height":453},{"@type":"BreadcrumbList","@id":"https:\/\/paslode.ca\/fr\/produit\/us-100-upholstery-craft-stapler\/#breadcrumb","itemListElement":[{"@type":"ListItem","position":1,"name":"Home","item":"https:\/\/paslode.ca\/fr\/"},{"@type":"ListItem","position":2,"name":"Boutique","item":"https:\/\/paslode.ca\/fr\/boutique\/"},{"@type":"ListItem","position":3,"name":"Agrafeuse pour tissus d&rsquo;ameublement\/artisanat US-100"}]},{"@type":"WebSite","@id":"https:\/\/paslode.ca\/#website","url":"https:\/\/paslode.ca\/","name":"Paslode","description":"Reputation is Everything","potentialAction":[{"@type":"SearchAction","target":{"@type":"EntryPoint","urlTemplate":"https:\/\/paslode.ca\/?s={search_term_string}"},"query-input":{"@type":"PropertyValueSpecification","valueRequired":true,"valueName":"search_term_string"}}],"inLanguage":"fr-FR"}]}},"_links":{"self":[{"href":"https:\/\/paslode.ca\/fr\/wp-json\/wp\/v2\/product\/7618","targetHints":{"allow":["GET"]}}],"collection":[{"href":"https:\/\/paslode.ca\/fr\/wp-json\/wp\/v2\/product"}],"about":[{"href":"https:\/\/paslode.ca\/fr\/wp-json\/wp\/v2\/types\/product"}],"wp:featuredmedia":[{"embeddable":true,"href":"https:\/\/paslode.ca\/fr\/wp-json\/wp\/v2\/media\/7402"}],"wp:attachment":[{"href":"https:\/\/paslode.ca\/fr\/wp-json\/wp\/v2\/media?parent=7618"}],"wp:term":[{"taxonomy":"product_brand","embeddable":true,"href":"https:\/\/paslode.ca\/fr\/wp-json\/wp\/v2\/product_brand?post=7618"},{"taxonomy":"product_cat","embeddable":true,"href":"https:\/\/paslode.ca\/fr\/wp-json\/wp\/v2\/product_cat?post=7618"},{"taxonomy":"product_tag","embeddable":true,"href":"https:\/\/paslode.ca\/fr\/wp-json\/wp\/v2\/product_tag?post=7618"}],"curies":[{"name":"wp","href":"https:\/\/api.w.org\/{rel}","templated":true}]}}