{"id":7619,"date":"2020-07-06T14:48:34","date_gmt":"2020-07-06T14:48:34","guid":{"rendered":"https:\/\/paslode.ca\/product\/hp100-headless-pin-nailer\/"},"modified":"2021-02-02T23:19:43","modified_gmt":"2021-02-02T23:19:43","slug":"hp100-headless-pin-nailer","status":"publish","type":"product","link":"https:\/\/paslode.ca\/fr\/produit\/hp100-headless-pin-nailer\/","title":{"rendered":"Cloueuse de clous sans t\u00eate HP100"},"content":{"rendered":"<h4><strong>AVEC UN OUTIL PR\u00c9CIS ET L\u00c9GER, LA T\u00c2CHE SE FAIT FACILEMENT ET CORRECTEMENT LA PREMI\u00c8RE FOIS.<\/strong><\/h4>\n<ul>\n<li>Conception compacte et l\u00e9g\u00e8re pour un confort maximal<\/li>\n<li>Id\u00e9ale pour le rembourrage de meubles, l&rsquo;artisanat, les panneaux l\u00e9gers<\/li>\n<li>La cartouche \u00e0 chargement facile contient 100 agrafes<\/li>\n<li>Le nez long et \u00e9troit s\u2019ins\u00e8re dans les coins serr\u00e9s<\/li>\n<li>Enfonce 5 agrafes par seconde<\/li>\n<\/ul>\n<p><strong>CENTRES DE SERVICE PASLODE AUTORIS\u00c9S<\/strong><br \/>\nCliquez <a href=\"https:\/\/paslode.ca\/wp-content\/uploads\/2020\/09\/Service-Centers-2020.pdf\" target=\"_blank\" rel=\"noopener noreferrer\">ici<\/a> pour la liste des centres de service Paslode autoris\u00e9s<\/p>\n<p><strong>ENREGISTREZ VOTRE OUTIL<\/strong><\/p>\n<p>Cliquez <a href=\"https:\/\/paslode.ca\/register-tool\/\" target=\"_blank\" rel=\"noopener noreferrer\">ici<\/a> pour enregistrer votre nouvel outil.<\/p>\n","protected":false},"excerpt":{"rendered":"<p>La Paslode Lite-Line HP100 est un incontournable dans tout atelier! Id\u00e9ale pour les montants de porte, les plinthes, les cimaises, les panneaux, les armoires et les meubles. Un moteur puissant fait p\u00e9n\u00e8trer les attaches dans le bois le plus dur.<\/p>\n","protected":false},"featured_media":7405,"template":"","meta":{"_acf_changed":false,"inline_featured_image":false},"product_brand":[],"product_cat":[148,147,151],"product_tag":[],"class_list":{"0":"post-7619","1":"product","2":"type-product","3":"status-publish","4":"has-post-thumbnail","6":"product_cat-outils","7":"product_cat-pneumatic-fr","8":"product_cat-trim-finish-fr","10":"first","11":"instock","12":"product-type-simple"},"acf":[],"yoast_head":"<!-- This site is optimized with the Yoast SEO plugin v27.2 - https:\/\/yoast.com\/product\/yoast-seo-wordpress\/ -->\n<title>Cloueuse de clous sans t\u00eate HP100 - Paslode<\/title>\n<meta name=\"robots\" content=\"index, follow, max-snippet:-1, max-image-preview:large, max-video-preview:-1\" \/>\n<link rel=\"canonical\" href=\"https:\/\/paslode.ca\/fr\/produit\/hp100-headless-pin-nailer\/\" \/>\n<meta property=\"og:locale\" content=\"fr_FR\" \/>\n<meta property=\"og:type\" content=\"article\" \/>\n<meta property=\"og:title\" content=\"Cloueuse de clous sans t\u00eate HP100 - Paslode\" \/>\n<meta property=\"og:description\" content=\"La Paslode Lite-Line HP100 est un incontournable dans tout atelier! Id\u00e9ale pour les montants de porte, les plinthes, les cimaises, les panneaux, les armoires et les meubles. Un moteur puissant fait p\u00e9n\u00e8trer les attaches dans le bois le plus dur.\" \/>\n<meta property=\"og:url\" content=\"https:\/\/paslode.ca\/fr\/produit\/hp100-headless-pin-nailer\/\" \/>\n<meta property=\"og:site_name\" content=\"Paslode\" \/>\n<meta property=\"article:modified_time\" content=\"2021-02-02T23:19:43+00:00\" \/>\n<meta property=\"og:image\" content=\"https:\/\/paslode.ca\/wp-content\/uploads\/sites\/3\/2020\/07\/Paslode_Pneumatic_HP-100_Tool_1.png\" \/>\n\t<meta property=\"og:image:width\" content=\"453\" \/>\n\t<meta property=\"og:image:height\" content=\"453\" \/>\n\t<meta property=\"og:image:type\" content=\"image\/png\" \/>\n<meta name=\"twitter:card\" content=\"summary_large_image\" \/>\n<script type=\"application\/ld+json\" class=\"yoast-schema-graph\">{\"@context\":\"https:\/\/schema.org\",\"@graph\":[{\"@type\":\"WebPage\",\"@id\":\"https:\/\/paslode.ca\/fr\/produit\/hp100-headless-pin-nailer\/\",\"url\":\"https:\/\/paslode.ca\/fr\/produit\/hp100-headless-pin-nailer\/\",\"name\":\"Cloueuse de clous sans t\u00eate HP100 - Paslode\",\"isPartOf\":{\"@id\":\"https:\/\/paslode.ca\/#website\"},\"primaryImageOfPage\":{\"@id\":\"https:\/\/paslode.ca\/fr\/produit\/hp100-headless-pin-nailer\/#primaryimage\"},\"image\":{\"@id\":\"https:\/\/paslode.ca\/fr\/produit\/hp100-headless-pin-nailer\/#primaryimage\"},\"thumbnailUrl\":\"https:\/\/paslode.ca\/wp-content\/uploads\/sites\/3\/2020\/07\/Paslode_Pneumatic_HP-100_Tool_1.png\",\"datePublished\":\"2020-07-06T14:48:34+00:00\",\"dateModified\":\"2021-02-02T23:19:43+00:00\",\"breadcrumb\":{\"@id\":\"https:\/\/paslode.ca\/fr\/produit\/hp100-headless-pin-nailer\/#breadcrumb\"},\"inLanguage\":\"fr-FR\",\"potentialAction\":[{\"@type\":\"ReadAction\",\"target\":[\"https:\/\/paslode.ca\/fr\/produit\/hp100-headless-pin-nailer\/\"]}]},{\"@type\":\"ImageObject\",\"inLanguage\":\"fr-FR\",\"@id\":\"https:\/\/paslode.ca\/fr\/produit\/hp100-headless-pin-nailer\/#primaryimage\",\"url\":\"https:\/\/paslode.ca\/wp-content\/uploads\/sites\/3\/2020\/07\/Paslode_Pneumatic_HP-100_Tool_1.png\",\"contentUrl\":\"https:\/\/paslode.ca\/wp-content\/uploads\/sites\/3\/2020\/07\/Paslode_Pneumatic_HP-100_Tool_1.png\",\"width\":453,\"height\":453},{\"@type\":\"BreadcrumbList\",\"@id\":\"https:\/\/paslode.ca\/fr\/produit\/hp100-headless-pin-nailer\/#breadcrumb\",\"itemListElement\":[{\"@type\":\"ListItem\",\"position\":1,\"name\":\"Home\",\"item\":\"https:\/\/paslode.ca\/fr\/\"},{\"@type\":\"ListItem\",\"position\":2,\"name\":\"Boutique\",\"item\":\"https:\/\/paslode.ca\/fr\/boutique\/\"},{\"@type\":\"ListItem\",\"position\":3,\"name\":\"Cloueuse de clous sans t\u00eate HP100\"}]},{\"@type\":\"WebSite\",\"@id\":\"https:\/\/paslode.ca\/#website\",\"url\":\"https:\/\/paslode.ca\/\",\"name\":\"Paslode\",\"description\":\"Reputation is Everything\",\"potentialAction\":[{\"@type\":\"SearchAction\",\"target\":{\"@type\":\"EntryPoint\",\"urlTemplate\":\"https:\/\/paslode.ca\/?s={search_term_string}\"},\"query-input\":{\"@type\":\"PropertyValueSpecification\",\"valueRequired\":true,\"valueName\":\"search_term_string\"}}],\"inLanguage\":\"fr-FR\"}]}<\/script>\n<!-- \/ Yoast SEO plugin. -->","yoast_head_json":{"title":"Cloueuse de clous sans t\u00eate HP100 - Paslode","robots":{"index":"index","follow":"follow","max-snippet":"max-snippet:-1","max-image-preview":"max-image-preview:large","max-video-preview":"max-video-preview:-1"},"canonical":"https:\/\/paslode.ca\/fr\/produit\/hp100-headless-pin-nailer\/","og_locale":"fr_FR","og_type":"article","og_title":"Cloueuse de clous sans t\u00eate HP100 - Paslode","og_description":"La Paslode Lite-Line HP100 est un incontournable dans tout atelier! Id\u00e9ale pour les montants de porte, les plinthes, les cimaises, les panneaux, les armoires et les meubles. Un moteur puissant fait p\u00e9n\u00e8trer les attaches dans le bois le plus dur.","og_url":"https:\/\/paslode.ca\/fr\/produit\/hp100-headless-pin-nailer\/","og_site_name":"Paslode","article_modified_time":"2021-02-02T23:19:43+00:00","og_image":[{"width":453,"height":453,"url":"https:\/\/paslode.ca\/wp-content\/uploads\/sites\/3\/2020\/07\/Paslode_Pneumatic_HP-100_Tool_1.png","type":"image\/png"}],"twitter_card":"summary_large_image","schema":{"@context":"https:\/\/schema.org","@graph":[{"@type":"WebPage","@id":"https:\/\/paslode.ca\/fr\/produit\/hp100-headless-pin-nailer\/","url":"https:\/\/paslode.ca\/fr\/produit\/hp100-headless-pin-nailer\/","name":"Cloueuse de clous sans t\u00eate HP100 - Paslode","isPartOf":{"@id":"https:\/\/paslode.ca\/#website"},"primaryImageOfPage":{"@id":"https:\/\/paslode.ca\/fr\/produit\/hp100-headless-pin-nailer\/#primaryimage"},"image":{"@id":"https:\/\/paslode.ca\/fr\/produit\/hp100-headless-pin-nailer\/#primaryimage"},"thumbnailUrl":"https:\/\/paslode.ca\/wp-content\/uploads\/sites\/3\/2020\/07\/Paslode_Pneumatic_HP-100_Tool_1.png","datePublished":"2020-07-06T14:48:34+00:00","dateModified":"2021-02-02T23:19:43+00:00","breadcrumb":{"@id":"https:\/\/paslode.ca\/fr\/produit\/hp100-headless-pin-nailer\/#breadcrumb"},"inLanguage":"fr-FR","potentialAction":[{"@type":"ReadAction","target":["https:\/\/paslode.ca\/fr\/produit\/hp100-headless-pin-nailer\/"]}]},{"@type":"ImageObject","inLanguage":"fr-FR","@id":"https:\/\/paslode.ca\/fr\/produit\/hp100-headless-pin-nailer\/#primaryimage","url":"https:\/\/paslode.ca\/wp-content\/uploads\/sites\/3\/2020\/07\/Paslode_Pneumatic_HP-100_Tool_1.png","contentUrl":"https:\/\/paslode.ca\/wp-content\/uploads\/sites\/3\/2020\/07\/Paslode_Pneumatic_HP-100_Tool_1.png","width":453,"height":453},{"@type":"BreadcrumbList","@id":"https:\/\/paslode.ca\/fr\/produit\/hp100-headless-pin-nailer\/#breadcrumb","itemListElement":[{"@type":"ListItem","position":1,"name":"Home","item":"https:\/\/paslode.ca\/fr\/"},{"@type":"ListItem","position":2,"name":"Boutique","item":"https:\/\/paslode.ca\/fr\/boutique\/"},{"@type":"ListItem","position":3,"name":"Cloueuse de clous sans t\u00eate HP100"}]},{"@type":"WebSite","@id":"https:\/\/paslode.ca\/#website","url":"https:\/\/paslode.ca\/","name":"Paslode","description":"Reputation is Everything","potentialAction":[{"@type":"SearchAction","target":{"@type":"EntryPoint","urlTemplate":"https:\/\/paslode.ca\/?s={search_term_string}"},"query-input":{"@type":"PropertyValueSpecification","valueRequired":true,"valueName":"search_term_string"}}],"inLanguage":"fr-FR"}]}},"_links":{"self":[{"href":"https:\/\/paslode.ca\/fr\/wp-json\/wp\/v2\/product\/7619","targetHints":{"allow":["GET"]}}],"collection":[{"href":"https:\/\/paslode.ca\/fr\/wp-json\/wp\/v2\/product"}],"about":[{"href":"https:\/\/paslode.ca\/fr\/wp-json\/wp\/v2\/types\/product"}],"wp:featuredmedia":[{"embeddable":true,"href":"https:\/\/paslode.ca\/fr\/wp-json\/wp\/v2\/media\/7405"}],"wp:attachment":[{"href":"https:\/\/paslode.ca\/fr\/wp-json\/wp\/v2\/media?parent=7619"}],"wp:term":[{"taxonomy":"product_brand","embeddable":true,"href":"https:\/\/paslode.ca\/fr\/wp-json\/wp\/v2\/product_brand?post=7619"},{"taxonomy":"product_cat","embeddable":true,"href":"https:\/\/paslode.ca\/fr\/wp-json\/wp\/v2\/product_cat?post=7619"},{"taxonomy":"product_tag","embeddable":true,"href":"https:\/\/paslode.ca\/fr\/wp-json\/wp\/v2\/product_tag?post=7619"}],"curies":[{"name":"wp","href":"https:\/\/api.w.org\/{rel}","templated":true}]}}